{"id":1852,"date":"2025-06-07T19:33:15","date_gmt":"2025-06-07T19:33:15","guid":{"rendered":"https:\/\/karukella.ee\/pererahvast\/"},"modified":"2025-06-17T12:33:30","modified_gmt":"2025-06-17T12:33:30","slug":"saime","status":"publish","type":"page","link":"https:\/\/karukella.ee\/lv\/saime\/","title":{"rendered":"SAIME"},"content":{"rendered":"\n<div class=\"wp-block-cover alignfull\"><img loading=\"lazy\" decoding=\"async\" width=\"2560\" height=\"1920\" class=\"wp-block-cover__image-background wp-image-1300 size-full\" alt=\"\" src=\"https:\/\/karukella.ee\/wp-content\/uploads\/2025\/06\/Karukella-puhkemaja-marjasaak_1-scaled.jpg\" data-object-fit=\"cover\" srcset=\"https:\/\/karukella.ee\/wp-content\/uploads\/2025\/06\/Karukella-puhkemaja-marjasaak_1-scaled.jpg 2560w, https:\/\/karukella.ee\/wp-content\/uploads\/2025\/06\/Karukella-puhkemaja-marjasaak_1-300x225.jpg 300w, https:\/\/karukella.ee\/wp-content\/uploads\/2025\/06\/Karukella-puhkemaja-marjasaak_1-1024x768.jpg 1024w, https:\/\/karukella.ee\/wp-content\/uploads\/2025\/06\/Karukella-puhkemaja-marjasaak_1-768x576.jpg 768w, https:\/\/karukella.ee\/wp-content\/uploads\/2025\/06\/Karukella-puhkemaja-marjasaak_1-1536x1152.jpg 1536w, https:\/\/karukella.ee\/wp-content\/uploads\/2025\/06\/Karukella-puhkemaja-marjasaak_1-2048x1536.jpg 2048w, https:\/\/karukella.ee\/wp-content\/uploads\/2025\/06\/Karukella-puhkemaja-marjasaak_1-1568x1176.jpg 1568w\" sizes=\"auto, (max-width: 2560px) 100vw, 2560px\" \/><span aria-hidden=\"true\" class=\"wp-block-cover__background has-background-dim-0 has-background-dim\"><\/span><div class=\"wp-block-cover__inner-container is-layout-flow wp-block-cover-is-layout-flow\">\n<p class=\"has-text-align-center has-large-font-size\"><\/p>\n<\/div><\/div>\n\n\n\n<div style=\"height:30px\" aria-hidden=\"true\" class=\"wp-block-spacer mobile-spacer-10\"><\/div>\n\n\n\n<h1 class=\"wp-block-heading has-text-align-center animated rotateInDownRight slow has-darkpurple-color has-text-color has-link-color wp-elements-1b9250d1715ce1e29434ef908c6a7d09\"><strong><strong>SAIME<\/strong><\/strong><\/h1>\n\n\n\n<p class=\"has-text-align-center\">Atp\u016btas nams \u201cKarukella\u201d ir \u0123imenes uz\u0146\u0113mums \u2013 dz\u012bvesbiedri J\u0101nuss un Terje Raturi ir apvienoju\u0161i savus sp\u0113kus ar\u012b biznes\u0101, \u012bstenojot atp\u016btas nama \u201cKarukella\u201d projektu.<\/p>\n\n\n\n<div style=\"height:20px\" aria-hidden=\"true\" class=\"wp-block-spacer mobile-spacer-10\"><\/div>\n\n\n\n<div class=\"wp-block-columns alignwide has-background is-layout-flex wp-container-core-columns-is-layout-74d018ca wp-block-columns-is-layout-flex\" style=\"background-color:#d7b56d;padding-top:var(--wp--preset--spacing--20);padding-right:var(--wp--preset--spacing--20);padding-bottom:var(--wp--preset--spacing--20);padding-left:var(--wp--preset--spacing--20)\">\n<div class=\"wp-block-column has-white-background-color has-background is-layout-flow wp-container-core-column-is-layout-6a27151a wp-block-column-is-layout-flow\" style=\"padding-top:var(--wp--preset--spacing--30);padding-right:var(--wp--preset--spacing--30);padding-bottom:var(--wp--preset--spacing--30);padding-left:var(--wp--preset--spacing--30)\">\n<div class=\"wp-block-edhotels-grid-gallery grid-items lightgallery is-style-default\"><div data-src=\"https:\/\/karukella.ee\/wp-content\/uploads\/2025\/06\/Karukella-puhkemaja-pererahvas_55-scaled.jpg\" class=\"grid-item\"><img decoding=\"async\" width=\"768\" height=\"1024\" src=\"https:\/\/karukella.ee\/wp-content\/uploads\/2025\/06\/Karukella-puhkemaja-pererahvas_55-768x1024.jpg\" alt=\"\" data-id=\"1208\" loading=\"lazy\" class=\"wp-image-1208\" srcset=\"https:\/\/karukella.ee\/wp-content\/uploads\/2025\/06\/Karukella-puhkemaja-pererahvas_55-768x1024.jpg 768w, https:\/\/karukella.ee\/wp-content\/uploads\/2025\/06\/Karukella-puhkemaja-pererahvas_55-225x300.jpg 225w, https:\/\/karukella.ee\/wp-content\/uploads\/2025\/06\/Karukella-puhkemaja-pererahvas_55-1152x1536.jpg 1152w, https:\/\/karukella.ee\/wp-content\/uploads\/2025\/06\/Karukella-puhkemaja-pererahvas_55-1536x2048.jpg 1536w, https:\/\/karukella.ee\/wp-content\/uploads\/2025\/06\/Karukella-puhkemaja-pererahvas_55-1568x2091.jpg 1568w, https:\/\/karukella.ee\/wp-content\/uploads\/2025\/06\/Karukella-puhkemaja-pererahvas_55-scaled.jpg 1920w\" sizes=\"auto, (max-width: 768px) 100vw, 768px\" \/><\/div><div data-src=\"https:\/\/karukella.ee\/wp-content\/uploads\/2025\/06\/Karukella-perenaine-Terje-tassiga_vk.jpg\" class=\"grid-item\"><img decoding=\"async\" width=\"683\" height=\"1024\" src=\"https:\/\/karukella.ee\/wp-content\/uploads\/2025\/06\/Karukella-perenaine-Terje-tassiga_vk-683x1024.jpg\" alt=\"\" data-id=\"1210\" loading=\"lazy\" class=\"wp-image-1210\" srcset=\"https:\/\/karukella.ee\/wp-content\/uploads\/2025\/06\/Karukella-perenaine-Terje-tassiga_vk-683x1024.jpg 683w, https:\/\/karukella.ee\/wp-content\/uploads\/2025\/06\/Karukella-perenaine-Terje-tassiga_vk-200x300.jpg 200w, https:\/\/karukella.ee\/wp-content\/uploads\/2025\/06\/Karukella-perenaine-Terje-tassiga_vk-768x1152.jpg 768w, https:\/\/karukella.ee\/wp-content\/uploads\/2025\/06\/Karukella-perenaine-Terje-tassiga_vk.jpg 1000w\" sizes=\"auto, (max-width: 683px) 100vw, 683px\" \/><\/div><div data-src=\"https:\/\/karukella.ee\/wp-content\/uploads\/2025\/06\/Karukella-pererahvas-scaled.jpg\" class=\"grid-item\"><img decoding=\"async\" width=\"683\" height=\"1024\" src=\"https:\/\/karukella.ee\/wp-content\/uploads\/2025\/06\/Karukella-pererahvas-683x1024.jpg\" alt=\"\" data-id=\"1212\" loading=\"lazy\" class=\"wp-image-1212\" srcset=\"https:\/\/karukella.ee\/wp-content\/uploads\/2025\/06\/Karukella-pererahvas-683x1024.jpg 683w, https:\/\/karukella.ee\/wp-content\/uploads\/2025\/06\/Karukella-pererahvas-200x300.jpg 200w, https:\/\/karukella.ee\/wp-content\/uploads\/2025\/06\/Karukella-pererahvas-768x1152.jpg 768w, https:\/\/karukella.ee\/wp-content\/uploads\/2025\/06\/Karukella-pererahvas-1024x1536.jpg 1024w, https:\/\/karukella.ee\/wp-content\/uploads\/2025\/06\/Karukella-pererahvas-1365x2048.jpg 1365w, https:\/\/karukella.ee\/wp-content\/uploads\/2025\/06\/Karukella-pererahvas-1568x2352.jpg 1568w, https:\/\/karukella.ee\/wp-content\/uploads\/2025\/06\/Karukella-pererahvas-scaled.jpg 1707w\" sizes=\"auto, (max-width: 683px) 100vw, 683px\" \/><\/div><div data-src=\"https:\/\/karukella.ee\/wp-content\/uploads\/2025\/06\/Karukella-puhkemaja-pererahvas-scaled.jpg\" class=\"grid-item\"><img decoding=\"async\" width=\"666\" height=\"1024\" src=\"https:\/\/karukella.ee\/wp-content\/uploads\/2025\/06\/Karukella-puhkemaja-pererahvas-666x1024.jpg\" alt=\"\" data-id=\"1214\" loading=\"lazy\" class=\"wp-image-1214\" srcset=\"https:\/\/karukella.ee\/wp-content\/uploads\/2025\/06\/Karukella-puhkemaja-pererahvas-666x1024.jpg 666w, https:\/\/karukella.ee\/wp-content\/uploads\/2025\/06\/Karukella-puhkemaja-pererahvas-195x300.jpg 195w, https:\/\/karukella.ee\/wp-content\/uploads\/2025\/06\/Karukella-puhkemaja-pererahvas-768x1181.jpg 768w, https:\/\/karukella.ee\/wp-content\/uploads\/2025\/06\/Karukella-puhkemaja-pererahvas-999x1536.jpg 999w, https:\/\/karukella.ee\/wp-content\/uploads\/2025\/06\/Karukella-puhkemaja-pererahvas-1331x2048.jpg 1331w, https:\/\/karukella.ee\/wp-content\/uploads\/2025\/06\/Karukella-puhkemaja-pererahvas-1568x2412.jpg 1568w, https:\/\/karukella.ee\/wp-content\/uploads\/2025\/06\/Karukella-puhkemaja-pererahvas-scaled.jpg 1664w\" sizes=\"auto, (max-width: 666px) 100vw, 666px\" \/><\/div><div data-src=\"https:\/\/karukella.ee\/wp-content\/uploads\/2025\/06\/Karukella-puhkemaja-pererahvas-terrassil-lahemalt_.jpg\" class=\"grid-item\"><img decoding=\"async\" width=\"770\" height=\"1024\" src=\"https:\/\/karukella.ee\/wp-content\/uploads\/2025\/06\/Karukella-puhkemaja-pererahvas-terrassil-lahemalt_-770x1024.jpg\" alt=\"\" data-id=\"1218\" loading=\"lazy\" class=\"wp-image-1218\" srcset=\"https:\/\/karukella.ee\/wp-content\/uploads\/2025\/06\/Karukella-puhkemaja-pererahvas-terrassil-lahemalt_-770x1024.jpg 770w, https:\/\/karukella.ee\/wp-content\/uploads\/2025\/06\/Karukella-puhkemaja-pererahvas-terrassil-lahemalt_-226x300.jpg 226w, https:\/\/karukella.ee\/wp-content\/uploads\/2025\/06\/Karukella-puhkemaja-pererahvas-terrassil-lahemalt_-768x1021.jpg 768w, https:\/\/karukella.ee\/wp-content\/uploads\/2025\/06\/Karukella-puhkemaja-pererahvas-terrassil-lahemalt_-1156x1536.jpg 1156w, https:\/\/karukella.ee\/wp-content\/uploads\/2025\/06\/Karukella-puhkemaja-pererahvas-terrassil-lahemalt_-1541x2048.jpg 1541w, https:\/\/karukella.ee\/wp-content\/uploads\/2025\/06\/Karukella-puhkemaja-pererahvas-terrassil-lahemalt_-1568x2084.jpg 1568w, https:\/\/karukella.ee\/wp-content\/uploads\/2025\/06\/Karukella-puhkemaja-pererahvas-terrassil-lahemalt_.jpg 1898w\" sizes=\"auto, (max-width: 770px) 100vw, 770px\" \/><\/div><\/div>\n<\/div>\n\n\n\n<div class=\"wp-block-column is-vertically-aligned-center is-layout-flow wp-block-column-is-layout-flow\" style=\"padding-right:var(--wp--preset--spacing--40);padding-left:var(--wp--preset--spacing--40)\">\n<h2 class=\"wp-block-heading has-white-color has-text-color has-link-color wp-elements-eda2fbcc7b15b66539e9d349718217cd\"><strong><strong>KAS ST\u0100V AIZ ATP\u016aTAS NAMA \u201cKARUKELLA\u201d?<\/strong><\/strong><\/h2>\n\n\n\n<p class=\"has-white-color has-text-color has-link-color wp-elements-6062d9e8a69b6cfcff06877b5727bb3c\">Terjei ir vair\u0101k nek\u0101 20 gadus ilga pieredze t\u016brisma jom\u0101. Vi\u0146as sirdij tuva ir gan viesm\u012bl\u012bba un m\u0101rketings, gan ar\u012b pakalpojumu dizains. Tie\u0161i t\u0101p\u0113c \u201cKarukella\u201d atp\u016btas nam\u0101 katrai deta\u013cai ir sava noz\u012bme \u2013 viesu pieredze m\u0101j\u0101 ir r\u016bp\u012bgi p\u0101rdom\u0101ta, lo\u0123iska un \u0113rta, lai atp\u016bta b\u016bt p\u0113c iesp\u0113jas pat\u012bkam\u0101ka un bezr\u016bp\u012bg\u0101ka.<\/p>\n\n\n\n<p class=\"has-white-color has-text-color has-link-color wp-elements-917c38d338acac7021f6a225840bd555\">Uz\u0146\u0113muma otr\u0101 pus\u012bte J\u0101nuss sniedz papildin\u0101jumu ar in\u017eeniera, projekt\u0113t\u0101ja un b\u016bvnieka pieredzi. Pateicoties vi\u0146a prasm\u0113m un viedajiem tehniskajiem risin\u0101jumiem, atp\u016btas nams \u201cKarukella\u201d ir k\u013cuvusi par realit\u0101ti \u2013 energoefekt\u012bva, ar viedier\u012bc\u0113m vad\u0101ma m\u0101ja, kas vienlaikus ir silta, m\u0101j\u012bga un cilv\u0113ciska.<\/p>\n\n\n\n<p class=\"has-white-color has-text-color has-link-color wp-elements-d261b233be8fb0165d1cd47db05cb257\">Visu, kas mums ir, esam sasniegu\u0161i pa\u0161i \u2013 mums nav biju\u0161i mantoti \u012bpa\u0161umi vai me\u017ei, toties mums vienm\u0113r ir bijusi griba m\u0101c\u012bties, uzdr\u012bkst\u0113ties, eksperiment\u0113t un to, ko dar\u0101m, dar\u012bt labi. No t\u0101 visa ir radies atp\u016btas nams \u201cKarukella\u201d \u2013 vieta, kur savijas komforts, grezn\u012bba, ilgtsp\u0113ja, r\u016bpes par katru deta\u013cu un vide, kas piem\u0113rota \u0123imen\u0113m ar b\u0113rniem.<\/p>\n\n\n\n<p class=\"has-white-color has-text-color has-link-color wp-elements-751674be3d4c20c0d39e6034e17cac19\"><strong><strong>J\u016bs vienm\u0113r esat sirsn\u012bgi gaid\u012bti!<\/strong><\/strong><\/p>\n<\/div>\n<\/div>\n\n\n\n<div style=\"height:20px\" aria-hidden=\"true\" class=\"wp-block-spacer mobile-spacer-5\"><\/div>\n\n\n\n<div style=\"height:30px\" aria-hidden=\"true\" class=\"wp-block-spacer mobile-spacer-10\"><\/div>\n\n\n\n<p><\/p>\n","protected":false},"excerpt":{"rendered":"<p>SAIME Atp\u016btas nams \u201cKarukella\u201d ir \u0123imenes uz\u0146\u0113mums \u2013 dz\u012bvesbiedri J\u0101nuss un Terje Raturi ir apvienoju\u0161i savus sp\u0113kus ar\u012b biznes\u0101, \u012bstenojot atp\u016btas nama \u201cKarukella\u201d projektu. KAS ST\u0100V AIZ ATP\u016aTAS NAMA \u201cKARUKELLA\u201d? Terjei ir vair\u0101k nek\u0101 20 gadus ilga pieredze t\u016brisma jom\u0101. Vi\u0146as sirdij tuva ir gan viesm\u012bl\u012bba un m\u0101rketings, gan ar\u012b pakalpojumu dizains. Tie\u0161i t\u0101p\u0113c \u201cKarukella\u201d [&hellip;]<\/p>\n","protected":false},"author":1,"featured_media":0,"parent":0,"menu_order":0,"comment_status":"closed","ping_status":"closed","template":"","meta":{"footnotes":""},"class_list":["post-1852","page","type-page","status-publish","hentry"],"yoast_head":"<!-- This site is optimized with the Yoast SEO plugin v27.0 - https:\/\/yoast.com\/product\/yoast-seo-wordpress\/ -->\n<title>SAIME | Karukella Puhkemaja<\/title>\n<meta name=\"robots\" content=\"index, follow, max-snippet:-1, max-image-preview:large, max-video-preview:-1\" \/>\n<link rel=\"canonical\" href=\"https:\/\/karukella.ee\/pererahvast\/\" \/>\n<meta property=\"og:locale\" content=\"lv_LV\" \/>\n<meta property=\"og:type\" content=\"article\" \/>\n<meta property=\"og:title\" content=\"SAIME | Karukella Puhkemaja\" \/>\n<meta property=\"og:description\" content=\"SAIME Atp\u016btas nams \u201cKarukella\u201d ir \u0123imenes uz\u0146\u0113mums \u2013 dz\u012bvesbiedri J\u0101nuss un Terje Raturi ir apvienoju\u0161i savus sp\u0113kus ar\u012b biznes\u0101, \u012bstenojot atp\u016btas nama \u201cKarukella\u201d projektu. KAS ST\u0100V AIZ ATP\u016aTAS NAMA \u201cKARUKELLA\u201d? Terjei ir vair\u0101k nek\u0101 20 gadus ilga pieredze t\u016brisma jom\u0101. Vi\u0146as sirdij tuva ir gan viesm\u012bl\u012bba un m\u0101rketings, gan ar\u012b pakalpojumu dizains. Tie\u0161i t\u0101p\u0113c \u201cKarukella\u201d [&hellip;]\" \/>\n<meta property=\"og:url\" content=\"https:\/\/karukella.ee\/pererahvast\/\" \/>\n<meta property=\"og:site_name\" content=\"Karukella Puhkemaja\" \/>\n<meta property=\"article:publisher\" content=\"https:\/\/www.facebook.com\/karukella\/\" \/>\n<meta property=\"article:modified_time\" content=\"2025-06-17T12:33:30+00:00\" \/>\n<meta property=\"og:image\" content=\"https:\/\/karukella.ee\/wp-content\/uploads\/2025\/06\/Karukella-puhkemaja-marjasaak_1-scaled.jpg\" \/>\n<meta name=\"twitter:card\" content=\"summary_large_image\" \/>\n<meta name=\"twitter:label1\" content=\"Est. reading time\" \/>\n\t<meta name=\"twitter:data1\" content=\"1 minute\" \/>\n<script type=\"application\/ld+json\" class=\"yoast-schema-graph\">{\"@context\":\"https:\/\/schema.org\",\"@graph\":[{\"@type\":\"WebPage\",\"@id\":\"https:\/\/karukella.ee\/pererahvast\/\",\"url\":\"https:\/\/karukella.ee\/pererahvast\/\",\"name\":\"SAIME | Karukella Puhkemaja\",\"isPartOf\":{\"@id\":\"https:\/\/karukella.ee\/#website\"},\"primaryImageOfPage\":{\"@id\":\"https:\/\/karukella.ee\/pererahvast\/#primaryimage\"},\"image\":{\"@id\":\"https:\/\/karukella.ee\/pererahvast\/#primaryimage\"},\"thumbnailUrl\":\"https:\/\/karukella.ee\/wp-content\/uploads\/2025\/06\/Karukella-puhkemaja-marjasaak_1-scaled.jpg\",\"datePublished\":\"2025-06-07T19:33:15+00:00\",\"dateModified\":\"2025-06-17T12:33:30+00:00\",\"breadcrumb\":{\"@id\":\"https:\/\/karukella.ee\/pererahvast\/#breadcrumb\"},\"inLanguage\":\"lv-LV\",\"potentialAction\":[{\"@type\":\"ReadAction\",\"target\":[\"https:\/\/karukella.ee\/pererahvast\/\"]}]},{\"@type\":\"ImageObject\",\"inLanguage\":\"lv-LV\",\"@id\":\"https:\/\/karukella.ee\/pererahvast\/#primaryimage\",\"url\":\"https:\/\/karukella.ee\/wp-content\/uploads\/2025\/06\/Karukella-puhkemaja-marjasaak_1-scaled.jpg\",\"contentUrl\":\"https:\/\/karukella.ee\/wp-content\/uploads\/2025\/06\/Karukella-puhkemaja-marjasaak_1-scaled.jpg\"},{\"@type\":\"BreadcrumbList\",\"@id\":\"https:\/\/karukella.ee\/pererahvast\/#breadcrumb\",\"itemListElement\":[{\"@type\":\"ListItem\",\"position\":1,\"name\":\"Home\",\"item\":\"https:\/\/karukella.ee\/lv\/\"},{\"@type\":\"ListItem\",\"position\":2,\"name\":\"SAIME\"}]},{\"@type\":\"WebSite\",\"@id\":\"https:\/\/karukella.ee\/#website\",\"url\":\"https:\/\/karukella.ee\/\",\"name\":\"Karukella Puhkemaja\",\"description\":\"Kestlik luksus 5 toaga puhkemajas Virumaal\",\"publisher\":{\"@id\":\"https:\/\/karukella.ee\/#organization\"},\"potentialAction\":[{\"@type\":\"SearchAction\",\"target\":{\"@type\":\"EntryPoint\",\"urlTemplate\":\"https:\/\/karukella.ee\/?s={search_term_string}\"},\"query-input\":{\"@type\":\"PropertyValueSpecification\",\"valueRequired\":true,\"valueName\":\"search_term_string\"}}],\"inLanguage\":\"lv-LV\"},{\"@type\":\"Organization\",\"@id\":\"https:\/\/karukella.ee\/#organization\",\"name\":\"Karukella Puhkemaja\",\"url\":\"https:\/\/karukella.ee\/\",\"logo\":{\"@type\":\"ImageObject\",\"inLanguage\":\"lv-LV\",\"@id\":\"https:\/\/karukella.ee\/#\/schema\/logo\/image\/\",\"url\":\"https:\/\/karukella.ee\/wp-content\/uploads\/2025\/03\/Karukella-puhkemaja-sirelipoosast-scaled.jpg\",\"contentUrl\":\"https:\/\/karukella.ee\/wp-content\/uploads\/2025\/03\/Karukella-puhkemaja-sirelipoosast-scaled.jpg\",\"width\":2560,\"height\":1942,\"caption\":\"Karukella Puhkemaja\"},\"image\":{\"@id\":\"https:\/\/karukella.ee\/#\/schema\/logo\/image\/\"},\"sameAs\":[\"https:\/\/www.facebook.com\/karukella\/\",\"https:\/\/www.instagram.com\/karukella_puhkemaja\/\"]}]}<\/script>\n<!-- \/ Yoast SEO plugin. -->","yoast_head_json":{"title":"SAIME | Karukella Puhkemaja","robots":{"index":"index","follow":"follow","max-snippet":"max-snippet:-1","max-image-preview":"max-image-preview:large","max-video-preview":"max-video-preview:-1"},"canonical":"https:\/\/karukella.ee\/pererahvast\/","og_locale":"lv_LV","og_type":"article","og_title":"SAIME | Karukella Puhkemaja","og_description":"SAIME Atp\u016btas nams \u201cKarukella\u201d ir \u0123imenes uz\u0146\u0113mums \u2013 dz\u012bvesbiedri J\u0101nuss un Terje Raturi ir apvienoju\u0161i savus sp\u0113kus ar\u012b biznes\u0101, \u012bstenojot atp\u016btas nama \u201cKarukella\u201d projektu. KAS ST\u0100V AIZ ATP\u016aTAS NAMA \u201cKARUKELLA\u201d? Terjei ir vair\u0101k nek\u0101 20 gadus ilga pieredze t\u016brisma jom\u0101. Vi\u0146as sirdij tuva ir gan viesm\u012bl\u012bba un m\u0101rketings, gan ar\u012b pakalpojumu dizains. Tie\u0161i t\u0101p\u0113c \u201cKarukella\u201d [&hellip;]","og_url":"https:\/\/karukella.ee\/pererahvast\/","og_site_name":"Karukella Puhkemaja","article_publisher":"https:\/\/www.facebook.com\/karukella\/","article_modified_time":"2025-06-17T12:33:30+00:00","og_image":[{"url":"https:\/\/karukella.ee\/wp-content\/uploads\/2025\/06\/Karukella-puhkemaja-marjasaak_1-scaled.jpg","type":"","width":"","height":""}],"twitter_card":"summary_large_image","twitter_misc":{"Est. reading time":"1 minute"},"schema":{"@context":"https:\/\/schema.org","@graph":[{"@type":"WebPage","@id":"https:\/\/karukella.ee\/pererahvast\/","url":"https:\/\/karukella.ee\/pererahvast\/","name":"SAIME | Karukella Puhkemaja","isPartOf":{"@id":"https:\/\/karukella.ee\/#website"},"primaryImageOfPage":{"@id":"https:\/\/karukella.ee\/pererahvast\/#primaryimage"},"image":{"@id":"https:\/\/karukella.ee\/pererahvast\/#primaryimage"},"thumbnailUrl":"https:\/\/karukella.ee\/wp-content\/uploads\/2025\/06\/Karukella-puhkemaja-marjasaak_1-scaled.jpg","datePublished":"2025-06-07T19:33:15+00:00","dateModified":"2025-06-17T12:33:30+00:00","breadcrumb":{"@id":"https:\/\/karukella.ee\/pererahvast\/#breadcrumb"},"inLanguage":"lv-LV","potentialAction":[{"@type":"ReadAction","target":["https:\/\/karukella.ee\/pererahvast\/"]}]},{"@type":"ImageObject","inLanguage":"lv-LV","@id":"https:\/\/karukella.ee\/pererahvast\/#primaryimage","url":"https:\/\/karukella.ee\/wp-content\/uploads\/2025\/06\/Karukella-puhkemaja-marjasaak_1-scaled.jpg","contentUrl":"https:\/\/karukella.ee\/wp-content\/uploads\/2025\/06\/Karukella-puhkemaja-marjasaak_1-scaled.jpg"},{"@type":"BreadcrumbList","@id":"https:\/\/karukella.ee\/pererahvast\/#breadcrumb","itemListElement":[{"@type":"ListItem","position":1,"name":"Home","item":"https:\/\/karukella.ee\/lv\/"},{"@type":"ListItem","position":2,"name":"SAIME"}]},{"@type":"WebSite","@id":"https:\/\/karukella.ee\/#website","url":"https:\/\/karukella.ee\/","name":"Karukella Puhkemaja","description":"Kestlik luksus 5 toaga puhkemajas Virumaal","publisher":{"@id":"https:\/\/karukella.ee\/#organization"},"potentialAction":[{"@type":"SearchAction","target":{"@type":"EntryPoint","urlTemplate":"https:\/\/karukella.ee\/?s={search_term_string}"},"query-input":{"@type":"PropertyValueSpecification","valueRequired":true,"valueName":"search_term_string"}}],"inLanguage":"lv-LV"},{"@type":"Organization","@id":"https:\/\/karukella.ee\/#organization","name":"Karukella Puhkemaja","url":"https:\/\/karukella.ee\/","logo":{"@type":"ImageObject","inLanguage":"lv-LV","@id":"https:\/\/karukella.ee\/#\/schema\/logo\/image\/","url":"https:\/\/karukella.ee\/wp-content\/uploads\/2025\/03\/Karukella-puhkemaja-sirelipoosast-scaled.jpg","contentUrl":"https:\/\/karukella.ee\/wp-content\/uploads\/2025\/03\/Karukella-puhkemaja-sirelipoosast-scaled.jpg","width":2560,"height":1942,"caption":"Karukella Puhkemaja"},"image":{"@id":"https:\/\/karukella.ee\/#\/schema\/logo\/image\/"},"sameAs":["https:\/\/www.facebook.com\/karukella\/","https:\/\/www.instagram.com\/karukella_puhkemaja\/"]}]}},"_links":{"self":[{"href":"https:\/\/karukella.ee\/lv\/wp-json\/wp\/v2\/pages\/1852","targetHints":{"allow":["GET"]}}],"collection":[{"href":"https:\/\/karukella.ee\/lv\/wp-json\/wp\/v2\/pages"}],"about":[{"href":"https:\/\/karukella.ee\/lv\/wp-json\/wp\/v2\/types\/page"}],"author":[{"embeddable":true,"href":"https:\/\/karukella.ee\/lv\/wp-json\/wp\/v2\/users\/1"}],"replies":[{"embeddable":true,"href":"https:\/\/karukella.ee\/lv\/wp-json\/wp\/v2\/comments?post=1852"}],"version-history":[{"count":2,"href":"https:\/\/karukella.ee\/lv\/wp-json\/wp\/v2\/pages\/1852\/revisions"}],"predecessor-version":[{"id":1863,"href":"https:\/\/karukella.ee\/lv\/wp-json\/wp\/v2\/pages\/1852\/revisions\/1863"}],"wp:attachment":[{"href":"https:\/\/karukella.ee\/lv\/wp-json\/wp\/v2\/media?parent=1852"}],"curies":[{"name":"wp","href":"https:\/\/api.w.org\/{rel}","templated":true}]}}