{"id":1841,"date":"2025-04-14T13:10:23","date_gmt":"2025-04-14T13:10:23","guid":{"rendered":"https:\/\/karukella.ee\/contacts\/"},"modified":"2025-06-18T09:12:46","modified_gmt":"2025-06-18T09:12:46","slug":"kontakti","status":"publish","type":"page","link":"https:\/\/karukella.ee\/lv\/kontakti\/","title":{"rendered":"KONTAKTI"},"content":{"rendered":"\n<div class=\"wp-block-cover alignfull is-light\"><img loading=\"lazy\" decoding=\"async\" width=\"2560\" height=\"1801\" class=\"wp-block-cover__image-background wp-image-1326 size-full\" alt=\"\" src=\"https:\/\/karukella.ee\/wp-content\/uploads\/2025\/06\/Karukella-pererahvas_2-scaled.jpg\" data-object-fit=\"cover\" srcset=\"https:\/\/karukella.ee\/wp-content\/uploads\/2025\/06\/Karukella-pererahvas_2-scaled.jpg 2560w, https:\/\/karukella.ee\/wp-content\/uploads\/2025\/06\/Karukella-pererahvas_2-300x211.jpg 300w, https:\/\/karukella.ee\/wp-content\/uploads\/2025\/06\/Karukella-pererahvas_2-1024x720.jpg 1024w, https:\/\/karukella.ee\/wp-content\/uploads\/2025\/06\/Karukella-pererahvas_2-768x540.jpg 768w, https:\/\/karukella.ee\/wp-content\/uploads\/2025\/06\/Karukella-pererahvas_2-1536x1081.jpg 1536w, https:\/\/karukella.ee\/wp-content\/uploads\/2025\/06\/Karukella-pererahvas_2-2048x1441.jpg 2048w, https:\/\/karukella.ee\/wp-content\/uploads\/2025\/06\/Karukella-pererahvas_2-1568x1103.jpg 1568w\" sizes=\"auto, (max-width: 2560px) 100vw, 2560px\" \/><span aria-hidden=\"true\" class=\"wp-block-cover__background has-background-dim-0 has-background-dim\"><\/span><div class=\"wp-block-cover__inner-container is-layout-flow wp-block-cover-is-layout-flow\">\n<p class=\"has-text-align-center has-large-font-size\"><\/p>\n<\/div><\/div>\n\n\n\n<div style=\"height:30px\" aria-hidden=\"true\" class=\"wp-block-spacer mobile-spacer-10\"><\/div>\n\n\n\n<h1 class=\"wp-block-heading has-text-align-center animated rotateInDownRight slow has-darkpurple-color has-text-color has-link-color wp-elements-e74edaf457627cf7a538d0ae522ba2fe\"><strong><strong>M\u0112S GAID\u012aSIM TEVI!<\/strong><\/strong><\/h1>\n\n\n\n<div class=\"wp-block-columns alignwide has-background is-layout-flex wp-container-core-columns-is-layout-74d018ca wp-block-columns-is-layout-flex\" style=\"background-color:#d7b56d;padding-top:var(--wp--preset--spacing--20);padding-right:var(--wp--preset--spacing--20);padding-bottom:var(--wp--preset--spacing--20);padding-left:var(--wp--preset--spacing--20)\">\n<div class=\"wp-block-column has-white-background-color has-background is-layout-flow wp-container-core-column-is-layout-6a27151a wp-block-column-is-layout-flow\" style=\"padding-top:var(--wp--preset--spacing--30);padding-right:var(--wp--preset--spacing--30);padding-bottom:var(--wp--preset--spacing--30);padding-left:var(--wp--preset--spacing--30)\">\n<figure class=\"wp-block-gallery has-nested-images columns-default is-cropped wp-block-gallery-1 is-layout-flex wp-block-gallery-is-layout-flex\">\n<figure class=\"wp-block-image size-large\"><img loading=\"lazy\" decoding=\"async\" width=\"780\" height=\"1024\" data-id=\"416\" src=\"https:\/\/karukella.ee\/wp-content\/uploads\/2025\/04\/Karukella-pererahvas_Terje_Jaanus-scaled-1-780x1024.webp\" alt=\"\" class=\"wp-image-416\" srcset=\"https:\/\/karukella.ee\/wp-content\/uploads\/2025\/04\/Karukella-pererahvas_Terje_Jaanus-scaled-1-780x1024.webp 780w, https:\/\/karukella.ee\/wp-content\/uploads\/2025\/04\/Karukella-pererahvas_Terje_Jaanus-scaled-1-229x300.webp 229w, https:\/\/karukella.ee\/wp-content\/uploads\/2025\/04\/Karukella-pererahvas_Terje_Jaanus-scaled-1-768x1008.webp 768w, https:\/\/karukella.ee\/wp-content\/uploads\/2025\/04\/Karukella-pererahvas_Terje_Jaanus-scaled-1-1170x1536.webp 1170w, https:\/\/karukella.ee\/wp-content\/uploads\/2025\/04\/Karukella-pererahvas_Terje_Jaanus-scaled-1-1560x2048.webp 1560w, https:\/\/karukella.ee\/wp-content\/uploads\/2025\/04\/Karukella-pererahvas_Terje_Jaanus-scaled-1-1568x2059.webp 1568w, https:\/\/karukella.ee\/wp-content\/uploads\/2025\/04\/Karukella-pererahvas_Terje_Jaanus-scaled-1.webp 1950w\" sizes=\"auto, (max-width: 780px) 100vw, 780px\" \/><\/figure>\n\n\n\n<figure class=\"wp-block-image size-large\"><img loading=\"lazy\" decoding=\"async\" width=\"768\" height=\"1024\" data-id=\"418\" src=\"https:\/\/karukella.ee\/wp-content\/uploads\/2025\/04\/Karukella-puhkemaja-liiklusmark-500-m-768x1024.webp\" alt=\"\" class=\"wp-image-418\" srcset=\"https:\/\/karukella.ee\/wp-content\/uploads\/2025\/04\/Karukella-puhkemaja-liiklusmark-500-m-768x1024.webp 768w, https:\/\/karukella.ee\/wp-content\/uploads\/2025\/04\/Karukella-puhkemaja-liiklusmark-500-m-225x300.webp 225w, https:\/\/karukella.ee\/wp-content\/uploads\/2025\/04\/Karukella-puhkemaja-liiklusmark-500-m-1152x1536.webp 1152w, https:\/\/karukella.ee\/wp-content\/uploads\/2025\/04\/Karukella-puhkemaja-liiklusmark-500-m-1536x2048.webp 1536w, https:\/\/karukella.ee\/wp-content\/uploads\/2025\/04\/Karukella-puhkemaja-liiklusmark-500-m-1568x2091.webp 1568w, https:\/\/karukella.ee\/wp-content\/uploads\/2025\/04\/Karukella-puhkemaja-liiklusmark-500-m-scaled.webp 1920w\" sizes=\"auto, (max-width: 768px) 100vw, 768px\" \/><\/figure>\n\n\n\n<figure class=\"wp-block-image size-large\"><img loading=\"lazy\" decoding=\"async\" width=\"768\" height=\"1024\" data-id=\"420\" src=\"https:\/\/karukella.ee\/wp-content\/uploads\/2025\/04\/Karukella-puhkemajas-reedeti-LP-scaled-1-768x1024.webp\" alt=\"\" class=\"wp-image-420\" srcset=\"https:\/\/karukella.ee\/wp-content\/uploads\/2025\/04\/Karukella-puhkemajas-reedeti-LP-scaled-1-768x1024.webp 768w, https:\/\/karukella.ee\/wp-content\/uploads\/2025\/04\/Karukella-puhkemajas-reedeti-LP-scaled-1-225x300.webp 225w, https:\/\/karukella.ee\/wp-content\/uploads\/2025\/04\/Karukella-puhkemajas-reedeti-LP-scaled-1-1152x1536.webp 1152w, https:\/\/karukella.ee\/wp-content\/uploads\/2025\/04\/Karukella-puhkemajas-reedeti-LP-scaled-1-1536x2048.webp 1536w, https:\/\/karukella.ee\/wp-content\/uploads\/2025\/04\/Karukella-puhkemajas-reedeti-LP-scaled-1-1568x2091.webp 1568w, https:\/\/karukella.ee\/wp-content\/uploads\/2025\/04\/Karukella-puhkemajas-reedeti-LP-scaled-1.webp 1920w\" sizes=\"auto, (max-width: 768px) 100vw, 768px\" \/><\/figure>\n<\/figure>\n\n\n\n<figure class=\"wp-block-image alignfull size-large is-style-default\"><img loading=\"lazy\" decoding=\"async\" width=\"1024\" height=\"256\" src=\"https:\/\/karukella.ee\/wp-content\/uploads\/2025\/04\/MEILIJALUS_EST-1024x256.webp\" alt=\"\" class=\"wp-image-414\" srcset=\"https:\/\/karukella.ee\/wp-content\/uploads\/2025\/04\/MEILIJALUS_EST-1024x256.webp 1024w, https:\/\/karukella.ee\/wp-content\/uploads\/2025\/04\/MEILIJALUS_EST-300x75.webp 300w, https:\/\/karukella.ee\/wp-content\/uploads\/2025\/04\/MEILIJALUS_EST-768x192.webp 768w, https:\/\/karukella.ee\/wp-content\/uploads\/2025\/04\/MEILIJALUS_EST-1536x384.webp 1536w, https:\/\/karukella.ee\/wp-content\/uploads\/2025\/04\/MEILIJALUS_EST-1568x392.webp 1568w, https:\/\/karukella.ee\/wp-content\/uploads\/2025\/04\/MEILIJALUS_EST.webp 1667w\" sizes=\"auto, (max-width: 1024px) 100vw, 1024px\" \/><\/figure>\n<\/div>\n\n\n\n<div class=\"wp-block-column is-vertically-aligned-center has-white-color has-text-color has-link-color wp-elements-8ed217c85188b41fa8e982092abf9b17 is-layout-flow wp-block-column-is-layout-flow\" style=\"padding-right:var(--wp--preset--spacing--40);padding-left:var(--wp--preset--spacing--40)\">\n<h2 class=\"wp-block-heading has-white-color has-text-color has-link-color wp-elements-0bdc571ad5c5051cd90025b08c9a0520\" style=\"text-transform:uppercase\"><strong>We are waiting for you!<\/strong><\/h2>\n\n\n\n<p class=\"has-white-color has-text-color has-link-color wp-elements-2c5e3101a7faa261c8852bcf3287d218\">Raksti:\u00a0<a href=\"mailto:puhkemaja@karukella.ee\" target=\"_blank\" rel=\"noreferrer noopener\">puhkemaja@karukella.ee<\/a><br>Brauc pie mums: Papli 7 b, Liganuses ciemats, Liganuses pagasts, Austrumviru apri\u0146\u0137is\u00a043301<br>(<em>Papli 7b, L\u00fcganuse alevik, L\u00fcganuse vald, Ida-Virumaa\u00a043301<\/em>)<br>Zvani:<br>Saimniece: Terje Rattur <a href=\"tel:3725184803\" target=\"_blank\" rel=\"noreferrer noopener\">+372 5184803<\/a><br>Saimnieks: Jaanus Rattur +372 56497091<\/p>\n\n\n\n<p><a href=\"https:\/\/elron.ee\/\" target=\"_blank\" rel=\"noreferrer noopener\">Brauc ar vilcienu<\/a>: p\u0113rc bi\u013ceti l\u012bdz \u201cP\u00fcssi\u201d pieturai, no turienes l\u012bdz atp\u016btas namam ir 2 km.<\/p>\n\n\n\n<p class=\"has-white-color has-text-color has-link-color wp-elements-14fb55f91dd8540a97c2be8a61d8a636\">Tertur O\u00dc<br>Re\u0123. Nr.: 12130268<br>PVN: EE101560863<br>SWEDBANK: EE292200221069959227<\/p>\n<\/div>\n<\/div>\n\n\n\n<div style=\"height:30px\" aria-hidden=\"true\" class=\"wp-block-spacer mobile-spacer-10\"><\/div>\n\n\n\n<h2 class=\"wp-block-heading has-text-align-center has-darkpurple-color has-text-color has-link-color wp-elements-c1c5438a2c4819f3ea9b921fbcb9444f\"><strong>VIETA<\/strong><\/h2>\n\n\n\n<div class=\"wp-block-columns alignwide is-layout-flex wp-container-core-columns-is-layout-6944c02c wp-block-columns-is-layout-flex\" style=\"padding-top:var(--wp--preset--spacing--30);padding-right:var(--wp--preset--spacing--30);padding-bottom:var(--wp--preset--spacing--30);padding-left:var(--wp--preset--spacing--30)\">\n<div class=\"wp-block-column has-background is-layout-flow wp-block-column-is-layout-flow\" style=\"background-color:#d7b56d;padding-top:var(--wp--preset--spacing--40);padding-right:var(--wp--preset--spacing--40);padding-bottom:var(--wp--preset--spacing--40);padding-left:var(--wp--preset--spacing--40)\">\n<iframe src=\"https:\/\/www.google.com\/maps\/embed?pb=!1m18!1m12!1m3!1d2032.3714751536547!2d27.037786077064744!3d59.376828207217905!2m3!1f0!2f0!3f0!3m2!1i1024!2i768!4f13.1!3m3!1m2!1s0x469478ee9c746dc1%3A0x75c3fb4a09277fac!2sKarukella%20Puhkemaja!5e0!3m2!1set!2see!4v1744636439724!5m2!1set!2see\" width=\"100%\" height=\"450\" style=\"border:0;\" allowfullscreen=\"\" loading=\"lazy\" referrerpolicy=\"no-referrer-when-downgrade\"><\/iframe>\n<\/div>\n<\/div>\n\n\n\n<div style=\"height:30px\" aria-hidden=\"true\" class=\"wp-block-spacer mobile-spacer-10\"><\/div>\n\n\n\n<p><\/p>\n","protected":false},"excerpt":{"rendered":"<p>M\u0112S GAID\u012aSIM TEVI! We are waiting for you! Raksti:\u00a0puhkemaja@karukella.eeBrauc pie mums: Papli 7 b, Liganuses ciemats, Liganuses pagasts, Austrumviru apri\u0146\u0137is\u00a043301(Papli 7b, L\u00fcganuse alevik, L\u00fcganuse vald, Ida-Virumaa\u00a043301)Zvani:Saimniece: Terje Rattur +372 5184803Saimnieks: Jaanus Rattur +372 56497091 Brauc ar vilcienu: p\u0113rc bi\u013ceti l\u012bdz \u201cP\u00fcssi\u201d pieturai, no turienes l\u012bdz atp\u016btas namam ir 2 km. Tertur O\u00dcRe\u0123. Nr.: 12130268PVN: EE101560863SWEDBANK: [&hellip;]<\/p>\n","protected":false},"author":3,"featured_media":0,"parent":0,"menu_order":0,"comment_status":"closed","ping_status":"closed","template":"","meta":{"footnotes":""},"class_list":["post-1841","page","type-page","status-publish","hentry"],"yoast_head":"<!-- This site is optimized with the Yoast SEO plugin v27.0 - https:\/\/yoast.com\/product\/yoast-seo-wordpress\/ -->\n<title>KONTAKTI | Karukella Puhkemaja<\/title>\n<meta name=\"robots\" content=\"index, follow, max-snippet:-1, max-image-preview:large, max-video-preview:-1\" \/>\n<link rel=\"canonical\" href=\"https:\/\/karukella.ee\/kontaktid\/\" \/>\n<meta property=\"og:locale\" content=\"lv_LV\" \/>\n<meta property=\"og:type\" content=\"article\" \/>\n<meta property=\"og:title\" content=\"KONTAKTI | Karukella Puhkemaja\" \/>\n<meta property=\"og:description\" content=\"M\u0112S GAID\u012aSIM TEVI! We are waiting for you! Raksti:\u00a0puhkemaja@karukella.eeBrauc pie mums: Papli 7 b, Liganuses ciemats, Liganuses pagasts, Austrumviru apri\u0146\u0137is\u00a043301(Papli 7b, L\u00fcganuse alevik, L\u00fcganuse vald, Ida-Virumaa\u00a043301)Zvani:Saimniece: Terje Rattur +372 5184803Saimnieks: Jaanus Rattur +372 56497091 Brauc ar vilcienu: p\u0113rc bi\u013ceti l\u012bdz \u201cP\u00fcssi\u201d pieturai, no turienes l\u012bdz atp\u016btas namam ir 2 km. Tertur O\u00dcRe\u0123. Nr.: 12130268PVN: EE101560863SWEDBANK: [&hellip;]\" \/>\n<meta property=\"og:url\" content=\"https:\/\/karukella.ee\/kontaktid\/\" \/>\n<meta property=\"og:site_name\" content=\"Karukella Puhkemaja\" \/>\n<meta property=\"article:publisher\" content=\"https:\/\/www.facebook.com\/karukella\/\" \/>\n<meta property=\"article:modified_time\" content=\"2025-06-18T09:12:46+00:00\" \/>\n<meta property=\"og:image\" content=\"https:\/\/karukella.ee\/wp-content\/uploads\/2025\/06\/Karukella-pererahvas_2-scaled.jpg\" \/>\n<meta name=\"twitter:card\" content=\"summary_large_image\" \/>\n<script type=\"application\/ld+json\" class=\"yoast-schema-graph\">{\"@context\":\"https:\/\/schema.org\",\"@graph\":[{\"@type\":\"WebPage\",\"@id\":\"https:\/\/karukella.ee\/kontaktid\/\",\"url\":\"https:\/\/karukella.ee\/kontaktid\/\",\"name\":\"KONTAKTI | Karukella Puhkemaja\",\"isPartOf\":{\"@id\":\"https:\/\/karukella.ee\/#website\"},\"primaryImageOfPage\":{\"@id\":\"https:\/\/karukella.ee\/kontaktid\/#primaryimage\"},\"image\":{\"@id\":\"https:\/\/karukella.ee\/kontaktid\/#primaryimage\"},\"thumbnailUrl\":\"https:\/\/karukella.ee\/wp-content\/uploads\/2025\/06\/Karukella-pererahvas_2-scaled.jpg\",\"datePublished\":\"2025-04-14T13:10:23+00:00\",\"dateModified\":\"2025-06-18T09:12:46+00:00\",\"breadcrumb\":{\"@id\":\"https:\/\/karukella.ee\/kontaktid\/#breadcrumb\"},\"inLanguage\":\"lv-LV\",\"potentialAction\":[{\"@type\":\"ReadAction\",\"target\":[\"https:\/\/karukella.ee\/kontaktid\/\"]}]},{\"@type\":\"ImageObject\",\"inLanguage\":\"lv-LV\",\"@id\":\"https:\/\/karukella.ee\/kontaktid\/#primaryimage\",\"url\":\"https:\/\/karukella.ee\/wp-content\/uploads\/2025\/06\/Karukella-pererahvas_2-scaled.jpg\",\"contentUrl\":\"https:\/\/karukella.ee\/wp-content\/uploads\/2025\/06\/Karukella-pererahvas_2-scaled.jpg\"},{\"@type\":\"BreadcrumbList\",\"@id\":\"https:\/\/karukella.ee\/kontaktid\/#breadcrumb\",\"itemListElement\":[{\"@type\":\"ListItem\",\"position\":1,\"name\":\"Home\",\"item\":\"https:\/\/karukella.ee\/lv\/\"},{\"@type\":\"ListItem\",\"position\":2,\"name\":\"KONTAKTI\"}]},{\"@type\":\"WebSite\",\"@id\":\"https:\/\/karukella.ee\/#website\",\"url\":\"https:\/\/karukella.ee\/\",\"name\":\"Karukella Puhkemaja\",\"description\":\"Kestlik luksus 5 toaga puhkemajas Virumaal\",\"publisher\":{\"@id\":\"https:\/\/karukella.ee\/#organization\"},\"potentialAction\":[{\"@type\":\"SearchAction\",\"target\":{\"@type\":\"EntryPoint\",\"urlTemplate\":\"https:\/\/karukella.ee\/?s={search_term_string}\"},\"query-input\":{\"@type\":\"PropertyValueSpecification\",\"valueRequired\":true,\"valueName\":\"search_term_string\"}}],\"inLanguage\":\"lv-LV\"},{\"@type\":\"Organization\",\"@id\":\"https:\/\/karukella.ee\/#organization\",\"name\":\"Karukella Puhkemaja\",\"url\":\"https:\/\/karukella.ee\/\",\"logo\":{\"@type\":\"ImageObject\",\"inLanguage\":\"lv-LV\",\"@id\":\"https:\/\/karukella.ee\/#\/schema\/logo\/image\/\",\"url\":\"https:\/\/karukella.ee\/wp-content\/uploads\/2025\/03\/Karukella-puhkemaja-sirelipoosast-scaled.jpg\",\"contentUrl\":\"https:\/\/karukella.ee\/wp-content\/uploads\/2025\/03\/Karukella-puhkemaja-sirelipoosast-scaled.jpg\",\"width\":2560,\"height\":1942,\"caption\":\"Karukella Puhkemaja\"},\"image\":{\"@id\":\"https:\/\/karukella.ee\/#\/schema\/logo\/image\/\"},\"sameAs\":[\"https:\/\/www.facebook.com\/karukella\/\",\"https:\/\/www.instagram.com\/karukella_puhkemaja\/\"]}]}<\/script>\n<!-- \/ Yoast SEO plugin. -->","yoast_head_json":{"title":"KONTAKTI | Karukella Puhkemaja","robots":{"index":"index","follow":"follow","max-snippet":"max-snippet:-1","max-image-preview":"max-image-preview:large","max-video-preview":"max-video-preview:-1"},"canonical":"https:\/\/karukella.ee\/kontaktid\/","og_locale":"lv_LV","og_type":"article","og_title":"KONTAKTI | Karukella Puhkemaja","og_description":"M\u0112S GAID\u012aSIM TEVI! We are waiting for you! Raksti:\u00a0puhkemaja@karukella.eeBrauc pie mums: Papli 7 b, Liganuses ciemats, Liganuses pagasts, Austrumviru apri\u0146\u0137is\u00a043301(Papli 7b, L\u00fcganuse alevik, L\u00fcganuse vald, Ida-Virumaa\u00a043301)Zvani:Saimniece: Terje Rattur +372 5184803Saimnieks: Jaanus Rattur +372 56497091 Brauc ar vilcienu: p\u0113rc bi\u013ceti l\u012bdz \u201cP\u00fcssi\u201d pieturai, no turienes l\u012bdz atp\u016btas namam ir 2 km. Tertur O\u00dcRe\u0123. Nr.: 12130268PVN: EE101560863SWEDBANK: [&hellip;]","og_url":"https:\/\/karukella.ee\/kontaktid\/","og_site_name":"Karukella Puhkemaja","article_publisher":"https:\/\/www.facebook.com\/karukella\/","article_modified_time":"2025-06-18T09:12:46+00:00","og_image":[{"url":"https:\/\/karukella.ee\/wp-content\/uploads\/2025\/06\/Karukella-pererahvas_2-scaled.jpg","type":"","width":"","height":""}],"twitter_card":"summary_large_image","schema":{"@context":"https:\/\/schema.org","@graph":[{"@type":"WebPage","@id":"https:\/\/karukella.ee\/kontaktid\/","url":"https:\/\/karukella.ee\/kontaktid\/","name":"KONTAKTI | Karukella Puhkemaja","isPartOf":{"@id":"https:\/\/karukella.ee\/#website"},"primaryImageOfPage":{"@id":"https:\/\/karukella.ee\/kontaktid\/#primaryimage"},"image":{"@id":"https:\/\/karukella.ee\/kontaktid\/#primaryimage"},"thumbnailUrl":"https:\/\/karukella.ee\/wp-content\/uploads\/2025\/06\/Karukella-pererahvas_2-scaled.jpg","datePublished":"2025-04-14T13:10:23+00:00","dateModified":"2025-06-18T09:12:46+00:00","breadcrumb":{"@id":"https:\/\/karukella.ee\/kontaktid\/#breadcrumb"},"inLanguage":"lv-LV","potentialAction":[{"@type":"ReadAction","target":["https:\/\/karukella.ee\/kontaktid\/"]}]},{"@type":"ImageObject","inLanguage":"lv-LV","@id":"https:\/\/karukella.ee\/kontaktid\/#primaryimage","url":"https:\/\/karukella.ee\/wp-content\/uploads\/2025\/06\/Karukella-pererahvas_2-scaled.jpg","contentUrl":"https:\/\/karukella.ee\/wp-content\/uploads\/2025\/06\/Karukella-pererahvas_2-scaled.jpg"},{"@type":"BreadcrumbList","@id":"https:\/\/karukella.ee\/kontaktid\/#breadcrumb","itemListElement":[{"@type":"ListItem","position":1,"name":"Home","item":"https:\/\/karukella.ee\/lv\/"},{"@type":"ListItem","position":2,"name":"KONTAKTI"}]},{"@type":"WebSite","@id":"https:\/\/karukella.ee\/#website","url":"https:\/\/karukella.ee\/","name":"Karukella Puhkemaja","description":"Kestlik luksus 5 toaga puhkemajas Virumaal","publisher":{"@id":"https:\/\/karukella.ee\/#organization"},"potentialAction":[{"@type":"SearchAction","target":{"@type":"EntryPoint","urlTemplate":"https:\/\/karukella.ee\/?s={search_term_string}"},"query-input":{"@type":"PropertyValueSpecification","valueRequired":true,"valueName":"search_term_string"}}],"inLanguage":"lv-LV"},{"@type":"Organization","@id":"https:\/\/karukella.ee\/#organization","name":"Karukella Puhkemaja","url":"https:\/\/karukella.ee\/","logo":{"@type":"ImageObject","inLanguage":"lv-LV","@id":"https:\/\/karukella.ee\/#\/schema\/logo\/image\/","url":"https:\/\/karukella.ee\/wp-content\/uploads\/2025\/03\/Karukella-puhkemaja-sirelipoosast-scaled.jpg","contentUrl":"https:\/\/karukella.ee\/wp-content\/uploads\/2025\/03\/Karukella-puhkemaja-sirelipoosast-scaled.jpg","width":2560,"height":1942,"caption":"Karukella Puhkemaja"},"image":{"@id":"https:\/\/karukella.ee\/#\/schema\/logo\/image\/"},"sameAs":["https:\/\/www.facebook.com\/karukella\/","https:\/\/www.instagram.com\/karukella_puhkemaja\/"]}]}},"_links":{"self":[{"href":"https:\/\/karukella.ee\/lv\/wp-json\/wp\/v2\/pages\/1841","targetHints":{"allow":["GET"]}}],"collection":[{"href":"https:\/\/karukella.ee\/lv\/wp-json\/wp\/v2\/pages"}],"about":[{"href":"https:\/\/karukella.ee\/lv\/wp-json\/wp\/v2\/types\/page"}],"author":[{"embeddable":true,"href":"https:\/\/karukella.ee\/lv\/wp-json\/wp\/v2\/users\/3"}],"replies":[{"embeddable":true,"href":"https:\/\/karukella.ee\/lv\/wp-json\/wp\/v2\/comments?post=1841"}],"version-history":[{"count":2,"href":"https:\/\/karukella.ee\/lv\/wp-json\/wp\/v2\/pages\/1841\/revisions"}],"predecessor-version":[{"id":1908,"href":"https:\/\/karukella.ee\/lv\/wp-json\/wp\/v2\/pages\/1841\/revisions\/1908"}],"wp:attachment":[{"href":"https:\/\/karukella.ee\/lv\/wp-json\/wp\/v2\/media?parent=1841"}],"curies":[{"name":"wp","href":"https:\/\/api.w.org\/{rel}","templated":true}]}}