{"id":1813,"date":"2025-04-08T12:45:05","date_gmt":"2025-04-08T12:45:05","guid":{"rendered":"https:\/\/karukella.ee\/high-quality-of-sleep\/"},"modified":"2025-06-17T12:05:28","modified_gmt":"2025-06-17T12:05:28","slug":"augstas-kvalitates-miegs","status":"publish","type":"page","link":"https:\/\/karukella.ee\/lv\/augstas-kvalitates-miegs\/","title":{"rendered":"AUGSTAS KVALIT\u0100TES MIEGS"},"content":{"rendered":"\n<div class=\"wp-block-cover alignfull is-light\"><img loading=\"lazy\" decoding=\"async\" width=\"2560\" height=\"1920\" class=\"wp-block-cover__image-background wp-image-25\" alt=\"\" src=\"https:\/\/karukella.ee\/wp-content\/uploads\/2025\/03\/Karukella-puhkemaja-2.-tuba-scaled.jpg\" data-object-fit=\"cover\" srcset=\"https:\/\/karukella.ee\/wp-content\/uploads\/2025\/03\/Karukella-puhkemaja-2.-tuba-scaled.jpg 2560w, https:\/\/karukella.ee\/wp-content\/uploads\/2025\/03\/Karukella-puhkemaja-2.-tuba-300x225.jpg 300w, https:\/\/karukella.ee\/wp-content\/uploads\/2025\/03\/Karukella-puhkemaja-2.-tuba-1024x768.jpg 1024w, https:\/\/karukella.ee\/wp-content\/uploads\/2025\/03\/Karukella-puhkemaja-2.-tuba-768x576.jpg 768w, https:\/\/karukella.ee\/wp-content\/uploads\/2025\/03\/Karukella-puhkemaja-2.-tuba-1536x1152.jpg 1536w, https:\/\/karukella.ee\/wp-content\/uploads\/2025\/03\/Karukella-puhkemaja-2.-tuba-2048x1536.jpg 2048w, https:\/\/karukella.ee\/wp-content\/uploads\/2025\/03\/Karukella-puhkemaja-2.-tuba-1568x1176.jpg 1568w\" sizes=\"auto, (max-width: 2560px) 100vw, 2560px\" \/><span aria-hidden=\"true\" class=\"wp-block-cover__background has-background-dim-0 has-background-dim\" style=\"background-color:#918977\"><\/span><div class=\"wp-block-cover__inner-container is-layout-flow wp-block-cover-is-layout-flow\">\n<p class=\"has-text-align-center has-large-font-size\"><\/p>\n<\/div><\/div>\n\n\n\n<div style=\"height:30px\" aria-hidden=\"true\" class=\"wp-block-spacer mobile-spacer-10\"><\/div>\n\n\n\n<h1 class=\"wp-block-heading has-text-align-center animated rotateInDownRight slow has-darkpurple-color has-text-color has-link-color wp-elements-00819411ae5520574d081195dd1132c7\"><strong><strong>KVALITAT\u012aVS NAKTSMIERS ATP\u016aTAS NAM\u0100 \u201cKARUKELLA\u201d<\/strong><\/strong><\/h1>\n\n\n\n<p>Labs miegs nav tikai komforta jaut\u0101jums \u2013 tas ir priek\u0161noteikums labai pa\u0161saj\u016btai un produkt\u012bvai dienai. Atp\u016btas nam\u0101 \u201cKarukella\u201d m\u0113s \u0161im aspektam piev\u0113r\u0161am \u012bpa\u0161u uzman\u012bbu.<\/p>\n\n\n\n<ul class=\"wp-block-list\">\n<li><strong>Klusums un miers garant\u0113ts<\/strong> \u2013 otr\u0101 st\u0101va gu\u013camistabas ir <strong>ska\u0146u necaurlaid\u012bgas<\/strong>, t\u0101p\u0113c atp\u016btai netrauc\u0113s ne trok\u0161\u0146i blakus istab\u0101, ne ar\u012b pirmaj\u0101 st\u0101v\u0101 notieko\u0161ais.<\/li>\n\n\n\n<li>Gr\u012bdas ir p\u0101rkl\u0101tas ar <strong>miegam draudz\u012bg\u0101m kor\u0137a pl\u0101ksn\u0113m<\/strong>, kas sl\u0101p\u0113 so\u013cus un rada m\u0101j\u012bgu atmosf\u0113ru.<\/li>\n\n\n\n<li><strong>V\u0113ss gaiss bez odiem<\/strong> \u2013 visiem logiem ir <strong>insektu siets<\/strong>, un balkona durvis ir apr\u012bkotas ar t\u012bklu. Vasar\u0101 papildu komfortu sniedz istab\u0101s eso\u0161ie <strong>ventilatori<\/strong>, kas nodro\u0161ina gaisa cirkul\u0101ciju. L\u012bdz\u0101s tam saimnieks l\u012bdz vasarai pl\u0101no pabeigt istabu atv\u0113sin\u0101\u0161anas sist\u0113mu.<\/li>\n\n\n\n<li>Visi aizkari ir piln\u012bb\u0101 <strong>aptum\u0161ojo\u0161i<\/strong>, lai miegs netiktu trauc\u0113ts pat baltaj\u0101s vasaras nakt\u012bs.<\/li>\n\n\n\n<li><strong>Elast\u012bgs un stabils gultas komplekts<\/strong> \u2013 vis\u0101s istab\u0101s ir <strong>90 cm platas ku\u0161etes<\/strong>, kuras var novietot<strong> atsevi\u0161\u0137i<\/strong> vai <strong>apvienot vien\u0101 plat\u0101 180 cm gult\u0101<\/strong>. Apvienot\u0101s gultas gad\u012bjum\u0101 tiek izmantots <strong>plats virsmatracis un aizsargmatracis<\/strong>, lai nek\u0101di neb\u016btu j\u016btama starp gult\u0101m eso\u0161\u0101 sprauga un miegs b\u016btu mier\u012bgs un cie\u0161s.<\/li>\n\n\n\n<li><strong>Smalks kompromiss starp komfortablu un hipoaler\u0123isku vidi<\/strong> \u2013 lai gan mums simpatiz\u0113 d\u016bnu segas, izv\u0113l\u0113j\u0101mies <strong>Proftex<\/strong>segas un spilvenus <strong>ar sint\u0113tiskaj\u0101m d\u016bn\u0101m<\/strong>, kuras ir <strong>elpojo\u0161as, gais\u012bgas un piem\u0113rotas aler\u0123iskiem cilv\u0113kiem<\/strong>. Segu un spilvenu virs\u0113jais materi\u0101ls ir gatavots no 100% kokvilnas, bet pild\u012bjumu veido mikro\u0161\u0137iedras.<\/li>\n\n\n\n<li><strong>Efekt\u012bva un higi\u0113niska aizsardz\u012bba<\/strong> \u2013 katram spilvenam ir <strong>elpojo\u0161s aizsargp\u0101rvalks ar r\u0101v\u0113jsl\u0113dz\u0113ju<\/strong>. P\u0101rvalka <strong>lamin\u0113tais poliuret\u0101na sl\u0101nis<\/strong> nodro\u0161ina \u016bdensnecaurlaid\u012bbu un aizsardz\u012bbu pret putek\u013cu \u0113rc\u012bt\u0113m. P\u0101rvalki iztur mazg\u0101\u0161anu 90\u202f\u00b0C temperat\u016br\u0101, kas garant\u0113 to t\u012br\u012bbu un dro\u0161\u012bbu.<\/li>\n<\/ul>\n\n\n\n<hr class=\"wp-block-separator has-text-color has-darkpurple-color has-alpha-channel-opacity has-darkpurple-background-color has-background\"\/>\n\n\n\n<p>Ja ikdien\u0101 esi pieradis gul\u0113t <strong>klus\u0101, v\u0113s\u0101, aptum\u0161ot\u0101 telp\u0101 un luksusa gult\u0101<\/strong>, tad atp\u016btas nam\u0101 \u201cKarukella\u201d var\u0113si savus miega ieradumus turpin\u0101t. \u0160\u0101dus apst\u0101k\u013cus esam rad\u012bjusi tie\u0161i t\u0101diem viesiem k\u0101 tu.<\/p>\n\n\n\n<hr class=\"wp-block-separator has-text-color has-darkpurple-color has-alpha-channel-opacity has-darkpurple-background-color has-background\"\/>\n\n\n\n<div style=\"height:30px\" aria-hidden=\"true\" class=\"wp-block-spacer mobile-spacer-10\"><\/div>\n\n\n\n<figure class=\"wp-block-gallery alignwide has-nested-images columns-4 is-cropped wp-block-gallery-1 is-layout-flex wp-block-gallery-is-layout-flex\">\n<figure class=\"wp-block-image size-full\"><img loading=\"lazy\" decoding=\"async\" width=\"1920\" height=\"2560\" data-id=\"221\" src=\"https:\/\/karukella.ee\/wp-content\/uploads\/2025\/04\/Karukella-Proftex-padjad-scaled-1.webp\" alt=\"\" class=\"wp-image-221\" srcset=\"https:\/\/karukella.ee\/wp-content\/uploads\/2025\/04\/Karukella-Proftex-padjad-scaled-1.webp 1920w, https:\/\/karukella.ee\/wp-content\/uploads\/2025\/04\/Karukella-Proftex-padjad-scaled-1-225x300.webp 225w, https:\/\/karukella.ee\/wp-content\/uploads\/2025\/04\/Karukella-Proftex-padjad-scaled-1-768x1024.webp 768w, https:\/\/karukella.ee\/wp-content\/uploads\/2025\/04\/Karukella-Proftex-padjad-scaled-1-1152x1536.webp 1152w, https:\/\/karukella.ee\/wp-content\/uploads\/2025\/04\/Karukella-Proftex-padjad-scaled-1-1536x2048.webp 1536w, https:\/\/karukella.ee\/wp-content\/uploads\/2025\/04\/Karukella-Proftex-padjad-scaled-1-1568x2091.webp 1568w\" sizes=\"auto, (max-width: 1920px) 100vw, 1920px\" \/><\/figure>\n\n\n\n<figure class=\"wp-block-image size-full\"><img loading=\"lazy\" decoding=\"async\" width=\"1920\" height=\"2560\" data-id=\"223\" src=\"https:\/\/karukella.ee\/wp-content\/uploads\/2025\/04\/Karukella-Proftex-padjakaitsed-scaled-1.webp\" alt=\"\" class=\"wp-image-223\" srcset=\"https:\/\/karukella.ee\/wp-content\/uploads\/2025\/04\/Karukella-Proftex-padjakaitsed-scaled-1.webp 1920w, https:\/\/karukella.ee\/wp-content\/uploads\/2025\/04\/Karukella-Proftex-padjakaitsed-scaled-1-225x300.webp 225w, https:\/\/karukella.ee\/wp-content\/uploads\/2025\/04\/Karukella-Proftex-padjakaitsed-scaled-1-768x1024.webp 768w, https:\/\/karukella.ee\/wp-content\/uploads\/2025\/04\/Karukella-Proftex-padjakaitsed-scaled-1-1152x1536.webp 1152w, https:\/\/karukella.ee\/wp-content\/uploads\/2025\/04\/Karukella-Proftex-padjakaitsed-scaled-1-1536x2048.webp 1536w, https:\/\/karukella.ee\/wp-content\/uploads\/2025\/04\/Karukella-Proftex-padjakaitsed-scaled-1-1568x2091.webp 1568w\" sizes=\"auto, (max-width: 1920px) 100vw, 1920px\" \/><\/figure>\n\n\n\n<figure class=\"wp-block-image size-full\"><img loading=\"lazy\" decoding=\"async\" width=\"1920\" height=\"2560\" data-id=\"225\" src=\"https:\/\/karukella.ee\/wp-content\/uploads\/2025\/04\/Karukella-Proftex-tekid-scaled-1.webp\" alt=\"\" class=\"wp-image-225\" srcset=\"https:\/\/karukella.ee\/wp-content\/uploads\/2025\/04\/Karukella-Proftex-tekid-scaled-1.webp 1920w, https:\/\/karukella.ee\/wp-content\/uploads\/2025\/04\/Karukella-Proftex-tekid-scaled-1-225x300.webp 225w, https:\/\/karukella.ee\/wp-content\/uploads\/2025\/04\/Karukella-Proftex-tekid-scaled-1-768x1024.webp 768w, https:\/\/karukella.ee\/wp-content\/uploads\/2025\/04\/Karukella-Proftex-tekid-scaled-1-1152x1536.webp 1152w, https:\/\/karukella.ee\/wp-content\/uploads\/2025\/04\/Karukella-Proftex-tekid-scaled-1-1536x2048.webp 1536w, https:\/\/karukella.ee\/wp-content\/uploads\/2025\/04\/Karukella-Proftex-tekid-scaled-1-1568x2091.webp 1568w\" sizes=\"auto, (max-width: 1920px) 100vw, 1920px\" \/><\/figure>\n\n\n\n<figure class=\"wp-block-image size-full\"><img loading=\"lazy\" decoding=\"async\" width=\"1920\" height=\"2560\" data-id=\"227\" src=\"https:\/\/karukella.ee\/wp-content\/uploads\/2025\/04\/Karukella-Proftex-voodipesu-scaled-1.webp\" alt=\"\" class=\"wp-image-227\" srcset=\"https:\/\/karukella.ee\/wp-content\/uploads\/2025\/04\/Karukella-Proftex-voodipesu-scaled-1.webp 1920w, https:\/\/karukella.ee\/wp-content\/uploads\/2025\/04\/Karukella-Proftex-voodipesu-scaled-1-225x300.webp 225w, https:\/\/karukella.ee\/wp-content\/uploads\/2025\/04\/Karukella-Proftex-voodipesu-scaled-1-768x1024.webp 768w, https:\/\/karukella.ee\/wp-content\/uploads\/2025\/04\/Karukella-Proftex-voodipesu-scaled-1-1152x1536.webp 1152w, https:\/\/karukella.ee\/wp-content\/uploads\/2025\/04\/Karukella-Proftex-voodipesu-scaled-1-1536x2048.webp 1536w, https:\/\/karukella.ee\/wp-content\/uploads\/2025\/04\/Karukella-Proftex-voodipesu-scaled-1-1568x2091.webp 1568w\" sizes=\"auto, (max-width: 1920px) 100vw, 1920px\" \/><\/figure>\n<\/figure>\n\n\n\n<div style=\"height:30px\" aria-hidden=\"true\" class=\"wp-block-spacer mobile-spacer-10\"><\/div>\n\n\n\n<p><\/p>\n","protected":false},"excerpt":{"rendered":"<p>KVALITAT\u012aVS NAKTSMIERS ATP\u016aTAS NAM\u0100 \u201cKARUKELLA\u201d Labs miegs nav tikai komforta jaut\u0101jums \u2013 tas ir priek\u0161noteikums labai pa\u0161saj\u016btai un produkt\u012bvai dienai. Atp\u016btas nam\u0101 \u201cKarukella\u201d m\u0113s \u0161im aspektam piev\u0113r\u0161am \u012bpa\u0161u uzman\u012bbu. Ja ikdien\u0101 esi pieradis gul\u0113t klus\u0101, v\u0113s\u0101, aptum\u0161ot\u0101 telp\u0101 un luksusa gult\u0101, tad atp\u016btas nam\u0101 \u201cKarukella\u201d var\u0113si savus miega ieradumus turpin\u0101t. \u0160\u0101dus apst\u0101k\u013cus esam rad\u012bjusi tie\u0161i [&hellip;]<\/p>\n","protected":false},"author":3,"featured_media":0,"parent":0,"menu_order":0,"comment_status":"closed","ping_status":"closed","template":"","meta":{"footnotes":""},"class_list":["post-1813","page","type-page","status-publish","hentry"],"yoast_head":"<!-- This site is optimized with the Yoast SEO plugin v27.0 - https:\/\/yoast.com\/product\/yoast-seo-wordpress\/ -->\n<title>AUGSTAS KVALIT\u0100TES MIEGS | Karukella Puhkemaja<\/title>\n<meta name=\"robots\" content=\"index, follow, max-snippet:-1, max-image-preview:large, max-video-preview:-1\" \/>\n<link rel=\"canonical\" href=\"https:\/\/karukella.ee\/korge-unekvaliteet\/\" \/>\n<meta property=\"og:locale\" content=\"lv_LV\" \/>\n<meta property=\"og:type\" content=\"article\" \/>\n<meta property=\"og:title\" content=\"AUGSTAS KVALIT\u0100TES MIEGS | Karukella Puhkemaja\" \/>\n<meta property=\"og:description\" content=\"KVALITAT\u012aVS NAKTSMIERS ATP\u016aTAS NAM\u0100 \u201cKARUKELLA\u201d Labs miegs nav tikai komforta jaut\u0101jums \u2013 tas ir priek\u0161noteikums labai pa\u0161saj\u016btai un produkt\u012bvai dienai. Atp\u016btas nam\u0101 \u201cKarukella\u201d m\u0113s \u0161im aspektam piev\u0113r\u0161am \u012bpa\u0161u uzman\u012bbu. Ja ikdien\u0101 esi pieradis gul\u0113t klus\u0101, v\u0113s\u0101, aptum\u0161ot\u0101 telp\u0101 un luksusa gult\u0101, tad atp\u016btas nam\u0101 \u201cKarukella\u201d var\u0113si savus miega ieradumus turpin\u0101t. \u0160\u0101dus apst\u0101k\u013cus esam rad\u012bjusi tie\u0161i [&hellip;]\" \/>\n<meta property=\"og:url\" content=\"https:\/\/karukella.ee\/korge-unekvaliteet\/\" \/>\n<meta property=\"og:site_name\" content=\"Karukella Puhkemaja\" \/>\n<meta property=\"article:publisher\" content=\"https:\/\/www.facebook.com\/karukella\/\" \/>\n<meta property=\"article:modified_time\" content=\"2025-06-17T12:05:28+00:00\" \/>\n<meta property=\"og:image\" content=\"https:\/\/karukella.ee\/wp-content\/uploads\/2025\/03\/Karukella-puhkemaja-2.-tuba-scaled.jpg\" \/>\n<meta name=\"twitter:card\" content=\"summary_large_image\" \/>\n<meta name=\"twitter:label1\" content=\"Est. reading time\" \/>\n\t<meta name=\"twitter:data1\" content=\"2 minutes\" \/>\n<script type=\"application\/ld+json\" class=\"yoast-schema-graph\">{\"@context\":\"https:\/\/schema.org\",\"@graph\":[{\"@type\":\"WebPage\",\"@id\":\"https:\/\/karukella.ee\/korge-unekvaliteet\/\",\"url\":\"https:\/\/karukella.ee\/korge-unekvaliteet\/\",\"name\":\"AUGSTAS KVALIT\u0100TES MIEGS | Karukella Puhkemaja\",\"isPartOf\":{\"@id\":\"https:\/\/karukella.ee\/#website\"},\"primaryImageOfPage\":{\"@id\":\"https:\/\/karukella.ee\/korge-unekvaliteet\/#primaryimage\"},\"image\":{\"@id\":\"https:\/\/karukella.ee\/korge-unekvaliteet\/#primaryimage\"},\"thumbnailUrl\":\"https:\/\/karukella.ee\/wp-content\/uploads\/2025\/03\/Karukella-puhkemaja-2.-tuba-scaled.jpg\",\"datePublished\":\"2025-04-08T12:45:05+00:00\",\"dateModified\":\"2025-06-17T12:05:28+00:00\",\"breadcrumb\":{\"@id\":\"https:\/\/karukella.ee\/korge-unekvaliteet\/#breadcrumb\"},\"inLanguage\":\"lv-LV\",\"potentialAction\":[{\"@type\":\"ReadAction\",\"target\":[\"https:\/\/karukella.ee\/korge-unekvaliteet\/\"]}]},{\"@type\":\"ImageObject\",\"inLanguage\":\"lv-LV\",\"@id\":\"https:\/\/karukella.ee\/korge-unekvaliteet\/#primaryimage\",\"url\":\"https:\/\/karukella.ee\/wp-content\/uploads\/2025\/03\/Karukella-puhkemaja-2.-tuba-scaled.jpg\",\"contentUrl\":\"https:\/\/karukella.ee\/wp-content\/uploads\/2025\/03\/Karukella-puhkemaja-2.-tuba-scaled.jpg\"},{\"@type\":\"BreadcrumbList\",\"@id\":\"https:\/\/karukella.ee\/korge-unekvaliteet\/#breadcrumb\",\"itemListElement\":[{\"@type\":\"ListItem\",\"position\":1,\"name\":\"Home\",\"item\":\"https:\/\/karukella.ee\/lv\/\"},{\"@type\":\"ListItem\",\"position\":2,\"name\":\"AUGSTAS KVALIT\u0100TES MIEGS\"}]},{\"@type\":\"WebSite\",\"@id\":\"https:\/\/karukella.ee\/#website\",\"url\":\"https:\/\/karukella.ee\/\",\"name\":\"Karukella Puhkemaja\",\"description\":\"Kestlik luksus 5 toaga puhkemajas Virumaal\",\"publisher\":{\"@id\":\"https:\/\/karukella.ee\/#organization\"},\"potentialAction\":[{\"@type\":\"SearchAction\",\"target\":{\"@type\":\"EntryPoint\",\"urlTemplate\":\"https:\/\/karukella.ee\/?s={search_term_string}\"},\"query-input\":{\"@type\":\"PropertyValueSpecification\",\"valueRequired\":true,\"valueName\":\"search_term_string\"}}],\"inLanguage\":\"lv-LV\"},{\"@type\":\"Organization\",\"@id\":\"https:\/\/karukella.ee\/#organization\",\"name\":\"Karukella Puhkemaja\",\"url\":\"https:\/\/karukella.ee\/\",\"logo\":{\"@type\":\"ImageObject\",\"inLanguage\":\"lv-LV\",\"@id\":\"https:\/\/karukella.ee\/#\/schema\/logo\/image\/\",\"url\":\"https:\/\/karukella.ee\/wp-content\/uploads\/2025\/03\/Karukella-puhkemaja-sirelipoosast-scaled.jpg\",\"contentUrl\":\"https:\/\/karukella.ee\/wp-content\/uploads\/2025\/03\/Karukella-puhkemaja-sirelipoosast-scaled.jpg\",\"width\":2560,\"height\":1942,\"caption\":\"Karukella Puhkemaja\"},\"image\":{\"@id\":\"https:\/\/karukella.ee\/#\/schema\/logo\/image\/\"},\"sameAs\":[\"https:\/\/www.facebook.com\/karukella\/\",\"https:\/\/www.instagram.com\/karukella_puhkemaja\/\"]}]}<\/script>\n<!-- \/ Yoast SEO plugin. -->","yoast_head_json":{"title":"AUGSTAS KVALIT\u0100TES MIEGS | Karukella Puhkemaja","robots":{"index":"index","follow":"follow","max-snippet":"max-snippet:-1","max-image-preview":"max-image-preview:large","max-video-preview":"max-video-preview:-1"},"canonical":"https:\/\/karukella.ee\/korge-unekvaliteet\/","og_locale":"lv_LV","og_type":"article","og_title":"AUGSTAS KVALIT\u0100TES MIEGS | Karukella Puhkemaja","og_description":"KVALITAT\u012aVS NAKTSMIERS ATP\u016aTAS NAM\u0100 \u201cKARUKELLA\u201d Labs miegs nav tikai komforta jaut\u0101jums \u2013 tas ir priek\u0161noteikums labai pa\u0161saj\u016btai un produkt\u012bvai dienai. Atp\u016btas nam\u0101 \u201cKarukella\u201d m\u0113s \u0161im aspektam piev\u0113r\u0161am \u012bpa\u0161u uzman\u012bbu. Ja ikdien\u0101 esi pieradis gul\u0113t klus\u0101, v\u0113s\u0101, aptum\u0161ot\u0101 telp\u0101 un luksusa gult\u0101, tad atp\u016btas nam\u0101 \u201cKarukella\u201d var\u0113si savus miega ieradumus turpin\u0101t. \u0160\u0101dus apst\u0101k\u013cus esam rad\u012bjusi tie\u0161i [&hellip;]","og_url":"https:\/\/karukella.ee\/korge-unekvaliteet\/","og_site_name":"Karukella Puhkemaja","article_publisher":"https:\/\/www.facebook.com\/karukella\/","article_modified_time":"2025-06-17T12:05:28+00:00","og_image":[{"url":"https:\/\/karukella.ee\/wp-content\/uploads\/2025\/03\/Karukella-puhkemaja-2.-tuba-scaled.jpg","type":"","width":"","height":""}],"twitter_card":"summary_large_image","twitter_misc":{"Est. reading time":"2 minutes"},"schema":{"@context":"https:\/\/schema.org","@graph":[{"@type":"WebPage","@id":"https:\/\/karukella.ee\/korge-unekvaliteet\/","url":"https:\/\/karukella.ee\/korge-unekvaliteet\/","name":"AUGSTAS KVALIT\u0100TES MIEGS | Karukella Puhkemaja","isPartOf":{"@id":"https:\/\/karukella.ee\/#website"},"primaryImageOfPage":{"@id":"https:\/\/karukella.ee\/korge-unekvaliteet\/#primaryimage"},"image":{"@id":"https:\/\/karukella.ee\/korge-unekvaliteet\/#primaryimage"},"thumbnailUrl":"https:\/\/karukella.ee\/wp-content\/uploads\/2025\/03\/Karukella-puhkemaja-2.-tuba-scaled.jpg","datePublished":"2025-04-08T12:45:05+00:00","dateModified":"2025-06-17T12:05:28+00:00","breadcrumb":{"@id":"https:\/\/karukella.ee\/korge-unekvaliteet\/#breadcrumb"},"inLanguage":"lv-LV","potentialAction":[{"@type":"ReadAction","target":["https:\/\/karukella.ee\/korge-unekvaliteet\/"]}]},{"@type":"ImageObject","inLanguage":"lv-LV","@id":"https:\/\/karukella.ee\/korge-unekvaliteet\/#primaryimage","url":"https:\/\/karukella.ee\/wp-content\/uploads\/2025\/03\/Karukella-puhkemaja-2.-tuba-scaled.jpg","contentUrl":"https:\/\/karukella.ee\/wp-content\/uploads\/2025\/03\/Karukella-puhkemaja-2.-tuba-scaled.jpg"},{"@type":"BreadcrumbList","@id":"https:\/\/karukella.ee\/korge-unekvaliteet\/#breadcrumb","itemListElement":[{"@type":"ListItem","position":1,"name":"Home","item":"https:\/\/karukella.ee\/lv\/"},{"@type":"ListItem","position":2,"name":"AUGSTAS KVALIT\u0100TES MIEGS"}]},{"@type":"WebSite","@id":"https:\/\/karukella.ee\/#website","url":"https:\/\/karukella.ee\/","name":"Karukella Puhkemaja","description":"Kestlik luksus 5 toaga puhkemajas Virumaal","publisher":{"@id":"https:\/\/karukella.ee\/#organization"},"potentialAction":[{"@type":"SearchAction","target":{"@type":"EntryPoint","urlTemplate":"https:\/\/karukella.ee\/?s={search_term_string}"},"query-input":{"@type":"PropertyValueSpecification","valueRequired":true,"valueName":"search_term_string"}}],"inLanguage":"lv-LV"},{"@type":"Organization","@id":"https:\/\/karukella.ee\/#organization","name":"Karukella Puhkemaja","url":"https:\/\/karukella.ee\/","logo":{"@type":"ImageObject","inLanguage":"lv-LV","@id":"https:\/\/karukella.ee\/#\/schema\/logo\/image\/","url":"https:\/\/karukella.ee\/wp-content\/uploads\/2025\/03\/Karukella-puhkemaja-sirelipoosast-scaled.jpg","contentUrl":"https:\/\/karukella.ee\/wp-content\/uploads\/2025\/03\/Karukella-puhkemaja-sirelipoosast-scaled.jpg","width":2560,"height":1942,"caption":"Karukella Puhkemaja"},"image":{"@id":"https:\/\/karukella.ee\/#\/schema\/logo\/image\/"},"sameAs":["https:\/\/www.facebook.com\/karukella\/","https:\/\/www.instagram.com\/karukella_puhkemaja\/"]}]}},"_links":{"self":[{"href":"https:\/\/karukella.ee\/lv\/wp-json\/wp\/v2\/pages\/1813","targetHints":{"allow":["GET"]}}],"collection":[{"href":"https:\/\/karukella.ee\/lv\/wp-json\/wp\/v2\/pages"}],"about":[{"href":"https:\/\/karukella.ee\/lv\/wp-json\/wp\/v2\/types\/page"}],"author":[{"embeddable":true,"href":"https:\/\/karukella.ee\/lv\/wp-json\/wp\/v2\/users\/3"}],"replies":[{"embeddable":true,"href":"https:\/\/karukella.ee\/lv\/wp-json\/wp\/v2\/comments?post=1813"}],"version-history":[{"count":1,"href":"https:\/\/karukella.ee\/lv\/wp-json\/wp\/v2\/pages\/1813\/revisions"}],"predecessor-version":[{"id":1819,"href":"https:\/\/karukella.ee\/lv\/wp-json\/wp\/v2\/pages\/1813\/revisions\/1819"}],"wp:attachment":[{"href":"https:\/\/karukella.ee\/lv\/wp-json\/wp\/v2\/media?parent=1813"}],"curies":[{"name":"wp","href":"https:\/\/api.w.org\/{rel}","templated":true}]}}