{"id":1804,"date":"2025-04-08T12:37:12","date_gmt":"2025-04-08T12:37:12","guid":{"rendered":"https:\/\/karukella.ee\/come-visit-us-on-an-electric-vehicle\/"},"modified":"2025-06-17T12:03:02","modified_gmt":"2025-06-17T12:03:02","slug":"drosi-brauc-pie-mums-ar-elektroauto","status":"publish","type":"page","link":"https:\/\/karukella.ee\/lv\/drosi-brauc-pie-mums-ar-elektroauto\/","title":{"rendered":"DRO\u0160I BRAUC PIE MUMS AR ELEKTROAUTO"},"content":{"rendered":"\n<div class=\"wp-block-cover alignfull is-light\"><img loading=\"lazy\" decoding=\"async\" width=\"2560\" height=\"1920\" class=\"wp-block-cover__image-background wp-image-210\" alt=\"\" src=\"https:\/\/karukella.ee\/wp-content\/uploads\/2025\/04\/Karukella-elektrilaadur-rohtne-scaled-1.webp\" data-object-fit=\"cover\" srcset=\"https:\/\/karukella.ee\/wp-content\/uploads\/2025\/04\/Karukella-elektrilaadur-rohtne-scaled-1.webp 2560w, https:\/\/karukella.ee\/wp-content\/uploads\/2025\/04\/Karukella-elektrilaadur-rohtne-scaled-1-300x225.webp 300w, https:\/\/karukella.ee\/wp-content\/uploads\/2025\/04\/Karukella-elektrilaadur-rohtne-scaled-1-1024x768.webp 1024w, https:\/\/karukella.ee\/wp-content\/uploads\/2025\/04\/Karukella-elektrilaadur-rohtne-scaled-1-768x576.webp 768w, https:\/\/karukella.ee\/wp-content\/uploads\/2025\/04\/Karukella-elektrilaadur-rohtne-scaled-1-1536x1152.webp 1536w, https:\/\/karukella.ee\/wp-content\/uploads\/2025\/04\/Karukella-elektrilaadur-rohtne-scaled-1-2048x1536.webp 2048w, https:\/\/karukella.ee\/wp-content\/uploads\/2025\/04\/Karukella-elektrilaadur-rohtne-scaled-1-1568x1176.webp 1568w\" sizes=\"auto, (max-width: 2560px) 100vw, 2560px\" \/><span aria-hidden=\"true\" class=\"wp-block-cover__background has-background-dim-0 has-background-dim\" style=\"background-color:#aa8f7d\"><\/span><div class=\"wp-block-cover__inner-container is-layout-flow wp-block-cover-is-layout-flow\">\n<p class=\"has-text-align-center has-large-font-size\"><\/p>\n<\/div><\/div>\n\n\n\n<div style=\"height:30px\" aria-hidden=\"true\" class=\"wp-block-spacer mobile-spacer-10\"><\/div>\n\n\n\n<h1 class=\"wp-block-heading has-text-align-center animated rotateInDownRight slow has-darkpurple-color has-text-color has-link-color wp-elements-51acf4c2d3fd1475816e6b439fa7038b\"><strong>DRO\u0160I BRAUC PIE MUMS AR ELEKTROAUTO<\/strong><\/h1>\n\n\n\n<p class=\"has-text-align-center\">Pie atp\u016btas nama \u201cKarukella\u201d ir iesp\u0113jams <strong>\u0113rti un dro\u0161i uzl\u0101d\u0113t<\/strong> savu elektroauto t\u0101, k\u0101 tas m\u016bsdien\u0101s pien\u0101kas. Esam padom\u0101ju\u0161i ar\u012b par gad\u012bjumiem, kad j\u016bsu ce\u013cabiedrs ir elektriskais draugs ar \u010detriem rite\u0146iem.<\/p>\n\n\n\n<div class=\"wp-block-columns alignwide has-background is-layout-flex wp-container-core-columns-is-layout-74d018ca wp-block-columns-is-layout-flex\" style=\"background-color:#d7b56d;padding-top:var(--wp--preset--spacing--20);padding-right:var(--wp--preset--spacing--20);padding-bottom:var(--wp--preset--spacing--20);padding-left:var(--wp--preset--spacing--20)\">\n<div class=\"wp-block-column has-white-background-color has-background is-layout-flow wp-container-core-column-is-layout-6a27151a wp-block-column-is-layout-flow\" style=\"padding-top:var(--wp--preset--spacing--30);padding-right:var(--wp--preset--spacing--30);padding-bottom:var(--wp--preset--spacing--30);padding-left:var(--wp--preset--spacing--30)\">\n<div class=\"wp-block-edhotels-grid-gallery grid-items lightgallery is-style-default\"><div data-src=\"https:\/\/karukella.ee\/wp-content\/uploads\/2025\/04\/Karukella-elektrilaaduti-pistik-scaled-1-1.webp\" class=\"grid-item\"><img decoding=\"async\" width=\"768\" height=\"1024\" src=\"https:\/\/karukella.ee\/wp-content\/uploads\/2025\/04\/Karukella-elektrilaaduti-pistik-scaled-1-1-768x1024.webp\" alt=\"\" data-id=\"214\" loading=\"lazy\" class=\"wp-image-214\" srcset=\"https:\/\/karukella.ee\/wp-content\/uploads\/2025\/04\/Karukella-elektrilaaduti-pistik-scaled-1-1-768x1024.webp 768w, https:\/\/karukella.ee\/wp-content\/uploads\/2025\/04\/Karukella-elektrilaaduti-pistik-scaled-1-1-225x300.webp 225w, https:\/\/karukella.ee\/wp-content\/uploads\/2025\/04\/Karukella-elektrilaaduti-pistik-scaled-1-1-1152x1536.webp 1152w, https:\/\/karukella.ee\/wp-content\/uploads\/2025\/04\/Karukella-elektrilaaduti-pistik-scaled-1-1-1536x2048.webp 1536w, https:\/\/karukella.ee\/wp-content\/uploads\/2025\/04\/Karukella-elektrilaaduti-pistik-scaled-1-1-1568x2091.webp 1568w, https:\/\/karukella.ee\/wp-content\/uploads\/2025\/04\/Karukella-elektrilaaduti-pistik-scaled-1-1.webp 1920w\" sizes=\"auto, (max-width: 768px) 100vw, 768px\" \/><\/div><div data-src=\"https:\/\/karukella.ee\/wp-content\/uploads\/2025\/04\/Karukella-elektrilaadus-pimedas-scaled-1.webp\" class=\"grid-item\"><img decoding=\"async\" width=\"768\" height=\"1024\" src=\"https:\/\/karukella.ee\/wp-content\/uploads\/2025\/04\/Karukella-elektrilaadus-pimedas-scaled-1-768x1024.webp\" alt=\"\" data-id=\"212\" loading=\"lazy\" class=\"wp-image-212\" srcset=\"https:\/\/karukella.ee\/wp-content\/uploads\/2025\/04\/Karukella-elektrilaadus-pimedas-scaled-1-768x1024.webp 768w, https:\/\/karukella.ee\/wp-content\/uploads\/2025\/04\/Karukella-elektrilaadus-pimedas-scaled-1-225x300.webp 225w, https:\/\/karukella.ee\/wp-content\/uploads\/2025\/04\/Karukella-elektrilaadus-pimedas-scaled-1-1152x1536.webp 1152w, https:\/\/karukella.ee\/wp-content\/uploads\/2025\/04\/Karukella-elektrilaadus-pimedas-scaled-1-1536x2048.webp 1536w, https:\/\/karukella.ee\/wp-content\/uploads\/2025\/04\/Karukella-elektrilaadus-pimedas-scaled-1-1568x2091.webp 1568w, https:\/\/karukella.ee\/wp-content\/uploads\/2025\/04\/Karukella-elektrilaadus-pimedas-scaled-1.webp 1920w\" sizes=\"auto, (max-width: 768px) 100vw, 768px\" \/><\/div><div data-src=\"https:\/\/karukella.ee\/wp-content\/uploads\/2025\/04\/Karukella-elektrilaadur-rohtne-scaled-1.webp\" class=\"grid-item\"><img decoding=\"async\" width=\"1024\" height=\"768\" src=\"https:\/\/karukella.ee\/wp-content\/uploads\/2025\/04\/Karukella-elektrilaadur-rohtne-scaled-1-1024x768.webp\" alt=\"\" data-id=\"210\" loading=\"lazy\" class=\"wp-image-210\" srcset=\"https:\/\/karukella.ee\/wp-content\/uploads\/2025\/04\/Karukella-elektrilaadur-rohtne-scaled-1-1024x768.webp 1024w, https:\/\/karukella.ee\/wp-content\/uploads\/2025\/04\/Karukella-elektrilaadur-rohtne-scaled-1-300x225.webp 300w, https:\/\/karukella.ee\/wp-content\/uploads\/2025\/04\/Karukella-elektrilaadur-rohtne-scaled-1-768x576.webp 768w, https:\/\/karukella.ee\/wp-content\/uploads\/2025\/04\/Karukella-elektrilaadur-rohtne-scaled-1-1536x1152.webp 1536w, https:\/\/karukella.ee\/wp-content\/uploads\/2025\/04\/Karukella-elektrilaadur-rohtne-scaled-1-2048x1536.webp 2048w, https:\/\/karukella.ee\/wp-content\/uploads\/2025\/04\/Karukella-elektrilaadur-rohtne-scaled-1-1568x1176.webp 1568w\" sizes=\"auto, (max-width: 1024px) 100vw, 1024px\" \/><\/div><div data-src=\"https:\/\/karukella.ee\/wp-content\/uploads\/2025\/04\/Karukella-1_elektriauto-laadimas-scaled-1.webp\" class=\"grid-item\"><img decoding=\"async\" width=\"768\" height=\"1024\" src=\"https:\/\/karukella.ee\/wp-content\/uploads\/2025\/04\/Karukella-1_elektriauto-laadimas-scaled-1-768x1024.webp\" alt=\"\" data-id=\"208\" loading=\"lazy\" class=\"wp-image-208\" srcset=\"https:\/\/karukella.ee\/wp-content\/uploads\/2025\/04\/Karukella-1_elektriauto-laadimas-scaled-1-768x1024.webp 768w, https:\/\/karukella.ee\/wp-content\/uploads\/2025\/04\/Karukella-1_elektriauto-laadimas-scaled-1-225x300.webp 225w, https:\/\/karukella.ee\/wp-content\/uploads\/2025\/04\/Karukella-1_elektriauto-laadimas-scaled-1-1152x1536.webp 1152w, https:\/\/karukella.ee\/wp-content\/uploads\/2025\/04\/Karukella-1_elektriauto-laadimas-scaled-1-1536x2048.webp 1536w, https:\/\/karukella.ee\/wp-content\/uploads\/2025\/04\/Karukella-1_elektriauto-laadimas-scaled-1-1568x2091.webp 1568w, https:\/\/karukella.ee\/wp-content\/uploads\/2025\/04\/Karukella-1_elektriauto-laadimas-scaled-1.webp 1920w\" sizes=\"auto, (max-width: 768px) 100vw, 768px\" \/><\/div><div data-src=\"https:\/\/karukella.ee\/wp-content\/uploads\/2025\/04\/Karukellas-elektrilaadija-app_noolega-scaled-1.webp\" class=\"grid-item\"><img decoding=\"async\" width=\"768\" height=\"1024\" src=\"https:\/\/karukella.ee\/wp-content\/uploads\/2025\/04\/Karukellas-elektrilaadija-app_noolega-scaled-1-768x1024.webp\" alt=\"\" data-id=\"216\" loading=\"lazy\" class=\"wp-image-216\" srcset=\"https:\/\/karukella.ee\/wp-content\/uploads\/2025\/04\/Karukellas-elektrilaadija-app_noolega-scaled-1-768x1024.webp 768w, https:\/\/karukella.ee\/wp-content\/uploads\/2025\/04\/Karukellas-elektrilaadija-app_noolega-scaled-1-225x300.webp 225w, https:\/\/karukella.ee\/wp-content\/uploads\/2025\/04\/Karukellas-elektrilaadija-app_noolega-scaled-1-1152x1536.webp 1152w, https:\/\/karukella.ee\/wp-content\/uploads\/2025\/04\/Karukellas-elektrilaadija-app_noolega-scaled-1-1536x2048.webp 1536w, https:\/\/karukella.ee\/wp-content\/uploads\/2025\/04\/Karukellas-elektrilaadija-app_noolega-scaled-1-1568x2091.webp 1568w, https:\/\/karukella.ee\/wp-content\/uploads\/2025\/04\/Karukellas-elektrilaadija-app_noolega-scaled-1.webp 1920w\" sizes=\"auto, (max-width: 768px) 100vw, 768px\" \/><\/div><\/div>\n<\/div>\n\n\n\n<div class=\"wp-block-column is-vertically-aligned-center is-layout-flow wp-block-column-is-layout-flow\" style=\"padding-right:var(--wp--preset--spacing--40);padding-left:var(--wp--preset--spacing--40)\">\n<p class=\"has-white-color has-text-color has-link-color wp-elements-ca37d2fc9a4c82f655b61829c4ff1f1f\">Pie m\u016bsu nama sienas j\u016bs sagaid\u012bs <strong>Alexela ABB Terra AC 22 kW<\/strong> uzl\u0101des ier\u012bce ar 5 metrus garu kabeli. <strong>3 f\u0101\u017eu 3\u00d732 A modelis<\/strong> ir apr\u012bkots ar\u012b ar <strong>4G, LAN un Wi-Fi<\/strong> <strong>savienojumu, k\u0101 ar\u012b dinamisko slodzes vad\u012bbu<\/strong>, kas nodro\u0161ina dro\u0161u un efekt\u012bvu uzl\u0101di jebkuros apst\u0101k\u013cos.<\/p>\n\n\n\n<p class=\"has-white-color has-text-color has-link-color wp-elements-1b5cc157c01f8baca0ef0505b1a051a5\">\ud83d\udc9a Varam lepoties ar <strong>Za\u013c\u0101s atsl\u0113gas<em> (Green Key)<\/em> sertifik\u0101tu<\/strong>, un elektroauto uzl\u0101des iesp\u0113ja ir dabisks solis pret\u012b videi draudz\u012bg\u0101kai un atbild\u012bg\u0101kai viesm\u012bl\u012bbai.<\/p>\n\n\n\n<p class=\"has-white-color has-text-color has-link-color wp-elements-c1adbd01d0af2e457a91cabe30dd326a\"><strong>Uzl\u0101di ir iesp\u0113jams veikt pavisam vienk\u0101r\u0161i:<\/strong> Lejupiel\u0101d\u0113 <strong>Alexela lietotni<\/strong>, izveido kontu, piesaisti maks\u0101jumu karti, un viss norit\u0113s patst\u0101v\u012bgi, p\u0101rskat\u0101mi un \u0113rti. T\u0101d\u0113j\u0101di nerad\u012bsies jaut\u0101jumi par cenu vai uzl\u0101des ilgumu. <strong>Mums nav j\u0101veic uzskaite, un jums ne par ko nav j\u0101uztraucas.<\/strong><\/p>\n\n\n\n<p class=\"has-white-color has-text-color has-link-color wp-elements-a8c9f7ea7cfbede35117d308a753598c\"><strong>Att\u0101lumi no da\u017e\u0101d\u0101m pils\u0113t\u0101m l\u012bdz mums:<\/strong><\/p>\n\n\n\n<ul class=\"wp-block-list has-white-color has-text-color has-link-color wp-elements-d45a0f7d9f0d15f849f26065a2911735\">\n<li>P\u0113rnava &#8211; \u201cKarukella\u201d 217 km =\u00a0 2h, 45 min<\/li>\n\n\n\n<li>Tallina &#8211; \u201cKarukella\u201d 137 km = 1h, 45 min<\/li>\n\n\n\n<li>Tartu &#8211; \u201cKarukella\u201d 138 km =\u00a0\u00a0 1h, 45 min<\/li>\n<\/ul>\n<\/div>\n<\/div>\n\n\n\n<div style=\"height:30px\" aria-hidden=\"true\" class=\"wp-block-spacer mobile-spacer-10\"><\/div>\n\n\n\n<p><\/p>\n","protected":false},"excerpt":{"rendered":"<p>DRO\u0160I BRAUC PIE MUMS AR ELEKTROAUTO Pie atp\u016btas nama \u201cKarukella\u201d ir iesp\u0113jams \u0113rti un dro\u0161i uzl\u0101d\u0113t savu elektroauto t\u0101, k\u0101 tas m\u016bsdien\u0101s pien\u0101kas. Esam padom\u0101ju\u0161i ar\u012b par gad\u012bjumiem, kad j\u016bsu ce\u013cabiedrs ir elektriskais draugs ar \u010detriem rite\u0146iem. Pie m\u016bsu nama sienas j\u016bs sagaid\u012bs Alexela ABB Terra AC 22 kW uzl\u0101des ier\u012bce ar 5 metrus garu [&hellip;]<\/p>\n","protected":false},"author":3,"featured_media":0,"parent":0,"menu_order":0,"comment_status":"closed","ping_status":"closed","template":"","meta":{"footnotes":""},"class_list":["post-1804","page","type-page","status-publish","hentry"],"yoast_head":"<!-- This site is optimized with the Yoast SEO plugin v27.0 - https:\/\/yoast.com\/product\/yoast-seo-wordpress\/ -->\n<title>DRO\u0160I BRAUC PIE MUMS AR ELEKTROAUTO | Karukella Puhkemaja<\/title>\n<meta name=\"robots\" content=\"index, follow, max-snippet:-1, max-image-preview:large, max-video-preview:-1\" \/>\n<link rel=\"canonical\" href=\"https:\/\/karukella.ee\/tule-elektriautoga\/\" \/>\n<meta property=\"og:locale\" content=\"lv_LV\" \/>\n<meta property=\"og:type\" content=\"article\" \/>\n<meta property=\"og:title\" content=\"DRO\u0160I BRAUC PIE MUMS AR ELEKTROAUTO | Karukella Puhkemaja\" \/>\n<meta property=\"og:description\" content=\"DRO\u0160I BRAUC PIE MUMS AR ELEKTROAUTO Pie atp\u016btas nama \u201cKarukella\u201d ir iesp\u0113jams \u0113rti un dro\u0161i uzl\u0101d\u0113t savu elektroauto t\u0101, k\u0101 tas m\u016bsdien\u0101s pien\u0101kas. Esam padom\u0101ju\u0161i ar\u012b par gad\u012bjumiem, kad j\u016bsu ce\u013cabiedrs ir elektriskais draugs ar \u010detriem rite\u0146iem. Pie m\u016bsu nama sienas j\u016bs sagaid\u012bs Alexela ABB Terra AC 22 kW uzl\u0101des ier\u012bce ar 5 metrus garu [&hellip;]\" \/>\n<meta property=\"og:url\" content=\"https:\/\/karukella.ee\/tule-elektriautoga\/\" \/>\n<meta property=\"og:site_name\" content=\"Karukella Puhkemaja\" \/>\n<meta property=\"article:publisher\" content=\"https:\/\/www.facebook.com\/karukella\/\" \/>\n<meta property=\"article:modified_time\" content=\"2025-06-17T12:03:02+00:00\" \/>\n<meta property=\"og:image\" content=\"https:\/\/karukella.ee\/wp-content\/uploads\/2025\/04\/Karukella-elektrilaadur-rohtne-scaled-1.webp\" \/>\n<meta name=\"twitter:card\" content=\"summary_large_image\" \/>\n<meta name=\"twitter:label1\" content=\"Est. reading time\" \/>\n\t<meta name=\"twitter:data1\" content=\"1 minute\" \/>\n<script type=\"application\/ld+json\" class=\"yoast-schema-graph\">{\"@context\":\"https:\/\/schema.org\",\"@graph\":[{\"@type\":\"WebPage\",\"@id\":\"https:\/\/karukella.ee\/tule-elektriautoga\/\",\"url\":\"https:\/\/karukella.ee\/tule-elektriautoga\/\",\"name\":\"DRO\u0160I BRAUC PIE MUMS AR ELEKTROAUTO | Karukella Puhkemaja\",\"isPartOf\":{\"@id\":\"https:\/\/karukella.ee\/#website\"},\"primaryImageOfPage\":{\"@id\":\"https:\/\/karukella.ee\/tule-elektriautoga\/#primaryimage\"},\"image\":{\"@id\":\"https:\/\/karukella.ee\/tule-elektriautoga\/#primaryimage\"},\"thumbnailUrl\":\"https:\/\/karukella.ee\/wp-content\/uploads\/2025\/04\/Karukella-elektrilaadur-rohtne-scaled-1.webp\",\"datePublished\":\"2025-04-08T12:37:12+00:00\",\"dateModified\":\"2025-06-17T12:03:02+00:00\",\"breadcrumb\":{\"@id\":\"https:\/\/karukella.ee\/tule-elektriautoga\/#breadcrumb\"},\"inLanguage\":\"lv-LV\",\"potentialAction\":[{\"@type\":\"ReadAction\",\"target\":[\"https:\/\/karukella.ee\/tule-elektriautoga\/\"]}]},{\"@type\":\"ImageObject\",\"inLanguage\":\"lv-LV\",\"@id\":\"https:\/\/karukella.ee\/tule-elektriautoga\/#primaryimage\",\"url\":\"https:\/\/karukella.ee\/wp-content\/uploads\/2025\/04\/Karukella-elektrilaadur-rohtne-scaled-1.webp\",\"contentUrl\":\"https:\/\/karukella.ee\/wp-content\/uploads\/2025\/04\/Karukella-elektrilaadur-rohtne-scaled-1.webp\"},{\"@type\":\"BreadcrumbList\",\"@id\":\"https:\/\/karukella.ee\/tule-elektriautoga\/#breadcrumb\",\"itemListElement\":[{\"@type\":\"ListItem\",\"position\":1,\"name\":\"Home\",\"item\":\"https:\/\/karukella.ee\/lv\/\"},{\"@type\":\"ListItem\",\"position\":2,\"name\":\"DRO\u0160I BRAUC PIE MUMS AR ELEKTROAUTO\"}]},{\"@type\":\"WebSite\",\"@id\":\"https:\/\/karukella.ee\/#website\",\"url\":\"https:\/\/karukella.ee\/\",\"name\":\"Karukella Puhkemaja\",\"description\":\"Kestlik luksus 5 toaga puhkemajas Virumaal\",\"publisher\":{\"@id\":\"https:\/\/karukella.ee\/#organization\"},\"potentialAction\":[{\"@type\":\"SearchAction\",\"target\":{\"@type\":\"EntryPoint\",\"urlTemplate\":\"https:\/\/karukella.ee\/?s={search_term_string}\"},\"query-input\":{\"@type\":\"PropertyValueSpecification\",\"valueRequired\":true,\"valueName\":\"search_term_string\"}}],\"inLanguage\":\"lv-LV\"},{\"@type\":\"Organization\",\"@id\":\"https:\/\/karukella.ee\/#organization\",\"name\":\"Karukella Puhkemaja\",\"url\":\"https:\/\/karukella.ee\/\",\"logo\":{\"@type\":\"ImageObject\",\"inLanguage\":\"lv-LV\",\"@id\":\"https:\/\/karukella.ee\/#\/schema\/logo\/image\/\",\"url\":\"https:\/\/karukella.ee\/wp-content\/uploads\/2025\/03\/Karukella-puhkemaja-sirelipoosast-scaled.jpg\",\"contentUrl\":\"https:\/\/karukella.ee\/wp-content\/uploads\/2025\/03\/Karukella-puhkemaja-sirelipoosast-scaled.jpg\",\"width\":2560,\"height\":1942,\"caption\":\"Karukella Puhkemaja\"},\"image\":{\"@id\":\"https:\/\/karukella.ee\/#\/schema\/logo\/image\/\"},\"sameAs\":[\"https:\/\/www.facebook.com\/karukella\/\",\"https:\/\/www.instagram.com\/karukella_puhkemaja\/\"]}]}<\/script>\n<!-- \/ Yoast SEO plugin. -->","yoast_head_json":{"title":"DRO\u0160I BRAUC PIE MUMS AR ELEKTROAUTO | Karukella Puhkemaja","robots":{"index":"index","follow":"follow","max-snippet":"max-snippet:-1","max-image-preview":"max-image-preview:large","max-video-preview":"max-video-preview:-1"},"canonical":"https:\/\/karukella.ee\/tule-elektriautoga\/","og_locale":"lv_LV","og_type":"article","og_title":"DRO\u0160I BRAUC PIE MUMS AR ELEKTROAUTO | Karukella Puhkemaja","og_description":"DRO\u0160I BRAUC PIE MUMS AR ELEKTROAUTO Pie atp\u016btas nama \u201cKarukella\u201d ir iesp\u0113jams \u0113rti un dro\u0161i uzl\u0101d\u0113t savu elektroauto t\u0101, k\u0101 tas m\u016bsdien\u0101s pien\u0101kas. Esam padom\u0101ju\u0161i ar\u012b par gad\u012bjumiem, kad j\u016bsu ce\u013cabiedrs ir elektriskais draugs ar \u010detriem rite\u0146iem. Pie m\u016bsu nama sienas j\u016bs sagaid\u012bs Alexela ABB Terra AC 22 kW uzl\u0101des ier\u012bce ar 5 metrus garu [&hellip;]","og_url":"https:\/\/karukella.ee\/tule-elektriautoga\/","og_site_name":"Karukella Puhkemaja","article_publisher":"https:\/\/www.facebook.com\/karukella\/","article_modified_time":"2025-06-17T12:03:02+00:00","og_image":[{"url":"https:\/\/karukella.ee\/wp-content\/uploads\/2025\/04\/Karukella-elektrilaadur-rohtne-scaled-1.webp","type":"","width":"","height":""}],"twitter_card":"summary_large_image","twitter_misc":{"Est. reading time":"1 minute"},"schema":{"@context":"https:\/\/schema.org","@graph":[{"@type":"WebPage","@id":"https:\/\/karukella.ee\/tule-elektriautoga\/","url":"https:\/\/karukella.ee\/tule-elektriautoga\/","name":"DRO\u0160I BRAUC PIE MUMS AR ELEKTROAUTO | Karukella Puhkemaja","isPartOf":{"@id":"https:\/\/karukella.ee\/#website"},"primaryImageOfPage":{"@id":"https:\/\/karukella.ee\/tule-elektriautoga\/#primaryimage"},"image":{"@id":"https:\/\/karukella.ee\/tule-elektriautoga\/#primaryimage"},"thumbnailUrl":"https:\/\/karukella.ee\/wp-content\/uploads\/2025\/04\/Karukella-elektrilaadur-rohtne-scaled-1.webp","datePublished":"2025-04-08T12:37:12+00:00","dateModified":"2025-06-17T12:03:02+00:00","breadcrumb":{"@id":"https:\/\/karukella.ee\/tule-elektriautoga\/#breadcrumb"},"inLanguage":"lv-LV","potentialAction":[{"@type":"ReadAction","target":["https:\/\/karukella.ee\/tule-elektriautoga\/"]}]},{"@type":"ImageObject","inLanguage":"lv-LV","@id":"https:\/\/karukella.ee\/tule-elektriautoga\/#primaryimage","url":"https:\/\/karukella.ee\/wp-content\/uploads\/2025\/04\/Karukella-elektrilaadur-rohtne-scaled-1.webp","contentUrl":"https:\/\/karukella.ee\/wp-content\/uploads\/2025\/04\/Karukella-elektrilaadur-rohtne-scaled-1.webp"},{"@type":"BreadcrumbList","@id":"https:\/\/karukella.ee\/tule-elektriautoga\/#breadcrumb","itemListElement":[{"@type":"ListItem","position":1,"name":"Home","item":"https:\/\/karukella.ee\/lv\/"},{"@type":"ListItem","position":2,"name":"DRO\u0160I BRAUC PIE MUMS AR ELEKTROAUTO"}]},{"@type":"WebSite","@id":"https:\/\/karukella.ee\/#website","url":"https:\/\/karukella.ee\/","name":"Karukella Puhkemaja","description":"Kestlik luksus 5 toaga puhkemajas Virumaal","publisher":{"@id":"https:\/\/karukella.ee\/#organization"},"potentialAction":[{"@type":"SearchAction","target":{"@type":"EntryPoint","urlTemplate":"https:\/\/karukella.ee\/?s={search_term_string}"},"query-input":{"@type":"PropertyValueSpecification","valueRequired":true,"valueName":"search_term_string"}}],"inLanguage":"lv-LV"},{"@type":"Organization","@id":"https:\/\/karukella.ee\/#organization","name":"Karukella Puhkemaja","url":"https:\/\/karukella.ee\/","logo":{"@type":"ImageObject","inLanguage":"lv-LV","@id":"https:\/\/karukella.ee\/#\/schema\/logo\/image\/","url":"https:\/\/karukella.ee\/wp-content\/uploads\/2025\/03\/Karukella-puhkemaja-sirelipoosast-scaled.jpg","contentUrl":"https:\/\/karukella.ee\/wp-content\/uploads\/2025\/03\/Karukella-puhkemaja-sirelipoosast-scaled.jpg","width":2560,"height":1942,"caption":"Karukella Puhkemaja"},"image":{"@id":"https:\/\/karukella.ee\/#\/schema\/logo\/image\/"},"sameAs":["https:\/\/www.facebook.com\/karukella\/","https:\/\/www.instagram.com\/karukella_puhkemaja\/"]}]}},"_links":{"self":[{"href":"https:\/\/karukella.ee\/lv\/wp-json\/wp\/v2\/pages\/1804","targetHints":{"allow":["GET"]}}],"collection":[{"href":"https:\/\/karukella.ee\/lv\/wp-json\/wp\/v2\/pages"}],"about":[{"href":"https:\/\/karukella.ee\/lv\/wp-json\/wp\/v2\/types\/page"}],"author":[{"embeddable":true,"href":"https:\/\/karukella.ee\/lv\/wp-json\/wp\/v2\/users\/3"}],"replies":[{"embeddable":true,"href":"https:\/\/karukella.ee\/lv\/wp-json\/wp\/v2\/comments?post=1804"}],"version-history":[{"count":1,"href":"https:\/\/karukella.ee\/lv\/wp-json\/wp\/v2\/pages\/1804\/revisions"}],"predecessor-version":[{"id":1811,"href":"https:\/\/karukella.ee\/lv\/wp-json\/wp\/v2\/pages\/1804\/revisions\/1811"}],"wp:attachment":[{"href":"https:\/\/karukella.ee\/lv\/wp-json\/wp\/v2\/media?parent=1804"}],"curies":[{"name":"wp","href":"https:\/\/api.w.org\/{rel}","templated":true}]}}