{"id":1778,"date":"2025-06-03T07:51:52","date_gmt":"2025-06-03T07:51:52","guid":{"rendered":"https:\/\/karukella.ee\/grill-house\/"},"modified":"2025-06-17T11:01:26","modified_gmt":"2025-06-17T11:01:26","slug":"grill-house","status":"publish","type":"page","link":"https:\/\/karukella.ee\/lv\/grill-house\/","title":{"rendered":"GRILA NAMI\u0145\u0160"},"content":{"rendered":"\n<div class=\"wp-block-cover alignfull\"><img loading=\"lazy\" decoding=\"async\" width=\"1920\" height=\"2560\" class=\"wp-block-cover__image-background wp-image-1096 size-full\" alt=\"\" src=\"https:\/\/karukella.ee\/wp-content\/uploads\/2025\/06\/Karukella-grillamaj-chill-hoovis-scaled.jpg\" data-object-fit=\"cover\" srcset=\"https:\/\/karukella.ee\/wp-content\/uploads\/2025\/06\/Karukella-grillamaj-chill-hoovis-scaled.jpg 1920w, https:\/\/karukella.ee\/wp-content\/uploads\/2025\/06\/Karukella-grillamaj-chill-hoovis-225x300.jpg 225w, https:\/\/karukella.ee\/wp-content\/uploads\/2025\/06\/Karukella-grillamaj-chill-hoovis-768x1024.jpg 768w, https:\/\/karukella.ee\/wp-content\/uploads\/2025\/06\/Karukella-grillamaj-chill-hoovis-1152x1536.jpg 1152w, https:\/\/karukella.ee\/wp-content\/uploads\/2025\/06\/Karukella-grillamaj-chill-hoovis-1536x2048.jpg 1536w, https:\/\/karukella.ee\/wp-content\/uploads\/2025\/06\/Karukella-grillamaj-chill-hoovis-1568x2091.jpg 1568w\" sizes=\"auto, (max-width: 1920px) 100vw, 1920px\" \/><span aria-hidden=\"true\" class=\"wp-block-cover__background has-background-dim-0 has-background-dim\"><\/span><div class=\"wp-block-cover__inner-container is-layout-flow wp-block-cover-is-layout-flow\">\n<p class=\"has-text-align-center has-large-font-size\"><\/p>\n<\/div><\/div>\n\n\n\n<div style=\"height:30px\" aria-hidden=\"true\" class=\"wp-block-spacer mobile-spacer-10\"><\/div>\n\n\n\n<h1 class=\"wp-block-heading has-text-align-center has-darkpurple-color has-text-color has-link-color wp-elements-614a4200d3c9d26df8a83155e6cea0ea\"><strong><strong><strong>GRILA NAMI\u0145\u0160<\/strong><\/strong><\/strong><\/h1>\n\n\n\n<p class=\"has-text-align-center\"><strong>Atp\u016btas nam\u0101 \u201cKarukella\u201d ir atsevi\u0161\u0137s grila nami\u0146\u0161!<\/strong><br>Tas noz\u012bm\u0113, ka ne lietus, ne saule netrauc\u0113s j\u016bsu kop\u0101 b\u016b\u0161anu, d\u016bmi nen\u0101ks istab\u0101 un lauk\u0101 var\u0113siet b\u016bt kaut vai p\u0113c pusnakts. At\u0161\u0137ir\u012bb\u0101 no daudz\u0101m cit\u0101m atp\u016btas viet\u0101m, \u0161eit nav j\u0101skrien p\u0113c kr\u0113sla vai \u016bdens uz m\u0101ju \u2013 <strong>viss nepiecie\u0161amais ir uz vietas!<\/strong><\/p>\n\n\n\n<div style=\"height:30px\" aria-hidden=\"true\" class=\"wp-block-spacer mobile-spacer-10\"><\/div>\n\n\n\n<div class=\"wp-block-columns alignwide has-background is-layout-flex wp-container-core-columns-is-layout-74d018ca wp-block-columns-is-layout-flex\" style=\"background-color:#d7b56d;padding-top:var(--wp--preset--spacing--20);padding-right:var(--wp--preset--spacing--20);padding-bottom:var(--wp--preset--spacing--20);padding-left:var(--wp--preset--spacing--20)\">\n<div class=\"wp-block-column has-white-background-color has-background is-layout-flow wp-container-core-column-is-layout-6a27151a wp-block-column-is-layout-flow\" style=\"padding-top:var(--wp--preset--spacing--30);padding-right:var(--wp--preset--spacing--30);padding-bottom:var(--wp--preset--spacing--30);padding-left:var(--wp--preset--spacing--30)\">\n<div class=\"wp-block-edhotels-grid-gallery grid-items lightgallery is-style-mosaic\"><div data-src=\"https:\/\/karukella.ee\/wp-content\/uploads\/2025\/04\/Karukella-puhkemajas-EdHotels_2-scaled-1.webp\" class=\"grid-item\"><img decoding=\"async\" width=\"1024\" height=\"723\" src=\"https:\/\/karukella.ee\/wp-content\/uploads\/2025\/04\/Karukella-puhkemajas-EdHotels_2-scaled-1-1024x723.webp\" alt=\"\" data-id=\"371\" loading=\"lazy\" class=\"wp-image-371\" srcset=\"https:\/\/karukella.ee\/wp-content\/uploads\/2025\/04\/Karukella-puhkemajas-EdHotels_2-scaled-1-1024x723.webp 1024w, https:\/\/karukella.ee\/wp-content\/uploads\/2025\/04\/Karukella-puhkemajas-EdHotels_2-scaled-1-300x212.webp 300w, https:\/\/karukella.ee\/wp-content\/uploads\/2025\/04\/Karukella-puhkemajas-EdHotels_2-scaled-1-768x542.webp 768w, https:\/\/karukella.ee\/wp-content\/uploads\/2025\/04\/Karukella-puhkemajas-EdHotels_2-scaled-1-1536x1085.webp 1536w, https:\/\/karukella.ee\/wp-content\/uploads\/2025\/04\/Karukella-puhkemajas-EdHotels_2-scaled-1-2048x1446.webp 2048w, https:\/\/karukella.ee\/wp-content\/uploads\/2025\/04\/Karukella-puhkemajas-EdHotels_2-scaled-1-1568x1107.webp 1568w\" sizes=\"auto, (max-width: 1024px) 100vw, 1024px\" \/><\/div><div data-src=\"https:\/\/karukella.ee\/wp-content\/uploads\/2025\/04\/Karukella-grillmajas-ka-pitsakivi-ja-labidas-scaled-1.webp\" class=\"grid-item\"><img decoding=\"async\" width=\"768\" height=\"1024\" src=\"https:\/\/karukella.ee\/wp-content\/uploads\/2025\/04\/Karukella-grillmajas-ka-pitsakivi-ja-labidas-scaled-1-768x1024.webp\" alt=\"\" data-id=\"365\" loading=\"lazy\" class=\"wp-image-365\" srcset=\"https:\/\/karukella.ee\/wp-content\/uploads\/2025\/04\/Karukella-grillmajas-ka-pitsakivi-ja-labidas-scaled-1-768x1024.webp 768w, https:\/\/karukella.ee\/wp-content\/uploads\/2025\/04\/Karukella-grillmajas-ka-pitsakivi-ja-labidas-scaled-1-225x300.webp 225w, https:\/\/karukella.ee\/wp-content\/uploads\/2025\/04\/Karukella-grillmajas-ka-pitsakivi-ja-labidas-scaled-1-1152x1536.webp 1152w, https:\/\/karukella.ee\/wp-content\/uploads\/2025\/04\/Karukella-grillmajas-ka-pitsakivi-ja-labidas-scaled-1-1536x2048.webp 1536w, https:\/\/karukella.ee\/wp-content\/uploads\/2025\/04\/Karukella-grillmajas-ka-pitsakivi-ja-labidas-scaled-1-1568x2091.webp 1568w, https:\/\/karukella.ee\/wp-content\/uploads\/2025\/04\/Karukella-grillmajas-ka-pitsakivi-ja-labidas-scaled-1.webp 1920w\" sizes=\"auto, (max-width: 768px) 100vw, 768px\" \/><\/div><div data-src=\"https:\/\/karukella.ee\/wp-content\/uploads\/2025\/04\/Karukella-grillmaja-ohtul-scaled-1.webp\" class=\"grid-item\"><img decoding=\"async\" width=\"768\" height=\"1024\" src=\"https:\/\/karukella.ee\/wp-content\/uploads\/2025\/04\/Karukella-grillmaja-ohtul-scaled-1-768x1024.webp\" alt=\"\" data-id=\"359\" loading=\"lazy\" class=\"wp-image-359\" srcset=\"https:\/\/karukella.ee\/wp-content\/uploads\/2025\/04\/Karukella-grillmaja-ohtul-scaled-1-768x1024.webp 768w, https:\/\/karukella.ee\/wp-content\/uploads\/2025\/04\/Karukella-grillmaja-ohtul-scaled-1-225x300.webp 225w, https:\/\/karukella.ee\/wp-content\/uploads\/2025\/04\/Karukella-grillmaja-ohtul-scaled-1-1152x1536.webp 1152w, https:\/\/karukella.ee\/wp-content\/uploads\/2025\/04\/Karukella-grillmaja-ohtul-scaled-1-1536x2048.webp 1536w, https:\/\/karukella.ee\/wp-content\/uploads\/2025\/04\/Karukella-grillmaja-ohtul-scaled-1-1568x2091.webp 1568w, https:\/\/karukella.ee\/wp-content\/uploads\/2025\/04\/Karukella-grillmaja-ohtul-scaled-1.webp 1920w\" sizes=\"auto, (max-width: 768px) 100vw, 768px\" \/><\/div><div data-src=\"https:\/\/karukella.ee\/wp-content\/uploads\/2025\/04\/Karukella-grillmaja-kulalised-saabuvad-scaled-1.webp\" class=\"grid-item\"><img decoding=\"async\" width=\"768\" height=\"1024\" src=\"https:\/\/karukella.ee\/wp-content\/uploads\/2025\/04\/Karukella-grillmaja-kulalised-saabuvad-scaled-1-768x1024.webp\" alt=\"\" data-id=\"357\" loading=\"lazy\" class=\"wp-image-357\" srcset=\"https:\/\/karukella.ee\/wp-content\/uploads\/2025\/04\/Karukella-grillmaja-kulalised-saabuvad-scaled-1-768x1024.webp 768w, https:\/\/karukella.ee\/wp-content\/uploads\/2025\/04\/Karukella-grillmaja-kulalised-saabuvad-scaled-1-225x300.webp 225w, https:\/\/karukella.ee\/wp-content\/uploads\/2025\/04\/Karukella-grillmaja-kulalised-saabuvad-scaled-1-1152x1536.webp 1152w, https:\/\/karukella.ee\/wp-content\/uploads\/2025\/04\/Karukella-grillmaja-kulalised-saabuvad-scaled-1-1536x2048.webp 1536w, https:\/\/karukella.ee\/wp-content\/uploads\/2025\/04\/Karukella-grillmaja-kulalised-saabuvad-scaled-1-1568x2091.webp 1568w, https:\/\/karukella.ee\/wp-content\/uploads\/2025\/04\/Karukella-grillmaja-kulalised-saabuvad-scaled-1.webp 1920w\" sizes=\"auto, (max-width: 768px) 100vw, 768px\" \/><\/div><div data-src=\"https:\/\/karukella.ee\/wp-content\/uploads\/2025\/04\/Karukella-stiffi-grillvardad-scaled-1.webp\" class=\"grid-item\"><img decoding=\"async\" width=\"768\" height=\"1024\" src=\"https:\/\/karukella.ee\/wp-content\/uploads\/2025\/04\/Karukella-stiffi-grillvardad-scaled-1-768x1024.webp\" alt=\"\" data-id=\"373\" loading=\"lazy\" class=\"wp-image-373\" srcset=\"https:\/\/karukella.ee\/wp-content\/uploads\/2025\/04\/Karukella-stiffi-grillvardad-scaled-1-768x1024.webp 768w, https:\/\/karukella.ee\/wp-content\/uploads\/2025\/04\/Karukella-stiffi-grillvardad-scaled-1-225x300.webp 225w, https:\/\/karukella.ee\/wp-content\/uploads\/2025\/04\/Karukella-stiffi-grillvardad-scaled-1-1152x1536.webp 1152w, https:\/\/karukella.ee\/wp-content\/uploads\/2025\/04\/Karukella-stiffi-grillvardad-scaled-1-1536x2048.webp 1536w, https:\/\/karukella.ee\/wp-content\/uploads\/2025\/04\/Karukella-stiffi-grillvardad-scaled-1-1568x2091.webp 1568w, https:\/\/karukella.ee\/wp-content\/uploads\/2025\/04\/Karukella-stiffi-grillvardad-scaled-1.webp 1920w\" sizes=\"auto, (max-width: 768px) 100vw, 768px\" \/><\/div><div data-src=\"https:\/\/karukella.ee\/wp-content\/uploads\/2025\/04\/Karukella-grillmaja-ohtupaikses-koos-kiikedega-scaled-1.webp\" class=\"grid-item\"><img decoding=\"async\" width=\"768\" height=\"1024\" src=\"https:\/\/karukella.ee\/wp-content\/uploads\/2025\/04\/Karukella-grillmaja-ohtupaikses-koos-kiikedega-scaled-1-768x1024.webp\" alt=\"\" data-id=\"375\" loading=\"lazy\" class=\"wp-image-375\" srcset=\"https:\/\/karukella.ee\/wp-content\/uploads\/2025\/04\/Karukella-grillmaja-ohtupaikses-koos-kiikedega-scaled-1-768x1024.webp 768w, https:\/\/karukella.ee\/wp-content\/uploads\/2025\/04\/Karukella-grillmaja-ohtupaikses-koos-kiikedega-scaled-1-225x300.webp 225w, https:\/\/karukella.ee\/wp-content\/uploads\/2025\/04\/Karukella-grillmaja-ohtupaikses-koos-kiikedega-scaled-1-1152x1536.webp 1152w, https:\/\/karukella.ee\/wp-content\/uploads\/2025\/04\/Karukella-grillmaja-ohtupaikses-koos-kiikedega-scaled-1-1536x2048.webp 1536w, https:\/\/karukella.ee\/wp-content\/uploads\/2025\/04\/Karukella-grillmaja-ohtupaikses-koos-kiikedega-scaled-1-1568x2091.webp 1568w, https:\/\/karukella.ee\/wp-content\/uploads\/2025\/04\/Karukella-grillmaja-ohtupaikses-koos-kiikedega-scaled-1.webp 1920w\" sizes=\"auto, (max-width: 768px) 100vw, 768px\" \/><\/div><\/div>\n<\/div>\n\n\n\n<div class=\"wp-block-column is-vertically-aligned-center is-layout-flow wp-block-column-is-layout-flow\" style=\"padding-right:var(--wp--preset--spacing--40);padding-left:var(--wp--preset--spacing--40)\">\n<p class=\"has-white-color has-text-color has-link-color wp-elements-9d63d8b7d461cbc3bbc4aaf2a9846a29\">Grila nami\u0146a izmanto\u0161ana ir iek\u013cauta atp\u016btas nama cen\u0101. Ir prieks atz\u012bt, ka m\u016bsu viesi to izmanto visa gada garum\u0101.<br><br><strong>Grila nami\u0146\u0161 ir lieliski piem\u0113rots:<\/strong><\/p>\n\n\n\n<ul class=\"wp-block-list\">\n<li class=\"has-white-color has-text-color has-link-color wp-elements-b2c944d6cb778ebe1cf0ceb86b399e75\">visiem atp\u016btas nama viesiem &#8211; visiem atrad\u012bsies vieta pie gar\u0101 nami\u0146a galda<\/li>\n\n\n\n<li class=\"has-white-color has-text-color has-link-color wp-elements-fe60439b98718acfacffebda84791653\">patv\u0113rumam no saules vai lietus<\/li>\n\n\n\n<li class=\"has-white-color has-text-color has-link-color wp-elements-ad355258f752a399510f8256739bed9e\">kafijas pauzei semin\u0101ra laik\u0101<\/li>\n\n\n\n<li class=\"has-white-color has-text-color has-link-color wp-elements-76382fa1027574c7bbd2b20b0b190dfb\">nesteidz\u012bgai p\u0113cpusdienas gril\u0113\u0161anai<\/li>\n\n\n\n<li class=\"has-white-color has-text-color has-link-color wp-elements-91674c5c69cad28c05b70194d307463d\">vasaras vakaru baud\u012b\u0161anai v\u0113l ilgi p\u0113c saulrieta<\/li>\n<\/ul>\n\n\n\n<p class=\"has-white-color has-text-color has-link-color wp-elements-a5ddde6414df1437e89dbd81373b1208\"><strong><strong>Grila nami\u0146\u0101 pieejams:<\/strong><\/strong><\/p>\n\n\n\n<ul class=\"wp-block-list\">\n<li class=\"has-white-color has-text-color has-link-color wp-elements-122078d7b70eb57823a53e295b24d9ca\">gar\u0161 galds ar 14 s\u0113dviet\u0101m<\/li>\n\n\n\n<li class=\"has-white-color has-text-color has-link-color wp-elements-619bf23f912806042826519b6a9e7b12\">darba virsma ar izlietni un siltu teko\u0161o \u016bdeni<\/li>\n\n\n\n<li class=\"has-white-color has-text-color has-link-color wp-elements-8001ba52f59419e6ccd88eda70803e1e\">kam\u012bns<\/li>\n\n\n\n<li class=\"has-white-color has-text-color has-link-color wp-elements-494af8818e7663f31be866c978f089de\">klasiskais ner\u016bs\u0113jo\u0161\u0101 t\u0113rauda og\u013cu grils<\/li>\n\n\n\n<li class=\"has-white-color has-text-color has-link-color wp-elements-637440ec2bf7348c9ba0272e69c49c6b\">olas formas grils (diametrs 60 cm)<\/li>\n\n\n\n<li class=\"has-white-color has-text-color has-link-color wp-elements-926e4c52d863b2d0a9be543be5598fb6\">deg\u0161\u0137idrums<\/li>\n\n\n\n<li class=\"has-white-color has-text-color has-link-color wp-elements-122078d7b70eb57823a53e295b24d9ca\">gar\u0161 galds ar 14 s\u0113dviet\u0101m<\/li>\n\n\n\n<li class=\"has-white-color has-text-color has-link-color wp-elements-395a6c8927cc7bf81c29c522cc858286\">2 piekaramie \u0161\u016bpu\u013ckr\u0113sli<\/li>\n\n\n\n<li class=\"has-white-color has-text-color has-link-color wp-elements-754355465288c617e83facc2263777a9\">gril\u0113\u0161anai pieejama gan gr\u0113d\u0101 sakrauta malka, gan maiss ar grila ogl\u0113m<\/li>\n<\/ul>\n<\/div>\n<\/div>\n\n\n\n<div style=\"height:30px\" aria-hidden=\"true\" class=\"wp-block-spacer mobile-spacer-10\"><\/div>\n\n\n\n<p><\/p>\n","protected":false},"excerpt":{"rendered":"<p>GRILA NAMI\u0145\u0160 Atp\u016btas nam\u0101 \u201cKarukella\u201d ir atsevi\u0161\u0137s grila nami\u0146\u0161!Tas noz\u012bm\u0113, ka ne lietus, ne saule netrauc\u0113s j\u016bsu kop\u0101 b\u016b\u0161anu, d\u016bmi nen\u0101ks istab\u0101 un lauk\u0101 var\u0113siet b\u016bt kaut vai p\u0113c pusnakts. At\u0161\u0137ir\u012bb\u0101 no daudz\u0101m cit\u0101m atp\u016btas viet\u0101m, \u0161eit nav j\u0101skrien p\u0113c kr\u0113sla vai \u016bdens uz m\u0101ju \u2013 viss nepiecie\u0161amais ir uz vietas! Grila nami\u0146a izmanto\u0161ana ir [&hellip;]<\/p>\n","protected":false},"author":1,"featured_media":0,"parent":0,"menu_order":0,"comment_status":"closed","ping_status":"closed","template":"","meta":{"footnotes":""},"class_list":["post-1778","page","type-page","status-publish","hentry"],"yoast_head":"<!-- This site is optimized with the Yoast SEO plugin v27.0 - https:\/\/yoast.com\/product\/yoast-seo-wordpress\/ -->\n<title>GRILA NAMI\u0145\u0160 | Karukella Puhkemaja<\/title>\n<meta name=\"robots\" content=\"index, follow, max-snippet:-1, max-image-preview:large, max-video-preview:-1\" \/>\n<link rel=\"canonical\" href=\"https:\/\/karukella.ee\/grillmaja\/\" \/>\n<meta property=\"og:locale\" content=\"lv_LV\" \/>\n<meta property=\"og:type\" content=\"article\" \/>\n<meta property=\"og:title\" content=\"GRILA NAMI\u0145\u0160 | Karukella Puhkemaja\" \/>\n<meta property=\"og:description\" content=\"GRILA NAMI\u0145\u0160 Atp\u016btas nam\u0101 \u201cKarukella\u201d ir atsevi\u0161\u0137s grila nami\u0146\u0161!Tas noz\u012bm\u0113, ka ne lietus, ne saule netrauc\u0113s j\u016bsu kop\u0101 b\u016b\u0161anu, d\u016bmi nen\u0101ks istab\u0101 un lauk\u0101 var\u0113siet b\u016bt kaut vai p\u0113c pusnakts. At\u0161\u0137ir\u012bb\u0101 no daudz\u0101m cit\u0101m atp\u016btas viet\u0101m, \u0161eit nav j\u0101skrien p\u0113c kr\u0113sla vai \u016bdens uz m\u0101ju \u2013 viss nepiecie\u0161amais ir uz vietas! Grila nami\u0146a izmanto\u0161ana ir [&hellip;]\" \/>\n<meta property=\"og:url\" content=\"https:\/\/karukella.ee\/grillmaja\/\" \/>\n<meta property=\"og:site_name\" content=\"Karukella Puhkemaja\" \/>\n<meta property=\"article:publisher\" content=\"https:\/\/www.facebook.com\/karukella\/\" \/>\n<meta property=\"article:modified_time\" content=\"2025-06-17T11:01:26+00:00\" \/>\n<meta property=\"og:image\" content=\"https:\/\/karukella.ee\/wp-content\/uploads\/2025\/06\/Karukella-grillamaj-chill-hoovis-scaled.jpg\" \/>\n<meta name=\"twitter:card\" content=\"summary_large_image\" \/>\n<meta name=\"twitter:label1\" content=\"Est. reading time\" \/>\n\t<meta name=\"twitter:data1\" content=\"1 minute\" \/>\n<script type=\"application\/ld+json\" class=\"yoast-schema-graph\">{\"@context\":\"https:\/\/schema.org\",\"@graph\":[{\"@type\":\"WebPage\",\"@id\":\"https:\/\/karukella.ee\/grillmaja\/\",\"url\":\"https:\/\/karukella.ee\/grillmaja\/\",\"name\":\"GRILA NAMI\u0145\u0160 | Karukella Puhkemaja\",\"isPartOf\":{\"@id\":\"https:\/\/karukella.ee\/#website\"},\"primaryImageOfPage\":{\"@id\":\"https:\/\/karukella.ee\/grillmaja\/#primaryimage\"},\"image\":{\"@id\":\"https:\/\/karukella.ee\/grillmaja\/#primaryimage\"},\"thumbnailUrl\":\"https:\/\/karukella.ee\/wp-content\/uploads\/2025\/06\/Karukella-grillamaj-chill-hoovis-scaled.jpg\",\"datePublished\":\"2025-06-03T07:51:52+00:00\",\"dateModified\":\"2025-06-17T11:01:26+00:00\",\"breadcrumb\":{\"@id\":\"https:\/\/karukella.ee\/grillmaja\/#breadcrumb\"},\"inLanguage\":\"lv-LV\",\"potentialAction\":[{\"@type\":\"ReadAction\",\"target\":[\"https:\/\/karukella.ee\/grillmaja\/\"]}]},{\"@type\":\"ImageObject\",\"inLanguage\":\"lv-LV\",\"@id\":\"https:\/\/karukella.ee\/grillmaja\/#primaryimage\",\"url\":\"https:\/\/karukella.ee\/wp-content\/uploads\/2025\/06\/Karukella-grillamaj-chill-hoovis-scaled.jpg\",\"contentUrl\":\"https:\/\/karukella.ee\/wp-content\/uploads\/2025\/06\/Karukella-grillamaj-chill-hoovis-scaled.jpg\"},{\"@type\":\"BreadcrumbList\",\"@id\":\"https:\/\/karukella.ee\/grillmaja\/#breadcrumb\",\"itemListElement\":[{\"@type\":\"ListItem\",\"position\":1,\"name\":\"Home\",\"item\":\"https:\/\/karukella.ee\/lv\/\"},{\"@type\":\"ListItem\",\"position\":2,\"name\":\"GRILA NAMI\u0145\u0160\"}]},{\"@type\":\"WebSite\",\"@id\":\"https:\/\/karukella.ee\/#website\",\"url\":\"https:\/\/karukella.ee\/\",\"name\":\"Karukella Puhkemaja\",\"description\":\"Kestlik luksus 5 toaga puhkemajas Virumaal\",\"publisher\":{\"@id\":\"https:\/\/karukella.ee\/#organization\"},\"potentialAction\":[{\"@type\":\"SearchAction\",\"target\":{\"@type\":\"EntryPoint\",\"urlTemplate\":\"https:\/\/karukella.ee\/?s={search_term_string}\"},\"query-input\":{\"@type\":\"PropertyValueSpecification\",\"valueRequired\":true,\"valueName\":\"search_term_string\"}}],\"inLanguage\":\"lv-LV\"},{\"@type\":\"Organization\",\"@id\":\"https:\/\/karukella.ee\/#organization\",\"name\":\"Karukella Puhkemaja\",\"url\":\"https:\/\/karukella.ee\/\",\"logo\":{\"@type\":\"ImageObject\",\"inLanguage\":\"lv-LV\",\"@id\":\"https:\/\/karukella.ee\/#\/schema\/logo\/image\/\",\"url\":\"https:\/\/karukella.ee\/wp-content\/uploads\/2025\/03\/Karukella-puhkemaja-sirelipoosast-scaled.jpg\",\"contentUrl\":\"https:\/\/karukella.ee\/wp-content\/uploads\/2025\/03\/Karukella-puhkemaja-sirelipoosast-scaled.jpg\",\"width\":2560,\"height\":1942,\"caption\":\"Karukella Puhkemaja\"},\"image\":{\"@id\":\"https:\/\/karukella.ee\/#\/schema\/logo\/image\/\"},\"sameAs\":[\"https:\/\/www.facebook.com\/karukella\/\",\"https:\/\/www.instagram.com\/karukella_puhkemaja\/\"]}]}<\/script>\n<!-- \/ Yoast SEO plugin. -->","yoast_head_json":{"title":"GRILA NAMI\u0145\u0160 | Karukella Puhkemaja","robots":{"index":"index","follow":"follow","max-snippet":"max-snippet:-1","max-image-preview":"max-image-preview:large","max-video-preview":"max-video-preview:-1"},"canonical":"https:\/\/karukella.ee\/grillmaja\/","og_locale":"lv_LV","og_type":"article","og_title":"GRILA NAMI\u0145\u0160 | Karukella Puhkemaja","og_description":"GRILA NAMI\u0145\u0160 Atp\u016btas nam\u0101 \u201cKarukella\u201d ir atsevi\u0161\u0137s grila nami\u0146\u0161!Tas noz\u012bm\u0113, ka ne lietus, ne saule netrauc\u0113s j\u016bsu kop\u0101 b\u016b\u0161anu, d\u016bmi nen\u0101ks istab\u0101 un lauk\u0101 var\u0113siet b\u016bt kaut vai p\u0113c pusnakts. At\u0161\u0137ir\u012bb\u0101 no daudz\u0101m cit\u0101m atp\u016btas viet\u0101m, \u0161eit nav j\u0101skrien p\u0113c kr\u0113sla vai \u016bdens uz m\u0101ju \u2013 viss nepiecie\u0161amais ir uz vietas! Grila nami\u0146a izmanto\u0161ana ir [&hellip;]","og_url":"https:\/\/karukella.ee\/grillmaja\/","og_site_name":"Karukella Puhkemaja","article_publisher":"https:\/\/www.facebook.com\/karukella\/","article_modified_time":"2025-06-17T11:01:26+00:00","og_image":[{"url":"https:\/\/karukella.ee\/wp-content\/uploads\/2025\/06\/Karukella-grillamaj-chill-hoovis-scaled.jpg","type":"","width":"","height":""}],"twitter_card":"summary_large_image","twitter_misc":{"Est. reading time":"1 minute"},"schema":{"@context":"https:\/\/schema.org","@graph":[{"@type":"WebPage","@id":"https:\/\/karukella.ee\/grillmaja\/","url":"https:\/\/karukella.ee\/grillmaja\/","name":"GRILA NAMI\u0145\u0160 | Karukella Puhkemaja","isPartOf":{"@id":"https:\/\/karukella.ee\/#website"},"primaryImageOfPage":{"@id":"https:\/\/karukella.ee\/grillmaja\/#primaryimage"},"image":{"@id":"https:\/\/karukella.ee\/grillmaja\/#primaryimage"},"thumbnailUrl":"https:\/\/karukella.ee\/wp-content\/uploads\/2025\/06\/Karukella-grillamaj-chill-hoovis-scaled.jpg","datePublished":"2025-06-03T07:51:52+00:00","dateModified":"2025-06-17T11:01:26+00:00","breadcrumb":{"@id":"https:\/\/karukella.ee\/grillmaja\/#breadcrumb"},"inLanguage":"lv-LV","potentialAction":[{"@type":"ReadAction","target":["https:\/\/karukella.ee\/grillmaja\/"]}]},{"@type":"ImageObject","inLanguage":"lv-LV","@id":"https:\/\/karukella.ee\/grillmaja\/#primaryimage","url":"https:\/\/karukella.ee\/wp-content\/uploads\/2025\/06\/Karukella-grillamaj-chill-hoovis-scaled.jpg","contentUrl":"https:\/\/karukella.ee\/wp-content\/uploads\/2025\/06\/Karukella-grillamaj-chill-hoovis-scaled.jpg"},{"@type":"BreadcrumbList","@id":"https:\/\/karukella.ee\/grillmaja\/#breadcrumb","itemListElement":[{"@type":"ListItem","position":1,"name":"Home","item":"https:\/\/karukella.ee\/lv\/"},{"@type":"ListItem","position":2,"name":"GRILA NAMI\u0145\u0160"}]},{"@type":"WebSite","@id":"https:\/\/karukella.ee\/#website","url":"https:\/\/karukella.ee\/","name":"Karukella Puhkemaja","description":"Kestlik luksus 5 toaga puhkemajas Virumaal","publisher":{"@id":"https:\/\/karukella.ee\/#organization"},"potentialAction":[{"@type":"SearchAction","target":{"@type":"EntryPoint","urlTemplate":"https:\/\/karukella.ee\/?s={search_term_string}"},"query-input":{"@type":"PropertyValueSpecification","valueRequired":true,"valueName":"search_term_string"}}],"inLanguage":"lv-LV"},{"@type":"Organization","@id":"https:\/\/karukella.ee\/#organization","name":"Karukella Puhkemaja","url":"https:\/\/karukella.ee\/","logo":{"@type":"ImageObject","inLanguage":"lv-LV","@id":"https:\/\/karukella.ee\/#\/schema\/logo\/image\/","url":"https:\/\/karukella.ee\/wp-content\/uploads\/2025\/03\/Karukella-puhkemaja-sirelipoosast-scaled.jpg","contentUrl":"https:\/\/karukella.ee\/wp-content\/uploads\/2025\/03\/Karukella-puhkemaja-sirelipoosast-scaled.jpg","width":2560,"height":1942,"caption":"Karukella Puhkemaja"},"image":{"@id":"https:\/\/karukella.ee\/#\/schema\/logo\/image\/"},"sameAs":["https:\/\/www.facebook.com\/karukella\/","https:\/\/www.instagram.com\/karukella_puhkemaja\/"]}]}},"_links":{"self":[{"href":"https:\/\/karukella.ee\/lv\/wp-json\/wp\/v2\/pages\/1778","targetHints":{"allow":["GET"]}}],"collection":[{"href":"https:\/\/karukella.ee\/lv\/wp-json\/wp\/v2\/pages"}],"about":[{"href":"https:\/\/karukella.ee\/lv\/wp-json\/wp\/v2\/types\/page"}],"author":[{"embeddable":true,"href":"https:\/\/karukella.ee\/lv\/wp-json\/wp\/v2\/users\/1"}],"replies":[{"embeddable":true,"href":"https:\/\/karukella.ee\/lv\/wp-json\/wp\/v2\/comments?post=1778"}],"version-history":[{"count":1,"href":"https:\/\/karukella.ee\/lv\/wp-json\/wp\/v2\/pages\/1778\/revisions"}],"predecessor-version":[{"id":1784,"href":"https:\/\/karukella.ee\/lv\/wp-json\/wp\/v2\/pages\/1778\/revisions\/1784"}],"wp:attachment":[{"href":"https:\/\/karukella.ee\/lv\/wp-json\/wp\/v2\/media?parent=1778"}],"curies":[{"name":"wp","href":"https:\/\/api.w.org\/{rel}","templated":true}]}}