{"id":1749,"date":"2025-04-10T16:19:53","date_gmt":"2025-04-10T16:19:53","guid":{"rendered":"https:\/\/karukella.ee\/kitchen\/"},"modified":"2025-06-17T10:58:16","modified_gmt":"2025-06-17T10:58:16","slug":"kitchen","status":"publish","type":"page","link":"https:\/\/karukella.ee\/lv\/kitchen\/","title":{"rendered":"\u0112DIENS"},"content":{"rendered":"\n<div class=\"wp-block-cover alignfull is-light\"><img loading=\"lazy\" decoding=\"async\" width=\"2560\" height=\"1920\" class=\"wp-block-cover__image-background wp-image-332\" alt=\"\" src=\"https:\/\/karukella.ee\/wp-content\/uploads\/2025\/04\/Karukella-puhkemaja-peolaud-scaled-1.webp\" data-object-fit=\"cover\" srcset=\"https:\/\/karukella.ee\/wp-content\/uploads\/2025\/04\/Karukella-puhkemaja-peolaud-scaled-1.webp 2560w, https:\/\/karukella.ee\/wp-content\/uploads\/2025\/04\/Karukella-puhkemaja-peolaud-scaled-1-300x225.webp 300w, https:\/\/karukella.ee\/wp-content\/uploads\/2025\/04\/Karukella-puhkemaja-peolaud-scaled-1-1024x768.webp 1024w, https:\/\/karukella.ee\/wp-content\/uploads\/2025\/04\/Karukella-puhkemaja-peolaud-scaled-1-768x576.webp 768w, https:\/\/karukella.ee\/wp-content\/uploads\/2025\/04\/Karukella-puhkemaja-peolaud-scaled-1-1536x1152.webp 1536w, https:\/\/karukella.ee\/wp-content\/uploads\/2025\/04\/Karukella-puhkemaja-peolaud-scaled-1-2048x1536.webp 2048w, https:\/\/karukella.ee\/wp-content\/uploads\/2025\/04\/Karukella-puhkemaja-peolaud-scaled-1-1568x1176.webp 1568w\" sizes=\"auto, (max-width: 2560px) 100vw, 2560px\" \/><span aria-hidden=\"true\" class=\"wp-block-cover__background has-background-dim-0 has-background-dim\"><\/span><div class=\"wp-block-cover__inner-container is-layout-flow wp-block-cover-is-layout-flow\">\n<p class=\"has-text-align-center has-large-font-size\"><\/p>\n<\/div><\/div>\n\n\n\n<div style=\"height:30px\" aria-hidden=\"true\" class=\"wp-block-spacer mobile-spacer-10\"><\/div>\n\n\n\n<h1 class=\"wp-block-heading has-text-align-center animated rotateInDownRight slow has-darkpurple-color has-text-color has-link-color wp-elements-e3342022b706a4ac3ce9a64a2b6a723a\"><strong><strong><strong>JAUKAS VAKARI\u0145AS UN GARI R\u012aTI<\/strong><\/strong><\/strong><\/h1>\n\n\n\n<h2 class=\"wp-block-heading has-text-align-center has-darkpurple-color has-text-color has-link-color wp-elements-03f51b6840a42c114b73326742962160\"><strong><strong><strong>\u201cKarukella\u201d gald\u0101 ce\u013cam \u0113dienu no tuv\u0101k\u0101s apk\u0101rtnes!<\/strong><\/strong><\/strong><\/h2>\n\n\n\n<p class=\"has-text-align-center\">T\u0101 k\u0101 esam savas apk\u0101rtnes cien\u012bt\u0101ji un augstu v\u0113rt\u0113jam vesel\u012bgu uzturu, pied\u0101v\u0101jam jums viet\u0113jo p\u0101rtiku, kas galvenok\u0101rt audz\u0113ta un ra\u017eota tepat 5\u201310 km r\u0101dius\u0101. Ja ir kaut kas, ko viet\u0113jie ra\u017eot\u0101ji nepied\u0101v\u0101, tad vienm\u0113r dodam priek\u0161roku Igaunijas ra\u017eojumiem.<\/p>\n\n\n\n<p class=\"has-text-align-center\">M\u016bsu uzticamie sadarb\u012bbas partneri ir:\u00a0<br><a href=\"http:\/\/www.sigwar.ee\/\" target=\"_blank\" rel=\"noreferrer noopener\">Sigwar<\/a>,\u00a0<a href=\"http:\/\/pagarikoda.com\/\" target=\"_blank\" rel=\"noreferrer noopener\">Pagarikoda<\/a>,\u00a0<a href=\"https:\/\/larenzo.ee\/\" target=\"_blank\" rel=\"noreferrer noopener\">Varja kohvik<\/a>, Vendi kulinaaria,\u00a0<a href=\"https:\/\/www.facebook.com\/Kairetordid\" target=\"_blank\" rel=\"noreferrer noopener\">Kaire tordid<\/a>,\u00a0<a href=\"https:\/\/www.purtsepruulikoda.ee\/\" target=\"_blank\" rel=\"noreferrer noopener\">Purtse pruulikoda<\/a>.<br>Ja, k\u0101dam j\u016bsu komp\u0101nij\u0101 ir aler\u0123ijas, l\u016bdzam m\u016bs par to savlaic\u012bgi inform\u0113t. <br><strong>\u0112diena pas\u016bt\u012b\u0161ana \u2013 t\u0101, k\u0101 tev \u0113rt\u0101k!<\/strong><\/p>\n\n\n\n<div style=\"height:40px\" aria-hidden=\"true\" class=\"wp-block-spacer mobile-spacer-10\"><\/div>\n\n\n\n<div class=\"wp-block-columns alignwide has-background is-layout-flex wp-container-core-columns-is-layout-74d018ca wp-block-columns-is-layout-flex\" style=\"background-color:#d7b56d;padding-top:var(--wp--preset--spacing--20);padding-right:var(--wp--preset--spacing--20);padding-bottom:var(--wp--preset--spacing--20);padding-left:var(--wp--preset--spacing--20)\">\n<div class=\"wp-block-column has-white-background-color has-background is-layout-flow wp-container-core-column-is-layout-6a27151a wp-block-column-is-layout-flow\" style=\"padding-top:var(--wp--preset--spacing--30);padding-right:var(--wp--preset--spacing--30);padding-bottom:var(--wp--preset--spacing--30);padding-left:var(--wp--preset--spacing--30)\">\n<div class=\"wp-block-edhotels-grid-gallery grid-items lightgallery is-style-mosaic\"><div data-src=\"https:\/\/karukella.ee\/wp-content\/uploads\/2025\/04\/Karukella-suupistevaagen-vaike.webp\" class=\"grid-item\"><img decoding=\"async\" width=\"771\" height=\"1024\" src=\"https:\/\/karukella.ee\/wp-content\/uploads\/2025\/04\/Karukella-suupistevaagen-vaike-771x1024.webp\" alt=\"\" data-id=\"352\" loading=\"lazy\" class=\"wp-image-352\" srcset=\"https:\/\/karukella.ee\/wp-content\/uploads\/2025\/04\/Karukella-suupistevaagen-vaike-771x1024.webp 771w, https:\/\/karukella.ee\/wp-content\/uploads\/2025\/04\/Karukella-suupistevaagen-vaike-226x300.webp 226w, https:\/\/karukella.ee\/wp-content\/uploads\/2025\/04\/Karukella-suupistevaagen-vaike-768x1020.webp 768w, https:\/\/karukella.ee\/wp-content\/uploads\/2025\/04\/Karukella-suupistevaagen-vaike-1156x1536.webp 1156w, https:\/\/karukella.ee\/wp-content\/uploads\/2025\/04\/Karukella-suupistevaagen-vaike.webp 1170w\" sizes=\"auto, (max-width: 771px) 100vw, 771px\" \/><\/div><div data-src=\"https:\/\/karukella.ee\/wp-content\/uploads\/2025\/04\/Karukella-suupistelaud.webp\" class=\"grid-item\"><img decoding=\"async\" width=\"772\" height=\"1024\" src=\"https:\/\/karukella.ee\/wp-content\/uploads\/2025\/04\/Karukella-suupistelaud-772x1024.webp\" alt=\"\" data-id=\"348\" loading=\"lazy\" class=\"wp-image-348\" srcset=\"https:\/\/karukella.ee\/wp-content\/uploads\/2025\/04\/Karukella-suupistelaud-772x1024.webp 772w, https:\/\/karukella.ee\/wp-content\/uploads\/2025\/04\/Karukella-suupistelaud-226x300.webp 226w, https:\/\/karukella.ee\/wp-content\/uploads\/2025\/04\/Karukella-suupistelaud-768x1018.webp 768w, https:\/\/karukella.ee\/wp-content\/uploads\/2025\/04\/Karukella-suupistelaud-1159x1536.webp 1159w, https:\/\/karukella.ee\/wp-content\/uploads\/2025\/04\/Karukella-suupistelaud.webp 1170w\" sizes=\"auto, (max-width: 772px) 100vw, 772px\" \/><\/div><div data-src=\"https:\/\/karukella.ee\/wp-content\/uploads\/2025\/04\/Karukella-suupistevaagen-suur-scaled-1-1.webp\" class=\"grid-item\"><img decoding=\"async\" width=\"819\" height=\"1024\" src=\"https:\/\/karukella.ee\/wp-content\/uploads\/2025\/04\/Karukella-suupistevaagen-suur-scaled-1-1-819x1024.webp\" alt=\"\" data-id=\"350\" loading=\"lazy\" class=\"wp-image-350\" srcset=\"https:\/\/karukella.ee\/wp-content\/uploads\/2025\/04\/Karukella-suupistevaagen-suur-scaled-1-1-819x1024.webp 819w, https:\/\/karukella.ee\/wp-content\/uploads\/2025\/04\/Karukella-suupistevaagen-suur-scaled-1-1-240x300.webp 240w, https:\/\/karukella.ee\/wp-content\/uploads\/2025\/04\/Karukella-suupistevaagen-suur-scaled-1-1-768x960.webp 768w, https:\/\/karukella.ee\/wp-content\/uploads\/2025\/04\/Karukella-suupistevaagen-suur-scaled-1-1-1229x1536.webp 1229w, https:\/\/karukella.ee\/wp-content\/uploads\/2025\/04\/Karukella-suupistevaagen-suur-scaled-1-1-1638x2048.webp 1638w, https:\/\/karukella.ee\/wp-content\/uploads\/2025\/04\/Karukella-suupistevaagen-suur-scaled-1-1-1568x1960.webp 1568w, https:\/\/karukella.ee\/wp-content\/uploads\/2025\/04\/Karukella-suupistevaagen-suur-scaled-1-1.webp 2048w\" sizes=\"auto, (max-width: 819px) 100vw, 819px\" \/><\/div><div data-src=\"https:\/\/karukella.ee\/wp-content\/uploads\/2025\/04\/Karukella-puhkemaja-peolaud-scaled-1.webp\" class=\"grid-item\"><img decoding=\"async\" width=\"1024\" height=\"768\" src=\"https:\/\/karukella.ee\/wp-content\/uploads\/2025\/04\/Karukella-puhkemaja-peolaud-scaled-1-1024x768.webp\" alt=\"\" data-id=\"332\" loading=\"lazy\" class=\"wp-image-332\" srcset=\"https:\/\/karukella.ee\/wp-content\/uploads\/2025\/04\/Karukella-puhkemaja-peolaud-scaled-1-1024x768.webp 1024w, https:\/\/karukella.ee\/wp-content\/uploads\/2025\/04\/Karukella-puhkemaja-peolaud-scaled-1-300x225.webp 300w, https:\/\/karukella.ee\/wp-content\/uploads\/2025\/04\/Karukella-puhkemaja-peolaud-scaled-1-768x576.webp 768w, https:\/\/karukella.ee\/wp-content\/uploads\/2025\/04\/Karukella-puhkemaja-peolaud-scaled-1-1536x1152.webp 1536w, https:\/\/karukella.ee\/wp-content\/uploads\/2025\/04\/Karukella-puhkemaja-peolaud-scaled-1-2048x1536.webp 2048w, https:\/\/karukella.ee\/wp-content\/uploads\/2025\/04\/Karukella-puhkemaja-peolaud-scaled-1-1568x1176.webp 1568w\" sizes=\"auto, (max-width: 1024px) 100vw, 1024px\" \/><\/div><div data-src=\"https:\/\/karukella.ee\/wp-content\/uploads\/2025\/04\/Karukella-seminari-salatid-scaled-2.webp\" class=\"grid-item\"><img decoding=\"async\" width=\"768\" height=\"1024\" src=\"https:\/\/karukella.ee\/wp-content\/uploads\/2025\/04\/Karukella-seminari-salatid-scaled-2-768x1024.webp\" alt=\"\" data-id=\"344\" loading=\"lazy\" class=\"wp-image-344\" srcset=\"https:\/\/karukella.ee\/wp-content\/uploads\/2025\/04\/Karukella-seminari-salatid-scaled-2-768x1024.webp 768w, https:\/\/karukella.ee\/wp-content\/uploads\/2025\/04\/Karukella-seminari-salatid-scaled-2-225x300.webp 225w, https:\/\/karukella.ee\/wp-content\/uploads\/2025\/04\/Karukella-seminari-salatid-scaled-2-1152x1536.webp 1152w, https:\/\/karukella.ee\/wp-content\/uploads\/2025\/04\/Karukella-seminari-salatid-scaled-2-1536x2048.webp 1536w, https:\/\/karukella.ee\/wp-content\/uploads\/2025\/04\/Karukella-seminari-salatid-scaled-2-1568x2091.webp 1568w, https:\/\/karukella.ee\/wp-content\/uploads\/2025\/04\/Karukella-seminari-salatid-scaled-2.webp 1920w\" sizes=\"auto, (max-width: 768px) 100vw, 768px\" \/><\/div><div data-src=\"https:\/\/karukella.ee\/wp-content\/uploads\/2025\/04\/Karukella-puhkemaja-hommikupudru-scaled-1.webp\" class=\"grid-item\"><img decoding=\"async\" width=\"768\" height=\"1024\" src=\"https:\/\/karukella.ee\/wp-content\/uploads\/2025\/04\/Karukella-puhkemaja-hommikupudru-scaled-1-768x1024.webp\" alt=\"\" data-id=\"326\" loading=\"lazy\" class=\"wp-image-326\" srcset=\"https:\/\/karukella.ee\/wp-content\/uploads\/2025\/04\/Karukella-puhkemaja-hommikupudru-scaled-1-768x1024.webp 768w, https:\/\/karukella.ee\/wp-content\/uploads\/2025\/04\/Karukella-puhkemaja-hommikupudru-scaled-1-225x300.webp 225w, https:\/\/karukella.ee\/wp-content\/uploads\/2025\/04\/Karukella-puhkemaja-hommikupudru-scaled-1-1152x1536.webp 1152w, https:\/\/karukella.ee\/wp-content\/uploads\/2025\/04\/Karukella-puhkemaja-hommikupudru-scaled-1-1536x2048.webp 1536w, https:\/\/karukella.ee\/wp-content\/uploads\/2025\/04\/Karukella-puhkemaja-hommikupudru-scaled-1-1568x2091.webp 1568w, https:\/\/karukella.ee\/wp-content\/uploads\/2025\/04\/Karukella-puhkemaja-hommikupudru-scaled-1.webp 1920w\" sizes=\"auto, (max-width: 768px) 100vw, 768px\" \/><\/div><\/div>\n<\/div>\n\n\n\n<div class=\"wp-block-column is-vertically-aligned-center is-layout-flow wp-block-column-is-layout-flow\" style=\"padding-right:var(--wp--preset--spacing--40);padding-left:var(--wp--preset--spacing--40)\">\n<h2 class=\"wp-block-heading has-white-color has-text-color has-link-color wp-elements-af944f70d1677fd5d045d854e593a3d2\"><strong>V\u0113lies atp\u016btas laik\u0101 maz\u0101k r\u016bpju? Mums ir vair\u0101ki \u0113rti risin\u0101jumi:<\/strong><\/h2>\n\n\n\n<p class=\"has-white-color has-text-color has-link-color wp-elements-253406df3869cd97a0a89567cec8c49b\">Do you want to be less busy during your vacation? We have several convenient solutions:<\/p>\n\n\n\n<p class=\"has-white-color has-text-color has-link-color wp-elements-0990e55a0b7cd3e893fdbe983ac37e0e\"><strong>PAS\u016aTI \u0112DIENU LEDUSSKAP\u012a!<\/strong>&nbsp;<br>Atbilsto\u0161i pas\u016bt\u012bjumam m\u0113s pieg\u0101d\u0101sim \u0113dienus un p\u0101rtikas produktus tie\u0161i ledusskap\u012b \u2013 tev vien atliks tos iz\u0146emt un, ja nepiecie\u0161ams, uzsild\u012bt uz pl\u012bts vai cepe\u0161kr\u0101sn\u012b.<\/p>\n\n\n\n<p class=\"has-white-color has-text-color has-link-color wp-elements-2183f1664031925f1b2f00b7fcb8ad64\"><strong>PAS\u016aTI UZKL\u0100TU GALDU UN SILTU \u0112DIENU!<\/strong>&nbsp;<br>Ja diena ir pilna aktivit\u0101\u0161u un pa\u0161iem nav laika gatavot, par papildu samaksu j\u016bs sagaid\u012bs skaisti kl\u0101ts galds un silts \u0113diens.<\/p>\n\n\n\n<p class=\"has-white-color has-text-color has-link-color wp-elements-05349e814a34fc32dfa0e1591fe6c629\"><strong>PAS\u016aTI KEITERINGU!<\/strong>&nbsp;<br>Ar\u012b tas v\u0113l nav viss \u2013 mums ir laba sadarb\u012bba ar uzticamiem \u0113din\u0101t\u0101jiem un keiteringa uz\u0146\u0113mumiem, kas pieg\u0101d\u0101s siltu \u0113dienu tie\u0161i uz atp\u016btas namu. Izv\u0113le ir tav\u0101s rok\u0101s!<\/p>\n<\/div>\n<\/div>\n\n\n\n<div style=\"height:30px\" aria-hidden=\"true\" class=\"wp-block-spacer mobile-spacer-10\"><\/div>\n\n\n\n<p><\/p>\n","protected":false},"excerpt":{"rendered":"<p>JAUKAS VAKARI\u0145AS UN GARI R\u012aTI \u201cKarukella\u201d gald\u0101 ce\u013cam \u0113dienu no tuv\u0101k\u0101s apk\u0101rtnes! T\u0101 k\u0101 esam savas apk\u0101rtnes cien\u012bt\u0101ji un augstu v\u0113rt\u0113jam vesel\u012bgu uzturu, pied\u0101v\u0101jam jums viet\u0113jo p\u0101rtiku, kas galvenok\u0101rt audz\u0113ta un ra\u017eota tepat 5\u201310 km r\u0101dius\u0101. Ja ir kaut kas, ko viet\u0113jie ra\u017eot\u0101ji nepied\u0101v\u0101, tad vienm\u0113r dodam priek\u0161roku Igaunijas ra\u017eojumiem. M\u016bsu uzticamie sadarb\u012bbas partneri ir:\u00a0Sigwar,\u00a0Pagarikoda,\u00a0Varja [&hellip;]<\/p>\n","protected":false},"author":3,"featured_media":0,"parent":0,"menu_order":0,"comment_status":"closed","ping_status":"closed","template":"","meta":{"footnotes":""},"class_list":["post-1749","page","type-page","status-publish","hentry"],"yoast_head":"<!-- This site is optimized with the Yoast SEO plugin v27.0 - https:\/\/yoast.com\/product\/yoast-seo-wordpress\/ -->\n<title>\u0112DIENS | Karukella Puhkemaja<\/title>\n<meta name=\"robots\" content=\"index, follow, max-snippet:-1, max-image-preview:large, max-video-preview:-1\" \/>\n<link rel=\"canonical\" href=\"https:\/\/karukella.ee\/toitlustus\/\" \/>\n<meta property=\"og:locale\" content=\"lv_LV\" \/>\n<meta property=\"og:type\" content=\"article\" \/>\n<meta property=\"og:title\" content=\"\u0112DIENS | Karukella Puhkemaja\" \/>\n<meta property=\"og:description\" content=\"JAUKAS VAKARI\u0145AS UN GARI R\u012aTI \u201cKarukella\u201d gald\u0101 ce\u013cam \u0113dienu no tuv\u0101k\u0101s apk\u0101rtnes! T\u0101 k\u0101 esam savas apk\u0101rtnes cien\u012bt\u0101ji un augstu v\u0113rt\u0113jam vesel\u012bgu uzturu, pied\u0101v\u0101jam jums viet\u0113jo p\u0101rtiku, kas galvenok\u0101rt audz\u0113ta un ra\u017eota tepat 5\u201310 km r\u0101dius\u0101. Ja ir kaut kas, ko viet\u0113jie ra\u017eot\u0101ji nepied\u0101v\u0101, tad vienm\u0113r dodam priek\u0161roku Igaunijas ra\u017eojumiem. M\u016bsu uzticamie sadarb\u012bbas partneri ir:\u00a0Sigwar,\u00a0Pagarikoda,\u00a0Varja [&hellip;]\" \/>\n<meta property=\"og:url\" content=\"https:\/\/karukella.ee\/toitlustus\/\" \/>\n<meta property=\"og:site_name\" content=\"Karukella Puhkemaja\" \/>\n<meta property=\"article:publisher\" content=\"https:\/\/www.facebook.com\/karukella\/\" \/>\n<meta property=\"article:modified_time\" content=\"2025-06-17T10:58:16+00:00\" \/>\n<meta property=\"og:image\" content=\"https:\/\/karukella.ee\/wp-content\/uploads\/2025\/04\/Karukella-puhkemaja-peolaud-scaled-1.webp\" \/>\n<meta name=\"twitter:card\" content=\"summary_large_image\" \/>\n<meta name=\"twitter:label1\" content=\"Est. reading time\" \/>\n\t<meta name=\"twitter:data1\" content=\"1 minute\" \/>\n<script type=\"application\/ld+json\" class=\"yoast-schema-graph\">{\"@context\":\"https:\/\/schema.org\",\"@graph\":[{\"@type\":\"WebPage\",\"@id\":\"https:\/\/karukella.ee\/toitlustus\/\",\"url\":\"https:\/\/karukella.ee\/toitlustus\/\",\"name\":\"\u0112DIENS | Karukella Puhkemaja\",\"isPartOf\":{\"@id\":\"https:\/\/karukella.ee\/#website\"},\"primaryImageOfPage\":{\"@id\":\"https:\/\/karukella.ee\/toitlustus\/#primaryimage\"},\"image\":{\"@id\":\"https:\/\/karukella.ee\/toitlustus\/#primaryimage\"},\"thumbnailUrl\":\"https:\/\/karukella.ee\/wp-content\/uploads\/2025\/04\/Karukella-puhkemaja-peolaud-scaled-1.webp\",\"datePublished\":\"2025-04-10T16:19:53+00:00\",\"dateModified\":\"2025-06-17T10:58:16+00:00\",\"breadcrumb\":{\"@id\":\"https:\/\/karukella.ee\/toitlustus\/#breadcrumb\"},\"inLanguage\":\"lv-LV\",\"potentialAction\":[{\"@type\":\"ReadAction\",\"target\":[\"https:\/\/karukella.ee\/toitlustus\/\"]}]},{\"@type\":\"ImageObject\",\"inLanguage\":\"lv-LV\",\"@id\":\"https:\/\/karukella.ee\/toitlustus\/#primaryimage\",\"url\":\"https:\/\/karukella.ee\/wp-content\/uploads\/2025\/04\/Karukella-puhkemaja-peolaud-scaled-1.webp\",\"contentUrl\":\"https:\/\/karukella.ee\/wp-content\/uploads\/2025\/04\/Karukella-puhkemaja-peolaud-scaled-1.webp\"},{\"@type\":\"BreadcrumbList\",\"@id\":\"https:\/\/karukella.ee\/toitlustus\/#breadcrumb\",\"itemListElement\":[{\"@type\":\"ListItem\",\"position\":1,\"name\":\"Home\",\"item\":\"https:\/\/karukella.ee\/lv\/\"},{\"@type\":\"ListItem\",\"position\":2,\"name\":\"\u0112DIENS\"}]},{\"@type\":\"WebSite\",\"@id\":\"https:\/\/karukella.ee\/#website\",\"url\":\"https:\/\/karukella.ee\/\",\"name\":\"Karukella Puhkemaja\",\"description\":\"Kestlik luksus 5 toaga puhkemajas Virumaal\",\"publisher\":{\"@id\":\"https:\/\/karukella.ee\/#organization\"},\"potentialAction\":[{\"@type\":\"SearchAction\",\"target\":{\"@type\":\"EntryPoint\",\"urlTemplate\":\"https:\/\/karukella.ee\/?s={search_term_string}\"},\"query-input\":{\"@type\":\"PropertyValueSpecification\",\"valueRequired\":true,\"valueName\":\"search_term_string\"}}],\"inLanguage\":\"lv-LV\"},{\"@type\":\"Organization\",\"@id\":\"https:\/\/karukella.ee\/#organization\",\"name\":\"Karukella Puhkemaja\",\"url\":\"https:\/\/karukella.ee\/\",\"logo\":{\"@type\":\"ImageObject\",\"inLanguage\":\"lv-LV\",\"@id\":\"https:\/\/karukella.ee\/#\/schema\/logo\/image\/\",\"url\":\"https:\/\/karukella.ee\/wp-content\/uploads\/2025\/03\/Karukella-puhkemaja-sirelipoosast-scaled.jpg\",\"contentUrl\":\"https:\/\/karukella.ee\/wp-content\/uploads\/2025\/03\/Karukella-puhkemaja-sirelipoosast-scaled.jpg\",\"width\":2560,\"height\":1942,\"caption\":\"Karukella Puhkemaja\"},\"image\":{\"@id\":\"https:\/\/karukella.ee\/#\/schema\/logo\/image\/\"},\"sameAs\":[\"https:\/\/www.facebook.com\/karukella\/\",\"https:\/\/www.instagram.com\/karukella_puhkemaja\/\"]}]}<\/script>\n<!-- \/ Yoast SEO plugin. -->","yoast_head_json":{"title":"\u0112DIENS | Karukella Puhkemaja","robots":{"index":"index","follow":"follow","max-snippet":"max-snippet:-1","max-image-preview":"max-image-preview:large","max-video-preview":"max-video-preview:-1"},"canonical":"https:\/\/karukella.ee\/toitlustus\/","og_locale":"lv_LV","og_type":"article","og_title":"\u0112DIENS | Karukella Puhkemaja","og_description":"JAUKAS VAKARI\u0145AS UN GARI R\u012aTI \u201cKarukella\u201d gald\u0101 ce\u013cam \u0113dienu no tuv\u0101k\u0101s apk\u0101rtnes! T\u0101 k\u0101 esam savas apk\u0101rtnes cien\u012bt\u0101ji un augstu v\u0113rt\u0113jam vesel\u012bgu uzturu, pied\u0101v\u0101jam jums viet\u0113jo p\u0101rtiku, kas galvenok\u0101rt audz\u0113ta un ra\u017eota tepat 5\u201310 km r\u0101dius\u0101. Ja ir kaut kas, ko viet\u0113jie ra\u017eot\u0101ji nepied\u0101v\u0101, tad vienm\u0113r dodam priek\u0161roku Igaunijas ra\u017eojumiem. M\u016bsu uzticamie sadarb\u012bbas partneri ir:\u00a0Sigwar,\u00a0Pagarikoda,\u00a0Varja [&hellip;]","og_url":"https:\/\/karukella.ee\/toitlustus\/","og_site_name":"Karukella Puhkemaja","article_publisher":"https:\/\/www.facebook.com\/karukella\/","article_modified_time":"2025-06-17T10:58:16+00:00","og_image":[{"url":"https:\/\/karukella.ee\/wp-content\/uploads\/2025\/04\/Karukella-puhkemaja-peolaud-scaled-1.webp","type":"","width":"","height":""}],"twitter_card":"summary_large_image","twitter_misc":{"Est. reading time":"1 minute"},"schema":{"@context":"https:\/\/schema.org","@graph":[{"@type":"WebPage","@id":"https:\/\/karukella.ee\/toitlustus\/","url":"https:\/\/karukella.ee\/toitlustus\/","name":"\u0112DIENS | Karukella Puhkemaja","isPartOf":{"@id":"https:\/\/karukella.ee\/#website"},"primaryImageOfPage":{"@id":"https:\/\/karukella.ee\/toitlustus\/#primaryimage"},"image":{"@id":"https:\/\/karukella.ee\/toitlustus\/#primaryimage"},"thumbnailUrl":"https:\/\/karukella.ee\/wp-content\/uploads\/2025\/04\/Karukella-puhkemaja-peolaud-scaled-1.webp","datePublished":"2025-04-10T16:19:53+00:00","dateModified":"2025-06-17T10:58:16+00:00","breadcrumb":{"@id":"https:\/\/karukella.ee\/toitlustus\/#breadcrumb"},"inLanguage":"lv-LV","potentialAction":[{"@type":"ReadAction","target":["https:\/\/karukella.ee\/toitlustus\/"]}]},{"@type":"ImageObject","inLanguage":"lv-LV","@id":"https:\/\/karukella.ee\/toitlustus\/#primaryimage","url":"https:\/\/karukella.ee\/wp-content\/uploads\/2025\/04\/Karukella-puhkemaja-peolaud-scaled-1.webp","contentUrl":"https:\/\/karukella.ee\/wp-content\/uploads\/2025\/04\/Karukella-puhkemaja-peolaud-scaled-1.webp"},{"@type":"BreadcrumbList","@id":"https:\/\/karukella.ee\/toitlustus\/#breadcrumb","itemListElement":[{"@type":"ListItem","position":1,"name":"Home","item":"https:\/\/karukella.ee\/lv\/"},{"@type":"ListItem","position":2,"name":"\u0112DIENS"}]},{"@type":"WebSite","@id":"https:\/\/karukella.ee\/#website","url":"https:\/\/karukella.ee\/","name":"Karukella Puhkemaja","description":"Kestlik luksus 5 toaga puhkemajas Virumaal","publisher":{"@id":"https:\/\/karukella.ee\/#organization"},"potentialAction":[{"@type":"SearchAction","target":{"@type":"EntryPoint","urlTemplate":"https:\/\/karukella.ee\/?s={search_term_string}"},"query-input":{"@type":"PropertyValueSpecification","valueRequired":true,"valueName":"search_term_string"}}],"inLanguage":"lv-LV"},{"@type":"Organization","@id":"https:\/\/karukella.ee\/#organization","name":"Karukella Puhkemaja","url":"https:\/\/karukella.ee\/","logo":{"@type":"ImageObject","inLanguage":"lv-LV","@id":"https:\/\/karukella.ee\/#\/schema\/logo\/image\/","url":"https:\/\/karukella.ee\/wp-content\/uploads\/2025\/03\/Karukella-puhkemaja-sirelipoosast-scaled.jpg","contentUrl":"https:\/\/karukella.ee\/wp-content\/uploads\/2025\/03\/Karukella-puhkemaja-sirelipoosast-scaled.jpg","width":2560,"height":1942,"caption":"Karukella Puhkemaja"},"image":{"@id":"https:\/\/karukella.ee\/#\/schema\/logo\/image\/"},"sameAs":["https:\/\/www.facebook.com\/karukella\/","https:\/\/www.instagram.com\/karukella_puhkemaja\/"]}]}},"_links":{"self":[{"href":"https:\/\/karukella.ee\/lv\/wp-json\/wp\/v2\/pages\/1749","targetHints":{"allow":["GET"]}}],"collection":[{"href":"https:\/\/karukella.ee\/lv\/wp-json\/wp\/v2\/pages"}],"about":[{"href":"https:\/\/karukella.ee\/lv\/wp-json\/wp\/v2\/types\/page"}],"author":[{"embeddable":true,"href":"https:\/\/karukella.ee\/lv\/wp-json\/wp\/v2\/users\/3"}],"replies":[{"embeddable":true,"href":"https:\/\/karukella.ee\/lv\/wp-json\/wp\/v2\/comments?post=1749"}],"version-history":[{"count":1,"href":"https:\/\/karukella.ee\/lv\/wp-json\/wp\/v2\/pages\/1749\/revisions"}],"predecessor-version":[{"id":1777,"href":"https:\/\/karukella.ee\/lv\/wp-json\/wp\/v2\/pages\/1749\/revisions\/1777"}],"wp:attachment":[{"href":"https:\/\/karukella.ee\/lv\/wp-json\/wp\/v2\/media?parent=1749"}],"curies":[{"name":"wp","href":"https:\/\/api.w.org\/{rel}","templated":true}]}}