{"id":6815,"date":"2025-04-09T12:11:49","date_gmt":"2025-04-09T12:11:49","guid":{"rendered":"https:\/\/karukella.ee\/roheline-voti\/"},"modified":"2026-01-03T15:40:33","modified_gmt":"2026-01-03T15:40:33","slug":"green-key","status":"publish","type":"page","link":"https:\/\/karukella.ee\/fi\/green-key\/","title":{"rendered":"Roheline v\u00f5ti"},"content":{"rendered":"\n<div class=\"wp-block-cover alignfull is-light\"><img loading=\"lazy\" decoding=\"async\" width=\"768\" height=\"1024\" class=\"wp-block-cover__image-background wp-image-281 size-large\" alt=\"\" src=\"https:\/\/karukella.ee\/wp-content\/uploads\/2025\/04\/Karukella-Green-Key-setifikaat-scaled-1-768x1024.webp\" style=\"object-position:58% 53%\" data-object-fit=\"cover\" data-object-position=\"58% 53%\" srcset=\"https:\/\/karukella.ee\/wp-content\/uploads\/2025\/04\/Karukella-Green-Key-setifikaat-scaled-1-768x1024.webp 768w, https:\/\/karukella.ee\/wp-content\/uploads\/2025\/04\/Karukella-Green-Key-setifikaat-scaled-1-225x300.webp 225w, https:\/\/karukella.ee\/wp-content\/uploads\/2025\/04\/Karukella-Green-Key-setifikaat-scaled-1-1152x1536.webp 1152w, https:\/\/karukella.ee\/wp-content\/uploads\/2025\/04\/Karukella-Green-Key-setifikaat-scaled-1-1536x2048.webp 1536w, https:\/\/karukella.ee\/wp-content\/uploads\/2025\/04\/Karukella-Green-Key-setifikaat-scaled-1-1568x2091.webp 1568w, https:\/\/karukella.ee\/wp-content\/uploads\/2025\/04\/Karukella-Green-Key-setifikaat-scaled-1.webp 1920w\" sizes=\"auto, (max-width: 768px) 100vw, 768px\" \/><span aria-hidden=\"true\" class=\"wp-block-cover__background has-background-dim-0 has-background-dim\" style=\"background-color:#98938a\"><\/span><div class=\"wp-block-cover__inner-container is-layout-flow wp-block-cover-is-layout-flow\">\n<p class=\"has-text-align-center has-large-font-size\"><\/p>\n<\/div><\/div>\n\n\n\n<div style=\"height:30px\" aria-hidden=\"true\" class=\"wp-block-spacer\"><\/div>\n\n\n\n<h1 class=\"wp-block-heading has-text-align-center animated rotateInDownRight slow has-darkpurple-color has-text-color has-link-color wp-elements-38a5453ee04fb0e51e73f06285926537\"><strong>Green Key \u2013 ymp\u00e4rist\u00f6vastuullinen majoitus<\/strong><\/h1>\n\n\n\n<p>Green Key on kansainv\u00e4linen ymp\u00e4rist\u00f6merkki matkailualan yrityksille. Green Key -merkki my\u00f6nnet\u00e4\u00e4n yrityksille, jotka v\u00e4litt\u00e4v\u00e4t ymp\u00e4r\u00f6iv\u00e4st\u00e4 luonnosta, haluavat v\u00e4hent\u00e4\u00e4 toimintansa ymp\u00e4rist\u00f6vaikutuksia ja sitoutuvat vastuulliseen ja kest\u00e4v\u00e4\u00e4n toimintaan.<\/p>\n\n\n\n<p>Karukellan lomatalolle my\u00f6nnettiin <strong>Green Key -ymp\u00e4rist\u00f6merkki joulukuussa 2022<\/strong>, ja olemme t\u00e4st\u00e4 tunnustuksesta eritt\u00e4in ylpeit\u00e4. Se on meille vahvistus siit\u00e4, ett\u00e4 arjen pienet ja suuret valinnat vaikuttavat \u2013 ja ett\u00e4 vastuullinen majoitus on mahdollista my\u00f6s ilman kompromisseja mukavuudessa.<\/p>\n\n\n\n<p>Jos eurooppalaisen majoitusliikkeen keskim\u00e4\u00e4r\u00e4inen hiilijalanj\u00e4lki on noin <strong>40 kg CO\u2082-ekvivalenttia henkil\u00f6\u00e4 ja y\u00f6pymist\u00e4 kohden<\/strong>, on Karukellassa vastaava luku vain <strong>14 kg CO\u2082-ekvivalenttia<\/strong>. T\u00e4m\u00e4 kertoo konkreettisesti sitoutumisestamme kest\u00e4v\u00e4\u00e4n ja ymp\u00e4rist\u00f6yst\u00e4v\u00e4lliseen majoitukseen Virossa.<\/p>\n\n\n\n<h2 class=\"wp-block-heading\"><strong>Meid\u00e4n vihre\u00e4n matkamme askeleet<\/strong><\/h2>\n\n\n\n<ul class=\"wp-block-list\">\n<li><strong>18.9.2024\u201328.11.2024<\/strong> toimimme asiantuntijana <strong>Virumaan DMO:n kest\u00e4vyyden ty\u00f6ryhm\u00e4ss\u00e4<\/strong>, joka valmisti yrityksi\u00e4 hakemaan Green Key -ymp\u00e4rist\u00f6sertifikaattia.<\/li>\n\n\n\n<li><strong>15.9.2024<\/strong> suoritimme <strong>EAS:n kest\u00e4vyyden mentorointiohjelman<\/strong>, jonka tulemusena valmisivat sek\u00e4 Karukellan <strong>vihre\u00e4 auditointi<\/strong> ett\u00e4 <strong>kest\u00e4vyyden tiekartta<\/strong>.<\/li>\n\n\n\n<li><strong>5.6.2024<\/strong> yritykselle my\u00f6nnettiin <strong>Vastuullisen yritystoiminnan indeksin pronssitaso<\/strong>.<\/li>\n\n\n\n<li><strong>15.2.2024<\/strong> osallistuimme <strong>EAS:n matkailuyritysten kest\u00e4v\u00e4n kehityksen mentorointiohjelmaan<\/strong>.<\/li>\n\n\n\n<li><strong>6.2.2024<\/strong> osallistuimme <strong>Eesti Keskkonnajuhtimise Assotsiatsiooni (EKJA)<\/strong> webinaariin esityksell\u00e4<\/li>\n\n\n\n<li><em>\u201cYmp\u00e4rist\u00f6yst\u00e4v\u00e4lliset hankinnat Green Key -sertifioidussa yrityksess\u00e4\u201d<\/em>.<\/li>\n\n\n\n<li><strong>2.2.2024<\/strong> Green Key -ymp\u00e4rist\u00f6merkki <strong>uudistettiin ja jatkettiin vuoden 2025 loppuun asti<\/strong>.<\/li>\n\n\n\n<li><strong>2.12.2023<\/strong> saimme uusia oivalluksia osallistuessamme <strong>Naiset Ettev\u00f5tluses<\/strong> -verkoston j\u00e4rjest\u00e4m\u00e4\u00e4n yrityskonferenssiin <em>\u201cVihre\u00e4sti on mahdollista\u201d<\/em>.<\/li>\n\n\n\n<li><strong>30.11.2023<\/strong> vihre\u00e4t tekomme huomattiin ja meid\u00e4t palkittiin <strong>Ida-Virumaan yritysten tunnustustilaisuudessa<\/strong>.<\/li>\n<\/ul>\n\n\n\n<h2 class=\"wp-block-heading\"><strong>Karukellan lomatalon ymp\u00e4rist\u00f6periaatteet<\/strong><\/h2>\n\n\n\n<div class=\"wp-block-edhotels-edhotels-accordions accordion right\">\n<div class=\"acc_h\"><h3>Karukellan lomatalon is\u00e4nt\u00e4v\u00e4ki on sit\u00e4 mielt\u00e4, ett\u00e4 yrityksen vastuu ymp\u00e4rist\u00f6st\u00e4 ulottuu pidemm\u00e4lle kuin pelkkiin lakis\u00e4\u00e4teisiin ja s\u00e4\u00e4ntelyyn liittyviin vaatimuksiin. Tavoitteenamme on jatkuvasti v\u00e4hent\u00e4\u00e4 toimintamme ymp\u00e4rist\u00f6vaikutuksia ja toimia yh\u00e4 ymp\u00e4rist\u00f6yst\u00e4v\u00e4llisemmin.<br><br><strong>Ymp\u00e4rist\u00f6tavoitteet<\/strong><br>Lis\u00e4\u00e4mme omaa ja ty\u00f6ntekij\u00f6idemme tietoisuutta sek\u00e4 koulutamme heit\u00e4 ymp\u00e4rist\u00f6asioissa.<br>Noudatamme kaikkia ymp\u00e4rist\u00f6\u00e4 koskevia lains\u00e4\u00e4d\u00e4nn\u00f6llisi\u00e4 vaatimuksia.<br>Kehit\u00e4mme ja seuraamme ymp\u00e4rist\u00f6yst\u00e4v\u00e4llisi\u00e4 toimintatapoja jatkuvasti.<br>V\u00e4henn\u00e4mme j\u00e4rjestelm\u00e4llisesti ymp\u00e4rist\u00f6vaikutuksiamme.<br>Otamme ymp\u00e4rist\u00f6tekij\u00e4t huomioon liiketoimintap\u00e4\u00e4t\u00f6ksi\u00e4 tehdess\u00e4mme.<br><br><strong>Paperin k\u00e4ytt\u00f6<\/strong><br>Minimoimme paperin k\u00e4yt\u00f6n lomatalossa.<br>V\u00e4henn\u00e4mme pakkausmateriaalien k\u00e4ytt\u00f6\u00e4 niin paljon kuin mahdollista.<br>Suosimme kierr\u00e4tettyj\u00e4 ja kierr\u00e4tett\u00e4vi\u00e4 paperituotteita.<br>Kierr\u00e4t\u00e4mme ja k\u00e4yt\u00e4mme paperia uudelleen aina kun se on mahdollista.<br><br><strong>Kulutustarvikkeet<\/strong><br>K\u00e4yt\u00e4mme ymp\u00e4rist\u00f6yst\u00e4v\u00e4llisi\u00e4 puhdistusaineita, astianpesutabletteja ja pesuaineita.<br>Keitti\u00f6ss\u00e4 k\u00e4yt\u00e4mme tekstiilisi\u00e4 keitti\u00f6pyyhkeit\u00e4.<br>WC-paperi ja k\u00e4sipaperi ovat 100 % kierr\u00e4tyspaperia.<br>K\u00e4ytett\u00e4v\u00e4t hygieniatuotteet ovat 100 % ekologisia.<br><br><strong>Energia ja vesi<\/strong><br>Lomatalon l\u00e4mmitys perustuu maal\u00e4mp\u00f6\u00f6n.<br>S\u00e4\u00e4d\u00e4mme l\u00e4mmityst\u00e4 ja ilmanvaihtoa manuaalisesti hiljaisina aikoina.<br>Sammutamme valot ja s\u00e4hk\u00f6laitteet, kun niit\u00e4 ei k\u00e4ytet\u00e4.<br>Huomioimme uusien tuotteiden energiatehokkuuden ja energiankulutuksen.<br>Olemme asentaneet s\u00e4hk\u00f6auton latauspisteen vieraillemme.<br>Suunnittelemme aurinkoenergian k\u00e4yt\u00f6n lis\u00e4\u00e4mist\u00e4.<br>Johdamme sadeveden WC-huuhtelus\u00e4ili\u00f6ihin.<br>Ker\u00e4\u00e4mme sadevett\u00e4 kasteluk\u00e4ytt\u00f6\u00f6n.<br><br><strong>Toimistotarvikkeet<\/strong><br>Arvioimme ennen hankintoja, voidaanko laitteet vuokrata tai jakaa.<br>Uusia tuotteita hankittaessa arvioimme niiden ymp\u00e4rist\u00f6vaikutukset.<br>Kierr\u00e4t\u00e4mme ja k\u00e4yt\u00e4mme uudelleen kaiken mahdollisen.<br><br><strong>Liikenne<\/strong><br>Pyrimme v\u00e4hent\u00e4m\u00e4\u00e4n liikkumista ja rajoittamaan ajot vain v\u00e4ltt\u00e4m\u00e4tt\u00f6miin.<br>K\u00e4yt\u00e4mme mahdollisuuksien mukaan ymp\u00e4rist\u00f6yst\u00e4v\u00e4llisi\u00e4 ajoneuvoja ja huollamme ne asianmukaisesti.<br>Kannustamme joukkoliikenteen k\u00e4ytt\u00f6\u00e4 ja korvaamme sen ty\u00f6ntekij\u00f6ille.<br>Jaamme vieraille tietoa saapumisesta julkisilla kulkuneuvoilla \u2013 P\u00fcssin rautatieasema sijaitsee vain 2 km p\u00e4\u00e4ss\u00e4.<br><br><strong>Seuranta ja kehitt\u00e4minen<\/strong><br>Noudatamme kaikkia ymp\u00e4rist\u00f6\u00e4 koskevia s\u00e4\u00e4d\u00f6ksi\u00e4.<br>Seuraamme ja parannamme ymp\u00e4rist\u00f6yst\u00e4v\u00e4llisyytt\u00e4 jatkuvasti.<br><br><strong>Yrityskulttuuri<\/strong><br>Otamme ty\u00f6ntekij\u00e4t mukaan ymp\u00e4rist\u00f6periaatteiden toteuttamiseen.<br>P\u00e4ivit\u00e4mme periaatteet v\u00e4hint\u00e4\u00e4n kerran vuodessa ja kuulemme tarvittaessa ty\u00f6ntekij\u00f6it\u00e4 ja sidosryhmi\u00e4.<br>Teemme yhteisty\u00f6t\u00e4 toimittajien ja alihankkijoiden kanssa ymp\u00e4rist\u00f6tietoisuuden lis\u00e4\u00e4miseksi.<br>Suosimme paikallista ty\u00f6voimaa ja materiaaleja CO\u2082-p\u00e4\u00e4st\u00f6jen v\u00e4hent\u00e4miseksi ja yhteis\u00f6n tukemiseksi.<br>Esittelemme ymp\u00e4rist\u00f6yst\u00e4v\u00e4llisi\u00e4 periaatteita vieraillemme erilaisten infomateriaalien kautta.<br>Arvostamme aktiivista ulkoilua ja luonnossa liikkumista.<br>Is\u00e4nt\u00e4v\u00e4ki on avoin ymp\u00e4rist\u00f6\u00e4 koskeville ehdotuksille ja keskusteluille.<br><br><strong>J\u00e4tehuolto<\/strong><br>Yritystoiminnassa syntyy v\u00e4ist\u00e4m\u00e4tt\u00e4 j\u00e4tett\u00e4. N\u00e4ill\u00e4 periaatteilla m\u00e4\u00e4ritell\u00e4\u00e4n vaatimukset ja menettelyt j\u00e4tteiden k\u00e4sittelyyn lomatalossa ja sen alueella.<br>J\u00e4tehuolto kattaa j\u00e4tteiden ker\u00e4yksen, kuljetuksen, kierr\u00e4tyksen ja loppuk\u00e4sittelyn.<br>Lajittelemme ja k\u00e4sittelemme j\u00e4tteet paikallisesti tai kuljetusta varten.<br>Kompostoimme bioj\u00e4tteet ja ohjeistamme my\u00f6s vieraita k\u00e4ytt\u00e4m\u00e4\u00e4n kompostia.<br>Keitti\u00f6ss\u00e4 on erillinen, merkitty tila pullojen ja pakkausten s\u00e4ilytt\u00e4mist\u00e4 varten.<br>Pantilliset pullot palautetaan panttiautomaatteihin, muut lasipakkaukset lasinker\u00e4ykseen.<br><br><strong>Teht\u00e4v\u00e4t ja vastuut<\/strong><br>J\u00e4tehuoltoj\u00e4rjestelm\u00e4n toimivuudesta vastaavat perheyrityksen omistajat yhdess\u00e4.<br>Tarvittavat sopimukset j\u00e4tehuoltoyhti\u00f6iden kanssa tekee is\u00e4nt\u00e4.<br>Em\u00e4nt\u00e4 vastaa j\u00e4tehuollon organisoinnista ja ohjeistuksesta.<br><br><strong>Muut toimenpiteet<\/strong><br>Olemme savuton lomatalo.<br>K\u00e4yt\u00e4mme e-laskuja ja s\u00e4hk\u00f6isi\u00e4 laskutusj\u00e4rjestelmi\u00e4.<br>V\u00e4henn\u00e4mme painettua materiaalia ja k\u00e4yt\u00e4mme QR-koodeja tiedon v\u00e4litt\u00e4miseen.<br>Olemme luoneet vihre\u00e4n sis\u00e4pihan: yrttilaatikoita, sy\u00f6t\u00e4vi\u00e4 kukkia, marjapensaita sek\u00e4 p\u00e4\u00e4ryn\u00e4-, omena- ja kirsikkapuita, joita lannoitamme luonnonmukaisesti ja suojaamme talvella lampaanvillalla.<br>Kannamme sosiaalista vastuuta suosimalla 10 km s\u00e4teell\u00e4 tuotettuja elintarvikkeita ja paikallisia palveluita.<br>Tuemme kiertotaloutta lahjoittamalla tai myym\u00e4ll\u00e4 k\u00e4ytetyt peitot, tyynyt ja pyyhkeet.<br>V\u00e4henn\u00e4mme pakkausj\u00e4tett\u00e4 ja k\u00e4yt\u00e4mme saippua- ja shampooannostelijoita kertak\u00e4ytt\u00f6pullojen sijaan.<br>Valitsemme hankinnat huolellisesti ja suosimme ymp\u00e4rist\u00f6yst\u00e4v\u00e4llisi\u00e4 tuotteita ja kumppaneita, joilla on samat arvot.<\/h3><\/div><div class=\"acc_txt\">\n<p><\/p>\n<\/div>\n<\/div>\n\n\n\n<figure class=\"wp-block-gallery alignwide has-nested-images columns-4 is-cropped wp-block-gallery-1 is-layout-flex wp-block-gallery-is-layout-flex\">\n<figure class=\"wp-block-image size-full\"><img loading=\"lazy\" decoding=\"async\" width=\"1920\" height=\"2560\" data-id=\"190\" src=\"https:\/\/karukella.ee\/wp-content\/uploads\/2025\/04\/Karukella-roheline-voti-silt-scaled-1.webp\" alt=\"\" class=\"wp-image-190\" srcset=\"https:\/\/karukella.ee\/wp-content\/uploads\/2025\/04\/Karukella-roheline-voti-silt-scaled-1.webp 1920w, https:\/\/karukella.ee\/wp-content\/uploads\/2025\/04\/Karukella-roheline-voti-silt-scaled-1-225x300.webp 225w, https:\/\/karukella.ee\/wp-content\/uploads\/2025\/04\/Karukella-roheline-voti-silt-scaled-1-768x1024.webp 768w, https:\/\/karukella.ee\/wp-content\/uploads\/2025\/04\/Karukella-roheline-voti-silt-scaled-1-1152x1536.webp 1152w, https:\/\/karukella.ee\/wp-content\/uploads\/2025\/04\/Karukella-roheline-voti-silt-scaled-1-1536x2048.webp 1536w, https:\/\/karukella.ee\/wp-content\/uploads\/2025\/04\/Karukella-roheline-voti-silt-scaled-1-1568x2091.webp 1568w\" sizes=\"auto, (max-width: 1920px) 100vw, 1920px\" \/><\/figure>\n\n\n\n<figure class=\"wp-block-image size-full\"><img loading=\"lazy\" decoding=\"async\" width=\"1920\" height=\"2560\" data-id=\"283\" src=\"https:\/\/karukella.ee\/wp-content\/uploads\/2025\/04\/Karukella-puhkemaja-uus-green-Key-scaled-1.webp\" alt=\"\" class=\"wp-image-283\" srcset=\"https:\/\/karukella.ee\/wp-content\/uploads\/2025\/04\/Karukella-puhkemaja-uus-green-Key-scaled-1.webp 1920w, https:\/\/karukella.ee\/wp-content\/uploads\/2025\/04\/Karukella-puhkemaja-uus-green-Key-scaled-1-225x300.webp 225w, https:\/\/karukella.ee\/wp-content\/uploads\/2025\/04\/Karukella-puhkemaja-uus-green-Key-scaled-1-768x1024.webp 768w, https:\/\/karukella.ee\/wp-content\/uploads\/2025\/04\/Karukella-puhkemaja-uus-green-Key-scaled-1-1152x1536.webp 1152w, https:\/\/karukella.ee\/wp-content\/uploads\/2025\/04\/Karukella-puhkemaja-uus-green-Key-scaled-1-1536x2048.webp 1536w, https:\/\/karukella.ee\/wp-content\/uploads\/2025\/04\/Karukella-puhkemaja-uus-green-Key-scaled-1-1568x2091.webp 1568w\" sizes=\"auto, (max-width: 1920px) 100vw, 1920px\" \/><\/figure>\n\n\n\n<figure class=\"wp-block-image size-full\"><img loading=\"lazy\" decoding=\"async\" width=\"1920\" height=\"2560\" data-id=\"281\" src=\"https:\/\/karukella.ee\/wp-content\/uploads\/2025\/04\/Karukella-Green-Key-setifikaat-scaled-1.webp\" alt=\"\" class=\"wp-image-281\" srcset=\"https:\/\/karukella.ee\/wp-content\/uploads\/2025\/04\/Karukella-Green-Key-setifikaat-scaled-1.webp 1920w, https:\/\/karukella.ee\/wp-content\/uploads\/2025\/04\/Karukella-Green-Key-setifikaat-scaled-1-225x300.webp 225w, https:\/\/karukella.ee\/wp-content\/uploads\/2025\/04\/Karukella-Green-Key-setifikaat-scaled-1-768x1024.webp 768w, https:\/\/karukella.ee\/wp-content\/uploads\/2025\/04\/Karukella-Green-Key-setifikaat-scaled-1-1152x1536.webp 1152w, https:\/\/karukella.ee\/wp-content\/uploads\/2025\/04\/Karukella-Green-Key-setifikaat-scaled-1-1536x2048.webp 1536w, https:\/\/karukella.ee\/wp-content\/uploads\/2025\/04\/Karukella-Green-Key-setifikaat-scaled-1-1568x2091.webp 1568w\" sizes=\"auto, (max-width: 1920px) 100vw, 1920px\" \/><\/figure>\n<\/figure>\n\n\n\n<div style=\"height:30px\" aria-hidden=\"true\" class=\"wp-block-spacer\"><\/div>\n","protected":false},"excerpt":{"rendered":"<p>Green Key \u2013 ymp\u00e4rist\u00f6vastuullinen majoitus Green Key on kansainv\u00e4linen ymp\u00e4rist\u00f6merkki matkailualan yrityksille. Green Key -merkki my\u00f6nnet\u00e4\u00e4n yrityksille, jotka v\u00e4litt\u00e4v\u00e4t ymp\u00e4r\u00f6iv\u00e4st\u00e4 luonnosta, haluavat v\u00e4hent\u00e4\u00e4 toimintansa ymp\u00e4rist\u00f6vaikutuksia ja sitoutuvat vastuulliseen ja kest\u00e4v\u00e4\u00e4n toimintaan. Karukellan lomatalolle my\u00f6nnettiin Green Key -ymp\u00e4rist\u00f6merkki joulukuussa 2022, ja olemme t\u00e4st\u00e4 tunnustuksesta eritt\u00e4in ylpeit\u00e4. Se on meille vahvistus siit\u00e4, ett\u00e4 arjen pienet ja suuret [&hellip;]<\/p>\n","protected":false},"author":3,"featured_media":0,"parent":0,"menu_order":0,"comment_status":"closed","ping_status":"closed","template":"","meta":{"footnotes":""},"class_list":["post-6815","page","type-page","status-publish","hentry"],"yoast_head":"<!-- This site is optimized with the Yoast SEO plugin v27.0 - https:\/\/yoast.com\/product\/yoast-seo-wordpress\/ -->\n<title>Green Key -majoitus Virossa | Karukellan lomatalo<\/title>\n<meta name=\"description\" content=\"Green Key -sertifioitu majoitus Virossa \u2013 Karukellan lomatalo panustab kest\u00e4vyyteen, pienemp\u00e4\u00e4n hiilijalanj\u00e4lkeen ja vastuulliseen matkailuun.\" \/>\n<meta name=\"robots\" content=\"index, follow, max-snippet:-1, max-image-preview:large, max-video-preview:-1\" \/>\n<link rel=\"canonical\" href=\"https:\/\/karukella.ee\/fi\/green-key\/\" \/>\n<meta property=\"og:locale\" content=\"fi_FI\" \/>\n<meta property=\"og:type\" content=\"article\" \/>\n<meta property=\"og:title\" content=\"Green Key -majoitus Virossa | Karukellan lomatalo\" \/>\n<meta property=\"og:description\" content=\"Green Key -sertifioitu majoitus Virossa \u2013 Karukellan lomatalo panustab kest\u00e4vyyteen, pienemp\u00e4\u00e4n hiilijalanj\u00e4lkeen ja vastuulliseen matkailuun.\" \/>\n<meta property=\"og:url\" content=\"https:\/\/karukella.ee\/fi\/green-key\/\" \/>\n<meta property=\"og:site_name\" content=\"Karukella Puhkemaja\" \/>\n<meta property=\"article:publisher\" content=\"https:\/\/www.facebook.com\/karukella\/\" \/>\n<meta property=\"article:modified_time\" content=\"2026-01-03T15:40:33+00:00\" \/>\n<meta property=\"og:image\" content=\"https:\/\/karukella.ee\/wp-content\/uploads\/2025\/04\/Karukella-Green-Key-setifikaat-scaled-1.webp\" \/>\n\t<meta property=\"og:image:width\" content=\"1920\" \/>\n\t<meta property=\"og:image:height\" content=\"2560\" \/>\n\t<meta property=\"og:image:type\" content=\"image\/webp\" \/>\n<meta name=\"twitter:card\" content=\"summary_large_image\" \/>\n<meta name=\"twitter:label1\" content=\"Arvioitu lukuaika\" \/>\n\t<meta name=\"twitter:data1\" content=\"5 minuuttia\" \/>\n<script type=\"application\/ld+json\" class=\"yoast-schema-graph\">{\"@context\":\"https:\/\/schema.org\",\"@graph\":[{\"@type\":\"WebPage\",\"@id\":\"https:\/\/karukella.ee\/fi\/green-key\/\",\"url\":\"https:\/\/karukella.ee\/fi\/green-key\/\",\"name\":\"Green Key -majoitus Virossa | Karukellan lomatalo\",\"isPartOf\":{\"@id\":\"https:\/\/karukella.ee\/#website\"},\"primaryImageOfPage\":{\"@id\":\"https:\/\/karukella.ee\/fi\/green-key\/#primaryimage\"},\"image\":{\"@id\":\"https:\/\/karukella.ee\/fi\/green-key\/#primaryimage\"},\"thumbnailUrl\":\"https:\/\/karukella.ee\/wp-content\/uploads\/2025\/04\/Karukella-Green-Key-setifikaat-scaled-1-768x1024.webp\",\"datePublished\":\"2025-04-09T12:11:49+00:00\",\"dateModified\":\"2026-01-03T15:40:33+00:00\",\"description\":\"Green Key -sertifioitu majoitus Virossa \u2013 Karukellan lomatalo panustab kest\u00e4vyyteen, pienemp\u00e4\u00e4n hiilijalanj\u00e4lkeen ja vastuulliseen matkailuun.\",\"breadcrumb\":{\"@id\":\"https:\/\/karukella.ee\/fi\/green-key\/#breadcrumb\"},\"inLanguage\":\"fi\",\"potentialAction\":[{\"@type\":\"ReadAction\",\"target\":[\"https:\/\/karukella.ee\/fi\/green-key\/\"]}]},{\"@type\":\"ImageObject\",\"inLanguage\":\"fi\",\"@id\":\"https:\/\/karukella.ee\/fi\/green-key\/#primaryimage\",\"url\":\"https:\/\/karukella.ee\/wp-content\/uploads\/2025\/04\/Karukella-Green-Key-setifikaat-scaled-1-768x1024.webp\",\"contentUrl\":\"https:\/\/karukella.ee\/wp-content\/uploads\/2025\/04\/Karukella-Green-Key-setifikaat-scaled-1-768x1024.webp\"},{\"@type\":\"BreadcrumbList\",\"@id\":\"https:\/\/karukella.ee\/fi\/green-key\/#breadcrumb\",\"itemListElement\":[{\"@type\":\"ListItem\",\"position\":1,\"name\":\"Home\",\"item\":\"https:\/\/karukella.ee\/fi\/\"},{\"@type\":\"ListItem\",\"position\":2,\"name\":\"Roheline v\u00f5ti\"}]},{\"@type\":\"WebSite\",\"@id\":\"https:\/\/karukella.ee\/#website\",\"url\":\"https:\/\/karukella.ee\/\",\"name\":\"Karukella Puhkemaja\",\"description\":\"Kestlik luksus 5 toaga puhkemajas Virumaal\",\"publisher\":{\"@id\":\"https:\/\/karukella.ee\/#organization\"},\"potentialAction\":[{\"@type\":\"SearchAction\",\"target\":{\"@type\":\"EntryPoint\",\"urlTemplate\":\"https:\/\/karukella.ee\/?s={search_term_string}\"},\"query-input\":{\"@type\":\"PropertyValueSpecification\",\"valueRequired\":true,\"valueName\":\"search_term_string\"}}],\"inLanguage\":\"fi\"},{\"@type\":\"Organization\",\"@id\":\"https:\/\/karukella.ee\/#organization\",\"name\":\"Karukella Puhkemaja\",\"url\":\"https:\/\/karukella.ee\/\",\"logo\":{\"@type\":\"ImageObject\",\"inLanguage\":\"fi\",\"@id\":\"https:\/\/karukella.ee\/#\/schema\/logo\/image\/\",\"url\":\"https:\/\/karukella.ee\/wp-content\/uploads\/2025\/03\/Karukella-puhkemaja-sirelipoosast-scaled.jpg\",\"contentUrl\":\"https:\/\/karukella.ee\/wp-content\/uploads\/2025\/03\/Karukella-puhkemaja-sirelipoosast-scaled.jpg\",\"width\":2560,\"height\":1942,\"caption\":\"Karukella Puhkemaja\"},\"image\":{\"@id\":\"https:\/\/karukella.ee\/#\/schema\/logo\/image\/\"},\"sameAs\":[\"https:\/\/www.facebook.com\/karukella\/\",\"https:\/\/www.instagram.com\/karukella_puhkemaja\/\"]}]}<\/script>\n<!-- \/ Yoast SEO plugin. -->","yoast_head_json":{"title":"Green Key -majoitus Virossa | Karukellan lomatalo","description":"Green Key -sertifioitu majoitus Virossa \u2013 Karukellan lomatalo panustab kest\u00e4vyyteen, pienemp\u00e4\u00e4n hiilijalanj\u00e4lkeen ja vastuulliseen matkailuun.","robots":{"index":"index","follow":"follow","max-snippet":"max-snippet:-1","max-image-preview":"max-image-preview:large","max-video-preview":"max-video-preview:-1"},"canonical":"https:\/\/karukella.ee\/fi\/green-key\/","og_locale":"fi_FI","og_type":"article","og_title":"Green Key -majoitus Virossa | Karukellan lomatalo","og_description":"Green Key -sertifioitu majoitus Virossa \u2013 Karukellan lomatalo panustab kest\u00e4vyyteen, pienemp\u00e4\u00e4n hiilijalanj\u00e4lkeen ja vastuulliseen matkailuun.","og_url":"https:\/\/karukella.ee\/fi\/green-key\/","og_site_name":"Karukella Puhkemaja","article_publisher":"https:\/\/www.facebook.com\/karukella\/","article_modified_time":"2026-01-03T15:40:33+00:00","og_image":[{"width":1920,"height":2560,"url":"https:\/\/karukella.ee\/wp-content\/uploads\/2025\/04\/Karukella-Green-Key-setifikaat-scaled-1.webp","type":"image\/webp"}],"twitter_card":"summary_large_image","twitter_misc":{"Arvioitu lukuaika":"5 minuuttia"},"schema":{"@context":"https:\/\/schema.org","@graph":[{"@type":"WebPage","@id":"https:\/\/karukella.ee\/fi\/green-key\/","url":"https:\/\/karukella.ee\/fi\/green-key\/","name":"Green Key -majoitus Virossa | Karukellan lomatalo","isPartOf":{"@id":"https:\/\/karukella.ee\/#website"},"primaryImageOfPage":{"@id":"https:\/\/karukella.ee\/fi\/green-key\/#primaryimage"},"image":{"@id":"https:\/\/karukella.ee\/fi\/green-key\/#primaryimage"},"thumbnailUrl":"https:\/\/karukella.ee\/wp-content\/uploads\/2025\/04\/Karukella-Green-Key-setifikaat-scaled-1-768x1024.webp","datePublished":"2025-04-09T12:11:49+00:00","dateModified":"2026-01-03T15:40:33+00:00","description":"Green Key -sertifioitu majoitus Virossa \u2013 Karukellan lomatalo panustab kest\u00e4vyyteen, pienemp\u00e4\u00e4n hiilijalanj\u00e4lkeen ja vastuulliseen matkailuun.","breadcrumb":{"@id":"https:\/\/karukella.ee\/fi\/green-key\/#breadcrumb"},"inLanguage":"fi","potentialAction":[{"@type":"ReadAction","target":["https:\/\/karukella.ee\/fi\/green-key\/"]}]},{"@type":"ImageObject","inLanguage":"fi","@id":"https:\/\/karukella.ee\/fi\/green-key\/#primaryimage","url":"https:\/\/karukella.ee\/wp-content\/uploads\/2025\/04\/Karukella-Green-Key-setifikaat-scaled-1-768x1024.webp","contentUrl":"https:\/\/karukella.ee\/wp-content\/uploads\/2025\/04\/Karukella-Green-Key-setifikaat-scaled-1-768x1024.webp"},{"@type":"BreadcrumbList","@id":"https:\/\/karukella.ee\/fi\/green-key\/#breadcrumb","itemListElement":[{"@type":"ListItem","position":1,"name":"Home","item":"https:\/\/karukella.ee\/fi\/"},{"@type":"ListItem","position":2,"name":"Roheline v\u00f5ti"}]},{"@type":"WebSite","@id":"https:\/\/karukella.ee\/#website","url":"https:\/\/karukella.ee\/","name":"Karukella Puhkemaja","description":"Kestlik luksus 5 toaga puhkemajas Virumaal","publisher":{"@id":"https:\/\/karukella.ee\/#organization"},"potentialAction":[{"@type":"SearchAction","target":{"@type":"EntryPoint","urlTemplate":"https:\/\/karukella.ee\/?s={search_term_string}"},"query-input":{"@type":"PropertyValueSpecification","valueRequired":true,"valueName":"search_term_string"}}],"inLanguage":"fi"},{"@type":"Organization","@id":"https:\/\/karukella.ee\/#organization","name":"Karukella Puhkemaja","url":"https:\/\/karukella.ee\/","logo":{"@type":"ImageObject","inLanguage":"fi","@id":"https:\/\/karukella.ee\/#\/schema\/logo\/image\/","url":"https:\/\/karukella.ee\/wp-content\/uploads\/2025\/03\/Karukella-puhkemaja-sirelipoosast-scaled.jpg","contentUrl":"https:\/\/karukella.ee\/wp-content\/uploads\/2025\/03\/Karukella-puhkemaja-sirelipoosast-scaled.jpg","width":2560,"height":1942,"caption":"Karukella Puhkemaja"},"image":{"@id":"https:\/\/karukella.ee\/#\/schema\/logo\/image\/"},"sameAs":["https:\/\/www.facebook.com\/karukella\/","https:\/\/www.instagram.com\/karukella_puhkemaja\/"]}]}},"_links":{"self":[{"href":"https:\/\/karukella.ee\/fi\/wp-json\/wp\/v2\/pages\/6815","targetHints":{"allow":["GET"]}}],"collection":[{"href":"https:\/\/karukella.ee\/fi\/wp-json\/wp\/v2\/pages"}],"about":[{"href":"https:\/\/karukella.ee\/fi\/wp-json\/wp\/v2\/types\/page"}],"author":[{"embeddable":true,"href":"https:\/\/karukella.ee\/fi\/wp-json\/wp\/v2\/users\/3"}],"replies":[{"embeddable":true,"href":"https:\/\/karukella.ee\/fi\/wp-json\/wp\/v2\/comments?post=6815"}],"version-history":[{"count":6,"href":"https:\/\/karukella.ee\/fi\/wp-json\/wp\/v2\/pages\/6815\/revisions"}],"predecessor-version":[{"id":6827,"href":"https:\/\/karukella.ee\/fi\/wp-json\/wp\/v2\/pages\/6815\/revisions\/6827"}],"wp:attachment":[{"href":"https:\/\/karukella.ee\/fi\/wp-json\/wp\/v2\/media?parent=6815"}],"curies":[{"name":"wp","href":"https:\/\/api.w.org\/{rel}","templated":true}]}}