{"id":1640,"date":"2025-06-07T19:33:15","date_gmt":"2025-06-07T19:33:15","guid":{"rendered":"https:\/\/karukella.ee\/pererahvast\/"},"modified":"2026-01-03T14:44:49","modified_gmt":"2026-01-03T14:44:49","slug":"isantavaki","status":"publish","type":"page","link":"https:\/\/karukella.ee\/fi\/isantavaki\/","title":{"rendered":"TIETOA IS\u00c4NT\u00c4PERHEEST\u00c4"},"content":{"rendered":"\n<div class=\"wp-block-cover alignfull\"><img loading=\"lazy\" decoding=\"async\" width=\"2560\" height=\"1920\" class=\"wp-block-cover__image-background wp-image-1300 size-full\" alt=\"TIETOA IS\u00c4NT\u00c4V\u00c4EST\u00c4\" src=\"https:\/\/karukella.ee\/wp-content\/uploads\/2025\/06\/Karukella-puhkemaja-marjasaak_1-scaled.jpg\" data-object-fit=\"cover\" srcset=\"https:\/\/karukella.ee\/wp-content\/uploads\/2025\/06\/Karukella-puhkemaja-marjasaak_1-scaled.jpg 2560w, https:\/\/karukella.ee\/wp-content\/uploads\/2025\/06\/Karukella-puhkemaja-marjasaak_1-300x225.jpg 300w, https:\/\/karukella.ee\/wp-content\/uploads\/2025\/06\/Karukella-puhkemaja-marjasaak_1-1024x768.jpg 1024w, https:\/\/karukella.ee\/wp-content\/uploads\/2025\/06\/Karukella-puhkemaja-marjasaak_1-768x576.jpg 768w, https:\/\/karukella.ee\/wp-content\/uploads\/2025\/06\/Karukella-puhkemaja-marjasaak_1-1536x1152.jpg 1536w, https:\/\/karukella.ee\/wp-content\/uploads\/2025\/06\/Karukella-puhkemaja-marjasaak_1-2048x1536.jpg 2048w, https:\/\/karukella.ee\/wp-content\/uploads\/2025\/06\/Karukella-puhkemaja-marjasaak_1-1568x1176.jpg 1568w\" sizes=\"auto, (max-width: 2560px) 100vw, 2560px\" \/><span aria-hidden=\"true\" class=\"wp-block-cover__background has-background-dim-0 has-background-dim\"><\/span><div class=\"wp-block-cover__inner-container is-layout-flow wp-block-cover-is-layout-flow\">\n<p class=\"has-text-align-center has-large-font-size\"><\/p>\n<\/div><\/div>\n\n\n\n<div style=\"height:30px\" aria-hidden=\"true\" class=\"wp-block-spacer mobile-spacer-10\"><\/div>\n\n\n\n<h1 class=\"wp-block-heading has-text-align-center animated rotateInDownRight slow has-darkpurple-color has-text-color has-link-color wp-elements-136e0730238ed69e4650913e265a62b1\"><strong><strong><strong>TIETOA IS\u00c4NT\u00c4V\u00c4EST\u00c4<\/strong><\/strong><\/strong><\/h1>\n\n\n\n<p class=\"has-text-align-center\">Is\u00e4nt\u00e4v\u00e4ki<\/p>\n\n\n\n<p class=\"has-text-align-center\">Karukellan is\u00e4nt\u00e4v\u00e4ki on perhe, kelle jaoks Karukella ei ole vain lomatalo, vaan el\u00e4m\u00e4ntapa ja syd\u00e4menasia. <\/p>\n\n\n\n<blockquote class=\"wp-block-quote is-layout-flow wp-block-quote-is-layout-flow\">\n<p>Meille on t\u00e4rke\u00e4\u00e4, ett\u00e4 jokainen vieras tuntee olevansa aidosti tervetullut \u2013 kuin tulisi kyl\u00e4\u00e4n, ei vain majoitukseen.<\/p>\n<\/blockquote>\n\n\n\n<p class=\"has-text-align-center\">Karukellan taustalla on kaksi erilaista, mutta toisiaan t\u00e4ydent\u00e4v\u00e4\u00e4 ihmist\u00e4. Vieraanvaraisuus, palveluhenkisyys ja huolellisesti rakennetut kokonaisuudet ovat syntyneet vuosien kokemuksesta ja halusta tehd\u00e4 asiat hyvin. Jokainen yksityiskohta on mietitty niin, ett\u00e4 lomasi olisi helppo, rauhallinen ja miellytt\u00e4v\u00e4.<\/p>\n\n\n\n<p class=\"has-text-align-center\">Karukellan is\u00e4nt\u00e4v\u00e4ki uskoo, ett\u00e4 parhaat lomakokemukset syntyv\u00e4t pienist\u00e4 asioista \u2013 l\u00e4sn\u00e4olosta, huolenpidosta ja siit\u00e4 tunteesta, ett\u00e4 joku oikeasti v\u00e4litt\u00e4\u00e4. Siksi olemme itse mukana arjessa ja vieraidemme vastaanottamisessa.<\/p>\n\n\n\n<p class=\"has-text-align-center\">Karukella on paikka, jossa yhdistyv\u00e4t kodikas tunnelma, harkittu mukavuus ja aidot kohtaamiset. Haluamme, ett\u00e4 lomasi alkaa jo sill\u00e4 hetkell\u00e4, kun astut ovesta sis\u00e4\u00e4n.<\/p>\n\n\n\n<div style=\"height:20px\" aria-hidden=\"true\" class=\"wp-block-spacer mobile-spacer-10\"><\/div>\n\n\n\n<div class=\"wp-block-columns alignwide has-background is-layout-flex wp-container-core-columns-is-layout-74d018ca wp-block-columns-is-layout-flex\" style=\"background-color:#d7b56d;padding-top:var(--wp--preset--spacing--20);padding-right:var(--wp--preset--spacing--20);padding-bottom:var(--wp--preset--spacing--20);padding-left:var(--wp--preset--spacing--20)\">\n<div class=\"wp-block-column has-white-background-color has-background is-layout-flow wp-container-core-column-is-layout-6a27151a wp-block-column-is-layout-flow\" style=\"padding-top:var(--wp--preset--spacing--30);padding-right:var(--wp--preset--spacing--30);padding-bottom:var(--wp--preset--spacing--30);padding-left:var(--wp--preset--spacing--30)\">\n<div class=\"wp-block-edhotels-grid-gallery grid-items lightgallery is-style-default\"><div data-src=\"https:\/\/karukella.ee\/wp-content\/uploads\/2025\/06\/Karukella-puhkemaja-pererahvas_55-scaled.jpg\" class=\"grid-item\"><img decoding=\"async\" width=\"768\" height=\"1024\" src=\"https:\/\/karukella.ee\/wp-content\/uploads\/2025\/06\/Karukella-puhkemaja-pererahvas_55-768x1024.jpg\" alt=\"\" data-id=\"1208\" loading=\"lazy\" class=\"wp-image-1208\" srcset=\"https:\/\/karukella.ee\/wp-content\/uploads\/2025\/06\/Karukella-puhkemaja-pererahvas_55-768x1024.jpg 768w, https:\/\/karukella.ee\/wp-content\/uploads\/2025\/06\/Karukella-puhkemaja-pererahvas_55-225x300.jpg 225w, https:\/\/karukella.ee\/wp-content\/uploads\/2025\/06\/Karukella-puhkemaja-pererahvas_55-1152x1536.jpg 1152w, https:\/\/karukella.ee\/wp-content\/uploads\/2025\/06\/Karukella-puhkemaja-pererahvas_55-1536x2048.jpg 1536w, https:\/\/karukella.ee\/wp-content\/uploads\/2025\/06\/Karukella-puhkemaja-pererahvas_55-1568x2091.jpg 1568w, https:\/\/karukella.ee\/wp-content\/uploads\/2025\/06\/Karukella-puhkemaja-pererahvas_55-scaled.jpg 1920w\" sizes=\"auto, (max-width: 768px) 100vw, 768px\" \/><\/div><div data-src=\"https:\/\/karukella.ee\/wp-content\/uploads\/2025\/06\/Karukella-perenaine-Terje-tassiga_vk.jpg\" class=\"grid-item\"><img decoding=\"async\" width=\"683\" height=\"1024\" src=\"https:\/\/karukella.ee\/wp-content\/uploads\/2025\/06\/Karukella-perenaine-Terje-tassiga_vk-683x1024.jpg\" alt=\"\" data-id=\"1210\" loading=\"lazy\" class=\"wp-image-1210\" srcset=\"https:\/\/karukella.ee\/wp-content\/uploads\/2025\/06\/Karukella-perenaine-Terje-tassiga_vk-683x1024.jpg 683w, https:\/\/karukella.ee\/wp-content\/uploads\/2025\/06\/Karukella-perenaine-Terje-tassiga_vk-200x300.jpg 200w, https:\/\/karukella.ee\/wp-content\/uploads\/2025\/06\/Karukella-perenaine-Terje-tassiga_vk-768x1152.jpg 768w, https:\/\/karukella.ee\/wp-content\/uploads\/2025\/06\/Karukella-perenaine-Terje-tassiga_vk.jpg 1000w\" sizes=\"auto, (max-width: 683px) 100vw, 683px\" \/><\/div><div data-src=\"https:\/\/karukella.ee\/wp-content\/uploads\/2025\/06\/Karukella-pererahvas-scaled.jpg\" class=\"grid-item\"><img decoding=\"async\" width=\"683\" height=\"1024\" src=\"https:\/\/karukella.ee\/wp-content\/uploads\/2025\/06\/Karukella-pererahvas-683x1024.jpg\" alt=\"\" data-id=\"1212\" loading=\"lazy\" class=\"wp-image-1212\" srcset=\"https:\/\/karukella.ee\/wp-content\/uploads\/2025\/06\/Karukella-pererahvas-683x1024.jpg 683w, https:\/\/karukella.ee\/wp-content\/uploads\/2025\/06\/Karukella-pererahvas-200x300.jpg 200w, https:\/\/karukella.ee\/wp-content\/uploads\/2025\/06\/Karukella-pererahvas-768x1152.jpg 768w, https:\/\/karukella.ee\/wp-content\/uploads\/2025\/06\/Karukella-pererahvas-1024x1536.jpg 1024w, https:\/\/karukella.ee\/wp-content\/uploads\/2025\/06\/Karukella-pererahvas-1365x2048.jpg 1365w, https:\/\/karukella.ee\/wp-content\/uploads\/2025\/06\/Karukella-pererahvas-1568x2352.jpg 1568w, https:\/\/karukella.ee\/wp-content\/uploads\/2025\/06\/Karukella-pererahvas-scaled.jpg 1707w\" sizes=\"auto, (max-width: 683px) 100vw, 683px\" \/><\/div><div data-src=\"https:\/\/karukella.ee\/wp-content\/uploads\/2025\/06\/Karukella-puhkemaja-pererahvas-scaled.jpg\" class=\"grid-item\"><img decoding=\"async\" width=\"666\" height=\"1024\" src=\"https:\/\/karukella.ee\/wp-content\/uploads\/2025\/06\/Karukella-puhkemaja-pererahvas-666x1024.jpg\" alt=\"\" data-id=\"1214\" loading=\"lazy\" class=\"wp-image-1214\" srcset=\"https:\/\/karukella.ee\/wp-content\/uploads\/2025\/06\/Karukella-puhkemaja-pererahvas-666x1024.jpg 666w, https:\/\/karukella.ee\/wp-content\/uploads\/2025\/06\/Karukella-puhkemaja-pererahvas-195x300.jpg 195w, https:\/\/karukella.ee\/wp-content\/uploads\/2025\/06\/Karukella-puhkemaja-pererahvas-768x1181.jpg 768w, https:\/\/karukella.ee\/wp-content\/uploads\/2025\/06\/Karukella-puhkemaja-pererahvas-999x1536.jpg 999w, https:\/\/karukella.ee\/wp-content\/uploads\/2025\/06\/Karukella-puhkemaja-pererahvas-1331x2048.jpg 1331w, https:\/\/karukella.ee\/wp-content\/uploads\/2025\/06\/Karukella-puhkemaja-pererahvas-1568x2412.jpg 1568w, https:\/\/karukella.ee\/wp-content\/uploads\/2025\/06\/Karukella-puhkemaja-pererahvas-scaled.jpg 1664w\" sizes=\"auto, (max-width: 666px) 100vw, 666px\" \/><\/div><div data-src=\"https:\/\/karukella.ee\/wp-content\/uploads\/2025\/06\/Karukella-puhkemaja-pererahvas-terrassil-lahemalt_.jpg\" class=\"grid-item\"><img decoding=\"async\" width=\"770\" height=\"1024\" src=\"https:\/\/karukella.ee\/wp-content\/uploads\/2025\/06\/Karukella-puhkemaja-pererahvas-terrassil-lahemalt_-770x1024.jpg\" alt=\"\" data-id=\"1218\" loading=\"lazy\" class=\"wp-image-1218\" srcset=\"https:\/\/karukella.ee\/wp-content\/uploads\/2025\/06\/Karukella-puhkemaja-pererahvas-terrassil-lahemalt_-770x1024.jpg 770w, https:\/\/karukella.ee\/wp-content\/uploads\/2025\/06\/Karukella-puhkemaja-pererahvas-terrassil-lahemalt_-226x300.jpg 226w, https:\/\/karukella.ee\/wp-content\/uploads\/2025\/06\/Karukella-puhkemaja-pererahvas-terrassil-lahemalt_-768x1021.jpg 768w, https:\/\/karukella.ee\/wp-content\/uploads\/2025\/06\/Karukella-puhkemaja-pererahvas-terrassil-lahemalt_-1156x1536.jpg 1156w, https:\/\/karukella.ee\/wp-content\/uploads\/2025\/06\/Karukella-puhkemaja-pererahvas-terrassil-lahemalt_-1541x2048.jpg 1541w, https:\/\/karukella.ee\/wp-content\/uploads\/2025\/06\/Karukella-puhkemaja-pererahvas-terrassil-lahemalt_-1568x2084.jpg 1568w, https:\/\/karukella.ee\/wp-content\/uploads\/2025\/06\/Karukella-puhkemaja-pererahvas-terrassil-lahemalt_.jpg 1898w\" sizes=\"auto, (max-width: 770px) 100vw, 770px\" \/><\/div><\/div>\n<\/div>\n\n\n\n<div class=\"wp-block-column is-vertically-aligned-center is-layout-flow wp-block-column-is-layout-flow\" style=\"padding-right:var(--wp--preset--spacing--40);padding-left:var(--wp--preset--spacing--40)\">\n<h2 class=\"wp-block-heading has-black-color has-text-color has-link-color wp-elements-8221db9c50ff82596ab271cf9a6cbeed\" style=\"text-transform:uppercase\"><strong><br><strong>Kuka on Karukellon takana?<\/strong><\/strong><\/h2>\n\n\n\n<p class=\"has-black-color has-text-color has-link-color wp-elements-050f1277bb8e58f1f6fd6c1ad8912d99\">Karukella Lomatalon syntytarina alkaa kahden hyvin erilaisen, mutta toisiaan t\u00e4ydent\u00e4v\u00e4n ihmisen matkasta.<\/p>\n\n\n\n<p class=\"has-black-color has-text-color has-link-color wp-elements-869279f49464a30211d5d57bbf944580\">Terjell\u00e4 on yli 20 vuoden kokemus matkailualalta. Vieraanvaraisuudella, markkinoinnilla ja palvelumuotoilulla on vahva paikka h\u00e4nen syd\u00e4mess\u00e4\u00e4n. Siksi Karukellan jokaisella yksityiskohdalla on paikkansa \u2013 sis\u00e4inen asiakaskokemus on hyvin harkittu, looginen ja mukava, jotta lomastasi tulisi sujuva ja huoleton.<\/p>\n\n\n\n<p class=\"has-black-color has-text-color has-link-color wp-elements-28ac57f80912a4e0fb9d1a66ec1bc0c7\">Yrityksen toinen puoli, Jaanus, tuo mukanaan kokemusta insin\u00f6\u00f6rin\u00e4, suunnittelijana ja rakentajana. H\u00e4nen osaamisensa ja \u00e4lykk\u00e4iden teknisten ratkaisujensa avulla Karukellasta tuli mahdollinen \u2013 energiatehokas ja mobiiliohjattava \u00e4lykoti, joka on my\u00f6s l\u00e4mmin, viihtyis\u00e4 ja inhimillinen.<\/p>\n\n\n\n<p class=\"has-black-color has-text-color has-link-color wp-elements-a3f90f002db706674479f5bae413dae5\">Olemme oman onnemme seppi\u00e4 \u2013 emme ole perineet maata tai metsi\u00e4, mutta meill\u00e4 on ollut tahtoa oppia, uskaltaa, kokeilla ja tehd\u00e4 asioita hyvin. Kaikesta t\u00e4st\u00e4 syntyi Karukellan Lomatalo \u2013 paikka, joka yhdist\u00e4\u00e4 mukavuuden, ylellisyyden, kest\u00e4v\u00e4n kehityksen, yksityiskohtien huomioimisen ja lapsiperheille sopivan ymp\u00e4rist\u00f6n.<br><strong><br><strong>Olette aina l\u00e4mpim\u00e4sti tervetullut!<\/strong><\/strong><\/p>\n<\/div>\n<\/div>\n\n\n\n<div style=\"height:30px\" aria-hidden=\"true\" class=\"wp-block-spacer mobile-spacer-10\"><\/div>\n\n\n\n<h2 class=\"wp-block-heading\"><strong>Karukellan is\u00e4nt\u00e4v\u00e4en arvot<\/strong><\/h2>\n\n\n\n<p>Karukellan lomatalon is\u00e4nt\u00e4v\u00e4ki on itse tehnyt oman polkunsa. Meill\u00e4 ei ole ollut perittyj\u00e4 maita tai metsi\u00e4, mutta sit\u00e4kin enemm\u00e4n halua oppia, uskaltaa kokeilla ja tehd\u00e4 asiat hyvin. Olemme aina uskoneet, ett\u00e4 parhaat asiat syntyv\u00e4t rehellisesti \u2013 omin k\u00e4sin ja syd\u00e4mell\u00e4, alusta asti itse rakentaen.<\/p>\n\n\n\n<p>N\u00e4ist\u00e4 arvoista on syntynyt Karukellan lomatalo \u2013 paikka, jossa yhdistyv\u00e4t mukavuus, pienet luksukset, kest\u00e4v\u00e4 ajattelutapa ja huolellinen huomio yksityiskohtiin. Meille on ollut t\u00e4rke\u00e4\u00e4 luoda ymp\u00e4rist\u00f6, joka sopii my\u00f6s lapsiperheille ja tuntuu aidosti kodikkaalta.<\/p>\n\n\n\n<p>N\u00e4iden arvojen pohjalta Karukellassa kohtaavat:<\/p>\n\n\n\n<ul class=\"wp-block-list\">\n<li>kodinomainen mukavuus<\/li>\n\n\n\n<li>kest\u00e4v\u00e4 ja vastuullinen ajattelutapa<\/li>\n\n\n\n<li>harkitut pienet luksukset<\/li>\n\n\n\n<li>sek\u00e4 aidosti l\u00e4sn\u00e4 oleva is\u00e4nt\u00e4v\u00e4ki, joka huolehtii siit\u00e4, ett\u00e4 lomasi alkaa jo sill\u00e4 hetkell\u00e4, kun ovi avautuu<\/li>\n<\/ul>\n\n\n\n<hr class=\"wp-block-separator has-alpha-channel-opacity\"\/>\n","protected":false},"excerpt":{"rendered":"<p>TIETOA IS\u00c4NT\u00c4V\u00c4EST\u00c4 Is\u00e4nt\u00e4v\u00e4ki Karukellan is\u00e4nt\u00e4v\u00e4ki on perhe, kelle jaoks Karukella ei ole vain lomatalo, vaan el\u00e4m\u00e4ntapa ja syd\u00e4menasia. Meille on t\u00e4rke\u00e4\u00e4, ett\u00e4 jokainen vieras tuntee olevansa aidosti tervetullut \u2013 kuin tulisi kyl\u00e4\u00e4n, ei vain majoitukseen. Karukellan taustalla on kaksi erilaista, mutta toisiaan t\u00e4ydent\u00e4v\u00e4\u00e4 ihmist\u00e4. Vieraanvaraisuus, palveluhenkisyys ja huolellisesti rakennetut kokonaisuudet ovat syntyneet vuosien kokemuksesta ja [&hellip;]<\/p>\n","protected":false},"author":1,"featured_media":0,"parent":0,"menu_order":0,"comment_status":"closed","ping_status":"closed","template":"","meta":{"footnotes":""},"class_list":["post-1640","page","type-page","status-publish","hentry"],"yoast_head":"<!-- This site is optimized with the Yoast SEO plugin v27.0 - https:\/\/yoast.com\/product\/yoast-seo-wordpress\/ -->\n<title>Karukellan is\u00e4nt\u00e4v\u00e4ki | Ihmiset Karukellan takana<\/title>\n<meta name=\"description\" content=\"Tutustu Karukellan is\u00e4nt\u00e4v\u00e4keen \u2013 ihmisiin Karukellan lomatalon takana, arvoihin ja tarinaan, joka tekee paikasta kodikkaan ja aidon.\" \/>\n<meta name=\"robots\" content=\"index, follow, max-snippet:-1, max-image-preview:large, max-video-preview:-1\" \/>\n<link rel=\"canonical\" href=\"https:\/\/karukella.ee\/fi\/isantavaki\/\" \/>\n<meta property=\"og:locale\" content=\"fi_FI\" \/>\n<meta property=\"og:type\" content=\"article\" \/>\n<meta property=\"og:title\" content=\"Karukellan is\u00e4nt\u00e4v\u00e4ki | Ihmiset Karukellan takana\" \/>\n<meta property=\"og:description\" content=\"Tutustu Karukellan is\u00e4nt\u00e4v\u00e4keen \u2013 ihmisiin Karukellan lomatalon takana, arvoihin ja tarinaan, joka tekee paikasta kodikkaan ja aidon.\" \/>\n<meta property=\"og:url\" content=\"https:\/\/karukella.ee\/fi\/isantavaki\/\" \/>\n<meta property=\"og:site_name\" content=\"Karukella Puhkemaja\" \/>\n<meta property=\"article:publisher\" content=\"https:\/\/www.facebook.com\/karukella\/\" \/>\n<meta property=\"article:modified_time\" content=\"2026-01-03T14:44:49+00:00\" \/>\n<meta property=\"og:image\" content=\"https:\/\/karukella.ee\/wp-content\/uploads\/2025\/06\/Karukella-puhkemaja-marjasaak_1-scaled.jpg\" \/>\n\t<meta property=\"og:image:width\" content=\"2560\" \/>\n\t<meta property=\"og:image:height\" content=\"1920\" \/>\n\t<meta property=\"og:image:type\" content=\"image\/jpeg\" \/>\n<meta name=\"twitter:card\" content=\"summary_large_image\" \/>\n<meta name=\"twitter:label1\" content=\"Arvioitu lukuaika\" \/>\n\t<meta name=\"twitter:data1\" content=\"4 minuuttia\" \/>\n<script type=\"application\/ld+json\" class=\"yoast-schema-graph\">{\"@context\":\"https:\/\/schema.org\",\"@graph\":[{\"@type\":\"WebPage\",\"@id\":\"https:\/\/karukella.ee\/fi\/isantavaki\/\",\"url\":\"https:\/\/karukella.ee\/fi\/isantavaki\/\",\"name\":\"Karukellan is\u00e4nt\u00e4v\u00e4ki | Ihmiset Karukellan takana\",\"isPartOf\":{\"@id\":\"https:\/\/karukella.ee\/#website\"},\"primaryImageOfPage\":{\"@id\":\"https:\/\/karukella.ee\/fi\/isantavaki\/#primaryimage\"},\"image\":{\"@id\":\"https:\/\/karukella.ee\/fi\/isantavaki\/#primaryimage\"},\"thumbnailUrl\":\"https:\/\/karukella.ee\/wp-content\/uploads\/2025\/06\/Karukella-puhkemaja-marjasaak_1-scaled.jpg\",\"datePublished\":\"2025-06-07T19:33:15+00:00\",\"dateModified\":\"2026-01-03T14:44:49+00:00\",\"description\":\"Tutustu Karukellan is\u00e4nt\u00e4v\u00e4keen \u2013 ihmisiin Karukellan lomatalon takana, arvoihin ja tarinaan, joka tekee paikasta kodikkaan ja aidon.\",\"breadcrumb\":{\"@id\":\"https:\/\/karukella.ee\/fi\/isantavaki\/#breadcrumb\"},\"inLanguage\":\"fi\",\"potentialAction\":[{\"@type\":\"ReadAction\",\"target\":[\"https:\/\/karukella.ee\/fi\/isantavaki\/\"]}]},{\"@type\":\"ImageObject\",\"inLanguage\":\"fi\",\"@id\":\"https:\/\/karukella.ee\/fi\/isantavaki\/#primaryimage\",\"url\":\"https:\/\/karukella.ee\/wp-content\/uploads\/2025\/06\/Karukella-puhkemaja-marjasaak_1-scaled.jpg\",\"contentUrl\":\"https:\/\/karukella.ee\/wp-content\/uploads\/2025\/06\/Karukella-puhkemaja-marjasaak_1-scaled.jpg\"},{\"@type\":\"BreadcrumbList\",\"@id\":\"https:\/\/karukella.ee\/fi\/isantavaki\/#breadcrumb\",\"itemListElement\":[{\"@type\":\"ListItem\",\"position\":1,\"name\":\"Home\",\"item\":\"https:\/\/karukella.ee\/fi\/\"},{\"@type\":\"ListItem\",\"position\":2,\"name\":\"TIETOA IS\u00c4NT\u00c4PERHEEST\u00c4\"}]},{\"@type\":\"WebSite\",\"@id\":\"https:\/\/karukella.ee\/#website\",\"url\":\"https:\/\/karukella.ee\/\",\"name\":\"Karukella Puhkemaja\",\"description\":\"Kestlik luksus 5 toaga puhkemajas Virumaal\",\"publisher\":{\"@id\":\"https:\/\/karukella.ee\/#organization\"},\"potentialAction\":[{\"@type\":\"SearchAction\",\"target\":{\"@type\":\"EntryPoint\",\"urlTemplate\":\"https:\/\/karukella.ee\/?s={search_term_string}\"},\"query-input\":{\"@type\":\"PropertyValueSpecification\",\"valueRequired\":true,\"valueName\":\"search_term_string\"}}],\"inLanguage\":\"fi\"},{\"@type\":\"Organization\",\"@id\":\"https:\/\/karukella.ee\/#organization\",\"name\":\"Karukella Puhkemaja\",\"url\":\"https:\/\/karukella.ee\/\",\"logo\":{\"@type\":\"ImageObject\",\"inLanguage\":\"fi\",\"@id\":\"https:\/\/karukella.ee\/#\/schema\/logo\/image\/\",\"url\":\"https:\/\/karukella.ee\/wp-content\/uploads\/2025\/03\/Karukella-puhkemaja-sirelipoosast-scaled.jpg\",\"contentUrl\":\"https:\/\/karukella.ee\/wp-content\/uploads\/2025\/03\/Karukella-puhkemaja-sirelipoosast-scaled.jpg\",\"width\":2560,\"height\":1942,\"caption\":\"Karukella Puhkemaja\"},\"image\":{\"@id\":\"https:\/\/karukella.ee\/#\/schema\/logo\/image\/\"},\"sameAs\":[\"https:\/\/www.facebook.com\/karukella\/\",\"https:\/\/www.instagram.com\/karukella_puhkemaja\/\"]}]}<\/script>\n<!-- \/ Yoast SEO plugin. -->","yoast_head_json":{"title":"Karukellan is\u00e4nt\u00e4v\u00e4ki | Ihmiset Karukellan takana","description":"Tutustu Karukellan is\u00e4nt\u00e4v\u00e4keen \u2013 ihmisiin Karukellan lomatalon takana, arvoihin ja tarinaan, joka tekee paikasta kodikkaan ja aidon.","robots":{"index":"index","follow":"follow","max-snippet":"max-snippet:-1","max-image-preview":"max-image-preview:large","max-video-preview":"max-video-preview:-1"},"canonical":"https:\/\/karukella.ee\/fi\/isantavaki\/","og_locale":"fi_FI","og_type":"article","og_title":"Karukellan is\u00e4nt\u00e4v\u00e4ki | Ihmiset Karukellan takana","og_description":"Tutustu Karukellan is\u00e4nt\u00e4v\u00e4keen \u2013 ihmisiin Karukellan lomatalon takana, arvoihin ja tarinaan, joka tekee paikasta kodikkaan ja aidon.","og_url":"https:\/\/karukella.ee\/fi\/isantavaki\/","og_site_name":"Karukella Puhkemaja","article_publisher":"https:\/\/www.facebook.com\/karukella\/","article_modified_time":"2026-01-03T14:44:49+00:00","og_image":[{"width":2560,"height":1920,"url":"https:\/\/karukella.ee\/wp-content\/uploads\/2025\/06\/Karukella-puhkemaja-marjasaak_1-scaled.jpg","type":"image\/jpeg"}],"twitter_card":"summary_large_image","twitter_misc":{"Arvioitu lukuaika":"4 minuuttia"},"schema":{"@context":"https:\/\/schema.org","@graph":[{"@type":"WebPage","@id":"https:\/\/karukella.ee\/fi\/isantavaki\/","url":"https:\/\/karukella.ee\/fi\/isantavaki\/","name":"Karukellan is\u00e4nt\u00e4v\u00e4ki | Ihmiset Karukellan takana","isPartOf":{"@id":"https:\/\/karukella.ee\/#website"},"primaryImageOfPage":{"@id":"https:\/\/karukella.ee\/fi\/isantavaki\/#primaryimage"},"image":{"@id":"https:\/\/karukella.ee\/fi\/isantavaki\/#primaryimage"},"thumbnailUrl":"https:\/\/karukella.ee\/wp-content\/uploads\/2025\/06\/Karukella-puhkemaja-marjasaak_1-scaled.jpg","datePublished":"2025-06-07T19:33:15+00:00","dateModified":"2026-01-03T14:44:49+00:00","description":"Tutustu Karukellan is\u00e4nt\u00e4v\u00e4keen \u2013 ihmisiin Karukellan lomatalon takana, arvoihin ja tarinaan, joka tekee paikasta kodikkaan ja aidon.","breadcrumb":{"@id":"https:\/\/karukella.ee\/fi\/isantavaki\/#breadcrumb"},"inLanguage":"fi","potentialAction":[{"@type":"ReadAction","target":["https:\/\/karukella.ee\/fi\/isantavaki\/"]}]},{"@type":"ImageObject","inLanguage":"fi","@id":"https:\/\/karukella.ee\/fi\/isantavaki\/#primaryimage","url":"https:\/\/karukella.ee\/wp-content\/uploads\/2025\/06\/Karukella-puhkemaja-marjasaak_1-scaled.jpg","contentUrl":"https:\/\/karukella.ee\/wp-content\/uploads\/2025\/06\/Karukella-puhkemaja-marjasaak_1-scaled.jpg"},{"@type":"BreadcrumbList","@id":"https:\/\/karukella.ee\/fi\/isantavaki\/#breadcrumb","itemListElement":[{"@type":"ListItem","position":1,"name":"Home","item":"https:\/\/karukella.ee\/fi\/"},{"@type":"ListItem","position":2,"name":"TIETOA IS\u00c4NT\u00c4PERHEEST\u00c4"}]},{"@type":"WebSite","@id":"https:\/\/karukella.ee\/#website","url":"https:\/\/karukella.ee\/","name":"Karukella Puhkemaja","description":"Kestlik luksus 5 toaga puhkemajas Virumaal","publisher":{"@id":"https:\/\/karukella.ee\/#organization"},"potentialAction":[{"@type":"SearchAction","target":{"@type":"EntryPoint","urlTemplate":"https:\/\/karukella.ee\/?s={search_term_string}"},"query-input":{"@type":"PropertyValueSpecification","valueRequired":true,"valueName":"search_term_string"}}],"inLanguage":"fi"},{"@type":"Organization","@id":"https:\/\/karukella.ee\/#organization","name":"Karukella Puhkemaja","url":"https:\/\/karukella.ee\/","logo":{"@type":"ImageObject","inLanguage":"fi","@id":"https:\/\/karukella.ee\/#\/schema\/logo\/image\/","url":"https:\/\/karukella.ee\/wp-content\/uploads\/2025\/03\/Karukella-puhkemaja-sirelipoosast-scaled.jpg","contentUrl":"https:\/\/karukella.ee\/wp-content\/uploads\/2025\/03\/Karukella-puhkemaja-sirelipoosast-scaled.jpg","width":2560,"height":1942,"caption":"Karukella Puhkemaja"},"image":{"@id":"https:\/\/karukella.ee\/#\/schema\/logo\/image\/"},"sameAs":["https:\/\/www.facebook.com\/karukella\/","https:\/\/www.instagram.com\/karukella_puhkemaja\/"]}]}},"_links":{"self":[{"href":"https:\/\/karukella.ee\/fi\/wp-json\/wp\/v2\/pages\/1640","targetHints":{"allow":["GET"]}}],"collection":[{"href":"https:\/\/karukella.ee\/fi\/wp-json\/wp\/v2\/pages"}],"about":[{"href":"https:\/\/karukella.ee\/fi\/wp-json\/wp\/v2\/types\/page"}],"author":[{"embeddable":true,"href":"https:\/\/karukella.ee\/fi\/wp-json\/wp\/v2\/users\/1"}],"replies":[{"embeddable":true,"href":"https:\/\/karukella.ee\/fi\/wp-json\/wp\/v2\/comments?post=1640"}],"version-history":[{"count":7,"href":"https:\/\/karukella.ee\/fi\/wp-json\/wp\/v2\/pages\/1640\/revisions"}],"predecessor-version":[{"id":6810,"href":"https:\/\/karukella.ee\/fi\/wp-json\/wp\/v2\/pages\/1640\/revisions\/6810"}],"wp:attachment":[{"href":"https:\/\/karukella.ee\/fi\/wp-json\/wp\/v2\/media?parent=1640"}],"curies":[{"name":"wp","href":"https:\/\/api.w.org\/{rel}","templated":true}]}}