{"id":1629,"date":"2025-04-14T13:10:23","date_gmt":"2025-04-14T13:10:23","guid":{"rendered":"https:\/\/karukella.ee\/kontaktid\/"},"modified":"2026-01-03T14:05:08","modified_gmt":"2026-01-03T14:05:08","slug":"yhteystiedot","status":"publish","type":"page","link":"https:\/\/karukella.ee\/fi\/yhteystiedot\/","title":{"rendered":"YHTEYDENOTTO"},"content":{"rendered":"\n<div class=\"wp-block-cover alignfull is-light\"><img loading=\"lazy\" decoding=\"async\" width=\"1920\" height=\"2560\" class=\"wp-block-cover__image-background wp-image-1634 size-full\" alt=\"yhteystiedot\" src=\"https:\/\/karukella.ee\/wp-content\/uploads\/2025\/04\/Karukella-puhkemajas-reedeti-LP-scaled-1.webp\" style=\"object-position:65% 89%\" data-object-fit=\"cover\" data-object-position=\"65% 89%\" srcset=\"https:\/\/karukella.ee\/wp-content\/uploads\/2025\/04\/Karukella-puhkemajas-reedeti-LP-scaled-1.webp 1920w, https:\/\/karukella.ee\/wp-content\/uploads\/2025\/04\/Karukella-puhkemajas-reedeti-LP-scaled-1-225x300.webp 225w, https:\/\/karukella.ee\/wp-content\/uploads\/2025\/04\/Karukella-puhkemajas-reedeti-LP-scaled-1-768x1024.webp 768w, https:\/\/karukella.ee\/wp-content\/uploads\/2025\/04\/Karukella-puhkemajas-reedeti-LP-scaled-1-1152x1536.webp 1152w, https:\/\/karukella.ee\/wp-content\/uploads\/2025\/04\/Karukella-puhkemajas-reedeti-LP-scaled-1-1536x2048.webp 1536w, https:\/\/karukella.ee\/wp-content\/uploads\/2025\/04\/Karukella-puhkemajas-reedeti-LP-scaled-1-1568x2091.webp 1568w\" sizes=\"auto, (max-width: 1920px) 100vw, 1920px\" \/><span aria-hidden=\"true\" class=\"wp-block-cover__background has-background-dim-0 has-background-dim\"><\/span><div class=\"wp-block-cover__inner-container is-layout-flow wp-block-cover-is-layout-flow\">\n<p class=\"has-text-align-center has-large-font-size\"><\/p>\n<\/div><\/div>\n\n\n\n<div style=\"height:30px\" aria-hidden=\"true\" class=\"wp-block-spacer mobile-spacer-10\"><\/div>\n\n\n\n<h1 class=\"wp-block-heading has-text-align-center animated rotateInDownRight slow has-darkpurple-color has-text-color has-link-color wp-elements-b95f4bf657d90be5cb3f9b607c3cd4f6\"><strong><strong>Karukellan lomatalon yhteystiedot<\/strong><\/strong><\/h1>\n\n\n\n<p class=\"has-text-align-center\">Karukellan lomatalon yhteystiedot -sivu on luotu, jotta sinulle syntyisi heti hyv\u00e4 ja luottavainen tunne. Haluamme, ett\u00e4 tied\u00e4t: toisella puolella on oikeita ihmisi\u00e4 \u2013 omine tarinoineen ja aidolla halulla toivottaa sinut l\u00e4mpim\u00e4sti tervetulleeksi.<\/p>\n\n\n\n<p class=\"has-text-align-center\">Jos etsit juuri <strong>Karukellan lomatalon yhteystietoja<\/strong>, olet oikeassa paikassa. Voit kirjoittaa tai soittaa silloin, kun mieleesi nousee kysymyksi\u00e4, haluat tarkentaa suunnitelmia tai pohtia rauhassa, sopiiko Karukella sinun ideasi ja toiveidesi toteuttamiseen.<\/p>\n\n\n\n<p class=\"has-text-align-center\">Meille yhteydenotto ei ole vain varauksen tekemist\u00e4, vaan keskustelua, kuuntelemista ja yhdess\u00e4 suunnittelua. Autamme mielell\u00e4mme \u2013 olipa kyse lomasta perheen kanssa, yst\u00e4v\u00e4porukan yhteisest\u00e4 ajasta tai tiimin kokoontumisesta.<\/p>\n\n\n\n<p class=\"has-text-align-center\">Jos haluat tiet\u00e4\u00e4, ketk\u00e4 vastaavat viesteihin ja puheluihin, kurkista rohkeasti my\u00f6s <strong><a href=\"https:\/\/karukella.ee\/fi\/isantavaki\/\" target=\"_blank\" rel=\"noreferrer noopener\">Is\u00e4nt\u00e4v\u00e4en<\/a><\/strong> sivulle. Siell\u00e4 kerromme tarkemmin, keit\u00e4 olemme ja miksi Karukella on meille niin erityinen ja syd\u00e4nt\u00e4 l\u00e4hell\u00e4 oleva paikka.<\/p>\n\n\n\n<div class=\"wp-block-columns alignwide has-background is-layout-flex wp-container-core-columns-is-layout-74d018ca wp-block-columns-is-layout-flex\" style=\"background-color:#d7b56d;padding-top:var(--wp--preset--spacing--20);padding-right:var(--wp--preset--spacing--20);padding-bottom:var(--wp--preset--spacing--20);padding-left:var(--wp--preset--spacing--20)\">\n<div class=\"wp-block-column has-white-background-color has-background is-layout-flow wp-container-core-column-is-layout-6a27151a wp-block-column-is-layout-flow\" style=\"padding-top:var(--wp--preset--spacing--30);padding-right:var(--wp--preset--spacing--30);padding-bottom:var(--wp--preset--spacing--30);padding-left:var(--wp--preset--spacing--30)\">\n<figure class=\"wp-block-gallery has-nested-images columns-default is-cropped wp-block-gallery-1 is-layout-flex wp-block-gallery-is-layout-flex\">\n<figure class=\"wp-block-image size-large\"><img loading=\"lazy\" decoding=\"async\" width=\"780\" height=\"1024\" data-id=\"416\" src=\"https:\/\/karukella.ee\/wp-content\/uploads\/2025\/04\/Karukella-pererahvas_Terje_Jaanus-scaled-1-780x1024.webp\" alt=\"\" class=\"wp-image-416\" srcset=\"https:\/\/karukella.ee\/wp-content\/uploads\/2025\/04\/Karukella-pererahvas_Terje_Jaanus-scaled-1-780x1024.webp 780w, https:\/\/karukella.ee\/wp-content\/uploads\/2025\/04\/Karukella-pererahvas_Terje_Jaanus-scaled-1-229x300.webp 229w, https:\/\/karukella.ee\/wp-content\/uploads\/2025\/04\/Karukella-pererahvas_Terje_Jaanus-scaled-1-768x1008.webp 768w, https:\/\/karukella.ee\/wp-content\/uploads\/2025\/04\/Karukella-pererahvas_Terje_Jaanus-scaled-1-1170x1536.webp 1170w, https:\/\/karukella.ee\/wp-content\/uploads\/2025\/04\/Karukella-pererahvas_Terje_Jaanus-scaled-1-1560x2048.webp 1560w, https:\/\/karukella.ee\/wp-content\/uploads\/2025\/04\/Karukella-pererahvas_Terje_Jaanus-scaled-1-1568x2059.webp 1568w, https:\/\/karukella.ee\/wp-content\/uploads\/2025\/04\/Karukella-pererahvas_Terje_Jaanus-scaled-1.webp 1950w\" sizes=\"auto, (max-width: 780px) 100vw, 780px\" \/><\/figure>\n\n\n\n<figure class=\"wp-block-image size-large\"><img loading=\"lazy\" decoding=\"async\" width=\"768\" height=\"1024\" data-id=\"418\" src=\"https:\/\/karukella.ee\/wp-content\/uploads\/2025\/04\/Karukella-puhkemaja-liiklusmark-500-m-768x1024.webp\" alt=\"\" class=\"wp-image-418\" srcset=\"https:\/\/karukella.ee\/wp-content\/uploads\/2025\/04\/Karukella-puhkemaja-liiklusmark-500-m-768x1024.webp 768w, https:\/\/karukella.ee\/wp-content\/uploads\/2025\/04\/Karukella-puhkemaja-liiklusmark-500-m-225x300.webp 225w, https:\/\/karukella.ee\/wp-content\/uploads\/2025\/04\/Karukella-puhkemaja-liiklusmark-500-m-1152x1536.webp 1152w, https:\/\/karukella.ee\/wp-content\/uploads\/2025\/04\/Karukella-puhkemaja-liiklusmark-500-m-1536x2048.webp 1536w, https:\/\/karukella.ee\/wp-content\/uploads\/2025\/04\/Karukella-puhkemaja-liiklusmark-500-m-1568x2091.webp 1568w, https:\/\/karukella.ee\/wp-content\/uploads\/2025\/04\/Karukella-puhkemaja-liiklusmark-500-m-scaled.webp 1920w\" sizes=\"auto, (max-width: 768px) 100vw, 768px\" \/><\/figure>\n\n\n\n<figure class=\"wp-block-image size-large\"><img loading=\"lazy\" decoding=\"async\" width=\"768\" height=\"1024\" data-id=\"420\" src=\"https:\/\/karukella.ee\/wp-content\/uploads\/2025\/04\/Karukella-puhkemajas-reedeti-LP-scaled-1-768x1024.webp\" alt=\"\" class=\"wp-image-420\" srcset=\"https:\/\/karukella.ee\/wp-content\/uploads\/2025\/04\/Karukella-puhkemajas-reedeti-LP-scaled-1-768x1024.webp 768w, https:\/\/karukella.ee\/wp-content\/uploads\/2025\/04\/Karukella-puhkemajas-reedeti-LP-scaled-1-225x300.webp 225w, https:\/\/karukella.ee\/wp-content\/uploads\/2025\/04\/Karukella-puhkemajas-reedeti-LP-scaled-1-1152x1536.webp 1152w, https:\/\/karukella.ee\/wp-content\/uploads\/2025\/04\/Karukella-puhkemajas-reedeti-LP-scaled-1-1536x2048.webp 1536w, https:\/\/karukella.ee\/wp-content\/uploads\/2025\/04\/Karukella-puhkemajas-reedeti-LP-scaled-1-1568x2091.webp 1568w, https:\/\/karukella.ee\/wp-content\/uploads\/2025\/04\/Karukella-puhkemajas-reedeti-LP-scaled-1.webp 1920w\" sizes=\"auto, (max-width: 768px) 100vw, 768px\" \/><\/figure>\n<\/figure>\n\n\n\n<figure class=\"wp-block-image alignfull size-large is-style-default\"><img loading=\"lazy\" decoding=\"async\" width=\"1024\" height=\"256\" src=\"https:\/\/karukella.ee\/wp-content\/uploads\/2025\/04\/MEILIJALUS_EST-1024x256.webp\" alt=\"\" class=\"wp-image-414\" srcset=\"https:\/\/karukella.ee\/wp-content\/uploads\/2025\/04\/MEILIJALUS_EST-1024x256.webp 1024w, https:\/\/karukella.ee\/wp-content\/uploads\/2025\/04\/MEILIJALUS_EST-300x75.webp 300w, https:\/\/karukella.ee\/wp-content\/uploads\/2025\/04\/MEILIJALUS_EST-768x192.webp 768w, https:\/\/karukella.ee\/wp-content\/uploads\/2025\/04\/MEILIJALUS_EST-1536x384.webp 1536w, https:\/\/karukella.ee\/wp-content\/uploads\/2025\/04\/MEILIJALUS_EST-1568x392.webp 1568w, https:\/\/karukella.ee\/wp-content\/uploads\/2025\/04\/MEILIJALUS_EST.webp 1667w\" sizes=\"auto, (max-width: 1024px) 100vw, 1024px\" \/><\/figure>\n<\/div>\n\n\n\n<div class=\"wp-block-column is-vertically-aligned-center is-layout-flow wp-block-column-is-layout-flow\" style=\"padding-right:var(--wp--preset--spacing--40);padding-left:var(--wp--preset--spacing--40)\">\n<h2 class=\"wp-block-heading has-white-color has-text-color has-link-color wp-elements-6b1f288e3945bdac3075c9a27b044b29\" style=\"text-transform:uppercase\"><strong>Odotamme sinua!<\/strong><\/h2>\n\n\n\n<p class=\"has-white-color has-text-color has-link-color wp-elements-6754a42ef1a995792994099a6bde9036\">Kirjoita: puhkemaja@karukella.ee<\/p>\n\n\n\n<p class=\"has-white-color has-text-color has-link-color wp-elements-c45d9e29127ba288e58cc05e9c2b12de\">Tule: Papli 7 b, L\u00fcganuse alevik, L\u00fcganusen pit\u00e4j\u00e4, Ida-Viru l\u00e4\u00e4ni 43301<br>Soita: Em\u00e4nt\u00e4: Terje Rattur +372 5184803&nbsp;<br>Is\u00e4nt\u00e4: Jaanus Rattur +372 56497091<br>Tule junalla: osta lippu P\u00fcssi-pys\u00e4kille, josta on 2 km loma-asunnolle.<\/p>\n\n\n\n<p class=\"has-white-color has-text-color has-link-color wp-elements-0b3b5a5596c0c8f8f4124f20679f8efe\">Tertur O\u00dc<br>Reg-nro: 12130268<br>\u041a\u041c: EE101560863<br>SWEDBANK: EE292200221069959227<\/p>\n<\/div>\n<\/div>\n\n\n\n<div style=\"height:30px\" aria-hidden=\"true\" class=\"wp-block-spacer mobile-spacer-10\"><\/div>\n\n\n\n<h2 class=\"wp-block-heading has-text-align-center has-darkpurple-color has-text-color has-link-color wp-elements-0235a57a34464fe43738d3748c5fe703\" style=\"text-transform:uppercase\"><strong>N\u00e4yt\u00e4 sijainti kartalla<\/strong><\/h2>\n\n\n\n<div class=\"wp-block-columns alignwide is-layout-flex wp-container-core-columns-is-layout-6944c02c wp-block-columns-is-layout-flex\" style=\"padding-top:var(--wp--preset--spacing--30);padding-right:var(--wp--preset--spacing--30);padding-bottom:var(--wp--preset--spacing--30);padding-left:var(--wp--preset--spacing--30)\">\n<div class=\"wp-block-column has-background is-layout-flow wp-block-column-is-layout-flow\" style=\"background-color:#d7b56d;padding-top:var(--wp--preset--spacing--40);padding-right:var(--wp--preset--spacing--40);padding-bottom:var(--wp--preset--spacing--40);padding-left:var(--wp--preset--spacing--40)\">\n<iframe src=\"https:\/\/www.google.com\/maps\/embed?pb=!1m18!1m12!1m3!1d2032.3714751536547!2d27.037786077064744!3d59.376828207217905!2m3!1f0!2f0!3f0!3m2!1i1024!2i768!4f13.1!3m3!1m2!1s0x469478ee9c746dc1%3A0x75c3fb4a09277fac!2sKarukella%20Puhkemaja!5e0!3m2!1set!2see!4v1744636439724!5m2!1set!2see\" width=\"100%\" height=\"450\" style=\"border:0;\" allowfullscreen=\"\" loading=\"lazy\" referrerpolicy=\"no-referrer-when-downgrade\"><\/iframe>\n<\/div>\n<\/div>\n\n\n\n<div style=\"height:30px\" aria-hidden=\"true\" class=\"wp-block-spacer mobile-spacer-10\"><\/div>\n\n\n\n<p><\/p>\n","protected":false},"excerpt":{"rendered":"<p>Karukellan lomatalon yhteystiedot Karukellan lomatalon yhteystiedot -sivu on luotu, jotta sinulle syntyisi heti hyv\u00e4 ja luottavainen tunne. Haluamme, ett\u00e4 tied\u00e4t: toisella puolella on oikeita ihmisi\u00e4 \u2013 omine tarinoineen ja aidolla halulla toivottaa sinut l\u00e4mpim\u00e4sti tervetulleeksi. Jos etsit juuri Karukellan lomatalon yhteystietoja, olet oikeassa paikassa. Voit kirjoittaa tai soittaa silloin, kun mieleesi nousee kysymyksi\u00e4, haluat tarkentaa [&hellip;]<\/p>\n","protected":false},"author":3,"featured_media":0,"parent":0,"menu_order":0,"comment_status":"closed","ping_status":"closed","template":"","meta":{"footnotes":""},"class_list":["post-1629","page","type-page","status-publish","hentry"],"yoast_head":"<!-- This site is optimized with the Yoast SEO plugin v27.0 - https:\/\/yoast.com\/product\/yoast-seo-wordpress\/ -->\n<title>Karukellan lomatalon yhteystiedot | Ota yhteytt\u00e4<\/title>\n<meta name=\"description\" content=\"Etsitk\u00f6 Karukellan lomatalon yhteystietoja? Ota rohkeasti yhteytt\u00e4 \u2013 autamme mielell\u00e4mme loman, suunnittelun ja varausten kanssa.\" \/>\n<meta name=\"robots\" content=\"index, follow, max-snippet:-1, max-image-preview:large, max-video-preview:-1\" \/>\n<link rel=\"canonical\" href=\"https:\/\/karukella.ee\/fi\/yhteystiedot\/\" \/>\n<meta property=\"og:locale\" content=\"fi_FI\" \/>\n<meta property=\"og:type\" content=\"article\" \/>\n<meta property=\"og:title\" content=\"Karukellan lomatalon yhteystiedot | Ota yhteytt\u00e4\" \/>\n<meta property=\"og:description\" content=\"Etsitk\u00f6 Karukellan lomatalon yhteystietoja? Ota rohkeasti yhteytt\u00e4 \u2013 autamme mielell\u00e4mme loman, suunnittelun ja varausten kanssa.\" \/>\n<meta property=\"og:url\" content=\"https:\/\/karukella.ee\/fi\/yhteystiedot\/\" \/>\n<meta property=\"og:site_name\" content=\"Karukella Puhkemaja\" \/>\n<meta property=\"article:publisher\" content=\"https:\/\/www.facebook.com\/karukella\/\" \/>\n<meta property=\"article:modified_time\" content=\"2026-01-03T14:05:08+00:00\" \/>\n<meta property=\"og:image\" content=\"https:\/\/karukella.ee\/wp-content\/uploads\/2025\/04\/Karukella-puhkemajas-reedeti-LP-scaled-1.webp\" \/>\n\t<meta property=\"og:image:width\" content=\"1920\" \/>\n\t<meta property=\"og:image:height\" content=\"2560\" \/>\n\t<meta property=\"og:image:type\" content=\"image\/webp\" \/>\n<meta name=\"twitter:card\" content=\"summary_large_image\" \/>\n<meta name=\"twitter:label1\" content=\"Arvioitu lukuaika\" \/>\n\t<meta name=\"twitter:data1\" content=\"2 minuuttia\" \/>\n<script type=\"application\/ld+json\" class=\"yoast-schema-graph\">{\"@context\":\"https:\/\/schema.org\",\"@graph\":[{\"@type\":\"WebPage\",\"@id\":\"https:\/\/karukella.ee\/fi\/yhteystiedot\/\",\"url\":\"https:\/\/karukella.ee\/fi\/yhteystiedot\/\",\"name\":\"Karukellan lomatalon yhteystiedot | Ota yhteytt\u00e4\",\"isPartOf\":{\"@id\":\"https:\/\/karukella.ee\/#website\"},\"primaryImageOfPage\":{\"@id\":\"https:\/\/karukella.ee\/fi\/yhteystiedot\/#primaryimage\"},\"image\":{\"@id\":\"https:\/\/karukella.ee\/fi\/yhteystiedot\/#primaryimage\"},\"thumbnailUrl\":\"https:\/\/karukella.ee\/wp-content\/uploads\/2025\/04\/Karukella-puhkemajas-reedeti-LP-scaled-1.webp\",\"datePublished\":\"2025-04-14T13:10:23+00:00\",\"dateModified\":\"2026-01-03T14:05:08+00:00\",\"description\":\"Etsitk\u00f6 Karukellan lomatalon yhteystietoja? Ota rohkeasti yhteytt\u00e4 \u2013 autamme mielell\u00e4mme loman, suunnittelun ja varausten kanssa.\",\"breadcrumb\":{\"@id\":\"https:\/\/karukella.ee\/fi\/yhteystiedot\/#breadcrumb\"},\"inLanguage\":\"fi\",\"potentialAction\":[{\"@type\":\"ReadAction\",\"target\":[\"https:\/\/karukella.ee\/fi\/yhteystiedot\/\"]}]},{\"@type\":\"ImageObject\",\"inLanguage\":\"fi\",\"@id\":\"https:\/\/karukella.ee\/fi\/yhteystiedot\/#primaryimage\",\"url\":\"https:\/\/karukella.ee\/wp-content\/uploads\/2025\/04\/Karukella-puhkemajas-reedeti-LP-scaled-1.webp\",\"contentUrl\":\"https:\/\/karukella.ee\/wp-content\/uploads\/2025\/04\/Karukella-puhkemajas-reedeti-LP-scaled-1.webp\"},{\"@type\":\"BreadcrumbList\",\"@id\":\"https:\/\/karukella.ee\/fi\/yhteystiedot\/#breadcrumb\",\"itemListElement\":[{\"@type\":\"ListItem\",\"position\":1,\"name\":\"Home\",\"item\":\"https:\/\/karukella.ee\/fi\/\"},{\"@type\":\"ListItem\",\"position\":2,\"name\":\"YHTEYDENOTTO\"}]},{\"@type\":\"WebSite\",\"@id\":\"https:\/\/karukella.ee\/#website\",\"url\":\"https:\/\/karukella.ee\/\",\"name\":\"Karukella Puhkemaja\",\"description\":\"Kestlik luksus 5 toaga puhkemajas Virumaal\",\"publisher\":{\"@id\":\"https:\/\/karukella.ee\/#organization\"},\"potentialAction\":[{\"@type\":\"SearchAction\",\"target\":{\"@type\":\"EntryPoint\",\"urlTemplate\":\"https:\/\/karukella.ee\/?s={search_term_string}\"},\"query-input\":{\"@type\":\"PropertyValueSpecification\",\"valueRequired\":true,\"valueName\":\"search_term_string\"}}],\"inLanguage\":\"fi\"},{\"@type\":\"Organization\",\"@id\":\"https:\/\/karukella.ee\/#organization\",\"name\":\"Karukella Puhkemaja\",\"url\":\"https:\/\/karukella.ee\/\",\"logo\":{\"@type\":\"ImageObject\",\"inLanguage\":\"fi\",\"@id\":\"https:\/\/karukella.ee\/#\/schema\/logo\/image\/\",\"url\":\"https:\/\/karukella.ee\/wp-content\/uploads\/2025\/03\/Karukella-puhkemaja-sirelipoosast-scaled.jpg\",\"contentUrl\":\"https:\/\/karukella.ee\/wp-content\/uploads\/2025\/03\/Karukella-puhkemaja-sirelipoosast-scaled.jpg\",\"width\":2560,\"height\":1942,\"caption\":\"Karukella Puhkemaja\"},\"image\":{\"@id\":\"https:\/\/karukella.ee\/#\/schema\/logo\/image\/\"},\"sameAs\":[\"https:\/\/www.facebook.com\/karukella\/\",\"https:\/\/www.instagram.com\/karukella_puhkemaja\/\"]}]}<\/script>\n<!-- \/ Yoast SEO plugin. -->","yoast_head_json":{"title":"Karukellan lomatalon yhteystiedot | Ota yhteytt\u00e4","description":"Etsitk\u00f6 Karukellan lomatalon yhteystietoja? Ota rohkeasti yhteytt\u00e4 \u2013 autamme mielell\u00e4mme loman, suunnittelun ja varausten kanssa.","robots":{"index":"index","follow":"follow","max-snippet":"max-snippet:-1","max-image-preview":"max-image-preview:large","max-video-preview":"max-video-preview:-1"},"canonical":"https:\/\/karukella.ee\/fi\/yhteystiedot\/","og_locale":"fi_FI","og_type":"article","og_title":"Karukellan lomatalon yhteystiedot | Ota yhteytt\u00e4","og_description":"Etsitk\u00f6 Karukellan lomatalon yhteystietoja? Ota rohkeasti yhteytt\u00e4 \u2013 autamme mielell\u00e4mme loman, suunnittelun ja varausten kanssa.","og_url":"https:\/\/karukella.ee\/fi\/yhteystiedot\/","og_site_name":"Karukella Puhkemaja","article_publisher":"https:\/\/www.facebook.com\/karukella\/","article_modified_time":"2026-01-03T14:05:08+00:00","og_image":[{"width":1920,"height":2560,"url":"https:\/\/karukella.ee\/wp-content\/uploads\/2025\/04\/Karukella-puhkemajas-reedeti-LP-scaled-1.webp","type":"image\/webp"}],"twitter_card":"summary_large_image","twitter_misc":{"Arvioitu lukuaika":"2 minuuttia"},"schema":{"@context":"https:\/\/schema.org","@graph":[{"@type":"WebPage","@id":"https:\/\/karukella.ee\/fi\/yhteystiedot\/","url":"https:\/\/karukella.ee\/fi\/yhteystiedot\/","name":"Karukellan lomatalon yhteystiedot | Ota yhteytt\u00e4","isPartOf":{"@id":"https:\/\/karukella.ee\/#website"},"primaryImageOfPage":{"@id":"https:\/\/karukella.ee\/fi\/yhteystiedot\/#primaryimage"},"image":{"@id":"https:\/\/karukella.ee\/fi\/yhteystiedot\/#primaryimage"},"thumbnailUrl":"https:\/\/karukella.ee\/wp-content\/uploads\/2025\/04\/Karukella-puhkemajas-reedeti-LP-scaled-1.webp","datePublished":"2025-04-14T13:10:23+00:00","dateModified":"2026-01-03T14:05:08+00:00","description":"Etsitk\u00f6 Karukellan lomatalon yhteystietoja? Ota rohkeasti yhteytt\u00e4 \u2013 autamme mielell\u00e4mme loman, suunnittelun ja varausten kanssa.","breadcrumb":{"@id":"https:\/\/karukella.ee\/fi\/yhteystiedot\/#breadcrumb"},"inLanguage":"fi","potentialAction":[{"@type":"ReadAction","target":["https:\/\/karukella.ee\/fi\/yhteystiedot\/"]}]},{"@type":"ImageObject","inLanguage":"fi","@id":"https:\/\/karukella.ee\/fi\/yhteystiedot\/#primaryimage","url":"https:\/\/karukella.ee\/wp-content\/uploads\/2025\/04\/Karukella-puhkemajas-reedeti-LP-scaled-1.webp","contentUrl":"https:\/\/karukella.ee\/wp-content\/uploads\/2025\/04\/Karukella-puhkemajas-reedeti-LP-scaled-1.webp"},{"@type":"BreadcrumbList","@id":"https:\/\/karukella.ee\/fi\/yhteystiedot\/#breadcrumb","itemListElement":[{"@type":"ListItem","position":1,"name":"Home","item":"https:\/\/karukella.ee\/fi\/"},{"@type":"ListItem","position":2,"name":"YHTEYDENOTTO"}]},{"@type":"WebSite","@id":"https:\/\/karukella.ee\/#website","url":"https:\/\/karukella.ee\/","name":"Karukella Puhkemaja","description":"Kestlik luksus 5 toaga puhkemajas Virumaal","publisher":{"@id":"https:\/\/karukella.ee\/#organization"},"potentialAction":[{"@type":"SearchAction","target":{"@type":"EntryPoint","urlTemplate":"https:\/\/karukella.ee\/?s={search_term_string}"},"query-input":{"@type":"PropertyValueSpecification","valueRequired":true,"valueName":"search_term_string"}}],"inLanguage":"fi"},{"@type":"Organization","@id":"https:\/\/karukella.ee\/#organization","name":"Karukella Puhkemaja","url":"https:\/\/karukella.ee\/","logo":{"@type":"ImageObject","inLanguage":"fi","@id":"https:\/\/karukella.ee\/#\/schema\/logo\/image\/","url":"https:\/\/karukella.ee\/wp-content\/uploads\/2025\/03\/Karukella-puhkemaja-sirelipoosast-scaled.jpg","contentUrl":"https:\/\/karukella.ee\/wp-content\/uploads\/2025\/03\/Karukella-puhkemaja-sirelipoosast-scaled.jpg","width":2560,"height":1942,"caption":"Karukella Puhkemaja"},"image":{"@id":"https:\/\/karukella.ee\/#\/schema\/logo\/image\/"},"sameAs":["https:\/\/www.facebook.com\/karukella\/","https:\/\/www.instagram.com\/karukella_puhkemaja\/"]}]}},"_links":{"self":[{"href":"https:\/\/karukella.ee\/fi\/wp-json\/wp\/v2\/pages\/1629","targetHints":{"allow":["GET"]}}],"collection":[{"href":"https:\/\/karukella.ee\/fi\/wp-json\/wp\/v2\/pages"}],"about":[{"href":"https:\/\/karukella.ee\/fi\/wp-json\/wp\/v2\/types\/page"}],"author":[{"embeddable":true,"href":"https:\/\/karukella.ee\/fi\/wp-json\/wp\/v2\/users\/3"}],"replies":[{"embeddable":true,"href":"https:\/\/karukella.ee\/fi\/wp-json\/wp\/v2\/comments?post=1629"}],"version-history":[{"count":6,"href":"https:\/\/karukella.ee\/fi\/wp-json\/wp\/v2\/pages\/1629\/revisions"}],"predecessor-version":[{"id":6802,"href":"https:\/\/karukella.ee\/fi\/wp-json\/wp\/v2\/pages\/1629\/revisions\/6802"}],"wp:attachment":[{"href":"https:\/\/karukella.ee\/fi\/wp-json\/wp\/v2\/media?parent=1629"}],"curies":[{"name":"wp","href":"https:\/\/api.w.org\/{rel}","templated":true}]}}