{"id":1595,"date":"2025-04-08T12:45:05","date_gmt":"2025-04-08T12:45:05","guid":{"rendered":"https:\/\/karukella.ee\/high-quality-of-sleep\/"},"modified":"2025-06-17T09:59:26","modified_gmt":"2025-06-17T09:59:26","slug":"hyva-unen-laatu","status":"publish","type":"page","link":"https:\/\/karukella.ee\/fi\/hyva-unen-laatu\/","title":{"rendered":"HYV\u00c4 UNEN LAATU"},"content":{"rendered":"\n<div class=\"wp-block-cover alignfull is-light\"><img loading=\"lazy\" decoding=\"async\" width=\"2560\" height=\"1920\" class=\"wp-block-cover__image-background wp-image-25\" alt=\"\" src=\"https:\/\/karukella.ee\/wp-content\/uploads\/2025\/03\/Karukella-puhkemaja-2.-tuba-scaled.jpg\" data-object-fit=\"cover\" srcset=\"https:\/\/karukella.ee\/wp-content\/uploads\/2025\/03\/Karukella-puhkemaja-2.-tuba-scaled.jpg 2560w, https:\/\/karukella.ee\/wp-content\/uploads\/2025\/03\/Karukella-puhkemaja-2.-tuba-300x225.jpg 300w, https:\/\/karukella.ee\/wp-content\/uploads\/2025\/03\/Karukella-puhkemaja-2.-tuba-1024x768.jpg 1024w, https:\/\/karukella.ee\/wp-content\/uploads\/2025\/03\/Karukella-puhkemaja-2.-tuba-768x576.jpg 768w, https:\/\/karukella.ee\/wp-content\/uploads\/2025\/03\/Karukella-puhkemaja-2.-tuba-1536x1152.jpg 1536w, https:\/\/karukella.ee\/wp-content\/uploads\/2025\/03\/Karukella-puhkemaja-2.-tuba-2048x1536.jpg 2048w, https:\/\/karukella.ee\/wp-content\/uploads\/2025\/03\/Karukella-puhkemaja-2.-tuba-1568x1176.jpg 1568w\" sizes=\"auto, (max-width: 2560px) 100vw, 2560px\" \/><span aria-hidden=\"true\" class=\"wp-block-cover__background has-background-dim-0 has-background-dim\" style=\"background-color:#918977\"><\/span><div class=\"wp-block-cover__inner-container is-layout-flow wp-block-cover-is-layout-flow\">\n<p class=\"has-text-align-center has-large-font-size\"><\/p>\n<\/div><\/div>\n\n\n\n<div style=\"height:30px\" aria-hidden=\"true\" class=\"wp-block-spacer mobile-spacer-10\"><\/div>\n\n\n\n<h1 class=\"wp-block-heading has-text-align-center animated rotateInDownRight slow has-darkpurple-color has-text-color has-link-color wp-elements-cbda6be4f32ef99ec444b3a73fb384b7\"><strong>LAADUKASTA UNTA KARUKELLASSA<\/strong><\/h1>\n\n\n\n<p class=\"has-text-align-left\">Hyv\u00e4 uni ei ole vain mukavuutta \u2013 se on edellytys hyv\u00e4lle ololle ja tuottavalle p\u00e4iv\u00e4lle. Karukellan Lomatalossa olemme kiinnitt\u00e4neet t\u00e4h\u00e4n erityist\u00e4 huomiota.\u00a0<\/p>\n\n\n\n<p>\u2022 <strong>Hiljaisuus ja rauha taattu <\/strong>\u2013 toisen kerroksen makuuhuoneemme ovat <strong>\u00e4\u00e4nieristettyj\u00e4,<\/strong> joten naapurihuoneessa nukkuvien \u00e4\u00e4net eiv\u00e4t kuulu huoneeseesi, eiv\u00e4tk\u00e4 ensimm\u00e4isen kerroksen toiminnot h\u00e4iritse lomailijaa.&nbsp;<\/p>\n\n\n\n<p>\u2022 Lattiat on p\u00e4\u00e4llystetty <strong>nukkumisyst\u00e4v\u00e4llisill\u00e4 korkkilaatoilla<\/strong>, jotka vaimentavat askeleita ja luovat miellytt\u00e4v\u00e4n tunnelman.&nbsp;<\/p>\n\n\n\n<p>\u2022 <strong>Hyttyset\u00f6n ja viile\u00e4 nukkumisilma<\/strong> \u2013 kaikissa ikkunoissa ja parvekkeen ovissa on <strong>hyttysverkot<\/strong>. Kes\u00e4ll\u00e4 huoneiden tuulettimet lis\u00e4\u00e4v\u00e4t mukavuutta pit\u00e4m\u00e4ll\u00e4 ilman liikkeess\u00e4. Is\u00e4nt\u00e4 saa my\u00f6s huoneen j\u00e4\u00e4hdytysj\u00e4rjestelm\u00e4n valmiiksi kes\u00e4\u00e4 varten.&nbsp;<\/p>\n\n\n\n<p>\u2022 Kaikki verhot ovat <strong>t\u00e4ysin piment\u00e4vi\u00e4<\/strong>, joten unesi eiv\u00e4t keskeydy edes kirkkaana kes\u00e4y\u00f6n\u00e4.&nbsp;<\/p>\n\n\n\n<p>\u2022 <strong>Joustava ja vakaa vuodekompleksi <\/strong>\u2013 huoneissa on 90 cm leve\u00e4t sohvat, jotka voidaan haluttaessa sijoittaa erikseen tai yhdist\u00e4\u00e4 yhdeksi leve\u00e4mm\u00e4ksi s\u00e4ngyksi (180 cm). Yhdistettyyn s\u00e4nkyyn k\u00e4yt\u00e4mme <strong>leve\u00e4\u00e4 katepatjaa<\/strong>, jotta kahden s\u00e4nkyjen v\u00e4li ei ole havaittavissa \u2013 uni on h\u00e4iriintym\u00e4t\u00f6nt\u00e4 ja turvallista.&nbsp;<\/p>\n\n\n\n<p>\u2022<strong> Hieno kompromissi mukavuudesta ja allergiayst\u00e4v\u00e4llisyydest\u00e4<\/strong>\u2013 vaikka h\u00f6yhenpeitot houkuttelivatkin, valitsimme <strong>Proftexin hanhenuntuva-j\u00e4ljitelm\u00e4peitot ja -tyynyt,<\/strong> jotka ovat <strong>ylellisi\u00e4, hengitt\u00e4vi\u00e4, p\u00f6rr\u00f6isi\u00e4 ja sopivat my\u00f6s allergikoille.<\/strong> P\u00e4\u00e4llyskangas on 100 % puuvillaa, t\u00e4yte mikrokuitua.&nbsp;<\/p>\n\n\n\n<p class=\"has-text-align-left\">\u2022 <strong>Tehokas ja hygieeninen suoja <\/strong>\u2013 jokaisessa tyynyss\u00e4 on<strong> hengitt\u00e4v\u00e4, vetoketjullinen suojap\u00e4\u00e4llinen, <\/strong>jossa on <strong>laminoitu polyuretaanikerros,<\/strong> joka varmistaa vedenpit\u00e4vyyden ja p\u00f6lypunkkien hylkimisen. Tyynynp\u00e4\u00e4lliset kest\u00e4v\u00e4t 90 asteen pesun, mik\u00e4 pit\u00e4\u00e4 ne aina puhtaina ja turvallisina.<\/p>\n\n\n\n<hr class=\"wp-block-separator has-text-color has-darkpurple-color has-alpha-channel-opacity has-darkpurple-background-color has-background\"\/>\n\n\n\n<p><br>Jos nukut joka p\u00e4iv\u00e4 <strong>hiljaisessa, viile\u00e4ss\u00e4, pimennetyss\u00e4 huoneessa ja ylellisess\u00e4 s\u00e4ngyss\u00e4,<\/strong> voit jatkaa unirutiinejasi Karukellassa. Olemme luoneet n\u00e4m\u00e4 olosuhteet erityisesti Sinun kaltaisillesi vieraille.<\/p>\n\n\n\n<hr class=\"wp-block-separator has-text-color has-darkpurple-color has-alpha-channel-opacity has-darkpurple-background-color has-background\"\/>\n\n\n\n<div style=\"height:30px\" aria-hidden=\"true\" class=\"wp-block-spacer mobile-spacer-10\"><\/div>\n\n\n\n<figure class=\"wp-block-gallery alignwide has-nested-images columns-4 is-cropped wp-block-gallery-1 is-layout-flex wp-block-gallery-is-layout-flex\">\n<figure class=\"wp-block-image size-full\"><img loading=\"lazy\" decoding=\"async\" width=\"1920\" height=\"2560\" data-id=\"221\" src=\"https:\/\/karukella.ee\/wp-content\/uploads\/2025\/04\/Karukella-Proftex-padjad-scaled-1.webp\" alt=\"\" class=\"wp-image-221\" srcset=\"https:\/\/karukella.ee\/wp-content\/uploads\/2025\/04\/Karukella-Proftex-padjad-scaled-1.webp 1920w, https:\/\/karukella.ee\/wp-content\/uploads\/2025\/04\/Karukella-Proftex-padjad-scaled-1-225x300.webp 225w, https:\/\/karukella.ee\/wp-content\/uploads\/2025\/04\/Karukella-Proftex-padjad-scaled-1-768x1024.webp 768w, https:\/\/karukella.ee\/wp-content\/uploads\/2025\/04\/Karukella-Proftex-padjad-scaled-1-1152x1536.webp 1152w, https:\/\/karukella.ee\/wp-content\/uploads\/2025\/04\/Karukella-Proftex-padjad-scaled-1-1536x2048.webp 1536w, https:\/\/karukella.ee\/wp-content\/uploads\/2025\/04\/Karukella-Proftex-padjad-scaled-1-1568x2091.webp 1568w\" sizes=\"auto, (max-width: 1920px) 100vw, 1920px\" \/><\/figure>\n\n\n\n<figure class=\"wp-block-image size-full\"><img loading=\"lazy\" decoding=\"async\" width=\"1920\" height=\"2560\" data-id=\"223\" src=\"https:\/\/karukella.ee\/wp-content\/uploads\/2025\/04\/Karukella-Proftex-padjakaitsed-scaled-1.webp\" alt=\"\" class=\"wp-image-223\" srcset=\"https:\/\/karukella.ee\/wp-content\/uploads\/2025\/04\/Karukella-Proftex-padjakaitsed-scaled-1.webp 1920w, https:\/\/karukella.ee\/wp-content\/uploads\/2025\/04\/Karukella-Proftex-padjakaitsed-scaled-1-225x300.webp 225w, https:\/\/karukella.ee\/wp-content\/uploads\/2025\/04\/Karukella-Proftex-padjakaitsed-scaled-1-768x1024.webp 768w, https:\/\/karukella.ee\/wp-content\/uploads\/2025\/04\/Karukella-Proftex-padjakaitsed-scaled-1-1152x1536.webp 1152w, https:\/\/karukella.ee\/wp-content\/uploads\/2025\/04\/Karukella-Proftex-padjakaitsed-scaled-1-1536x2048.webp 1536w, https:\/\/karukella.ee\/wp-content\/uploads\/2025\/04\/Karukella-Proftex-padjakaitsed-scaled-1-1568x2091.webp 1568w\" sizes=\"auto, (max-width: 1920px) 100vw, 1920px\" \/><\/figure>\n\n\n\n<figure class=\"wp-block-image size-full\"><img loading=\"lazy\" decoding=\"async\" width=\"1920\" height=\"2560\" data-id=\"225\" src=\"https:\/\/karukella.ee\/wp-content\/uploads\/2025\/04\/Karukella-Proftex-tekid-scaled-1.webp\" alt=\"\" class=\"wp-image-225\" srcset=\"https:\/\/karukella.ee\/wp-content\/uploads\/2025\/04\/Karukella-Proftex-tekid-scaled-1.webp 1920w, https:\/\/karukella.ee\/wp-content\/uploads\/2025\/04\/Karukella-Proftex-tekid-scaled-1-225x300.webp 225w, https:\/\/karukella.ee\/wp-content\/uploads\/2025\/04\/Karukella-Proftex-tekid-scaled-1-768x1024.webp 768w, https:\/\/karukella.ee\/wp-content\/uploads\/2025\/04\/Karukella-Proftex-tekid-scaled-1-1152x1536.webp 1152w, https:\/\/karukella.ee\/wp-content\/uploads\/2025\/04\/Karukella-Proftex-tekid-scaled-1-1536x2048.webp 1536w, https:\/\/karukella.ee\/wp-content\/uploads\/2025\/04\/Karukella-Proftex-tekid-scaled-1-1568x2091.webp 1568w\" sizes=\"auto, (max-width: 1920px) 100vw, 1920px\" \/><\/figure>\n\n\n\n<figure class=\"wp-block-image size-full\"><img loading=\"lazy\" decoding=\"async\" width=\"1920\" height=\"2560\" data-id=\"227\" src=\"https:\/\/karukella.ee\/wp-content\/uploads\/2025\/04\/Karukella-Proftex-voodipesu-scaled-1.webp\" alt=\"\" class=\"wp-image-227\" srcset=\"https:\/\/karukella.ee\/wp-content\/uploads\/2025\/04\/Karukella-Proftex-voodipesu-scaled-1.webp 1920w, https:\/\/karukella.ee\/wp-content\/uploads\/2025\/04\/Karukella-Proftex-voodipesu-scaled-1-225x300.webp 225w, https:\/\/karukella.ee\/wp-content\/uploads\/2025\/04\/Karukella-Proftex-voodipesu-scaled-1-768x1024.webp 768w, https:\/\/karukella.ee\/wp-content\/uploads\/2025\/04\/Karukella-Proftex-voodipesu-scaled-1-1152x1536.webp 1152w, https:\/\/karukella.ee\/wp-content\/uploads\/2025\/04\/Karukella-Proftex-voodipesu-scaled-1-1536x2048.webp 1536w, https:\/\/karukella.ee\/wp-content\/uploads\/2025\/04\/Karukella-Proftex-voodipesu-scaled-1-1568x2091.webp 1568w\" sizes=\"auto, (max-width: 1920px) 100vw, 1920px\" \/><\/figure>\n<\/figure>\n\n\n\n<div style=\"height:30px\" aria-hidden=\"true\" class=\"wp-block-spacer mobile-spacer-10\"><\/div>\n\n\n\n<p><\/p>\n","protected":false},"excerpt":{"rendered":"<p>LAADUKASTA UNTA KARUKELLASSA Hyv\u00e4 uni ei ole vain mukavuutta \u2013 se on edellytys hyv\u00e4lle ololle ja tuottavalle p\u00e4iv\u00e4lle. Karukellan Lomatalossa olemme kiinnitt\u00e4neet t\u00e4h\u00e4n erityist\u00e4 huomiota.\u00a0 \u2022 Hiljaisuus ja rauha taattu \u2013 toisen kerroksen makuuhuoneemme ovat \u00e4\u00e4nieristettyj\u00e4, joten naapurihuoneessa nukkuvien \u00e4\u00e4net eiv\u00e4t kuulu huoneeseesi, eiv\u00e4tk\u00e4 ensimm\u00e4isen kerroksen toiminnot h\u00e4iritse lomailijaa.&nbsp; \u2022 Lattiat on p\u00e4\u00e4llystetty nukkumisyst\u00e4v\u00e4llisill\u00e4 korkkilaatoilla, [&hellip;]<\/p>\n","protected":false},"author":3,"featured_media":0,"parent":0,"menu_order":0,"comment_status":"closed","ping_status":"closed","template":"","meta":{"footnotes":""},"class_list":["post-1595","page","type-page","status-publish","hentry"],"yoast_head":"<!-- This site is optimized with the Yoast SEO plugin v27.0 - https:\/\/yoast.com\/product\/yoast-seo-wordpress\/ -->\n<title>HYV\u00c4 UNEN LAATU | Karukella Puhkemaja<\/title>\n<meta name=\"robots\" content=\"index, follow, max-snippet:-1, max-image-preview:large, max-video-preview:-1\" \/>\n<link rel=\"canonical\" href=\"https:\/\/karukella.ee\/korge-unekvaliteet\/\" \/>\n<meta property=\"og:locale\" content=\"fi_FI\" \/>\n<meta property=\"og:type\" content=\"article\" \/>\n<meta property=\"og:title\" content=\"HYV\u00c4 UNEN LAATU | Karukella Puhkemaja\" \/>\n<meta property=\"og:description\" content=\"LAADUKASTA UNTA KARUKELLASSA Hyv\u00e4 uni ei ole vain mukavuutta \u2013 se on edellytys hyv\u00e4lle ololle ja tuottavalle p\u00e4iv\u00e4lle. Karukellan Lomatalossa olemme kiinnitt\u00e4neet t\u00e4h\u00e4n erityist\u00e4 huomiota.\u00a0 \u2022 Hiljaisuus ja rauha taattu \u2013 toisen kerroksen makuuhuoneemme ovat \u00e4\u00e4nieristettyj\u00e4, joten naapurihuoneessa nukkuvien \u00e4\u00e4net eiv\u00e4t kuulu huoneeseesi, eiv\u00e4tk\u00e4 ensimm\u00e4isen kerroksen toiminnot h\u00e4iritse lomailijaa.&nbsp; \u2022 Lattiat on p\u00e4\u00e4llystetty nukkumisyst\u00e4v\u00e4llisill\u00e4 korkkilaatoilla, [&hellip;]\" \/>\n<meta property=\"og:url\" content=\"https:\/\/karukella.ee\/korge-unekvaliteet\/\" \/>\n<meta property=\"og:site_name\" content=\"Karukella Puhkemaja\" \/>\n<meta property=\"article:publisher\" content=\"https:\/\/www.facebook.com\/karukella\/\" \/>\n<meta property=\"article:modified_time\" content=\"2025-06-17T09:59:26+00:00\" \/>\n<meta property=\"og:image\" content=\"https:\/\/karukella.ee\/wp-content\/uploads\/2025\/03\/Karukella-puhkemaja-2.-tuba-scaled.jpg\" \/>\n<meta name=\"twitter:card\" content=\"summary_large_image\" \/>\n<meta name=\"twitter:label1\" content=\"Arvioitu lukuaika\" \/>\n\t<meta name=\"twitter:data1\" content=\"1 minuutti\" \/>\n<script type=\"application\/ld+json\" class=\"yoast-schema-graph\">{\"@context\":\"https:\/\/schema.org\",\"@graph\":[{\"@type\":\"WebPage\",\"@id\":\"https:\/\/karukella.ee\/korge-unekvaliteet\/\",\"url\":\"https:\/\/karukella.ee\/korge-unekvaliteet\/\",\"name\":\"HYV\u00c4 UNEN LAATU | Karukella Puhkemaja\",\"isPartOf\":{\"@id\":\"https:\/\/karukella.ee\/#website\"},\"primaryImageOfPage\":{\"@id\":\"https:\/\/karukella.ee\/korge-unekvaliteet\/#primaryimage\"},\"image\":{\"@id\":\"https:\/\/karukella.ee\/korge-unekvaliteet\/#primaryimage\"},\"thumbnailUrl\":\"https:\/\/karukella.ee\/wp-content\/uploads\/2025\/03\/Karukella-puhkemaja-2.-tuba-scaled.jpg\",\"datePublished\":\"2025-04-08T12:45:05+00:00\",\"dateModified\":\"2025-06-17T09:59:26+00:00\",\"breadcrumb\":{\"@id\":\"https:\/\/karukella.ee\/korge-unekvaliteet\/#breadcrumb\"},\"inLanguage\":\"fi\",\"potentialAction\":[{\"@type\":\"ReadAction\",\"target\":[\"https:\/\/karukella.ee\/korge-unekvaliteet\/\"]}]},{\"@type\":\"ImageObject\",\"inLanguage\":\"fi\",\"@id\":\"https:\/\/karukella.ee\/korge-unekvaliteet\/#primaryimage\",\"url\":\"https:\/\/karukella.ee\/wp-content\/uploads\/2025\/03\/Karukella-puhkemaja-2.-tuba-scaled.jpg\",\"contentUrl\":\"https:\/\/karukella.ee\/wp-content\/uploads\/2025\/03\/Karukella-puhkemaja-2.-tuba-scaled.jpg\"},{\"@type\":\"BreadcrumbList\",\"@id\":\"https:\/\/karukella.ee\/korge-unekvaliteet\/#breadcrumb\",\"itemListElement\":[{\"@type\":\"ListItem\",\"position\":1,\"name\":\"Home\",\"item\":\"https:\/\/karukella.ee\/fi\/\"},{\"@type\":\"ListItem\",\"position\":2,\"name\":\"HYV\u00c4 UNEN LAATU\"}]},{\"@type\":\"WebSite\",\"@id\":\"https:\/\/karukella.ee\/#website\",\"url\":\"https:\/\/karukella.ee\/\",\"name\":\"Karukella Puhkemaja\",\"description\":\"Kestlik luksus 5 toaga puhkemajas Virumaal\",\"publisher\":{\"@id\":\"https:\/\/karukella.ee\/#organization\"},\"potentialAction\":[{\"@type\":\"SearchAction\",\"target\":{\"@type\":\"EntryPoint\",\"urlTemplate\":\"https:\/\/karukella.ee\/?s={search_term_string}\"},\"query-input\":{\"@type\":\"PropertyValueSpecification\",\"valueRequired\":true,\"valueName\":\"search_term_string\"}}],\"inLanguage\":\"fi\"},{\"@type\":\"Organization\",\"@id\":\"https:\/\/karukella.ee\/#organization\",\"name\":\"Karukella Puhkemaja\",\"url\":\"https:\/\/karukella.ee\/\",\"logo\":{\"@type\":\"ImageObject\",\"inLanguage\":\"fi\",\"@id\":\"https:\/\/karukella.ee\/#\/schema\/logo\/image\/\",\"url\":\"https:\/\/karukella.ee\/wp-content\/uploads\/2025\/03\/Karukella-puhkemaja-sirelipoosast-scaled.jpg\",\"contentUrl\":\"https:\/\/karukella.ee\/wp-content\/uploads\/2025\/03\/Karukella-puhkemaja-sirelipoosast-scaled.jpg\",\"width\":2560,\"height\":1942,\"caption\":\"Karukella Puhkemaja\"},\"image\":{\"@id\":\"https:\/\/karukella.ee\/#\/schema\/logo\/image\/\"},\"sameAs\":[\"https:\/\/www.facebook.com\/karukella\/\",\"https:\/\/www.instagram.com\/karukella_puhkemaja\/\"]}]}<\/script>\n<!-- \/ Yoast SEO plugin. -->","yoast_head_json":{"title":"HYV\u00c4 UNEN LAATU | Karukella Puhkemaja","robots":{"index":"index","follow":"follow","max-snippet":"max-snippet:-1","max-image-preview":"max-image-preview:large","max-video-preview":"max-video-preview:-1"},"canonical":"https:\/\/karukella.ee\/korge-unekvaliteet\/","og_locale":"fi_FI","og_type":"article","og_title":"HYV\u00c4 UNEN LAATU | Karukella Puhkemaja","og_description":"LAADUKASTA UNTA KARUKELLASSA Hyv\u00e4 uni ei ole vain mukavuutta \u2013 se on edellytys hyv\u00e4lle ololle ja tuottavalle p\u00e4iv\u00e4lle. Karukellan Lomatalossa olemme kiinnitt\u00e4neet t\u00e4h\u00e4n erityist\u00e4 huomiota.\u00a0 \u2022 Hiljaisuus ja rauha taattu \u2013 toisen kerroksen makuuhuoneemme ovat \u00e4\u00e4nieristettyj\u00e4, joten naapurihuoneessa nukkuvien \u00e4\u00e4net eiv\u00e4t kuulu huoneeseesi, eiv\u00e4tk\u00e4 ensimm\u00e4isen kerroksen toiminnot h\u00e4iritse lomailijaa.&nbsp; \u2022 Lattiat on p\u00e4\u00e4llystetty nukkumisyst\u00e4v\u00e4llisill\u00e4 korkkilaatoilla, [&hellip;]","og_url":"https:\/\/karukella.ee\/korge-unekvaliteet\/","og_site_name":"Karukella Puhkemaja","article_publisher":"https:\/\/www.facebook.com\/karukella\/","article_modified_time":"2025-06-17T09:59:26+00:00","og_image":[{"url":"https:\/\/karukella.ee\/wp-content\/uploads\/2025\/03\/Karukella-puhkemaja-2.-tuba-scaled.jpg","type":"","width":"","height":""}],"twitter_card":"summary_large_image","twitter_misc":{"Arvioitu lukuaika":"1 minuutti"},"schema":{"@context":"https:\/\/schema.org","@graph":[{"@type":"WebPage","@id":"https:\/\/karukella.ee\/korge-unekvaliteet\/","url":"https:\/\/karukella.ee\/korge-unekvaliteet\/","name":"HYV\u00c4 UNEN LAATU | Karukella Puhkemaja","isPartOf":{"@id":"https:\/\/karukella.ee\/#website"},"primaryImageOfPage":{"@id":"https:\/\/karukella.ee\/korge-unekvaliteet\/#primaryimage"},"image":{"@id":"https:\/\/karukella.ee\/korge-unekvaliteet\/#primaryimage"},"thumbnailUrl":"https:\/\/karukella.ee\/wp-content\/uploads\/2025\/03\/Karukella-puhkemaja-2.-tuba-scaled.jpg","datePublished":"2025-04-08T12:45:05+00:00","dateModified":"2025-06-17T09:59:26+00:00","breadcrumb":{"@id":"https:\/\/karukella.ee\/korge-unekvaliteet\/#breadcrumb"},"inLanguage":"fi","potentialAction":[{"@type":"ReadAction","target":["https:\/\/karukella.ee\/korge-unekvaliteet\/"]}]},{"@type":"ImageObject","inLanguage":"fi","@id":"https:\/\/karukella.ee\/korge-unekvaliteet\/#primaryimage","url":"https:\/\/karukella.ee\/wp-content\/uploads\/2025\/03\/Karukella-puhkemaja-2.-tuba-scaled.jpg","contentUrl":"https:\/\/karukella.ee\/wp-content\/uploads\/2025\/03\/Karukella-puhkemaja-2.-tuba-scaled.jpg"},{"@type":"BreadcrumbList","@id":"https:\/\/karukella.ee\/korge-unekvaliteet\/#breadcrumb","itemListElement":[{"@type":"ListItem","position":1,"name":"Home","item":"https:\/\/karukella.ee\/fi\/"},{"@type":"ListItem","position":2,"name":"HYV\u00c4 UNEN LAATU"}]},{"@type":"WebSite","@id":"https:\/\/karukella.ee\/#website","url":"https:\/\/karukella.ee\/","name":"Karukella Puhkemaja","description":"Kestlik luksus 5 toaga puhkemajas Virumaal","publisher":{"@id":"https:\/\/karukella.ee\/#organization"},"potentialAction":[{"@type":"SearchAction","target":{"@type":"EntryPoint","urlTemplate":"https:\/\/karukella.ee\/?s={search_term_string}"},"query-input":{"@type":"PropertyValueSpecification","valueRequired":true,"valueName":"search_term_string"}}],"inLanguage":"fi"},{"@type":"Organization","@id":"https:\/\/karukella.ee\/#organization","name":"Karukella Puhkemaja","url":"https:\/\/karukella.ee\/","logo":{"@type":"ImageObject","inLanguage":"fi","@id":"https:\/\/karukella.ee\/#\/schema\/logo\/image\/","url":"https:\/\/karukella.ee\/wp-content\/uploads\/2025\/03\/Karukella-puhkemaja-sirelipoosast-scaled.jpg","contentUrl":"https:\/\/karukella.ee\/wp-content\/uploads\/2025\/03\/Karukella-puhkemaja-sirelipoosast-scaled.jpg","width":2560,"height":1942,"caption":"Karukella Puhkemaja"},"image":{"@id":"https:\/\/karukella.ee\/#\/schema\/logo\/image\/"},"sameAs":["https:\/\/www.facebook.com\/karukella\/","https:\/\/www.instagram.com\/karukella_puhkemaja\/"]}]}},"_links":{"self":[{"href":"https:\/\/karukella.ee\/fi\/wp-json\/wp\/v2\/pages\/1595","targetHints":{"allow":["GET"]}}],"collection":[{"href":"https:\/\/karukella.ee\/fi\/wp-json\/wp\/v2\/pages"}],"about":[{"href":"https:\/\/karukella.ee\/fi\/wp-json\/wp\/v2\/types\/page"}],"author":[{"embeddable":true,"href":"https:\/\/karukella.ee\/fi\/wp-json\/wp\/v2\/users\/3"}],"replies":[{"embeddable":true,"href":"https:\/\/karukella.ee\/fi\/wp-json\/wp\/v2\/comments?post=1595"}],"version-history":[{"count":1,"href":"https:\/\/karukella.ee\/fi\/wp-json\/wp\/v2\/pages\/1595\/revisions"}],"predecessor-version":[{"id":1601,"href":"https:\/\/karukella.ee\/fi\/wp-json\/wp\/v2\/pages\/1595\/revisions\/1601"}],"wp:attachment":[{"href":"https:\/\/karukella.ee\/fi\/wp-json\/wp\/v2\/media?parent=1595"}],"curies":[{"name":"wp","href":"https:\/\/api.w.org\/{rel}","templated":true}]}}