{"id":1581,"date":"2025-04-08T12:37:12","date_gmt":"2025-04-08T12:37:12","guid":{"rendered":"https:\/\/karukella.ee\/come-visit-us-on-an-electric-vehicle\/"},"modified":"2025-06-17T09:54:28","modified_gmt":"2025-06-17T09:54:28","slug":"tule-sahkoautolla","status":"publish","type":"page","link":"https:\/\/karukella.ee\/fi\/tule-sahkoautolla\/","title":{"rendered":"TULE S\u00c4HK\u00d6AUTOLLA"},"content":{"rendered":"\n<div class=\"wp-block-cover alignfull is-light\"><img loading=\"lazy\" decoding=\"async\" width=\"2560\" height=\"1920\" class=\"wp-block-cover__image-background wp-image-210\" alt=\"\" src=\"https:\/\/karukella.ee\/wp-content\/uploads\/2025\/04\/Karukella-elektrilaadur-rohtne-scaled-1.webp\" data-object-fit=\"cover\" srcset=\"https:\/\/karukella.ee\/wp-content\/uploads\/2025\/04\/Karukella-elektrilaadur-rohtne-scaled-1.webp 2560w, https:\/\/karukella.ee\/wp-content\/uploads\/2025\/04\/Karukella-elektrilaadur-rohtne-scaled-1-300x225.webp 300w, https:\/\/karukella.ee\/wp-content\/uploads\/2025\/04\/Karukella-elektrilaadur-rohtne-scaled-1-1024x768.webp 1024w, https:\/\/karukella.ee\/wp-content\/uploads\/2025\/04\/Karukella-elektrilaadur-rohtne-scaled-1-768x576.webp 768w, https:\/\/karukella.ee\/wp-content\/uploads\/2025\/04\/Karukella-elektrilaadur-rohtne-scaled-1-1536x1152.webp 1536w, https:\/\/karukella.ee\/wp-content\/uploads\/2025\/04\/Karukella-elektrilaadur-rohtne-scaled-1-2048x1536.webp 2048w, https:\/\/karukella.ee\/wp-content\/uploads\/2025\/04\/Karukella-elektrilaadur-rohtne-scaled-1-1568x1176.webp 1568w\" sizes=\"auto, (max-width: 2560px) 100vw, 2560px\" \/><span aria-hidden=\"true\" class=\"wp-block-cover__background has-background-dim-0 has-background-dim\" style=\"background-color:#aa8f7d\"><\/span><div class=\"wp-block-cover__inner-container is-layout-flow wp-block-cover-is-layout-flow\">\n<p class=\"has-text-align-center has-large-font-size\"><\/p>\n<\/div><\/div>\n\n\n\n<div style=\"height:30px\" aria-hidden=\"true\" class=\"wp-block-spacer mobile-spacer-10\"><\/div>\n\n\n\n<h1 class=\"wp-block-heading has-text-align-center animated rotateInDownRight slow has-darkpurple-color has-text-color has-link-color wp-elements-9b90b8730e27871336be2e9b14b1001a\"><strong>TULE S\u00c4HK\u00d6AUTOLLA<\/strong><\/h1>\n\n\n\n<p class=\"has-text-align-center\">Karukellan Lomatalossa<strong> s\u00e4hk\u00f6autosi ladataan k\u00e4tev\u00e4sti ja turvallisesti<\/strong> \u2013 aivan kuten nykyaikainen matka vaatii. Pid\u00e4mme sinusta huolta silloinkin, vaikka matkakumppaneihisi kuuluisi s\u00e4hk\u00f6inen nelipy\u00f6r\u00e4inenkin.<\/p>\n\n\n\n<div class=\"wp-block-columns alignwide has-background is-layout-flex wp-container-core-columns-is-layout-74d018ca wp-block-columns-is-layout-flex\" style=\"background-color:#d7b56d;padding-top:var(--wp--preset--spacing--20);padding-right:var(--wp--preset--spacing--20);padding-bottom:var(--wp--preset--spacing--20);padding-left:var(--wp--preset--spacing--20)\">\n<div class=\"wp-block-column has-white-background-color has-background is-layout-flow wp-container-core-column-is-layout-6a27151a wp-block-column-is-layout-flow\" style=\"padding-top:var(--wp--preset--spacing--30);padding-right:var(--wp--preset--spacing--30);padding-bottom:var(--wp--preset--spacing--30);padding-left:var(--wp--preset--spacing--30)\">\n<div class=\"wp-block-edhotels-grid-gallery grid-items lightgallery is-style-default\"><div data-src=\"https:\/\/karukella.ee\/wp-content\/uploads\/2025\/04\/Karukella-elektrilaaduti-pistik-scaled-1-1.webp\" class=\"grid-item\"><img decoding=\"async\" width=\"768\" height=\"1024\" src=\"https:\/\/karukella.ee\/wp-content\/uploads\/2025\/04\/Karukella-elektrilaaduti-pistik-scaled-1-1-768x1024.webp\" alt=\"\" data-id=\"214\" loading=\"lazy\" class=\"wp-image-214\" srcset=\"https:\/\/karukella.ee\/wp-content\/uploads\/2025\/04\/Karukella-elektrilaaduti-pistik-scaled-1-1-768x1024.webp 768w, https:\/\/karukella.ee\/wp-content\/uploads\/2025\/04\/Karukella-elektrilaaduti-pistik-scaled-1-1-225x300.webp 225w, https:\/\/karukella.ee\/wp-content\/uploads\/2025\/04\/Karukella-elektrilaaduti-pistik-scaled-1-1-1152x1536.webp 1152w, https:\/\/karukella.ee\/wp-content\/uploads\/2025\/04\/Karukella-elektrilaaduti-pistik-scaled-1-1-1536x2048.webp 1536w, https:\/\/karukella.ee\/wp-content\/uploads\/2025\/04\/Karukella-elektrilaaduti-pistik-scaled-1-1-1568x2091.webp 1568w, https:\/\/karukella.ee\/wp-content\/uploads\/2025\/04\/Karukella-elektrilaaduti-pistik-scaled-1-1.webp 1920w\" sizes=\"auto, (max-width: 768px) 100vw, 768px\" \/><\/div><div data-src=\"https:\/\/karukella.ee\/wp-content\/uploads\/2025\/04\/Karukella-elektrilaadus-pimedas-scaled-1.webp\" class=\"grid-item\"><img decoding=\"async\" width=\"768\" height=\"1024\" src=\"https:\/\/karukella.ee\/wp-content\/uploads\/2025\/04\/Karukella-elektrilaadus-pimedas-scaled-1-768x1024.webp\" alt=\"\" data-id=\"212\" loading=\"lazy\" class=\"wp-image-212\" srcset=\"https:\/\/karukella.ee\/wp-content\/uploads\/2025\/04\/Karukella-elektrilaadus-pimedas-scaled-1-768x1024.webp 768w, https:\/\/karukella.ee\/wp-content\/uploads\/2025\/04\/Karukella-elektrilaadus-pimedas-scaled-1-225x300.webp 225w, https:\/\/karukella.ee\/wp-content\/uploads\/2025\/04\/Karukella-elektrilaadus-pimedas-scaled-1-1152x1536.webp 1152w, https:\/\/karukella.ee\/wp-content\/uploads\/2025\/04\/Karukella-elektrilaadus-pimedas-scaled-1-1536x2048.webp 1536w, https:\/\/karukella.ee\/wp-content\/uploads\/2025\/04\/Karukella-elektrilaadus-pimedas-scaled-1-1568x2091.webp 1568w, https:\/\/karukella.ee\/wp-content\/uploads\/2025\/04\/Karukella-elektrilaadus-pimedas-scaled-1.webp 1920w\" sizes=\"auto, (max-width: 768px) 100vw, 768px\" \/><\/div><div data-src=\"https:\/\/karukella.ee\/wp-content\/uploads\/2025\/04\/Karukella-elektrilaadur-rohtne-scaled-1.webp\" class=\"grid-item\"><img decoding=\"async\" width=\"1024\" height=\"768\" src=\"https:\/\/karukella.ee\/wp-content\/uploads\/2025\/04\/Karukella-elektrilaadur-rohtne-scaled-1-1024x768.webp\" alt=\"\" data-id=\"210\" loading=\"lazy\" class=\"wp-image-210\" srcset=\"https:\/\/karukella.ee\/wp-content\/uploads\/2025\/04\/Karukella-elektrilaadur-rohtne-scaled-1-1024x768.webp 1024w, https:\/\/karukella.ee\/wp-content\/uploads\/2025\/04\/Karukella-elektrilaadur-rohtne-scaled-1-300x225.webp 300w, https:\/\/karukella.ee\/wp-content\/uploads\/2025\/04\/Karukella-elektrilaadur-rohtne-scaled-1-768x576.webp 768w, https:\/\/karukella.ee\/wp-content\/uploads\/2025\/04\/Karukella-elektrilaadur-rohtne-scaled-1-1536x1152.webp 1536w, https:\/\/karukella.ee\/wp-content\/uploads\/2025\/04\/Karukella-elektrilaadur-rohtne-scaled-1-2048x1536.webp 2048w, https:\/\/karukella.ee\/wp-content\/uploads\/2025\/04\/Karukella-elektrilaadur-rohtne-scaled-1-1568x1176.webp 1568w\" sizes=\"auto, (max-width: 1024px) 100vw, 1024px\" \/><\/div><div data-src=\"https:\/\/karukella.ee\/wp-content\/uploads\/2025\/04\/Karukella-1_elektriauto-laadimas-scaled-1.webp\" class=\"grid-item\"><img decoding=\"async\" width=\"768\" height=\"1024\" src=\"https:\/\/karukella.ee\/wp-content\/uploads\/2025\/04\/Karukella-1_elektriauto-laadimas-scaled-1-768x1024.webp\" alt=\"\" data-id=\"208\" loading=\"lazy\" class=\"wp-image-208\" srcset=\"https:\/\/karukella.ee\/wp-content\/uploads\/2025\/04\/Karukella-1_elektriauto-laadimas-scaled-1-768x1024.webp 768w, https:\/\/karukella.ee\/wp-content\/uploads\/2025\/04\/Karukella-1_elektriauto-laadimas-scaled-1-225x300.webp 225w, https:\/\/karukella.ee\/wp-content\/uploads\/2025\/04\/Karukella-1_elektriauto-laadimas-scaled-1-1152x1536.webp 1152w, https:\/\/karukella.ee\/wp-content\/uploads\/2025\/04\/Karukella-1_elektriauto-laadimas-scaled-1-1536x2048.webp 1536w, https:\/\/karukella.ee\/wp-content\/uploads\/2025\/04\/Karukella-1_elektriauto-laadimas-scaled-1-1568x2091.webp 1568w, https:\/\/karukella.ee\/wp-content\/uploads\/2025\/04\/Karukella-1_elektriauto-laadimas-scaled-1.webp 1920w\" sizes=\"auto, (max-width: 768px) 100vw, 768px\" \/><\/div><div data-src=\"https:\/\/karukella.ee\/wp-content\/uploads\/2025\/04\/Karukellas-elektrilaadija-app_noolega-scaled-1.webp\" class=\"grid-item\"><img decoding=\"async\" width=\"768\" height=\"1024\" src=\"https:\/\/karukella.ee\/wp-content\/uploads\/2025\/04\/Karukellas-elektrilaadija-app_noolega-scaled-1-768x1024.webp\" alt=\"\" data-id=\"216\" loading=\"lazy\" class=\"wp-image-216\" srcset=\"https:\/\/karukella.ee\/wp-content\/uploads\/2025\/04\/Karukellas-elektrilaadija-app_noolega-scaled-1-768x1024.webp 768w, https:\/\/karukella.ee\/wp-content\/uploads\/2025\/04\/Karukellas-elektrilaadija-app_noolega-scaled-1-225x300.webp 225w, https:\/\/karukella.ee\/wp-content\/uploads\/2025\/04\/Karukellas-elektrilaadija-app_noolega-scaled-1-1152x1536.webp 1152w, https:\/\/karukella.ee\/wp-content\/uploads\/2025\/04\/Karukellas-elektrilaadija-app_noolega-scaled-1-1536x2048.webp 1536w, https:\/\/karukella.ee\/wp-content\/uploads\/2025\/04\/Karukellas-elektrilaadija-app_noolega-scaled-1-1568x2091.webp 1568w, https:\/\/karukella.ee\/wp-content\/uploads\/2025\/04\/Karukellas-elektrilaadija-app_noolega-scaled-1.webp 1920w\" sizes=\"auto, (max-width: 768px) 100vw, 768px\" \/><\/div><\/div>\n<\/div>\n\n\n\n<div class=\"wp-block-column is-vertically-aligned-center is-layout-flow wp-block-column-is-layout-flow\" style=\"padding-right:var(--wp--preset--spacing--40);padding-left:var(--wp--preset--spacing--40)\">\n<p class=\"has-white-color has-text-color has-link-color wp-elements-247c1ba493d56a18f159c0ad30d0f40c\">Sein\u00e4ll\u00e4mme odottaa <strong>Alexela ABB Terra AC 22 kW -laturi<\/strong>, jossa on 5 metrin kaapeli. Se on kolmivaiheinen, 3\u00d732 A -mallia, jossa on my\u00f6s 4G-, LAN- ja WiFi-yhteydet sek\u00e4 dynaaminen kuormauksens\u00e4\u00e4t\u00f6 turvallisen ja tehokkaan latauksen varmistamiseksi kaikissa tilanteissa.<\/p>\n\n\n\n<p class=\"has-white-color has-text-color has-link-color wp-elements-6b1a54d52dbfb679f875e61eadb8672b\">\ud83d\udc9a Olemme ylpe\u00e4 <strong>Green Key -ymp\u00e4rist\u00f6merkin omistaja<\/strong>, ja s\u00e4hk\u00f6laturi on meille luonnollinen askel kohti vihre\u00e4mp\u00e4\u00e4 ja vastuullisempaa vieraanvaraista majoitusta.<\/p>\n\n\n\n<p class=\"has-white-color has-text-color has-link-color wp-elements-fc2cbabbe0b370b37c00d9ffae5a0e70\"><strong>Lataaminen on helppoa<\/strong>: Asiakas lataa <strong>Alexela-sovelluksen<\/strong> puhelimeensa, luo tilin ja linkitt\u00e4\u00e4 maksukortin \u2013 ja kaikki tapahtuu itsen\u00e4isesti, l\u00e4pin\u00e4kyv\u00e4sti ja k\u00e4tev\u00e4sti. T\u00e4ll\u00e4 tavoin ei ole kysymyksi\u00e4 hinnasta tai ajasta. <strong>Me emme laskuta &#8211; teill\u00e4 ei ole huolia<\/strong>.<\/p>\n\n\n\n<p class=\"has-white-color has-text-color has-link-color wp-elements-55e1c777a04d8a1332b42c5654fc554f\"><strong>Et\u00e4isyydet eri kaupungeista meille:<\/strong><\/p>\n\n\n\n<ul class=\"wp-block-list has-white-color has-text-color has-link-color wp-elements-d8cba8bc5db996f1276845aef143afb9\">\n<li>P\u00e4rnu &#8211; Karukella 217 km = 2h, 45 min&nbsp;<\/li>\n\n\n\n<li>Tallinna &#8211; Karukella 137 km = 1h, 45 min&nbsp;<\/li>\n\n\n\n<li>Tartto &#8211; Karukella 138 km = 1h, 45 min<\/li>\n<\/ul>\n<\/div>\n<\/div>\n\n\n\n<div style=\"height:30px\" aria-hidden=\"true\" class=\"wp-block-spacer mobile-spacer-10\"><\/div>\n\n\n\n<p><\/p>\n","protected":false},"excerpt":{"rendered":"<p>TULE S\u00c4HK\u00d6AUTOLLA Karukellan Lomatalossa s\u00e4hk\u00f6autosi ladataan k\u00e4tev\u00e4sti ja turvallisesti \u2013 aivan kuten nykyaikainen matka vaatii. Pid\u00e4mme sinusta huolta silloinkin, vaikka matkakumppaneihisi kuuluisi s\u00e4hk\u00f6inen nelipy\u00f6r\u00e4inenkin. Sein\u00e4ll\u00e4mme odottaa Alexela ABB Terra AC 22 kW -laturi, jossa on 5 metrin kaapeli. Se on kolmivaiheinen, 3\u00d732 A -mallia, jossa on my\u00f6s 4G-, LAN- ja WiFi-yhteydet sek\u00e4 dynaaminen kuormauksens\u00e4\u00e4t\u00f6 turvallisen [&hellip;]<\/p>\n","protected":false},"author":3,"featured_media":0,"parent":0,"menu_order":0,"comment_status":"closed","ping_status":"closed","template":"","meta":{"footnotes":""},"class_list":["post-1581","page","type-page","status-publish","hentry"],"yoast_head":"<!-- This site is optimized with the Yoast SEO plugin v27.0 - https:\/\/yoast.com\/product\/yoast-seo-wordpress\/ -->\n<title>TULE S\u00c4HK\u00d6AUTOLLA | Karukella Puhkemaja<\/title>\n<meta name=\"robots\" content=\"index, follow, max-snippet:-1, max-image-preview:large, max-video-preview:-1\" \/>\n<link rel=\"canonical\" href=\"https:\/\/karukella.ee\/tule-elektriautoga\/\" \/>\n<meta property=\"og:locale\" content=\"fi_FI\" \/>\n<meta property=\"og:type\" content=\"article\" \/>\n<meta property=\"og:title\" content=\"TULE S\u00c4HK\u00d6AUTOLLA | Karukella Puhkemaja\" \/>\n<meta property=\"og:description\" content=\"TULE S\u00c4HK\u00d6AUTOLLA Karukellan Lomatalossa s\u00e4hk\u00f6autosi ladataan k\u00e4tev\u00e4sti ja turvallisesti \u2013 aivan kuten nykyaikainen matka vaatii. Pid\u00e4mme sinusta huolta silloinkin, vaikka matkakumppaneihisi kuuluisi s\u00e4hk\u00f6inen nelipy\u00f6r\u00e4inenkin. Sein\u00e4ll\u00e4mme odottaa Alexela ABB Terra AC 22 kW -laturi, jossa on 5 metrin kaapeli. Se on kolmivaiheinen, 3\u00d732 A -mallia, jossa on my\u00f6s 4G-, LAN- ja WiFi-yhteydet sek\u00e4 dynaaminen kuormauksens\u00e4\u00e4t\u00f6 turvallisen [&hellip;]\" \/>\n<meta property=\"og:url\" content=\"https:\/\/karukella.ee\/tule-elektriautoga\/\" \/>\n<meta property=\"og:site_name\" content=\"Karukella Puhkemaja\" \/>\n<meta property=\"article:publisher\" content=\"https:\/\/www.facebook.com\/karukella\/\" \/>\n<meta property=\"article:modified_time\" content=\"2025-06-17T09:54:28+00:00\" \/>\n<meta property=\"og:image\" content=\"https:\/\/karukella.ee\/wp-content\/uploads\/2025\/04\/Karukella-elektrilaadur-rohtne-scaled-1.webp\" \/>\n<meta name=\"twitter:card\" content=\"summary_large_image\" \/>\n<meta name=\"twitter:label1\" content=\"Arvioitu lukuaika\" \/>\n\t<meta name=\"twitter:data1\" content=\"1 minuutti\" \/>\n<script type=\"application\/ld+json\" class=\"yoast-schema-graph\">{\"@context\":\"https:\/\/schema.org\",\"@graph\":[{\"@type\":\"WebPage\",\"@id\":\"https:\/\/karukella.ee\/tule-elektriautoga\/\",\"url\":\"https:\/\/karukella.ee\/tule-elektriautoga\/\",\"name\":\"TULE S\u00c4HK\u00d6AUTOLLA | Karukella Puhkemaja\",\"isPartOf\":{\"@id\":\"https:\/\/karukella.ee\/#website\"},\"primaryImageOfPage\":{\"@id\":\"https:\/\/karukella.ee\/tule-elektriautoga\/#primaryimage\"},\"image\":{\"@id\":\"https:\/\/karukella.ee\/tule-elektriautoga\/#primaryimage\"},\"thumbnailUrl\":\"https:\/\/karukella.ee\/wp-content\/uploads\/2025\/04\/Karukella-elektrilaadur-rohtne-scaled-1.webp\",\"datePublished\":\"2025-04-08T12:37:12+00:00\",\"dateModified\":\"2025-06-17T09:54:28+00:00\",\"breadcrumb\":{\"@id\":\"https:\/\/karukella.ee\/tule-elektriautoga\/#breadcrumb\"},\"inLanguage\":\"fi\",\"potentialAction\":[{\"@type\":\"ReadAction\",\"target\":[\"https:\/\/karukella.ee\/tule-elektriautoga\/\"]}]},{\"@type\":\"ImageObject\",\"inLanguage\":\"fi\",\"@id\":\"https:\/\/karukella.ee\/tule-elektriautoga\/#primaryimage\",\"url\":\"https:\/\/karukella.ee\/wp-content\/uploads\/2025\/04\/Karukella-elektrilaadur-rohtne-scaled-1.webp\",\"contentUrl\":\"https:\/\/karukella.ee\/wp-content\/uploads\/2025\/04\/Karukella-elektrilaadur-rohtne-scaled-1.webp\"},{\"@type\":\"BreadcrumbList\",\"@id\":\"https:\/\/karukella.ee\/tule-elektriautoga\/#breadcrumb\",\"itemListElement\":[{\"@type\":\"ListItem\",\"position\":1,\"name\":\"Home\",\"item\":\"https:\/\/karukella.ee\/fi\/\"},{\"@type\":\"ListItem\",\"position\":2,\"name\":\"TULE S\u00c4HK\u00d6AUTOLLA\"}]},{\"@type\":\"WebSite\",\"@id\":\"https:\/\/karukella.ee\/#website\",\"url\":\"https:\/\/karukella.ee\/\",\"name\":\"Karukella Puhkemaja\",\"description\":\"Kestlik luksus 5 toaga puhkemajas Virumaal\",\"publisher\":{\"@id\":\"https:\/\/karukella.ee\/#organization\"},\"potentialAction\":[{\"@type\":\"SearchAction\",\"target\":{\"@type\":\"EntryPoint\",\"urlTemplate\":\"https:\/\/karukella.ee\/?s={search_term_string}\"},\"query-input\":{\"@type\":\"PropertyValueSpecification\",\"valueRequired\":true,\"valueName\":\"search_term_string\"}}],\"inLanguage\":\"fi\"},{\"@type\":\"Organization\",\"@id\":\"https:\/\/karukella.ee\/#organization\",\"name\":\"Karukella Puhkemaja\",\"url\":\"https:\/\/karukella.ee\/\",\"logo\":{\"@type\":\"ImageObject\",\"inLanguage\":\"fi\",\"@id\":\"https:\/\/karukella.ee\/#\/schema\/logo\/image\/\",\"url\":\"https:\/\/karukella.ee\/wp-content\/uploads\/2025\/03\/Karukella-puhkemaja-sirelipoosast-scaled.jpg\",\"contentUrl\":\"https:\/\/karukella.ee\/wp-content\/uploads\/2025\/03\/Karukella-puhkemaja-sirelipoosast-scaled.jpg\",\"width\":2560,\"height\":1942,\"caption\":\"Karukella Puhkemaja\"},\"image\":{\"@id\":\"https:\/\/karukella.ee\/#\/schema\/logo\/image\/\"},\"sameAs\":[\"https:\/\/www.facebook.com\/karukella\/\",\"https:\/\/www.instagram.com\/karukella_puhkemaja\/\"]}]}<\/script>\n<!-- \/ Yoast SEO plugin. -->","yoast_head_json":{"title":"TULE S\u00c4HK\u00d6AUTOLLA | Karukella Puhkemaja","robots":{"index":"index","follow":"follow","max-snippet":"max-snippet:-1","max-image-preview":"max-image-preview:large","max-video-preview":"max-video-preview:-1"},"canonical":"https:\/\/karukella.ee\/tule-elektriautoga\/","og_locale":"fi_FI","og_type":"article","og_title":"TULE S\u00c4HK\u00d6AUTOLLA | Karukella Puhkemaja","og_description":"TULE S\u00c4HK\u00d6AUTOLLA Karukellan Lomatalossa s\u00e4hk\u00f6autosi ladataan k\u00e4tev\u00e4sti ja turvallisesti \u2013 aivan kuten nykyaikainen matka vaatii. Pid\u00e4mme sinusta huolta silloinkin, vaikka matkakumppaneihisi kuuluisi s\u00e4hk\u00f6inen nelipy\u00f6r\u00e4inenkin. Sein\u00e4ll\u00e4mme odottaa Alexela ABB Terra AC 22 kW -laturi, jossa on 5 metrin kaapeli. Se on kolmivaiheinen, 3\u00d732 A -mallia, jossa on my\u00f6s 4G-, LAN- ja WiFi-yhteydet sek\u00e4 dynaaminen kuormauksens\u00e4\u00e4t\u00f6 turvallisen [&hellip;]","og_url":"https:\/\/karukella.ee\/tule-elektriautoga\/","og_site_name":"Karukella Puhkemaja","article_publisher":"https:\/\/www.facebook.com\/karukella\/","article_modified_time":"2025-06-17T09:54:28+00:00","og_image":[{"url":"https:\/\/karukella.ee\/wp-content\/uploads\/2025\/04\/Karukella-elektrilaadur-rohtne-scaled-1.webp","type":"","width":"","height":""}],"twitter_card":"summary_large_image","twitter_misc":{"Arvioitu lukuaika":"1 minuutti"},"schema":{"@context":"https:\/\/schema.org","@graph":[{"@type":"WebPage","@id":"https:\/\/karukella.ee\/tule-elektriautoga\/","url":"https:\/\/karukella.ee\/tule-elektriautoga\/","name":"TULE S\u00c4HK\u00d6AUTOLLA | Karukella Puhkemaja","isPartOf":{"@id":"https:\/\/karukella.ee\/#website"},"primaryImageOfPage":{"@id":"https:\/\/karukella.ee\/tule-elektriautoga\/#primaryimage"},"image":{"@id":"https:\/\/karukella.ee\/tule-elektriautoga\/#primaryimage"},"thumbnailUrl":"https:\/\/karukella.ee\/wp-content\/uploads\/2025\/04\/Karukella-elektrilaadur-rohtne-scaled-1.webp","datePublished":"2025-04-08T12:37:12+00:00","dateModified":"2025-06-17T09:54:28+00:00","breadcrumb":{"@id":"https:\/\/karukella.ee\/tule-elektriautoga\/#breadcrumb"},"inLanguage":"fi","potentialAction":[{"@type":"ReadAction","target":["https:\/\/karukella.ee\/tule-elektriautoga\/"]}]},{"@type":"ImageObject","inLanguage":"fi","@id":"https:\/\/karukella.ee\/tule-elektriautoga\/#primaryimage","url":"https:\/\/karukella.ee\/wp-content\/uploads\/2025\/04\/Karukella-elektrilaadur-rohtne-scaled-1.webp","contentUrl":"https:\/\/karukella.ee\/wp-content\/uploads\/2025\/04\/Karukella-elektrilaadur-rohtne-scaled-1.webp"},{"@type":"BreadcrumbList","@id":"https:\/\/karukella.ee\/tule-elektriautoga\/#breadcrumb","itemListElement":[{"@type":"ListItem","position":1,"name":"Home","item":"https:\/\/karukella.ee\/fi\/"},{"@type":"ListItem","position":2,"name":"TULE S\u00c4HK\u00d6AUTOLLA"}]},{"@type":"WebSite","@id":"https:\/\/karukella.ee\/#website","url":"https:\/\/karukella.ee\/","name":"Karukella Puhkemaja","description":"Kestlik luksus 5 toaga puhkemajas Virumaal","publisher":{"@id":"https:\/\/karukella.ee\/#organization"},"potentialAction":[{"@type":"SearchAction","target":{"@type":"EntryPoint","urlTemplate":"https:\/\/karukella.ee\/?s={search_term_string}"},"query-input":{"@type":"PropertyValueSpecification","valueRequired":true,"valueName":"search_term_string"}}],"inLanguage":"fi"},{"@type":"Organization","@id":"https:\/\/karukella.ee\/#organization","name":"Karukella Puhkemaja","url":"https:\/\/karukella.ee\/","logo":{"@type":"ImageObject","inLanguage":"fi","@id":"https:\/\/karukella.ee\/#\/schema\/logo\/image\/","url":"https:\/\/karukella.ee\/wp-content\/uploads\/2025\/03\/Karukella-puhkemaja-sirelipoosast-scaled.jpg","contentUrl":"https:\/\/karukella.ee\/wp-content\/uploads\/2025\/03\/Karukella-puhkemaja-sirelipoosast-scaled.jpg","width":2560,"height":1942,"caption":"Karukella Puhkemaja"},"image":{"@id":"https:\/\/karukella.ee\/#\/schema\/logo\/image\/"},"sameAs":["https:\/\/www.facebook.com\/karukella\/","https:\/\/www.instagram.com\/karukella_puhkemaja\/"]}]}},"_links":{"self":[{"href":"https:\/\/karukella.ee\/fi\/wp-json\/wp\/v2\/pages\/1581","targetHints":{"allow":["GET"]}}],"collection":[{"href":"https:\/\/karukella.ee\/fi\/wp-json\/wp\/v2\/pages"}],"about":[{"href":"https:\/\/karukella.ee\/fi\/wp-json\/wp\/v2\/types\/page"}],"author":[{"embeddable":true,"href":"https:\/\/karukella.ee\/fi\/wp-json\/wp\/v2\/users\/3"}],"replies":[{"embeddable":true,"href":"https:\/\/karukella.ee\/fi\/wp-json\/wp\/v2\/comments?post=1581"}],"version-history":[{"count":3,"href":"https:\/\/karukella.ee\/fi\/wp-json\/wp\/v2\/pages\/1581\/revisions"}],"predecessor-version":[{"id":1593,"href":"https:\/\/karukella.ee\/fi\/wp-json\/wp\/v2\/pages\/1581\/revisions\/1593"}],"wp:attachment":[{"href":"https:\/\/karukella.ee\/fi\/wp-json\/wp\/v2\/media?parent=1581"}],"curies":[{"name":"wp","href":"https:\/\/api.w.org\/{rel}","templated":true}]}}