{"id":1556,"date":"2025-06-03T07:51:52","date_gmt":"2025-06-03T07:51:52","guid":{"rendered":"https:\/\/karukella.ee\/grillmaja\/"},"modified":"2026-01-03T15:59:26","modified_gmt":"2026-01-03T15:59:26","slug":"grillikota","status":"publish","type":"page","link":"https:\/\/karukella.ee\/fi\/grillikota\/","title":{"rendered":"GRILLIKATOS"},"content":{"rendered":"\n<div class=\"wp-block-cover alignfull\"><img loading=\"lazy\" decoding=\"async\" width=\"1920\" height=\"2560\" class=\"wp-block-cover__image-background wp-image-1096 size-full\" alt=\"\" src=\"https:\/\/karukella.ee\/wp-content\/uploads\/2025\/06\/Karukella-grillamaj-chill-hoovis-scaled.jpg\" data-object-fit=\"cover\" srcset=\"https:\/\/karukella.ee\/wp-content\/uploads\/2025\/06\/Karukella-grillamaj-chill-hoovis-scaled.jpg 1920w, https:\/\/karukella.ee\/wp-content\/uploads\/2025\/06\/Karukella-grillamaj-chill-hoovis-225x300.jpg 225w, https:\/\/karukella.ee\/wp-content\/uploads\/2025\/06\/Karukella-grillamaj-chill-hoovis-768x1024.jpg 768w, https:\/\/karukella.ee\/wp-content\/uploads\/2025\/06\/Karukella-grillamaj-chill-hoovis-1152x1536.jpg 1152w, https:\/\/karukella.ee\/wp-content\/uploads\/2025\/06\/Karukella-grillamaj-chill-hoovis-1536x2048.jpg 1536w, https:\/\/karukella.ee\/wp-content\/uploads\/2025\/06\/Karukella-grillamaj-chill-hoovis-1568x2091.jpg 1568w\" sizes=\"auto, (max-width: 1920px) 100vw, 1920px\" \/><span aria-hidden=\"true\" class=\"wp-block-cover__background has-background-dim-0 has-background-dim\"><\/span><div class=\"wp-block-cover__inner-container is-layout-flow wp-block-cover-is-layout-flow\">\n<p class=\"has-text-align-center has-large-font-size\"><\/p>\n<\/div><\/div>\n\n\n\n<div style=\"height:30px\" aria-hidden=\"true\" class=\"wp-block-spacer mobile-spacer-10\"><\/div>\n\n\n\n<h1 class=\"wp-block-heading has-text-align-center animated rotateInDownRight slow has-darkpurple-color has-text-color has-link-color wp-elements-07c6eb989f73f423068d971665d2cd60\"><strong><strong>GRILLIKATOS<\/strong><\/strong><\/h1>\n\n\n\n<h2 class=\"wp-block-heading has-text-align-center\"><strong>Karukellan lomatalon grillikota<\/strong><\/h2>\n\n\n\n<p class=\"has-text-align-center\"><strong>Karukellan lomatalon grillikota Virossa<\/strong> on erillinen ja s\u00e4\u00e4st\u00e4 riippumaton paikka mukavaan yhdess\u00e4oloon. Se tarjoaa mahdollisuuden nauttia yhteisist\u00e4 hetkist\u00e4 ilman, ett\u00e4 sade tai aurinko h\u00e4iritsev\u00e4t \u2013 savut eiv\u00e4t kulkeudu sis\u00e4tiloihin ja ulkona viihtyminen on helppoa kaikkina vuodenaikoina.<\/p>\n\n\n\n<p class=\"has-text-align-center\">Toisin kuin monissa lomakohteissa, Karukellassa ei tarvitse juosta sis\u00e4lle jokaisen pienen asian vuoksi. Kaikki onnistuneeseen grilli-iltaan tarvittava on heti k\u00e4den ulottuvilla, mik\u00e4 tekee yhdess\u00e4olosta vaivatonta ja rennompaa.<\/p>\n\n\n\n<h3 class=\"wp-block-heading has-text-align-center\"><strong>Miksi valita lomatalo, jossa on grillikota?<\/strong><\/h3>\n\n\n\n<p class=\"has-text-align-center\">Grillikota sijaitsee sis\u00e4pihan syd\u00e4mess\u00e4 \u2013 lapset ovat l\u00e4hell\u00e4, nurmipelit tapahtuvat turvallisesti silmien alla ja l\u00e4mmin valaistus luo yksityisen sek\u00e4 kodikkaan tunnelman. T\u00e4m\u00e4 tekee paikasta ihanteellisen perhelomille, yst\u00e4vien kokoontumisiin ja tiimi-iltoihin.<\/p>\n\n\n\n<p class=\"has-text-align-center\"><strong>Grillikota Virossa Karukellassa<\/strong> on suunniteltu niin, ett\u00e4 illat voivat jatkua rauhassa ja luonnollisesti \u2013 koska kaikki, mit\u00e4 onnistuneeseen grilli-iltaan tarvitaan, on jo valmiina.<\/p>\n\n\n\n<div class=\"wp-block-buttons is-content-justification-center is-layout-flex wp-container-core-buttons-is-layout-a89b3969 wp-block-buttons-is-layout-flex\">\n<div class=\"wp-block-button\"><a class=\"wp-block-button__link wp-element-button\" href=\"https:\/\/karukella.ee\/fi\/tekemista-virossa\/\" target=\"_blank\" rel=\"noreferrer noopener\"><strong>VAPAA-AJAN AKTIVITEETIT KARUKELLASSA!<\/strong><\/a><\/div>\n<\/div>\n\n\n\n<div style=\"height:30px\" aria-hidden=\"true\" class=\"wp-block-spacer mobile-spacer-10\"><\/div>\n\n\n\n<div class=\"wp-block-columns alignwide has-background is-layout-flex wp-container-core-columns-is-layout-74d018ca wp-block-columns-is-layout-flex\" style=\"background-color:#d7b56d;padding-top:var(--wp--preset--spacing--20);padding-right:var(--wp--preset--spacing--20);padding-bottom:var(--wp--preset--spacing--20);padding-left:var(--wp--preset--spacing--20)\">\n<div class=\"wp-block-column has-white-background-color has-background is-layout-flow wp-container-core-column-is-layout-6a27151a wp-block-column-is-layout-flow\" style=\"padding-top:var(--wp--preset--spacing--30);padding-right:var(--wp--preset--spacing--30);padding-bottom:var(--wp--preset--spacing--30);padding-left:var(--wp--preset--spacing--30)\">\n<div class=\"wp-block-edhotels-grid-gallery grid-items lightgallery is-style-mosaic\"><div data-src=\"https:\/\/karukella.ee\/wp-content\/uploads\/2025\/04\/Karukella-puhkemajas-EdHotels_2-scaled-1.webp\" class=\"grid-item\"><img decoding=\"async\" width=\"1024\" height=\"723\" src=\"https:\/\/karukella.ee\/wp-content\/uploads\/2025\/04\/Karukella-puhkemajas-EdHotels_2-scaled-1-1024x723.webp\" alt=\"\" data-id=\"371\" loading=\"lazy\" class=\"wp-image-371\" srcset=\"https:\/\/karukella.ee\/wp-content\/uploads\/2025\/04\/Karukella-puhkemajas-EdHotels_2-scaled-1-1024x723.webp 1024w, https:\/\/karukella.ee\/wp-content\/uploads\/2025\/04\/Karukella-puhkemajas-EdHotels_2-scaled-1-300x212.webp 300w, https:\/\/karukella.ee\/wp-content\/uploads\/2025\/04\/Karukella-puhkemajas-EdHotels_2-scaled-1-768x542.webp 768w, https:\/\/karukella.ee\/wp-content\/uploads\/2025\/04\/Karukella-puhkemajas-EdHotels_2-scaled-1-1536x1085.webp 1536w, https:\/\/karukella.ee\/wp-content\/uploads\/2025\/04\/Karukella-puhkemajas-EdHotels_2-scaled-1-2048x1446.webp 2048w, https:\/\/karukella.ee\/wp-content\/uploads\/2025\/04\/Karukella-puhkemajas-EdHotels_2-scaled-1-1568x1107.webp 1568w\" sizes=\"auto, (max-width: 1024px) 100vw, 1024px\" \/><\/div><div data-src=\"https:\/\/karukella.ee\/wp-content\/uploads\/2025\/04\/Karukella-grillmajas-ka-pitsakivi-ja-labidas-scaled-1.webp\" class=\"grid-item\"><img decoding=\"async\" width=\"768\" height=\"1024\" src=\"https:\/\/karukella.ee\/wp-content\/uploads\/2025\/04\/Karukella-grillmajas-ka-pitsakivi-ja-labidas-scaled-1-768x1024.webp\" alt=\"\" data-id=\"365\" loading=\"lazy\" class=\"wp-image-365\" srcset=\"https:\/\/karukella.ee\/wp-content\/uploads\/2025\/04\/Karukella-grillmajas-ka-pitsakivi-ja-labidas-scaled-1-768x1024.webp 768w, https:\/\/karukella.ee\/wp-content\/uploads\/2025\/04\/Karukella-grillmajas-ka-pitsakivi-ja-labidas-scaled-1-225x300.webp 225w, https:\/\/karukella.ee\/wp-content\/uploads\/2025\/04\/Karukella-grillmajas-ka-pitsakivi-ja-labidas-scaled-1-1152x1536.webp 1152w, https:\/\/karukella.ee\/wp-content\/uploads\/2025\/04\/Karukella-grillmajas-ka-pitsakivi-ja-labidas-scaled-1-1536x2048.webp 1536w, https:\/\/karukella.ee\/wp-content\/uploads\/2025\/04\/Karukella-grillmajas-ka-pitsakivi-ja-labidas-scaled-1-1568x2091.webp 1568w, https:\/\/karukella.ee\/wp-content\/uploads\/2025\/04\/Karukella-grillmajas-ka-pitsakivi-ja-labidas-scaled-1.webp 1920w\" sizes=\"auto, (max-width: 768px) 100vw, 768px\" \/><\/div><div data-src=\"https:\/\/karukella.ee\/wp-content\/uploads\/2025\/04\/Karukella-grillmaja-ohtul-scaled-1.webp\" class=\"grid-item\"><img decoding=\"async\" width=\"768\" height=\"1024\" src=\"https:\/\/karukella.ee\/wp-content\/uploads\/2025\/04\/Karukella-grillmaja-ohtul-scaled-1-768x1024.webp\" alt=\"\" data-id=\"359\" loading=\"lazy\" class=\"wp-image-359\" srcset=\"https:\/\/karukella.ee\/wp-content\/uploads\/2025\/04\/Karukella-grillmaja-ohtul-scaled-1-768x1024.webp 768w, https:\/\/karukella.ee\/wp-content\/uploads\/2025\/04\/Karukella-grillmaja-ohtul-scaled-1-225x300.webp 225w, https:\/\/karukella.ee\/wp-content\/uploads\/2025\/04\/Karukella-grillmaja-ohtul-scaled-1-1152x1536.webp 1152w, https:\/\/karukella.ee\/wp-content\/uploads\/2025\/04\/Karukella-grillmaja-ohtul-scaled-1-1536x2048.webp 1536w, https:\/\/karukella.ee\/wp-content\/uploads\/2025\/04\/Karukella-grillmaja-ohtul-scaled-1-1568x2091.webp 1568w, https:\/\/karukella.ee\/wp-content\/uploads\/2025\/04\/Karukella-grillmaja-ohtul-scaled-1.webp 1920w\" sizes=\"auto, (max-width: 768px) 100vw, 768px\" \/><\/div><div data-src=\"https:\/\/karukella.ee\/wp-content\/uploads\/2025\/04\/Karukella-grillmaja-kulalised-saabuvad-scaled-1.webp\" class=\"grid-item\"><img decoding=\"async\" width=\"768\" height=\"1024\" src=\"https:\/\/karukella.ee\/wp-content\/uploads\/2025\/04\/Karukella-grillmaja-kulalised-saabuvad-scaled-1-768x1024.webp\" alt=\"\" data-id=\"357\" loading=\"lazy\" class=\"wp-image-357\" srcset=\"https:\/\/karukella.ee\/wp-content\/uploads\/2025\/04\/Karukella-grillmaja-kulalised-saabuvad-scaled-1-768x1024.webp 768w, https:\/\/karukella.ee\/wp-content\/uploads\/2025\/04\/Karukella-grillmaja-kulalised-saabuvad-scaled-1-225x300.webp 225w, https:\/\/karukella.ee\/wp-content\/uploads\/2025\/04\/Karukella-grillmaja-kulalised-saabuvad-scaled-1-1152x1536.webp 1152w, https:\/\/karukella.ee\/wp-content\/uploads\/2025\/04\/Karukella-grillmaja-kulalised-saabuvad-scaled-1-1536x2048.webp 1536w, https:\/\/karukella.ee\/wp-content\/uploads\/2025\/04\/Karukella-grillmaja-kulalised-saabuvad-scaled-1-1568x2091.webp 1568w, https:\/\/karukella.ee\/wp-content\/uploads\/2025\/04\/Karukella-grillmaja-kulalised-saabuvad-scaled-1.webp 1920w\" sizes=\"auto, (max-width: 768px) 100vw, 768px\" \/><\/div><div data-src=\"https:\/\/karukella.ee\/wp-content\/uploads\/2025\/04\/Karukella-stiffi-grillvardad-scaled-1.webp\" class=\"grid-item\"><img decoding=\"async\" width=\"768\" height=\"1024\" src=\"https:\/\/karukella.ee\/wp-content\/uploads\/2025\/04\/Karukella-stiffi-grillvardad-scaled-1-768x1024.webp\" alt=\"\" data-id=\"373\" loading=\"lazy\" class=\"wp-image-373\" srcset=\"https:\/\/karukella.ee\/wp-content\/uploads\/2025\/04\/Karukella-stiffi-grillvardad-scaled-1-768x1024.webp 768w, https:\/\/karukella.ee\/wp-content\/uploads\/2025\/04\/Karukella-stiffi-grillvardad-scaled-1-225x300.webp 225w, https:\/\/karukella.ee\/wp-content\/uploads\/2025\/04\/Karukella-stiffi-grillvardad-scaled-1-1152x1536.webp 1152w, https:\/\/karukella.ee\/wp-content\/uploads\/2025\/04\/Karukella-stiffi-grillvardad-scaled-1-1536x2048.webp 1536w, https:\/\/karukella.ee\/wp-content\/uploads\/2025\/04\/Karukella-stiffi-grillvardad-scaled-1-1568x2091.webp 1568w, https:\/\/karukella.ee\/wp-content\/uploads\/2025\/04\/Karukella-stiffi-grillvardad-scaled-1.webp 1920w\" sizes=\"auto, (max-width: 768px) 100vw, 768px\" \/><\/div><div data-src=\"https:\/\/karukella.ee\/wp-content\/uploads\/2025\/04\/Karukella-grillmaja-ohtupaikses-koos-kiikedega-scaled-1.webp\" class=\"grid-item\"><img decoding=\"async\" width=\"768\" height=\"1024\" src=\"https:\/\/karukella.ee\/wp-content\/uploads\/2025\/04\/Karukella-grillmaja-ohtupaikses-koos-kiikedega-scaled-1-768x1024.webp\" alt=\"\" data-id=\"375\" loading=\"lazy\" class=\"wp-image-375\" srcset=\"https:\/\/karukella.ee\/wp-content\/uploads\/2025\/04\/Karukella-grillmaja-ohtupaikses-koos-kiikedega-scaled-1-768x1024.webp 768w, https:\/\/karukella.ee\/wp-content\/uploads\/2025\/04\/Karukella-grillmaja-ohtupaikses-koos-kiikedega-scaled-1-225x300.webp 225w, https:\/\/karukella.ee\/wp-content\/uploads\/2025\/04\/Karukella-grillmaja-ohtupaikses-koos-kiikedega-scaled-1-1152x1536.webp 1152w, https:\/\/karukella.ee\/wp-content\/uploads\/2025\/04\/Karukella-grillmaja-ohtupaikses-koos-kiikedega-scaled-1-1536x2048.webp 1536w, https:\/\/karukella.ee\/wp-content\/uploads\/2025\/04\/Karukella-grillmaja-ohtupaikses-koos-kiikedega-scaled-1-1568x2091.webp 1568w, https:\/\/karukella.ee\/wp-content\/uploads\/2025\/04\/Karukella-grillmaja-ohtupaikses-koos-kiikedega-scaled-1.webp 1920w\" sizes=\"auto, (max-width: 768px) 100vw, 768px\" \/><\/div><\/div>\n<\/div>\n\n\n\n<div class=\"wp-block-column is-vertically-aligned-center is-layout-flow wp-block-column-is-layout-flow\" style=\"padding-right:var(--wp--preset--spacing--40);padding-left:var(--wp--preset--spacing--40)\">\n<p class=\"has-black-color has-text-color has-link-color wp-elements-54c8b70a4934b3d67ecc14a10b1f4b1c\">Loma-asunnon hintaan sis\u00e4ltyy my\u00f6s grillikatoksen k\u00e4ytt\u00f6, ja olemme iloisia voidessamme todeta, ett\u00e4 vieraamme k\u00e4ytt\u00e4v\u00e4t sit\u00e4 ymp\u00e4ri vuoden.<\/p>\n\n\n\n<p class=\"has-black-color has-text-color has-link-color wp-elements-35f7691074b6d388afa65196e0fef073\">Grillikatos sopii seuraaviin tilaisuuksiin:<\/p>\n\n\n\n<ul class=\"wp-block-list\">\n<li class=\"has-black-color has-text-color has-link-color wp-elements-1965414d6b76ac8adce5851e91ea8fb8\">koko talon t\u00e4ydelle ihmisi\u00e4, jotka mahtuvat mukavasti pitk\u00e4n p\u00f6yd\u00e4n \u00e4\u00e4reen<\/li>\n\n\n\n<li class=\"has-black-color has-text-color has-link-color wp-elements-db983f38b7eb20f88e2e875d60db2ca3\">varjoksi kuumalta ja sateiselta s\u00e4\u00e4lt\u00e4<\/li>\n\n\n\n<li class=\"has-black-color has-text-color has-link-color wp-elements-2e530c048f96832cd6e3255a240f0a43\">kahvitauoksi seminaarivieraille<\/li>\n\n\n\n<li class=\"has-black-color has-text-color has-link-color wp-elements-bec670a876960b84f9e626fb0f85ecea\">mukavan iltap\u00e4iv\u00e4n grillihetkeen<\/li>\n\n\n\n<li class=\"has-black-color has-text-color has-link-color wp-elements-e5f4621c99f52ff4314b750207df7632\">pidemp\u00e4\u00e4n kes\u00e4illoista nauttimiseen<\/li>\n<\/ul>\n\n\n\n<p class=\"has-black-color has-text-color has-link-color wp-elements-1d240101abc171835b508d7df95ba9f2\"><strong>Grillikatoksessa on:<\/strong><\/p>\n\n\n\n<ul class=\"wp-block-list\">\n<li class=\"has-black-color has-text-color has-link-color wp-elements-1623e98d13c8f029b17b84ee1b944f02\">14 paikkaa pitk\u00e4n p\u00f6yd\u00e4n \u00e4\u00e4ress\u00e4<\/li>\n\n\n\n<li class=\"has-black-color has-text-color has-link-color wp-elements-dfbce72434af44b518281ee2827c95d8\">ty\u00f6taso, jossa on pesuallas ja l\u00e4mmin juokseva vesi<\/li>\n\n\n\n<li class=\"has-black-color has-text-color has-link-color wp-elements-54f5d5f3f3b728d1ff34a7ad0afd45c5\">takka<\/li>\n\n\n\n<li class=\"has-black-color has-text-color has-link-color wp-elements-83cffc0fc2412b1ad4270bc8a5244f14\">klassinen ruostumattomasta ter\u00e4ksest\u00e4 valmistettu hiiligrilli<\/li>\n\n\n\n<li class=\"has-black-color has-text-color has-link-color wp-elements-7c0eae85593e25f8ead06568fdb05f73\">muna\/kamado -grilli halkaisijaltaan 60 cm<\/li>\n\n\n\n<li class=\"has-black-color has-text-color has-link-color wp-elements-a20f235cfa87c25481f9142bbb3e2ad7\">hiilien sytytin<\/li>\n\n\n\n<li class=\"has-black-color has-text-color has-link-color wp-elements-82e97572ee2f21a8a068db5b42ad53b7\">riippukeinua<\/li>\n\n\n\n<li class=\"has-black-color has-text-color has-link-color wp-elements-5f762ae683d3df6b34a921a72955f2fc\">sek\u00e4 polttopuut ett\u00e4 pussillinen hiili\u00e4 grillaamista varten<\/li>\n<\/ul>\n<\/div>\n<\/div>\n\n\n\n<div style=\"height:30px\" aria-hidden=\"true\" class=\"wp-block-spacer mobile-spacer-5\"><\/div>\n","protected":false},"excerpt":{"rendered":"<p>GRILLIKATOS Karukellan lomatalon grillikota Karukellan lomatalon grillikota Virossa on erillinen ja s\u00e4\u00e4st\u00e4 riippumaton paikka mukavaan yhdess\u00e4oloon. Se tarjoaa mahdollisuuden nauttia yhteisist\u00e4 hetkist\u00e4 ilman, ett\u00e4 sade tai aurinko h\u00e4iritsev\u00e4t \u2013 savut eiv\u00e4t kulkeudu sis\u00e4tiloihin ja ulkona viihtyminen on helppoa kaikkina vuodenaikoina. Toisin kuin monissa lomakohteissa, Karukellassa ei tarvitse juosta sis\u00e4lle jokaisen pienen asian vuoksi. Kaikki onnistuneeseen [&hellip;]<\/p>\n","protected":false},"author":1,"featured_media":0,"parent":0,"menu_order":0,"comment_status":"closed","ping_status":"closed","template":"","meta":{"footnotes":""},"class_list":["post-1556","page","type-page","status-publish","hentry"],"yoast_head":"<!-- This site is optimized with the Yoast SEO plugin v27.0 - https:\/\/yoast.com\/product\/yoast-seo-wordpress\/ -->\n<title>Grillikota Virossa | Karukellan lomatalo<\/title>\n<meta name=\"description\" content=\"Lomatalo grillikodalla Virossa \u2013 Karukellan grillikota tarjoaa suojaisan ja viihtyis\u00e4n paikan yhteisiin iltoihin perheille ja ryhmille.\" \/>\n<meta name=\"robots\" content=\"index, follow, max-snippet:-1, max-image-preview:large, max-video-preview:-1\" \/>\n<link rel=\"canonical\" href=\"https:\/\/karukella.ee\/fi\/grillikota\/\" \/>\n<meta property=\"og:locale\" content=\"fi_FI\" \/>\n<meta property=\"og:type\" content=\"article\" \/>\n<meta property=\"og:title\" content=\"Grillikota Virossa | Karukellan lomatalo\" \/>\n<meta property=\"og:description\" content=\"Lomatalo grillikodalla Virossa \u2013 Karukellan grillikota tarjoaa suojaisan ja viihtyis\u00e4n paikan yhteisiin iltoihin perheille ja ryhmille.\" \/>\n<meta property=\"og:url\" content=\"https:\/\/karukella.ee\/fi\/grillikota\/\" \/>\n<meta property=\"og:site_name\" content=\"Karukella Puhkemaja\" \/>\n<meta property=\"article:publisher\" content=\"https:\/\/www.facebook.com\/karukella\/\" \/>\n<meta property=\"article:modified_time\" content=\"2026-01-03T15:59:26+00:00\" \/>\n<meta property=\"og:image\" content=\"https:\/\/karukella.ee\/wp-content\/uploads\/2025\/06\/Karukella-grillamaj-chill-hoovis-scaled.jpg\" \/>\n\t<meta property=\"og:image:width\" content=\"1920\" \/>\n\t<meta property=\"og:image:height\" content=\"2560\" \/>\n\t<meta property=\"og:image:type\" content=\"image\/jpeg\" \/>\n<meta name=\"twitter:card\" content=\"summary_large_image\" \/>\n<meta name=\"twitter:label1\" content=\"Arvioitu lukuaika\" \/>\n\t<meta name=\"twitter:data1\" content=\"3 minuuttia\" \/>\n<script type=\"application\/ld+json\" class=\"yoast-schema-graph\">{\"@context\":\"https:\/\/schema.org\",\"@graph\":[{\"@type\":\"WebPage\",\"@id\":\"https:\/\/karukella.ee\/fi\/grillikota\/\",\"url\":\"https:\/\/karukella.ee\/fi\/grillikota\/\",\"name\":\"Grillikota Virossa | Karukellan lomatalo\",\"isPartOf\":{\"@id\":\"https:\/\/karukella.ee\/#website\"},\"primaryImageOfPage\":{\"@id\":\"https:\/\/karukella.ee\/fi\/grillikota\/#primaryimage\"},\"image\":{\"@id\":\"https:\/\/karukella.ee\/fi\/grillikota\/#primaryimage\"},\"thumbnailUrl\":\"https:\/\/karukella.ee\/wp-content\/uploads\/2025\/06\/Karukella-grillamaj-chill-hoovis-scaled.jpg\",\"datePublished\":\"2025-06-03T07:51:52+00:00\",\"dateModified\":\"2026-01-03T15:59:26+00:00\",\"description\":\"Lomatalo grillikodalla Virossa \u2013 Karukellan grillikota tarjoaa suojaisan ja viihtyis\u00e4n paikan yhteisiin iltoihin perheille ja ryhmille.\",\"breadcrumb\":{\"@id\":\"https:\/\/karukella.ee\/fi\/grillikota\/#breadcrumb\"},\"inLanguage\":\"fi\",\"potentialAction\":[{\"@type\":\"ReadAction\",\"target\":[\"https:\/\/karukella.ee\/fi\/grillikota\/\"]}]},{\"@type\":\"ImageObject\",\"inLanguage\":\"fi\",\"@id\":\"https:\/\/karukella.ee\/fi\/grillikota\/#primaryimage\",\"url\":\"https:\/\/karukella.ee\/wp-content\/uploads\/2025\/06\/Karukella-grillamaj-chill-hoovis-scaled.jpg\",\"contentUrl\":\"https:\/\/karukella.ee\/wp-content\/uploads\/2025\/06\/Karukella-grillamaj-chill-hoovis-scaled.jpg\"},{\"@type\":\"BreadcrumbList\",\"@id\":\"https:\/\/karukella.ee\/fi\/grillikota\/#breadcrumb\",\"itemListElement\":[{\"@type\":\"ListItem\",\"position\":1,\"name\":\"Home\",\"item\":\"https:\/\/karukella.ee\/fi\/\"},{\"@type\":\"ListItem\",\"position\":2,\"name\":\"GRILLIKATOS\"}]},{\"@type\":\"WebSite\",\"@id\":\"https:\/\/karukella.ee\/#website\",\"url\":\"https:\/\/karukella.ee\/\",\"name\":\"Karukella Puhkemaja\",\"description\":\"Kestlik luksus 5 toaga puhkemajas Virumaal\",\"publisher\":{\"@id\":\"https:\/\/karukella.ee\/#organization\"},\"potentialAction\":[{\"@type\":\"SearchAction\",\"target\":{\"@type\":\"EntryPoint\",\"urlTemplate\":\"https:\/\/karukella.ee\/?s={search_term_string}\"},\"query-input\":{\"@type\":\"PropertyValueSpecification\",\"valueRequired\":true,\"valueName\":\"search_term_string\"}}],\"inLanguage\":\"fi\"},{\"@type\":\"Organization\",\"@id\":\"https:\/\/karukella.ee\/#organization\",\"name\":\"Karukella Puhkemaja\",\"url\":\"https:\/\/karukella.ee\/\",\"logo\":{\"@type\":\"ImageObject\",\"inLanguage\":\"fi\",\"@id\":\"https:\/\/karukella.ee\/#\/schema\/logo\/image\/\",\"url\":\"https:\/\/karukella.ee\/wp-content\/uploads\/2025\/03\/Karukella-puhkemaja-sirelipoosast-scaled.jpg\",\"contentUrl\":\"https:\/\/karukella.ee\/wp-content\/uploads\/2025\/03\/Karukella-puhkemaja-sirelipoosast-scaled.jpg\",\"width\":2560,\"height\":1942,\"caption\":\"Karukella Puhkemaja\"},\"image\":{\"@id\":\"https:\/\/karukella.ee\/#\/schema\/logo\/image\/\"},\"sameAs\":[\"https:\/\/www.facebook.com\/karukella\/\",\"https:\/\/www.instagram.com\/karukella_puhkemaja\/\"]}]}<\/script>\n<!-- \/ Yoast SEO plugin. -->","yoast_head_json":{"title":"Grillikota Virossa | Karukellan lomatalo","description":"Lomatalo grillikodalla Virossa \u2013 Karukellan grillikota tarjoaa suojaisan ja viihtyis\u00e4n paikan yhteisiin iltoihin perheille ja ryhmille.","robots":{"index":"index","follow":"follow","max-snippet":"max-snippet:-1","max-image-preview":"max-image-preview:large","max-video-preview":"max-video-preview:-1"},"canonical":"https:\/\/karukella.ee\/fi\/grillikota\/","og_locale":"fi_FI","og_type":"article","og_title":"Grillikota Virossa | Karukellan lomatalo","og_description":"Lomatalo grillikodalla Virossa \u2013 Karukellan grillikota tarjoaa suojaisan ja viihtyis\u00e4n paikan yhteisiin iltoihin perheille ja ryhmille.","og_url":"https:\/\/karukella.ee\/fi\/grillikota\/","og_site_name":"Karukella Puhkemaja","article_publisher":"https:\/\/www.facebook.com\/karukella\/","article_modified_time":"2026-01-03T15:59:26+00:00","og_image":[{"width":1920,"height":2560,"url":"https:\/\/karukella.ee\/wp-content\/uploads\/2025\/06\/Karukella-grillamaj-chill-hoovis-scaled.jpg","type":"image\/jpeg"}],"twitter_card":"summary_large_image","twitter_misc":{"Arvioitu lukuaika":"3 minuuttia"},"schema":{"@context":"https:\/\/schema.org","@graph":[{"@type":"WebPage","@id":"https:\/\/karukella.ee\/fi\/grillikota\/","url":"https:\/\/karukella.ee\/fi\/grillikota\/","name":"Grillikota Virossa | Karukellan lomatalo","isPartOf":{"@id":"https:\/\/karukella.ee\/#website"},"primaryImageOfPage":{"@id":"https:\/\/karukella.ee\/fi\/grillikota\/#primaryimage"},"image":{"@id":"https:\/\/karukella.ee\/fi\/grillikota\/#primaryimage"},"thumbnailUrl":"https:\/\/karukella.ee\/wp-content\/uploads\/2025\/06\/Karukella-grillamaj-chill-hoovis-scaled.jpg","datePublished":"2025-06-03T07:51:52+00:00","dateModified":"2026-01-03T15:59:26+00:00","description":"Lomatalo grillikodalla Virossa \u2013 Karukellan grillikota tarjoaa suojaisan ja viihtyis\u00e4n paikan yhteisiin iltoihin perheille ja ryhmille.","breadcrumb":{"@id":"https:\/\/karukella.ee\/fi\/grillikota\/#breadcrumb"},"inLanguage":"fi","potentialAction":[{"@type":"ReadAction","target":["https:\/\/karukella.ee\/fi\/grillikota\/"]}]},{"@type":"ImageObject","inLanguage":"fi","@id":"https:\/\/karukella.ee\/fi\/grillikota\/#primaryimage","url":"https:\/\/karukella.ee\/wp-content\/uploads\/2025\/06\/Karukella-grillamaj-chill-hoovis-scaled.jpg","contentUrl":"https:\/\/karukella.ee\/wp-content\/uploads\/2025\/06\/Karukella-grillamaj-chill-hoovis-scaled.jpg"},{"@type":"BreadcrumbList","@id":"https:\/\/karukella.ee\/fi\/grillikota\/#breadcrumb","itemListElement":[{"@type":"ListItem","position":1,"name":"Home","item":"https:\/\/karukella.ee\/fi\/"},{"@type":"ListItem","position":2,"name":"GRILLIKATOS"}]},{"@type":"WebSite","@id":"https:\/\/karukella.ee\/#website","url":"https:\/\/karukella.ee\/","name":"Karukella Puhkemaja","description":"Kestlik luksus 5 toaga puhkemajas Virumaal","publisher":{"@id":"https:\/\/karukella.ee\/#organization"},"potentialAction":[{"@type":"SearchAction","target":{"@type":"EntryPoint","urlTemplate":"https:\/\/karukella.ee\/?s={search_term_string}"},"query-input":{"@type":"PropertyValueSpecification","valueRequired":true,"valueName":"search_term_string"}}],"inLanguage":"fi"},{"@type":"Organization","@id":"https:\/\/karukella.ee\/#organization","name":"Karukella Puhkemaja","url":"https:\/\/karukella.ee\/","logo":{"@type":"ImageObject","inLanguage":"fi","@id":"https:\/\/karukella.ee\/#\/schema\/logo\/image\/","url":"https:\/\/karukella.ee\/wp-content\/uploads\/2025\/03\/Karukella-puhkemaja-sirelipoosast-scaled.jpg","contentUrl":"https:\/\/karukella.ee\/wp-content\/uploads\/2025\/03\/Karukella-puhkemaja-sirelipoosast-scaled.jpg","width":2560,"height":1942,"caption":"Karukella Puhkemaja"},"image":{"@id":"https:\/\/karukella.ee\/#\/schema\/logo\/image\/"},"sameAs":["https:\/\/www.facebook.com\/karukella\/","https:\/\/www.instagram.com\/karukella_puhkemaja\/"]}]}},"_links":{"self":[{"href":"https:\/\/karukella.ee\/fi\/wp-json\/wp\/v2\/pages\/1556","targetHints":{"allow":["GET"]}}],"collection":[{"href":"https:\/\/karukella.ee\/fi\/wp-json\/wp\/v2\/pages"}],"about":[{"href":"https:\/\/karukella.ee\/fi\/wp-json\/wp\/v2\/types\/page"}],"author":[{"embeddable":true,"href":"https:\/\/karukella.ee\/fi\/wp-json\/wp\/v2\/users\/1"}],"replies":[{"embeddable":true,"href":"https:\/\/karukella.ee\/fi\/wp-json\/wp\/v2\/comments?post=1556"}],"version-history":[{"count":5,"href":"https:\/\/karukella.ee\/fi\/wp-json\/wp\/v2\/pages\/1556\/revisions"}],"predecessor-version":[{"id":6838,"href":"https:\/\/karukella.ee\/fi\/wp-json\/wp\/v2\/pages\/1556\/revisions\/6838"}],"wp:attachment":[{"href":"https:\/\/karukella.ee\/fi\/wp-json\/wp\/v2\/media?parent=1556"}],"curies":[{"name":"wp","href":"https:\/\/api.w.org\/{rel}","templated":true}]}}