{"id":1527,"date":"2025-04-10T16:19:53","date_gmt":"2025-04-10T16:19:53","guid":{"rendered":"https:\/\/karukella.ee\/toitlustus\/"},"modified":"2026-01-03T13:53:47","modified_gmt":"2026-01-03T13:53:47","slug":"ruokailu-virossa","status":"publish","type":"page","link":"https:\/\/karukella.ee\/fi\/ruokailu-virossa\/","title":{"rendered":"RUOKA"},"content":{"rendered":"\n<div class=\"wp-block-cover alignfull is-light\"><img loading=\"lazy\" decoding=\"async\" width=\"2560\" height=\"1920\" class=\"wp-block-cover__image-background wp-image-332\" alt=\"\" src=\"https:\/\/karukella.ee\/wp-content\/uploads\/2025\/04\/Karukella-puhkemaja-peolaud-scaled-1.webp\" data-object-fit=\"cover\" srcset=\"https:\/\/karukella.ee\/wp-content\/uploads\/2025\/04\/Karukella-puhkemaja-peolaud-scaled-1.webp 2560w, https:\/\/karukella.ee\/wp-content\/uploads\/2025\/04\/Karukella-puhkemaja-peolaud-scaled-1-300x225.webp 300w, https:\/\/karukella.ee\/wp-content\/uploads\/2025\/04\/Karukella-puhkemaja-peolaud-scaled-1-1024x768.webp 1024w, https:\/\/karukella.ee\/wp-content\/uploads\/2025\/04\/Karukella-puhkemaja-peolaud-scaled-1-768x576.webp 768w, https:\/\/karukella.ee\/wp-content\/uploads\/2025\/04\/Karukella-puhkemaja-peolaud-scaled-1-1536x1152.webp 1536w, https:\/\/karukella.ee\/wp-content\/uploads\/2025\/04\/Karukella-puhkemaja-peolaud-scaled-1-2048x1536.webp 2048w, https:\/\/karukella.ee\/wp-content\/uploads\/2025\/04\/Karukella-puhkemaja-peolaud-scaled-1-1568x1176.webp 1568w\" sizes=\"auto, (max-width: 2560px) 100vw, 2560px\" \/><span aria-hidden=\"true\" class=\"wp-block-cover__background has-background-dim-0 has-background-dim\"><\/span><div class=\"wp-block-cover__inner-container is-layout-flow wp-block-cover-is-layout-flow\">\n<p class=\"has-text-align-center has-large-font-size\"><\/p>\n<\/div><\/div>\n\n\n\n<div style=\"height:30px\" aria-hidden=\"true\" class=\"wp-block-spacer mobile-spacer-10\"><\/div>\n\n\n\n<h1 class=\"wp-block-heading has-text-align-center animated rotateInDownRight slow has-darkpurple-color has-text-color has-link-color wp-elements-bee70af9465a5e744ebc9c58835acc99\"><strong><strong>NAUTINNOLLISIA P\u00c4IV\u00c4LLISI\u00c4 JA PITKI\u00c4 AAMIAISIA<\/strong><\/strong><\/h1>\n\n\n\n<h2 class=\"wp-block-heading has-text-align-center has-darkpurple-color has-text-color has-link-color wp-elements-738ae5377a837c1851a2f1fdcf79ccfb\"><strong><strong>L\u00e4hiymp\u00e4rist\u00f6st\u00e4 Karukellan p\u00f6yt\u00e4\u00e4n!<\/strong><\/strong><\/h2>\n\n\n\n<p class=\"has-text-align-center\"><strong>Nautinnollisia p\u00e4iv\u00e4llisi\u00e4 ja pitki\u00e4 aamiaisia Karukellassa<\/strong><\/p>\n\n\n\n<p class=\"has-text-align-center\">Karukellassa tarjoamme <strong>ruokailua majoituksen yhteydess\u00e4 Virossa<\/strong>, osana rauhallista ja harkittua lomakokemusta. Hyv\u00e4 ruoka ei ole meille pelkk\u00e4 lis\u00e4palvelu, vaan t\u00e4rke\u00e4 osa yhdess\u00e4oloa ja viihtymist\u00e4.<\/p>\n\n\n\n<p class=\"has-text-align-center\">Arvostamme terveellist\u00e4 ja tasapainoista ruokavaliota sek\u00e4 paikallisia makuja. Siksi k\u00e4yt\u00e4mme ensisijaisesti l\u00e4hiruokaa, joka on kasvatettu tai tuotettu 5\u201310 kilometrin s\u00e4teell\u00e4. Mik\u00e4li paikallisia raaka-aineita ei ole saatavilla, suosimme aina virolaisia ja laadukkaita vaihtoehtoja.<\/p>\n\n\n\n<p class=\"has-text-align-center\">P\u00f6yt\u00e4\u00e4n katetaan kiireett\u00f6mi\u00e4 aamiaisia ja nautinnollisia p\u00e4iv\u00e4llisi\u00e4, jotka sopivat Karukellan rauhalliseen rytmiin. <strong>Ruokailu majoituksen yhteydess\u00e4 Virossa Karukellassa<\/strong> sopii erinomaisesti perheille, yst\u00e4v\u00e4porukoille sek\u00e4 ryhmille ja tiimeille, jotka haluavat viett\u00e4\u00e4 yhteist\u00e4 aikaa hyv\u00e4n ruoan \u00e4\u00e4rell\u00e4.<\/p>\n\n\n\n<p class=\"has-text-align-center\">Teemme yhteisty\u00f6t\u00e4 luotettavien paikallisten kumppaneiden kanssa, kuten<br><a href=\"http:\/\/www.sigwar.ee\/\" target=\"_blank\" rel=\"noreferrer noopener\">Sigwar<\/a>,\u00a0<a href=\"http:\/\/pagarikoda.com\/\" target=\"_blank\" rel=\"noreferrer noopener\">Pagarikoda<\/a>,\u00a0<a href=\"https:\/\/larenzo.ee\/\" target=\"_blank\" rel=\"noreferrer noopener\">Varja kohvik<\/a>, Vendi kulinaaria,\u00a0<a href=\"https:\/\/www.facebook.com\/Kairetordid\" target=\"_blank\" rel=\"noreferrer noopener\">Kaire tordid<\/a>,\u00a0<a href=\"https:\/\/www.purtsepruulikoda.ee\/\" target=\"_blank\" rel=\"noreferrer noopener\">Purtse pruulikoda<\/a>. jotta voimme tarjota vieraillemme parasta, mit\u00e4 l\u00e4hialueella on tarjota.<\/p>\n\n\n\n<p class=\"has-text-align-center\">Jos seurueessanne on allergioita tai erityisruokavalioita, pyyd\u00e4mme ilmoittamaan niist\u00e4 etuk\u00e4teen \u2013 huomioimme ne aina mielell\u00e4mme.<\/p>\n\n\n\n<div style=\"height:30px\" aria-hidden=\"true\" class=\"wp-block-spacer mobile-spacer-10\"><\/div>\n\n\n\n<div class=\"wp-block-columns alignwide has-background is-layout-flex wp-container-core-columns-is-layout-74d018ca wp-block-columns-is-layout-flex\" style=\"background-color:#d7b56d;padding-top:var(--wp--preset--spacing--20);padding-right:var(--wp--preset--spacing--20);padding-bottom:var(--wp--preset--spacing--20);padding-left:var(--wp--preset--spacing--20)\">\n<div class=\"wp-block-column has-white-background-color has-background is-layout-flow wp-container-core-column-is-layout-6a27151a wp-block-column-is-layout-flow\" style=\"padding-top:var(--wp--preset--spacing--30);padding-right:var(--wp--preset--spacing--30);padding-bottom:var(--wp--preset--spacing--30);padding-left:var(--wp--preset--spacing--30)\">\n<div class=\"wp-block-edhotels-grid-gallery grid-items lightgallery is-style-mosaic\"><div data-src=\"https:\/\/karukella.ee\/wp-content\/uploads\/2025\/04\/Karukella-suupistevaagen-vaike.webp\" class=\"grid-item\"><img decoding=\"async\" width=\"771\" height=\"1024\" src=\"https:\/\/karukella.ee\/wp-content\/uploads\/2025\/04\/Karukella-suupistevaagen-vaike-771x1024.webp\" alt=\"\" data-id=\"352\" loading=\"lazy\" class=\"wp-image-352\" srcset=\"https:\/\/karukella.ee\/wp-content\/uploads\/2025\/04\/Karukella-suupistevaagen-vaike-771x1024.webp 771w, https:\/\/karukella.ee\/wp-content\/uploads\/2025\/04\/Karukella-suupistevaagen-vaike-226x300.webp 226w, https:\/\/karukella.ee\/wp-content\/uploads\/2025\/04\/Karukella-suupistevaagen-vaike-768x1020.webp 768w, https:\/\/karukella.ee\/wp-content\/uploads\/2025\/04\/Karukella-suupistevaagen-vaike-1156x1536.webp 1156w, https:\/\/karukella.ee\/wp-content\/uploads\/2025\/04\/Karukella-suupistevaagen-vaike.webp 1170w\" sizes=\"auto, (max-width: 771px) 100vw, 771px\" \/><\/div><div data-src=\"https:\/\/karukella.ee\/wp-content\/uploads\/2025\/04\/Karukella-suupistelaud.webp\" class=\"grid-item\"><img decoding=\"async\" width=\"772\" height=\"1024\" src=\"https:\/\/karukella.ee\/wp-content\/uploads\/2025\/04\/Karukella-suupistelaud-772x1024.webp\" alt=\"\" data-id=\"348\" loading=\"lazy\" class=\"wp-image-348\" srcset=\"https:\/\/karukella.ee\/wp-content\/uploads\/2025\/04\/Karukella-suupistelaud-772x1024.webp 772w, https:\/\/karukella.ee\/wp-content\/uploads\/2025\/04\/Karukella-suupistelaud-226x300.webp 226w, https:\/\/karukella.ee\/wp-content\/uploads\/2025\/04\/Karukella-suupistelaud-768x1018.webp 768w, https:\/\/karukella.ee\/wp-content\/uploads\/2025\/04\/Karukella-suupistelaud-1159x1536.webp 1159w, https:\/\/karukella.ee\/wp-content\/uploads\/2025\/04\/Karukella-suupistelaud.webp 1170w\" sizes=\"auto, (max-width: 772px) 100vw, 772px\" \/><\/div><div data-src=\"https:\/\/karukella.ee\/wp-content\/uploads\/2025\/04\/Karukella-suupistevaagen-suur-scaled-1-1.webp\" class=\"grid-item\"><img decoding=\"async\" width=\"819\" height=\"1024\" src=\"https:\/\/karukella.ee\/wp-content\/uploads\/2025\/04\/Karukella-suupistevaagen-suur-scaled-1-1-819x1024.webp\" alt=\"\" data-id=\"350\" loading=\"lazy\" class=\"wp-image-350\" srcset=\"https:\/\/karukella.ee\/wp-content\/uploads\/2025\/04\/Karukella-suupistevaagen-suur-scaled-1-1-819x1024.webp 819w, https:\/\/karukella.ee\/wp-content\/uploads\/2025\/04\/Karukella-suupistevaagen-suur-scaled-1-1-240x300.webp 240w, https:\/\/karukella.ee\/wp-content\/uploads\/2025\/04\/Karukella-suupistevaagen-suur-scaled-1-1-768x960.webp 768w, https:\/\/karukella.ee\/wp-content\/uploads\/2025\/04\/Karukella-suupistevaagen-suur-scaled-1-1-1229x1536.webp 1229w, https:\/\/karukella.ee\/wp-content\/uploads\/2025\/04\/Karukella-suupistevaagen-suur-scaled-1-1-1638x2048.webp 1638w, https:\/\/karukella.ee\/wp-content\/uploads\/2025\/04\/Karukella-suupistevaagen-suur-scaled-1-1-1568x1960.webp 1568w, https:\/\/karukella.ee\/wp-content\/uploads\/2025\/04\/Karukella-suupistevaagen-suur-scaled-1-1.webp 2048w\" sizes=\"auto, (max-width: 819px) 100vw, 819px\" \/><\/div><div data-src=\"https:\/\/karukella.ee\/wp-content\/uploads\/2025\/04\/Karukella-puhkemaja-peolaud-scaled-1.webp\" class=\"grid-item\"><img decoding=\"async\" width=\"1024\" height=\"768\" src=\"https:\/\/karukella.ee\/wp-content\/uploads\/2025\/04\/Karukella-puhkemaja-peolaud-scaled-1-1024x768.webp\" alt=\"\" data-id=\"332\" loading=\"lazy\" class=\"wp-image-332\" srcset=\"https:\/\/karukella.ee\/wp-content\/uploads\/2025\/04\/Karukella-puhkemaja-peolaud-scaled-1-1024x768.webp 1024w, https:\/\/karukella.ee\/wp-content\/uploads\/2025\/04\/Karukella-puhkemaja-peolaud-scaled-1-300x225.webp 300w, https:\/\/karukella.ee\/wp-content\/uploads\/2025\/04\/Karukella-puhkemaja-peolaud-scaled-1-768x576.webp 768w, https:\/\/karukella.ee\/wp-content\/uploads\/2025\/04\/Karukella-puhkemaja-peolaud-scaled-1-1536x1152.webp 1536w, https:\/\/karukella.ee\/wp-content\/uploads\/2025\/04\/Karukella-puhkemaja-peolaud-scaled-1-2048x1536.webp 2048w, https:\/\/karukella.ee\/wp-content\/uploads\/2025\/04\/Karukella-puhkemaja-peolaud-scaled-1-1568x1176.webp 1568w\" sizes=\"auto, (max-width: 1024px) 100vw, 1024px\" \/><\/div><div data-src=\"https:\/\/karukella.ee\/wp-content\/uploads\/2025\/04\/Karukella-seminari-salatid-scaled-2.webp\" class=\"grid-item\"><img decoding=\"async\" width=\"768\" height=\"1024\" src=\"https:\/\/karukella.ee\/wp-content\/uploads\/2025\/04\/Karukella-seminari-salatid-scaled-2-768x1024.webp\" alt=\"\" data-id=\"344\" loading=\"lazy\" class=\"wp-image-344\" srcset=\"https:\/\/karukella.ee\/wp-content\/uploads\/2025\/04\/Karukella-seminari-salatid-scaled-2-768x1024.webp 768w, https:\/\/karukella.ee\/wp-content\/uploads\/2025\/04\/Karukella-seminari-salatid-scaled-2-225x300.webp 225w, https:\/\/karukella.ee\/wp-content\/uploads\/2025\/04\/Karukella-seminari-salatid-scaled-2-1152x1536.webp 1152w, https:\/\/karukella.ee\/wp-content\/uploads\/2025\/04\/Karukella-seminari-salatid-scaled-2-1536x2048.webp 1536w, https:\/\/karukella.ee\/wp-content\/uploads\/2025\/04\/Karukella-seminari-salatid-scaled-2-1568x2091.webp 1568w, https:\/\/karukella.ee\/wp-content\/uploads\/2025\/04\/Karukella-seminari-salatid-scaled-2.webp 1920w\" sizes=\"auto, (max-width: 768px) 100vw, 768px\" \/><\/div><div data-src=\"https:\/\/karukella.ee\/wp-content\/uploads\/2025\/04\/Karukella-puhkemaja-hommikupudru-scaled-1.webp\" class=\"grid-item\"><img decoding=\"async\" width=\"768\" height=\"1024\" src=\"https:\/\/karukella.ee\/wp-content\/uploads\/2025\/04\/Karukella-puhkemaja-hommikupudru-scaled-1-768x1024.webp\" alt=\"\" data-id=\"326\" loading=\"lazy\" class=\"wp-image-326\" srcset=\"https:\/\/karukella.ee\/wp-content\/uploads\/2025\/04\/Karukella-puhkemaja-hommikupudru-scaled-1-768x1024.webp 768w, https:\/\/karukella.ee\/wp-content\/uploads\/2025\/04\/Karukella-puhkemaja-hommikupudru-scaled-1-225x300.webp 225w, https:\/\/karukella.ee\/wp-content\/uploads\/2025\/04\/Karukella-puhkemaja-hommikupudru-scaled-1-1152x1536.webp 1152w, https:\/\/karukella.ee\/wp-content\/uploads\/2025\/04\/Karukella-puhkemaja-hommikupudru-scaled-1-1536x2048.webp 1536w, https:\/\/karukella.ee\/wp-content\/uploads\/2025\/04\/Karukella-puhkemaja-hommikupudru-scaled-1-1568x2091.webp 1568w, https:\/\/karukella.ee\/wp-content\/uploads\/2025\/04\/Karukella-puhkemaja-hommikupudru-scaled-1.webp 1920w\" sizes=\"auto, (max-width: 768px) 100vw, 768px\" \/><\/div><\/div>\n<\/div>\n\n\n\n<div class=\"wp-block-column is-vertically-aligned-center is-layout-flow wp-block-column-is-layout-flow\" style=\"padding-right:var(--wp--preset--spacing--40);padding-left:var(--wp--preset--spacing--40)\">\n<h2 class=\"wp-block-heading has-white-color has-text-color has-link-color wp-elements-9ae844acf03610d39ac86d5421b54e26\"><strong>RUOAN TILAAMINEN \u2013 juuri niin kuin sinulle sopii!<\/strong><\/h2>\n\n\n\n<p class=\"has-white-color has-text-color has-link-color wp-elements-fff76640469a770fd817b6f90a1cb43b\"><br>Haluatko p\u00e4\u00e4st\u00e4 lomalla tavallista helpommalla? Meill\u00e4 on siihen useita k\u00e4tevi\u00e4 ratkaisuja:<\/p>\n\n\n\n<p class=\"has-white-color has-text-color has-link-color wp-elements-60d9077ba51e04c461a64be503f27d20\"><strong>TILAA RUOKAA J\u00c4\u00c4KAAPPIIN!<\/strong><br>Toimitamme ateriat ja ruokatarvikkeet j\u00e4\u00e4kaappiin tilauksen mukaan. Sinun tarvitsee vain ottaa ne kaapista tai l\u00e4mmitt\u00e4\u00e4 ne liedell\u00e4 tai uunissa.<\/p>\n\n\n\n<p class=\"has-white-color has-text-color has-link-color wp-elements-927b0b6b0145dd2e58cb6ae74a8c8469\"><strong>TILAA KATETTU P\u00d6YT\u00c4 JA L\u00c4MMINRUOKA!<\/strong><br>Jos p\u00e4iv\u00e4ohjelmasi on kuitenkin t\u00e4ynn\u00e4 toimintaa etk\u00e4 ehdi itse j\u00e4rjest\u00e4\u00e4 sit\u00e4, kauniisti katettu p\u00f6yt\u00e4 ja l\u00e4mpim\u00e4t ateriat odottavat sinua lis\u00e4maksusta.<\/p>\n\n\n\n<p class=\"has-white-color has-text-color has-link-color wp-elements-11f15243f79fedb39633d9b0ac43dba9\"><strong>TILAA PITOPALVELU!<\/strong><br>Eik\u00e4 siin\u00e4 kaikki: Lis\u00e4ksi meill\u00e4 on hyv\u00e4 verkosto pitopalveluyrityksi\u00e4 ja ruokapalveluita, jotka toimittavat l\u00e4mmint\u00e4 ruokaa paikan p\u00e4\u00e4lle. Valinta on Sinun!<\/p>\n<\/div>\n<\/div>\n\n\n\n<div style=\"height:30px\" aria-hidden=\"true\" class=\"wp-block-spacer mobile-spacer-10\"><\/div>\n\n\n\n<p><\/p>\n","protected":false},"excerpt":{"rendered":"<p>NAUTINNOLLISIA P\u00c4IV\u00c4LLISI\u00c4 JA PITKI\u00c4 AAMIAISIA L\u00e4hiymp\u00e4rist\u00f6st\u00e4 Karukellan p\u00f6yt\u00e4\u00e4n! Nautinnollisia p\u00e4iv\u00e4llisi\u00e4 ja pitki\u00e4 aamiaisia Karukellassa Karukellassa tarjoamme ruokailua majoituksen yhteydess\u00e4 Virossa, osana rauhallista ja harkittua lomakokemusta. Hyv\u00e4 ruoka ei ole meille pelkk\u00e4 lis\u00e4palvelu, vaan t\u00e4rke\u00e4 osa yhdess\u00e4oloa ja viihtymist\u00e4. Arvostamme terveellist\u00e4 ja tasapainoista ruokavaliota sek\u00e4 paikallisia makuja. Siksi k\u00e4yt\u00e4mme ensisijaisesti l\u00e4hiruokaa, joka on kasvatettu tai tuotettu [&hellip;]<\/p>\n","protected":false},"author":3,"featured_media":0,"parent":0,"menu_order":0,"comment_status":"closed","ping_status":"closed","template":"","meta":{"footnotes":""},"class_list":["post-1527","page","type-page","status-publish","hentry"],"yoast_head":"<!-- This site is optimized with the Yoast SEO plugin v27.0 - https:\/\/yoast.com\/product\/yoast-seo-wordpress\/ -->\n<title>Ruokailu Virossa | Aamiainen ja l\u00e4hiruoka Karukellassa<\/title>\n<meta name=\"description\" content=\"Ruokailu majoituksen yhteydess\u00e4 Virossa \u2013 pitk\u00e4t aamiaiset, p\u00e4iv\u00e4lliset ja l\u00e4hialueen puhtad raaka-aineet Karukellan lomatalossa.\" \/>\n<meta name=\"robots\" content=\"index, follow, max-snippet:-1, max-image-preview:large, max-video-preview:-1\" \/>\n<link rel=\"canonical\" href=\"https:\/\/karukella.ee\/fi\/ruokailu-virossa\/\" \/>\n<meta property=\"og:locale\" content=\"fi_FI\" \/>\n<meta property=\"og:type\" content=\"article\" \/>\n<meta property=\"og:title\" content=\"Ruokailu Virossa | Aamiainen ja l\u00e4hiruoka Karukellassa\" \/>\n<meta property=\"og:description\" content=\"Ruokailu majoituksen yhteydess\u00e4 Virossa \u2013 pitk\u00e4t aamiaiset, p\u00e4iv\u00e4lliset ja l\u00e4hialueen puhtad raaka-aineet Karukellan lomatalossa.\" \/>\n<meta property=\"og:url\" content=\"https:\/\/karukella.ee\/fi\/ruokailu-virossa\/\" \/>\n<meta property=\"og:site_name\" content=\"Karukella Puhkemaja\" \/>\n<meta property=\"article:publisher\" content=\"https:\/\/www.facebook.com\/karukella\/\" \/>\n<meta property=\"article:modified_time\" content=\"2026-01-03T13:53:47+00:00\" \/>\n<meta property=\"og:image\" content=\"https:\/\/karukella.ee\/wp-content\/uploads\/2025\/04\/Karukella-puhkemaja-peolaud-scaled-1.webp\" \/>\n\t<meta property=\"og:image:width\" content=\"2560\" \/>\n\t<meta property=\"og:image:height\" content=\"1920\" \/>\n\t<meta property=\"og:image:type\" content=\"image\/webp\" \/>\n<meta name=\"twitter:card\" content=\"summary_large_image\" \/>\n<meta name=\"twitter:label1\" content=\"Arvioitu lukuaika\" \/>\n\t<meta name=\"twitter:data1\" content=\"3 minuuttia\" \/>\n<script type=\"application\/ld+json\" class=\"yoast-schema-graph\">{\"@context\":\"https:\/\/schema.org\",\"@graph\":[{\"@type\":\"WebPage\",\"@id\":\"https:\/\/karukella.ee\/fi\/ruokailu-virossa\/\",\"url\":\"https:\/\/karukella.ee\/fi\/ruokailu-virossa\/\",\"name\":\"Ruokailu Virossa | Aamiainen ja l\u00e4hiruoka Karukellassa\",\"isPartOf\":{\"@id\":\"https:\/\/karukella.ee\/#website\"},\"primaryImageOfPage\":{\"@id\":\"https:\/\/karukella.ee\/fi\/ruokailu-virossa\/#primaryimage\"},\"image\":{\"@id\":\"https:\/\/karukella.ee\/fi\/ruokailu-virossa\/#primaryimage\"},\"thumbnailUrl\":\"https:\/\/karukella.ee\/wp-content\/uploads\/2025\/04\/Karukella-puhkemaja-peolaud-scaled-1.webp\",\"datePublished\":\"2025-04-10T16:19:53+00:00\",\"dateModified\":\"2026-01-03T13:53:47+00:00\",\"description\":\"Ruokailu majoituksen yhteydess\u00e4 Virossa \u2013 pitk\u00e4t aamiaiset, p\u00e4iv\u00e4lliset ja l\u00e4hialueen puhtad raaka-aineet Karukellan lomatalossa.\",\"breadcrumb\":{\"@id\":\"https:\/\/karukella.ee\/fi\/ruokailu-virossa\/#breadcrumb\"},\"inLanguage\":\"fi\",\"potentialAction\":[{\"@type\":\"ReadAction\",\"target\":[\"https:\/\/karukella.ee\/fi\/ruokailu-virossa\/\"]}]},{\"@type\":\"ImageObject\",\"inLanguage\":\"fi\",\"@id\":\"https:\/\/karukella.ee\/fi\/ruokailu-virossa\/#primaryimage\",\"url\":\"https:\/\/karukella.ee\/wp-content\/uploads\/2025\/04\/Karukella-puhkemaja-peolaud-scaled-1.webp\",\"contentUrl\":\"https:\/\/karukella.ee\/wp-content\/uploads\/2025\/04\/Karukella-puhkemaja-peolaud-scaled-1.webp\"},{\"@type\":\"BreadcrumbList\",\"@id\":\"https:\/\/karukella.ee\/fi\/ruokailu-virossa\/#breadcrumb\",\"itemListElement\":[{\"@type\":\"ListItem\",\"position\":1,\"name\":\"Home\",\"item\":\"https:\/\/karukella.ee\/fi\/\"},{\"@type\":\"ListItem\",\"position\":2,\"name\":\"RUOKA\"}]},{\"@type\":\"WebSite\",\"@id\":\"https:\/\/karukella.ee\/#website\",\"url\":\"https:\/\/karukella.ee\/\",\"name\":\"Karukella Puhkemaja\",\"description\":\"Kestlik luksus 5 toaga puhkemajas Virumaal\",\"publisher\":{\"@id\":\"https:\/\/karukella.ee\/#organization\"},\"potentialAction\":[{\"@type\":\"SearchAction\",\"target\":{\"@type\":\"EntryPoint\",\"urlTemplate\":\"https:\/\/karukella.ee\/?s={search_term_string}\"},\"query-input\":{\"@type\":\"PropertyValueSpecification\",\"valueRequired\":true,\"valueName\":\"search_term_string\"}}],\"inLanguage\":\"fi\"},{\"@type\":\"Organization\",\"@id\":\"https:\/\/karukella.ee\/#organization\",\"name\":\"Karukella Puhkemaja\",\"url\":\"https:\/\/karukella.ee\/\",\"logo\":{\"@type\":\"ImageObject\",\"inLanguage\":\"fi\",\"@id\":\"https:\/\/karukella.ee\/#\/schema\/logo\/image\/\",\"url\":\"https:\/\/karukella.ee\/wp-content\/uploads\/2025\/03\/Karukella-puhkemaja-sirelipoosast-scaled.jpg\",\"contentUrl\":\"https:\/\/karukella.ee\/wp-content\/uploads\/2025\/03\/Karukella-puhkemaja-sirelipoosast-scaled.jpg\",\"width\":2560,\"height\":1942,\"caption\":\"Karukella Puhkemaja\"},\"image\":{\"@id\":\"https:\/\/karukella.ee\/#\/schema\/logo\/image\/\"},\"sameAs\":[\"https:\/\/www.facebook.com\/karukella\/\",\"https:\/\/www.instagram.com\/karukella_puhkemaja\/\"]}]}<\/script>\n<!-- \/ Yoast SEO plugin. -->","yoast_head_json":{"title":"Ruokailu Virossa | Aamiainen ja l\u00e4hiruoka Karukellassa","description":"Ruokailu majoituksen yhteydess\u00e4 Virossa \u2013 pitk\u00e4t aamiaiset, p\u00e4iv\u00e4lliset ja l\u00e4hialueen puhtad raaka-aineet Karukellan lomatalossa.","robots":{"index":"index","follow":"follow","max-snippet":"max-snippet:-1","max-image-preview":"max-image-preview:large","max-video-preview":"max-video-preview:-1"},"canonical":"https:\/\/karukella.ee\/fi\/ruokailu-virossa\/","og_locale":"fi_FI","og_type":"article","og_title":"Ruokailu Virossa | Aamiainen ja l\u00e4hiruoka Karukellassa","og_description":"Ruokailu majoituksen yhteydess\u00e4 Virossa \u2013 pitk\u00e4t aamiaiset, p\u00e4iv\u00e4lliset ja l\u00e4hialueen puhtad raaka-aineet Karukellan lomatalossa.","og_url":"https:\/\/karukella.ee\/fi\/ruokailu-virossa\/","og_site_name":"Karukella Puhkemaja","article_publisher":"https:\/\/www.facebook.com\/karukella\/","article_modified_time":"2026-01-03T13:53:47+00:00","og_image":[{"width":2560,"height":1920,"url":"https:\/\/karukella.ee\/wp-content\/uploads\/2025\/04\/Karukella-puhkemaja-peolaud-scaled-1.webp","type":"image\/webp"}],"twitter_card":"summary_large_image","twitter_misc":{"Arvioitu lukuaika":"3 minuuttia"},"schema":{"@context":"https:\/\/schema.org","@graph":[{"@type":"WebPage","@id":"https:\/\/karukella.ee\/fi\/ruokailu-virossa\/","url":"https:\/\/karukella.ee\/fi\/ruokailu-virossa\/","name":"Ruokailu Virossa | Aamiainen ja l\u00e4hiruoka Karukellassa","isPartOf":{"@id":"https:\/\/karukella.ee\/#website"},"primaryImageOfPage":{"@id":"https:\/\/karukella.ee\/fi\/ruokailu-virossa\/#primaryimage"},"image":{"@id":"https:\/\/karukella.ee\/fi\/ruokailu-virossa\/#primaryimage"},"thumbnailUrl":"https:\/\/karukella.ee\/wp-content\/uploads\/2025\/04\/Karukella-puhkemaja-peolaud-scaled-1.webp","datePublished":"2025-04-10T16:19:53+00:00","dateModified":"2026-01-03T13:53:47+00:00","description":"Ruokailu majoituksen yhteydess\u00e4 Virossa \u2013 pitk\u00e4t aamiaiset, p\u00e4iv\u00e4lliset ja l\u00e4hialueen puhtad raaka-aineet Karukellan lomatalossa.","breadcrumb":{"@id":"https:\/\/karukella.ee\/fi\/ruokailu-virossa\/#breadcrumb"},"inLanguage":"fi","potentialAction":[{"@type":"ReadAction","target":["https:\/\/karukella.ee\/fi\/ruokailu-virossa\/"]}]},{"@type":"ImageObject","inLanguage":"fi","@id":"https:\/\/karukella.ee\/fi\/ruokailu-virossa\/#primaryimage","url":"https:\/\/karukella.ee\/wp-content\/uploads\/2025\/04\/Karukella-puhkemaja-peolaud-scaled-1.webp","contentUrl":"https:\/\/karukella.ee\/wp-content\/uploads\/2025\/04\/Karukella-puhkemaja-peolaud-scaled-1.webp"},{"@type":"BreadcrumbList","@id":"https:\/\/karukella.ee\/fi\/ruokailu-virossa\/#breadcrumb","itemListElement":[{"@type":"ListItem","position":1,"name":"Home","item":"https:\/\/karukella.ee\/fi\/"},{"@type":"ListItem","position":2,"name":"RUOKA"}]},{"@type":"WebSite","@id":"https:\/\/karukella.ee\/#website","url":"https:\/\/karukella.ee\/","name":"Karukella Puhkemaja","description":"Kestlik luksus 5 toaga puhkemajas Virumaal","publisher":{"@id":"https:\/\/karukella.ee\/#organization"},"potentialAction":[{"@type":"SearchAction","target":{"@type":"EntryPoint","urlTemplate":"https:\/\/karukella.ee\/?s={search_term_string}"},"query-input":{"@type":"PropertyValueSpecification","valueRequired":true,"valueName":"search_term_string"}}],"inLanguage":"fi"},{"@type":"Organization","@id":"https:\/\/karukella.ee\/#organization","name":"Karukella Puhkemaja","url":"https:\/\/karukella.ee\/","logo":{"@type":"ImageObject","inLanguage":"fi","@id":"https:\/\/karukella.ee\/#\/schema\/logo\/image\/","url":"https:\/\/karukella.ee\/wp-content\/uploads\/2025\/03\/Karukella-puhkemaja-sirelipoosast-scaled.jpg","contentUrl":"https:\/\/karukella.ee\/wp-content\/uploads\/2025\/03\/Karukella-puhkemaja-sirelipoosast-scaled.jpg","width":2560,"height":1942,"caption":"Karukella Puhkemaja"},"image":{"@id":"https:\/\/karukella.ee\/#\/schema\/logo\/image\/"},"sameAs":["https:\/\/www.facebook.com\/karukella\/","https:\/\/www.instagram.com\/karukella_puhkemaja\/"]}]}},"_links":{"self":[{"href":"https:\/\/karukella.ee\/fi\/wp-json\/wp\/v2\/pages\/1527","targetHints":{"allow":["GET"]}}],"collection":[{"href":"https:\/\/karukella.ee\/fi\/wp-json\/wp\/v2\/pages"}],"about":[{"href":"https:\/\/karukella.ee\/fi\/wp-json\/wp\/v2\/types\/page"}],"author":[{"embeddable":true,"href":"https:\/\/karukella.ee\/fi\/wp-json\/wp\/v2\/users\/3"}],"replies":[{"embeddable":true,"href":"https:\/\/karukella.ee\/fi\/wp-json\/wp\/v2\/comments?post=1527"}],"version-history":[{"count":3,"href":"https:\/\/karukella.ee\/fi\/wp-json\/wp\/v2\/pages\/1527\/revisions"}],"predecessor-version":[{"id":6797,"href":"https:\/\/karukella.ee\/fi\/wp-json\/wp\/v2\/pages\/1527\/revisions\/6797"}],"wp:attachment":[{"href":"https:\/\/karukella.ee\/fi\/wp-json\/wp\/v2\/media?parent=1527"}],"curies":[{"name":"wp","href":"https:\/\/api.w.org\/{rel}","templated":true}]}}