{"id":2040,"date":"2025-06-07T19:33:15","date_gmt":"2025-06-07T19:33:15","guid":{"rendered":"https:\/\/karukella.ee\/pererahvast\/"},"modified":"2025-06-18T14:42:14","modified_gmt":"2025-06-18T14:42:14","slug":"hvem-staar-bag-karukella","status":"publish","type":"page","link":"https:\/\/karukella.ee\/da\/hvem-staar-bag-karukella\/","title":{"rendered":"HVEM ST\u00c5R BAG KARUKELLA"},"content":{"rendered":"\n<div class=\"wp-block-cover alignfull\"><img loading=\"lazy\" decoding=\"async\" width=\"2560\" height=\"1920\" class=\"wp-block-cover__image-background wp-image-1300 size-full\" alt=\"\" src=\"https:\/\/karukella.ee\/wp-content\/uploads\/2025\/06\/Karukella-puhkemaja-marjasaak_1-scaled.jpg\" data-object-fit=\"cover\" srcset=\"https:\/\/karukella.ee\/wp-content\/uploads\/2025\/06\/Karukella-puhkemaja-marjasaak_1-scaled.jpg 2560w, https:\/\/karukella.ee\/wp-content\/uploads\/2025\/06\/Karukella-puhkemaja-marjasaak_1-300x225.jpg 300w, https:\/\/karukella.ee\/wp-content\/uploads\/2025\/06\/Karukella-puhkemaja-marjasaak_1-1024x768.jpg 1024w, https:\/\/karukella.ee\/wp-content\/uploads\/2025\/06\/Karukella-puhkemaja-marjasaak_1-768x576.jpg 768w, https:\/\/karukella.ee\/wp-content\/uploads\/2025\/06\/Karukella-puhkemaja-marjasaak_1-1536x1152.jpg 1536w, https:\/\/karukella.ee\/wp-content\/uploads\/2025\/06\/Karukella-puhkemaja-marjasaak_1-2048x1536.jpg 2048w, https:\/\/karukella.ee\/wp-content\/uploads\/2025\/06\/Karukella-puhkemaja-marjasaak_1-1568x1176.jpg 1568w\" sizes=\"auto, (max-width: 2560px) 100vw, 2560px\" \/><span aria-hidden=\"true\" class=\"wp-block-cover__background has-background-dim-0 has-background-dim\"><\/span><div class=\"wp-block-cover__inner-container is-layout-flow wp-block-cover-is-layout-flow\">\n<p class=\"has-text-align-center has-large-font-size\"><\/p>\n<\/div><\/div>\n\n\n\n<div style=\"height:30px\" aria-hidden=\"true\" class=\"wp-block-spacer mobile-spacer-10\"><\/div>\n\n\n\n<h1 class=\"wp-block-heading has-text-align-center animated rotateInDownRight slow has-darkpurple-color has-text-color has-link-color wp-elements-3556bb427b719ca596527d190bce4c2c\"><strong><strong>HVEM ST\u00c5R BAG KARUKELLA<\/strong>?<\/strong><\/h1>\n\n\n\n<h2 class=\"wp-block-heading has-text-align-center has-darkpurple-color has-text-color has-link-color wp-elements-c9ba8b7b015b34f294dcf8981629a19f\"><strong>Et hjertevarmt familieprojekt med sj\u00e6l og vision<\/strong><\/h2>\n\n\n\n<p class=\"has-text-align-center\">Karukella Feriehus er et <strong>familieejet og familiebygget projekt<\/strong> \u2013 skabt af \u00e6gteparret Jaanus og Terje Rattur, som valgte at forene kr\u00e6fterne ikke kun i livet, men ogs\u00e5 i forretningen.<br>S\u00e5dan blev Karukella til. Historien om Karukella begynder med <strong>to meget forskellige, men perfekt supplerende personer<\/strong>.<\/p>\n\n\n\n<div style=\"height:20px\" aria-hidden=\"true\" class=\"wp-block-spacer mobile-spacer-10\"><\/div>\n\n\n\n<div class=\"wp-block-columns alignwide has-background is-layout-flex wp-container-core-columns-is-layout-74d018ca wp-block-columns-is-layout-flex\" style=\"background-color:#d7b56d;padding-top:var(--wp--preset--spacing--20);padding-right:var(--wp--preset--spacing--20);padding-bottom:var(--wp--preset--spacing--20);padding-left:var(--wp--preset--spacing--20)\">\n<div class=\"wp-block-column has-white-background-color has-background is-layout-flow wp-container-core-column-is-layout-6a27151a wp-block-column-is-layout-flow\" style=\"padding-top:var(--wp--preset--spacing--30);padding-right:var(--wp--preset--spacing--30);padding-bottom:var(--wp--preset--spacing--30);padding-left:var(--wp--preset--spacing--30)\">\n<div class=\"wp-block-edhotels-grid-gallery grid-items lightgallery is-style-default\"><div data-src=\"https:\/\/karukella.ee\/wp-content\/uploads\/2025\/06\/Karukella-puhkemaja-pererahvas_55-scaled.jpg\" class=\"grid-item\"><img decoding=\"async\" width=\"768\" height=\"1024\" src=\"https:\/\/karukella.ee\/wp-content\/uploads\/2025\/06\/Karukella-puhkemaja-pererahvas_55-768x1024.jpg\" alt=\"\" data-id=\"1208\" loading=\"lazy\" class=\"wp-image-1208\" srcset=\"https:\/\/karukella.ee\/wp-content\/uploads\/2025\/06\/Karukella-puhkemaja-pererahvas_55-768x1024.jpg 768w, https:\/\/karukella.ee\/wp-content\/uploads\/2025\/06\/Karukella-puhkemaja-pererahvas_55-225x300.jpg 225w, https:\/\/karukella.ee\/wp-content\/uploads\/2025\/06\/Karukella-puhkemaja-pererahvas_55-1152x1536.jpg 1152w, https:\/\/karukella.ee\/wp-content\/uploads\/2025\/06\/Karukella-puhkemaja-pererahvas_55-1536x2048.jpg 1536w, https:\/\/karukella.ee\/wp-content\/uploads\/2025\/06\/Karukella-puhkemaja-pererahvas_55-1568x2091.jpg 1568w, https:\/\/karukella.ee\/wp-content\/uploads\/2025\/06\/Karukella-puhkemaja-pererahvas_55-scaled.jpg 1920w\" sizes=\"auto, (max-width: 768px) 100vw, 768px\" \/><\/div><div data-src=\"https:\/\/karukella.ee\/wp-content\/uploads\/2025\/06\/Karukella-perenaine-Terje-tassiga_vk.jpg\" class=\"grid-item\"><img decoding=\"async\" width=\"683\" height=\"1024\" src=\"https:\/\/karukella.ee\/wp-content\/uploads\/2025\/06\/Karukella-perenaine-Terje-tassiga_vk-683x1024.jpg\" alt=\"\" data-id=\"1210\" loading=\"lazy\" class=\"wp-image-1210\" srcset=\"https:\/\/karukella.ee\/wp-content\/uploads\/2025\/06\/Karukella-perenaine-Terje-tassiga_vk-683x1024.jpg 683w, https:\/\/karukella.ee\/wp-content\/uploads\/2025\/06\/Karukella-perenaine-Terje-tassiga_vk-200x300.jpg 200w, https:\/\/karukella.ee\/wp-content\/uploads\/2025\/06\/Karukella-perenaine-Terje-tassiga_vk-768x1152.jpg 768w, https:\/\/karukella.ee\/wp-content\/uploads\/2025\/06\/Karukella-perenaine-Terje-tassiga_vk.jpg 1000w\" sizes=\"auto, (max-width: 683px) 100vw, 683px\" \/><\/div><div data-src=\"https:\/\/karukella.ee\/wp-content\/uploads\/2025\/06\/Karukella-pererahvas-scaled.jpg\" class=\"grid-item\"><img decoding=\"async\" width=\"683\" height=\"1024\" src=\"https:\/\/karukella.ee\/wp-content\/uploads\/2025\/06\/Karukella-pererahvas-683x1024.jpg\" alt=\"\" data-id=\"1212\" loading=\"lazy\" class=\"wp-image-1212\" srcset=\"https:\/\/karukella.ee\/wp-content\/uploads\/2025\/06\/Karukella-pererahvas-683x1024.jpg 683w, https:\/\/karukella.ee\/wp-content\/uploads\/2025\/06\/Karukella-pererahvas-200x300.jpg 200w, https:\/\/karukella.ee\/wp-content\/uploads\/2025\/06\/Karukella-pererahvas-768x1152.jpg 768w, https:\/\/karukella.ee\/wp-content\/uploads\/2025\/06\/Karukella-pererahvas-1024x1536.jpg 1024w, https:\/\/karukella.ee\/wp-content\/uploads\/2025\/06\/Karukella-pererahvas-1365x2048.jpg 1365w, https:\/\/karukella.ee\/wp-content\/uploads\/2025\/06\/Karukella-pererahvas-1568x2352.jpg 1568w, https:\/\/karukella.ee\/wp-content\/uploads\/2025\/06\/Karukella-pererahvas-scaled.jpg 1707w\" sizes=\"auto, (max-width: 683px) 100vw, 683px\" \/><\/div><div data-src=\"https:\/\/karukella.ee\/wp-content\/uploads\/2025\/06\/Karukella-puhkemaja-pererahvas-scaled.jpg\" class=\"grid-item\"><img decoding=\"async\" width=\"666\" height=\"1024\" src=\"https:\/\/karukella.ee\/wp-content\/uploads\/2025\/06\/Karukella-puhkemaja-pererahvas-666x1024.jpg\" alt=\"\" data-id=\"1214\" loading=\"lazy\" class=\"wp-image-1214\" srcset=\"https:\/\/karukella.ee\/wp-content\/uploads\/2025\/06\/Karukella-puhkemaja-pererahvas-666x1024.jpg 666w, https:\/\/karukella.ee\/wp-content\/uploads\/2025\/06\/Karukella-puhkemaja-pererahvas-195x300.jpg 195w, https:\/\/karukella.ee\/wp-content\/uploads\/2025\/06\/Karukella-puhkemaja-pererahvas-768x1181.jpg 768w, https:\/\/karukella.ee\/wp-content\/uploads\/2025\/06\/Karukella-puhkemaja-pererahvas-999x1536.jpg 999w, https:\/\/karukella.ee\/wp-content\/uploads\/2025\/06\/Karukella-puhkemaja-pererahvas-1331x2048.jpg 1331w, https:\/\/karukella.ee\/wp-content\/uploads\/2025\/06\/Karukella-puhkemaja-pererahvas-1568x2412.jpg 1568w, https:\/\/karukella.ee\/wp-content\/uploads\/2025\/06\/Karukella-puhkemaja-pererahvas-scaled.jpg 1664w\" sizes=\"auto, (max-width: 666px) 100vw, 666px\" \/><\/div><div data-src=\"https:\/\/karukella.ee\/wp-content\/uploads\/2025\/06\/Karukella-puhkemaja-pererahvas-terrassil-lahemalt_.jpg\" class=\"grid-item\"><img decoding=\"async\" width=\"770\" height=\"1024\" src=\"https:\/\/karukella.ee\/wp-content\/uploads\/2025\/06\/Karukella-puhkemaja-pererahvas-terrassil-lahemalt_-770x1024.jpg\" alt=\"\" data-id=\"1218\" loading=\"lazy\" class=\"wp-image-1218\" srcset=\"https:\/\/karukella.ee\/wp-content\/uploads\/2025\/06\/Karukella-puhkemaja-pererahvas-terrassil-lahemalt_-770x1024.jpg 770w, https:\/\/karukella.ee\/wp-content\/uploads\/2025\/06\/Karukella-puhkemaja-pererahvas-terrassil-lahemalt_-226x300.jpg 226w, https:\/\/karukella.ee\/wp-content\/uploads\/2025\/06\/Karukella-puhkemaja-pererahvas-terrassil-lahemalt_-768x1021.jpg 768w, https:\/\/karukella.ee\/wp-content\/uploads\/2025\/06\/Karukella-puhkemaja-pererahvas-terrassil-lahemalt_-1156x1536.jpg 1156w, https:\/\/karukella.ee\/wp-content\/uploads\/2025\/06\/Karukella-puhkemaja-pererahvas-terrassil-lahemalt_-1541x2048.jpg 1541w, https:\/\/karukella.ee\/wp-content\/uploads\/2025\/06\/Karukella-puhkemaja-pererahvas-terrassil-lahemalt_-1568x2084.jpg 1568w, https:\/\/karukella.ee\/wp-content\/uploads\/2025\/06\/Karukella-puhkemaja-pererahvas-terrassil-lahemalt_.jpg 1898w\" sizes=\"auto, (max-width: 770px) 100vw, 770px\" \/><\/div><\/div>\n<\/div>\n\n\n\n<div class=\"wp-block-column is-vertically-aligned-center is-layout-flow wp-block-column-is-layout-flow\" style=\"padding-right:var(--wp--preset--spacing--40);padding-left:var(--wp--preset--spacing--40)\">\n<h2 class=\"wp-block-heading has-white-color has-text-color has-link-color wp-elements-f52ce2fbb5639d29414567ead4261046\"><strong><strong>To forskellige mennesker \u2013 \u00e9n f\u00e6lles dr\u00f8m<\/strong><\/strong><\/h2>\n\n\n\n<p class=\"has-white-color has-text-color has-link-color wp-elements-6bc22106872271728ac2040b0a3572dc\"><strong>Terje<\/strong> har over 20 \u00e5rs erfaring inden for turisme. Hendes passion for <strong>g\u00e6stfrihed, service design og markedsf\u00f8ring<\/strong> afspejles i hver eneste detalje i huset. Alt \u2013 lige fra planl\u00f8sningen til stemningen \u2013 er gennemt\u00e6nkt, logisk og komfortabelt, s\u00e5 g\u00e6sten kan nyde et <strong>afslappet og bekymringsfrit ophold<\/strong>.<\/p>\n\n\n\n<p class=\"has-white-color has-text-color has-link-color wp-elements-edfe348545fd36d213e2bdfeb0600433\"><strong>Jaanus<\/strong> bringer ekspertise som ingeni\u00f8r, designer og bygherre. Takket v\u00e6re hans tekniske f\u00e6rdigheder og smarte l\u00f8sninger blev Karukella til en virkelighed \u2013 et <strong>energieffektivt og app-styret smart-hus<\/strong>, der alligevel f\u00f8les <strong>varmt, hjemligt og menneskeligt<\/strong>.<\/p>\n\n\n\n<p class=\"has-white-color has-text-color has-link-color wp-elements-a419af1de149cc262a42914b29995441\"><strong>Vi er selfmade \u2013 og stolte af det<\/strong><br>Vi har ikke arvet jord eller rigdom \u2013 men vi har haft vilje til at l\u00e6re, mod til at pr\u00f8ve, og lysten til at g\u00f8re tingene ordentligt.<br>Resultatet er Karukella Feriehus \u2013 et sted, hvor <strong>komfort, b\u00e6redygtighed, luksus og b\u00f8rnevenlighed g\u00e5r h\u00e5nd i h\u00e5nd<\/strong>, ned til mindste detalje.<\/p>\n\n\n\n<p class=\"has-white-color has-text-color has-link-color wp-elements-7f6297209052d8905ee6ebb995b1cb33\"><strong>Du er altid hjertelig velkommen hos os!<\/strong><\/p>\n<\/div>\n<\/div>\n\n\n\n<div style=\"height:20px\" aria-hidden=\"true\" class=\"wp-block-spacer mobile-spacer-5\"><\/div>\n","protected":false},"excerpt":{"rendered":"<p>HVEM ST\u00c5R BAG KARUKELLA? Et hjertevarmt familieprojekt med sj\u00e6l og vision Karukella Feriehus er et familieejet og familiebygget projekt \u2013 skabt af \u00e6gteparret Jaanus og Terje Rattur, som valgte at forene kr\u00e6fterne ikke kun i livet, men ogs\u00e5 i forretningen.S\u00e5dan blev Karukella til. Historien om Karukella begynder med to meget forskellige, men perfekt supplerende personer. [&hellip;]<\/p>\n","protected":false},"author":1,"featured_media":0,"parent":0,"menu_order":0,"comment_status":"closed","ping_status":"closed","template":"","meta":{"footnotes":""},"class_list":["post-2040","page","type-page","status-publish","hentry"],"yoast_head":"<!-- This site is optimized with the Yoast SEO plugin v27.0 - https:\/\/yoast.com\/product\/yoast-seo-wordpress\/ -->\n<title>HVEM ST\u00c5R BAG KARUKELLA | Karukella Puhkemaja<\/title>\n<meta name=\"robots\" content=\"index, follow, max-snippet:-1, max-image-preview:large, max-video-preview:-1\" \/>\n<link rel=\"canonical\" href=\"https:\/\/karukella.ee\/pererahvast\/\" \/>\n<meta property=\"og:locale\" content=\"da_DK\" \/>\n<meta property=\"og:type\" content=\"article\" \/>\n<meta property=\"og:title\" content=\"HVEM ST\u00c5R BAG KARUKELLA | Karukella Puhkemaja\" \/>\n<meta property=\"og:description\" content=\"HVEM ST\u00c5R BAG KARUKELLA? Et hjertevarmt familieprojekt med sj\u00e6l og vision Karukella Feriehus er et familieejet og familiebygget projekt \u2013 skabt af \u00e6gteparret Jaanus og Terje Rattur, som valgte at forene kr\u00e6fterne ikke kun i livet, men ogs\u00e5 i forretningen.S\u00e5dan blev Karukella til. Historien om Karukella begynder med to meget forskellige, men perfekt supplerende personer. [&hellip;]\" \/>\n<meta property=\"og:url\" content=\"https:\/\/karukella.ee\/pererahvast\/\" \/>\n<meta property=\"og:site_name\" content=\"Karukella Puhkemaja\" \/>\n<meta property=\"article:publisher\" content=\"https:\/\/www.facebook.com\/karukella\/\" \/>\n<meta property=\"article:modified_time\" content=\"2025-06-18T14:42:14+00:00\" \/>\n<meta property=\"og:image\" content=\"https:\/\/karukella.ee\/wp-content\/uploads\/2025\/06\/Karukella-puhkemaja-marjasaak_1-scaled.jpg\" \/>\n<meta name=\"twitter:card\" content=\"summary_large_image\" \/>\n<meta name=\"twitter:label1\" content=\"Estimeret l\u00e6setid\" \/>\n\t<meta name=\"twitter:data1\" content=\"3 minutter\" \/>\n<script type=\"application\/ld+json\" class=\"yoast-schema-graph\">{\"@context\":\"https:\/\/schema.org\",\"@graph\":[{\"@type\":\"WebPage\",\"@id\":\"https:\/\/karukella.ee\/pererahvast\/\",\"url\":\"https:\/\/karukella.ee\/pererahvast\/\",\"name\":\"HVEM ST\u00c5R BAG KARUKELLA | Karukella Puhkemaja\",\"isPartOf\":{\"@id\":\"https:\/\/karukella.ee\/#website\"},\"primaryImageOfPage\":{\"@id\":\"https:\/\/karukella.ee\/pererahvast\/#primaryimage\"},\"image\":{\"@id\":\"https:\/\/karukella.ee\/pererahvast\/#primaryimage\"},\"thumbnailUrl\":\"https:\/\/karukella.ee\/wp-content\/uploads\/2025\/06\/Karukella-puhkemaja-marjasaak_1-scaled.jpg\",\"datePublished\":\"2025-06-07T19:33:15+00:00\",\"dateModified\":\"2025-06-18T14:42:14+00:00\",\"breadcrumb\":{\"@id\":\"https:\/\/karukella.ee\/pererahvast\/#breadcrumb\"},\"inLanguage\":\"da-DK\",\"potentialAction\":[{\"@type\":\"ReadAction\",\"target\":[\"https:\/\/karukella.ee\/pererahvast\/\"]}]},{\"@type\":\"ImageObject\",\"inLanguage\":\"da-DK\",\"@id\":\"https:\/\/karukella.ee\/pererahvast\/#primaryimage\",\"url\":\"https:\/\/karukella.ee\/wp-content\/uploads\/2025\/06\/Karukella-puhkemaja-marjasaak_1-scaled.jpg\",\"contentUrl\":\"https:\/\/karukella.ee\/wp-content\/uploads\/2025\/06\/Karukella-puhkemaja-marjasaak_1-scaled.jpg\"},{\"@type\":\"BreadcrumbList\",\"@id\":\"https:\/\/karukella.ee\/pererahvast\/#breadcrumb\",\"itemListElement\":[{\"@type\":\"ListItem\",\"position\":1,\"name\":\"Home\",\"item\":\"https:\/\/karukella.ee\/\"},{\"@type\":\"ListItem\",\"position\":2,\"name\":\"HVEM ST\u00c5R BAG KARUKELLA\"}]},{\"@type\":\"WebSite\",\"@id\":\"https:\/\/karukella.ee\/#website\",\"url\":\"https:\/\/karukella.ee\/\",\"name\":\"Karukella Puhkemaja\",\"description\":\"Kestlik luksus 5 toaga puhkemajas Virumaal\",\"publisher\":{\"@id\":\"https:\/\/karukella.ee\/#organization\"},\"potentialAction\":[{\"@type\":\"SearchAction\",\"target\":{\"@type\":\"EntryPoint\",\"urlTemplate\":\"https:\/\/karukella.ee\/?s={search_term_string}\"},\"query-input\":{\"@type\":\"PropertyValueSpecification\",\"valueRequired\":true,\"valueName\":\"search_term_string\"}}],\"inLanguage\":\"da-DK\"},{\"@type\":\"Organization\",\"@id\":\"https:\/\/karukella.ee\/#organization\",\"name\":\"Karukella Puhkemaja\",\"url\":\"https:\/\/karukella.ee\/\",\"logo\":{\"@type\":\"ImageObject\",\"inLanguage\":\"da-DK\",\"@id\":\"https:\/\/karukella.ee\/#\/schema\/logo\/image\/\",\"url\":\"https:\/\/karukella.ee\/wp-content\/uploads\/2025\/03\/Karukella-puhkemaja-sirelipoosast-scaled.jpg\",\"contentUrl\":\"https:\/\/karukella.ee\/wp-content\/uploads\/2025\/03\/Karukella-puhkemaja-sirelipoosast-scaled.jpg\",\"width\":2560,\"height\":1942,\"caption\":\"Karukella Puhkemaja\"},\"image\":{\"@id\":\"https:\/\/karukella.ee\/#\/schema\/logo\/image\/\"},\"sameAs\":[\"https:\/\/www.facebook.com\/karukella\/\",\"https:\/\/www.instagram.com\/karukella_puhkemaja\/\"]}]}<\/script>\n<!-- \/ Yoast SEO plugin. -->","yoast_head_json":{"title":"HVEM ST\u00c5R BAG KARUKELLA | Karukella Puhkemaja","robots":{"index":"index","follow":"follow","max-snippet":"max-snippet:-1","max-image-preview":"max-image-preview:large","max-video-preview":"max-video-preview:-1"},"canonical":"https:\/\/karukella.ee\/pererahvast\/","og_locale":"da_DK","og_type":"article","og_title":"HVEM ST\u00c5R BAG KARUKELLA | Karukella Puhkemaja","og_description":"HVEM ST\u00c5R BAG KARUKELLA? Et hjertevarmt familieprojekt med sj\u00e6l og vision Karukella Feriehus er et familieejet og familiebygget projekt \u2013 skabt af \u00e6gteparret Jaanus og Terje Rattur, som valgte at forene kr\u00e6fterne ikke kun i livet, men ogs\u00e5 i forretningen.S\u00e5dan blev Karukella til. Historien om Karukella begynder med to meget forskellige, men perfekt supplerende personer. [&hellip;]","og_url":"https:\/\/karukella.ee\/pererahvast\/","og_site_name":"Karukella Puhkemaja","article_publisher":"https:\/\/www.facebook.com\/karukella\/","article_modified_time":"2025-06-18T14:42:14+00:00","og_image":[{"url":"https:\/\/karukella.ee\/wp-content\/uploads\/2025\/06\/Karukella-puhkemaja-marjasaak_1-scaled.jpg","type":"","width":"","height":""}],"twitter_card":"summary_large_image","twitter_misc":{"Estimeret l\u00e6setid":"3 minutter"},"schema":{"@context":"https:\/\/schema.org","@graph":[{"@type":"WebPage","@id":"https:\/\/karukella.ee\/pererahvast\/","url":"https:\/\/karukella.ee\/pererahvast\/","name":"HVEM ST\u00c5R BAG KARUKELLA | Karukella Puhkemaja","isPartOf":{"@id":"https:\/\/karukella.ee\/#website"},"primaryImageOfPage":{"@id":"https:\/\/karukella.ee\/pererahvast\/#primaryimage"},"image":{"@id":"https:\/\/karukella.ee\/pererahvast\/#primaryimage"},"thumbnailUrl":"https:\/\/karukella.ee\/wp-content\/uploads\/2025\/06\/Karukella-puhkemaja-marjasaak_1-scaled.jpg","datePublished":"2025-06-07T19:33:15+00:00","dateModified":"2025-06-18T14:42:14+00:00","breadcrumb":{"@id":"https:\/\/karukella.ee\/pererahvast\/#breadcrumb"},"inLanguage":"da-DK","potentialAction":[{"@type":"ReadAction","target":["https:\/\/karukella.ee\/pererahvast\/"]}]},{"@type":"ImageObject","inLanguage":"da-DK","@id":"https:\/\/karukella.ee\/pererahvast\/#primaryimage","url":"https:\/\/karukella.ee\/wp-content\/uploads\/2025\/06\/Karukella-puhkemaja-marjasaak_1-scaled.jpg","contentUrl":"https:\/\/karukella.ee\/wp-content\/uploads\/2025\/06\/Karukella-puhkemaja-marjasaak_1-scaled.jpg"},{"@type":"BreadcrumbList","@id":"https:\/\/karukella.ee\/pererahvast\/#breadcrumb","itemListElement":[{"@type":"ListItem","position":1,"name":"Home","item":"https:\/\/karukella.ee\/"},{"@type":"ListItem","position":2,"name":"HVEM ST\u00c5R BAG KARUKELLA"}]},{"@type":"WebSite","@id":"https:\/\/karukella.ee\/#website","url":"https:\/\/karukella.ee\/","name":"Karukella Puhkemaja","description":"Kestlik luksus 5 toaga puhkemajas Virumaal","publisher":{"@id":"https:\/\/karukella.ee\/#organization"},"potentialAction":[{"@type":"SearchAction","target":{"@type":"EntryPoint","urlTemplate":"https:\/\/karukella.ee\/?s={search_term_string}"},"query-input":{"@type":"PropertyValueSpecification","valueRequired":true,"valueName":"search_term_string"}}],"inLanguage":"da-DK"},{"@type":"Organization","@id":"https:\/\/karukella.ee\/#organization","name":"Karukella Puhkemaja","url":"https:\/\/karukella.ee\/","logo":{"@type":"ImageObject","inLanguage":"da-DK","@id":"https:\/\/karukella.ee\/#\/schema\/logo\/image\/","url":"https:\/\/karukella.ee\/wp-content\/uploads\/2025\/03\/Karukella-puhkemaja-sirelipoosast-scaled.jpg","contentUrl":"https:\/\/karukella.ee\/wp-content\/uploads\/2025\/03\/Karukella-puhkemaja-sirelipoosast-scaled.jpg","width":2560,"height":1942,"caption":"Karukella Puhkemaja"},"image":{"@id":"https:\/\/karukella.ee\/#\/schema\/logo\/image\/"},"sameAs":["https:\/\/www.facebook.com\/karukella\/","https:\/\/www.instagram.com\/karukella_puhkemaja\/"]}]}},"_links":{"self":[{"href":"https:\/\/karukella.ee\/da\/wp-json\/wp\/v2\/pages\/2040","targetHints":{"allow":["GET"]}}],"collection":[{"href":"https:\/\/karukella.ee\/da\/wp-json\/wp\/v2\/pages"}],"about":[{"href":"https:\/\/karukella.ee\/da\/wp-json\/wp\/v2\/types\/page"}],"author":[{"embeddable":true,"href":"https:\/\/karukella.ee\/da\/wp-json\/wp\/v2\/users\/1"}],"replies":[{"embeddable":true,"href":"https:\/\/karukella.ee\/da\/wp-json\/wp\/v2\/comments?post=2040"}],"version-history":[{"count":2,"href":"https:\/\/karukella.ee\/da\/wp-json\/wp\/v2\/pages\/2040\/revisions"}],"predecessor-version":[{"id":2074,"href":"https:\/\/karukella.ee\/da\/wp-json\/wp\/v2\/pages\/2040\/revisions\/2074"}],"wp:attachment":[{"href":"https:\/\/karukella.ee\/da\/wp-json\/wp\/v2\/media?parent=2040"}],"curies":[{"name":"wp","href":"https:\/\/api.w.org\/{rel}","templated":true}]}}