{"id":2029,"date":"2025-04-14T13:10:23","date_gmt":"2025-04-14T13:10:23","guid":{"rendered":"https:\/\/karukella.ee\/kontaktid\/"},"modified":"2025-06-18T14:29:47","modified_gmt":"2025-06-18T14:29:47","slug":"kontaktid","status":"publish","type":"page","link":"https:\/\/karukella.ee\/da\/kontaktid\/","title":{"rendered":"KONTAKT"},"content":{"rendered":"\n<div class=\"wp-block-cover alignfull is-light\"><img loading=\"lazy\" decoding=\"async\" width=\"2560\" height=\"1801\" class=\"wp-block-cover__image-background wp-image-1326 size-full\" alt=\"\" src=\"https:\/\/karukella.ee\/wp-content\/uploads\/2025\/06\/Karukella-pererahvas_2-scaled.jpg\" data-object-fit=\"cover\" srcset=\"https:\/\/karukella.ee\/wp-content\/uploads\/2025\/06\/Karukella-pererahvas_2-scaled.jpg 2560w, https:\/\/karukella.ee\/wp-content\/uploads\/2025\/06\/Karukella-pererahvas_2-300x211.jpg 300w, https:\/\/karukella.ee\/wp-content\/uploads\/2025\/06\/Karukella-pererahvas_2-1024x720.jpg 1024w, https:\/\/karukella.ee\/wp-content\/uploads\/2025\/06\/Karukella-pererahvas_2-768x540.jpg 768w, https:\/\/karukella.ee\/wp-content\/uploads\/2025\/06\/Karukella-pererahvas_2-1536x1081.jpg 1536w, https:\/\/karukella.ee\/wp-content\/uploads\/2025\/06\/Karukella-pererahvas_2-2048x1441.jpg 2048w, https:\/\/karukella.ee\/wp-content\/uploads\/2025\/06\/Karukella-pererahvas_2-1568x1103.jpg 1568w\" sizes=\"auto, (max-width: 2560px) 100vw, 2560px\" \/><span aria-hidden=\"true\" class=\"wp-block-cover__background has-background-dim-0 has-background-dim\"><\/span><div class=\"wp-block-cover__inner-container is-layout-flow wp-block-cover-is-layout-flow\">\n<p class=\"has-text-align-center has-large-font-size\"><\/p>\n<\/div><\/div>\n\n\n\n<div style=\"height:30px\" aria-hidden=\"true\" class=\"wp-block-spacer mobile-spacer-10\"><\/div>\n\n\n\n<h1 class=\"wp-block-heading has-text-align-center animated rotateInDownRight slow has-darkpurple-color has-text-color has-link-color wp-elements-b203558883425520b39ba128802837c1\"><strong>KONTAKT<\/strong><\/h1>\n\n\n\n<div class=\"wp-block-columns alignwide has-background is-layout-flex wp-container-core-columns-is-layout-74d018ca wp-block-columns-is-layout-flex\" style=\"background-color:#d7b56d;padding-top:var(--wp--preset--spacing--20);padding-right:var(--wp--preset--spacing--20);padding-bottom:var(--wp--preset--spacing--20);padding-left:var(--wp--preset--spacing--20)\">\n<div class=\"wp-block-column has-white-background-color has-background is-layout-flow wp-container-core-column-is-layout-6a27151a wp-block-column-is-layout-flow\" style=\"padding-top:var(--wp--preset--spacing--30);padding-right:var(--wp--preset--spacing--30);padding-bottom:var(--wp--preset--spacing--30);padding-left:var(--wp--preset--spacing--30)\">\n<figure class=\"wp-block-gallery has-nested-images columns-default is-cropped wp-block-gallery-1 is-layout-flex wp-block-gallery-is-layout-flex\">\n<figure class=\"wp-block-image size-large\"><img loading=\"lazy\" decoding=\"async\" width=\"780\" height=\"1024\" data-id=\"416\" src=\"https:\/\/karukella.ee\/wp-content\/uploads\/2025\/04\/Karukella-pererahvas_Terje_Jaanus-scaled-1-780x1024.webp\" alt=\"\" class=\"wp-image-416\" srcset=\"https:\/\/karukella.ee\/wp-content\/uploads\/2025\/04\/Karukella-pererahvas_Terje_Jaanus-scaled-1-780x1024.webp 780w, https:\/\/karukella.ee\/wp-content\/uploads\/2025\/04\/Karukella-pererahvas_Terje_Jaanus-scaled-1-229x300.webp 229w, https:\/\/karukella.ee\/wp-content\/uploads\/2025\/04\/Karukella-pererahvas_Terje_Jaanus-scaled-1-768x1008.webp 768w, https:\/\/karukella.ee\/wp-content\/uploads\/2025\/04\/Karukella-pererahvas_Terje_Jaanus-scaled-1-1170x1536.webp 1170w, https:\/\/karukella.ee\/wp-content\/uploads\/2025\/04\/Karukella-pererahvas_Terje_Jaanus-scaled-1-1560x2048.webp 1560w, https:\/\/karukella.ee\/wp-content\/uploads\/2025\/04\/Karukella-pererahvas_Terje_Jaanus-scaled-1-1568x2059.webp 1568w, https:\/\/karukella.ee\/wp-content\/uploads\/2025\/04\/Karukella-pererahvas_Terje_Jaanus-scaled-1.webp 1950w\" sizes=\"auto, (max-width: 780px) 100vw, 780px\" \/><\/figure>\n\n\n\n<figure class=\"wp-block-image size-large\"><img loading=\"lazy\" decoding=\"async\" width=\"768\" height=\"1024\" data-id=\"418\" src=\"https:\/\/karukella.ee\/wp-content\/uploads\/2025\/04\/Karukella-puhkemaja-liiklusmark-500-m-768x1024.webp\" alt=\"\" class=\"wp-image-418\" srcset=\"https:\/\/karukella.ee\/wp-content\/uploads\/2025\/04\/Karukella-puhkemaja-liiklusmark-500-m-768x1024.webp 768w, https:\/\/karukella.ee\/wp-content\/uploads\/2025\/04\/Karukella-puhkemaja-liiklusmark-500-m-225x300.webp 225w, https:\/\/karukella.ee\/wp-content\/uploads\/2025\/04\/Karukella-puhkemaja-liiklusmark-500-m-1152x1536.webp 1152w, https:\/\/karukella.ee\/wp-content\/uploads\/2025\/04\/Karukella-puhkemaja-liiklusmark-500-m-1536x2048.webp 1536w, https:\/\/karukella.ee\/wp-content\/uploads\/2025\/04\/Karukella-puhkemaja-liiklusmark-500-m-1568x2091.webp 1568w, https:\/\/karukella.ee\/wp-content\/uploads\/2025\/04\/Karukella-puhkemaja-liiklusmark-500-m-scaled.webp 1920w\" sizes=\"auto, (max-width: 768px) 100vw, 768px\" \/><\/figure>\n\n\n\n<figure class=\"wp-block-image size-large\"><img loading=\"lazy\" decoding=\"async\" width=\"768\" height=\"1024\" data-id=\"420\" src=\"https:\/\/karukella.ee\/wp-content\/uploads\/2025\/04\/Karukella-puhkemajas-reedeti-LP-scaled-1-768x1024.webp\" alt=\"\" class=\"wp-image-420\" srcset=\"https:\/\/karukella.ee\/wp-content\/uploads\/2025\/04\/Karukella-puhkemajas-reedeti-LP-scaled-1-768x1024.webp 768w, https:\/\/karukella.ee\/wp-content\/uploads\/2025\/04\/Karukella-puhkemajas-reedeti-LP-scaled-1-225x300.webp 225w, https:\/\/karukella.ee\/wp-content\/uploads\/2025\/04\/Karukella-puhkemajas-reedeti-LP-scaled-1-1152x1536.webp 1152w, https:\/\/karukella.ee\/wp-content\/uploads\/2025\/04\/Karukella-puhkemajas-reedeti-LP-scaled-1-1536x2048.webp 1536w, https:\/\/karukella.ee\/wp-content\/uploads\/2025\/04\/Karukella-puhkemajas-reedeti-LP-scaled-1-1568x2091.webp 1568w, https:\/\/karukella.ee\/wp-content\/uploads\/2025\/04\/Karukella-puhkemajas-reedeti-LP-scaled-1.webp 1920w\" sizes=\"auto, (max-width: 768px) 100vw, 768px\" \/><\/figure>\n<\/figure>\n\n\n\n<figure class=\"wp-block-image alignfull size-large is-style-default\"><img loading=\"lazy\" decoding=\"async\" width=\"1024\" height=\"256\" src=\"https:\/\/karukella.ee\/wp-content\/uploads\/2025\/04\/MEILIJALUS_EST-1024x256.webp\" alt=\"\" class=\"wp-image-414\" srcset=\"https:\/\/karukella.ee\/wp-content\/uploads\/2025\/04\/MEILIJALUS_EST-1024x256.webp 1024w, https:\/\/karukella.ee\/wp-content\/uploads\/2025\/04\/MEILIJALUS_EST-300x75.webp 300w, https:\/\/karukella.ee\/wp-content\/uploads\/2025\/04\/MEILIJALUS_EST-768x192.webp 768w, https:\/\/karukella.ee\/wp-content\/uploads\/2025\/04\/MEILIJALUS_EST-1536x384.webp 1536w, https:\/\/karukella.ee\/wp-content\/uploads\/2025\/04\/MEILIJALUS_EST-1568x392.webp 1568w, https:\/\/karukella.ee\/wp-content\/uploads\/2025\/04\/MEILIJALUS_EST.webp 1667w\" sizes=\"auto, (max-width: 1024px) 100vw, 1024px\" \/><\/figure>\n<\/div>\n\n\n\n<div class=\"wp-block-column is-vertically-aligned-center is-layout-flow wp-block-column-is-layout-flow\" style=\"padding-right:var(--wp--preset--spacing--40);padding-left:var(--wp--preset--spacing--40)\">\n<h2 class=\"wp-block-heading has-white-color has-text-color has-link-color wp-elements-23b20ceb234ee76ee03fadb6f0399dc8\" style=\"text-transform:uppercase\"><strong>VI GL\u00c6DER OS TIL AT BYDE DIG VELKOMMEN!<\/strong><\/h2>\n\n\n\n<p class=\"has-white-color has-text-color has-link-color wp-elements-5c0897ac52153c8d2e73c73e7417c84b\"><strong>Skriv til os:<\/strong> puhkemaja@karukella.ee<br><strong>Adresse:<\/strong> Papli 7b, L\u00fcganuse, L\u00fcganuse kommune, Ida-Virumaa 43301, Estland<br><br><strong>Ring til os:<\/strong><br>\u2022 V\u00e6rtinde: Terje Rattur <a href=\"tel:+372 5184803\" target=\"_blank\" rel=\"noreferrer noopener\">+372 5184803<\/a><br>\u2022 V\u00e6rt: Jaanus Rattur +372 56497091<\/p>\n\n\n\n<p class=\"has-white-color has-text-color has-link-color wp-elements-741f7f5d892634f2b5ca3b908f7d4e0c\"><strong>Kom med tog:<\/strong><br>K\u00f8b billet til stationen <strong>\u201cP\u00fcssi\u201d<\/strong> \u2013 derfra er der kun <strong>2 km til Karukella<\/strong>.<\/p>\n\n\n\n<p class=\"has-white-color has-text-color has-link-color wp-elements-cfd7cd257ca2dc610b85e6e9f6a5bb27\"><strong>Virksomhedsoplysninger:<\/strong><br>Tertur O\u00dc<br>Reg.nr: 12130268<br>MOMS-nr: EE101560863<br>Bank: SWEDBANK<br>SWIFT: HABAEE2X<br>IBAN: EE292200221069959227<\/p>\n<\/div>\n<\/div>\n\n\n\n<div style=\"height:30px\" aria-hidden=\"true\" class=\"wp-block-spacer mobile-spacer-10\"><\/div>\n\n\n\n<h2 class=\"wp-block-heading has-text-align-center has-darkpurple-color has-text-color has-link-color wp-elements-5179c0c47abbe2aa7f9cfbd774f207e9\"><strong>VORES LOKATION<\/strong><\/h2>\n\n\n\n<div class=\"wp-block-columns alignwide is-layout-flex wp-container-core-columns-is-layout-6944c02c wp-block-columns-is-layout-flex\" style=\"padding-top:var(--wp--preset--spacing--30);padding-right:var(--wp--preset--spacing--30);padding-bottom:var(--wp--preset--spacing--30);padding-left:var(--wp--preset--spacing--30)\">\n<div class=\"wp-block-column has-background is-layout-flow wp-block-column-is-layout-flow\" style=\"background-color:#d7b56d;padding-top:var(--wp--preset--spacing--40);padding-right:var(--wp--preset--spacing--40);padding-bottom:var(--wp--preset--spacing--40);padding-left:var(--wp--preset--spacing--40)\">\n<iframe src=\"https:\/\/www.google.com\/maps\/embed?pb=!1m18!1m12!1m3!1d2032.3714751536547!2d27.037786077064744!3d59.376828207217905!2m3!1f0!2f0!3f0!3m2!1i1024!2i768!4f13.1!3m3!1m2!1s0x469478ee9c746dc1%3A0x75c3fb4a09277fac!2sKarukella%20Puhkemaja!5e0!3m2!1set!2see!4v1744636439724!5m2!1set!2see\" width=\"100%\" height=\"450\" style=\"border:0;\" allowfullscreen=\"\" loading=\"lazy\" referrerpolicy=\"no-referrer-when-downgrade\"><\/iframe>\n<\/div>\n<\/div>\n\n\n\n<div style=\"height:30px\" aria-hidden=\"true\" class=\"wp-block-spacer mobile-spacer-10\"><\/div>\n\n\n\n<p><\/p>\n","protected":false},"excerpt":{"rendered":"<p>KONTAKT VI GL\u00c6DER OS TIL AT BYDE DIG VELKOMMEN! Skriv til os: puhkemaja@karukella.eeAdresse: Papli 7b, L\u00fcganuse, L\u00fcganuse kommune, Ida-Virumaa 43301, Estland Ring til os:\u2022 V\u00e6rtinde: Terje Rattur +372 5184803\u2022 V\u00e6rt: Jaanus Rattur +372 56497091 Kom med tog:K\u00f8b billet til stationen \u201cP\u00fcssi\u201d \u2013 derfra er der kun 2 km til Karukella. Virksomhedsoplysninger:Tertur O\u00dcReg.nr: 12130268MOMS-nr: EE101560863Bank: SWEDBANKSWIFT: [&hellip;]<\/p>\n","protected":false},"author":3,"featured_media":0,"parent":0,"menu_order":0,"comment_status":"closed","ping_status":"closed","template":"","meta":{"footnotes":""},"class_list":["post-2029","page","type-page","status-publish","hentry"],"yoast_head":"<!-- This site is optimized with the Yoast SEO plugin v27.0 - https:\/\/yoast.com\/product\/yoast-seo-wordpress\/ -->\n<title>KONTAKT | Karukella Puhkemaja<\/title>\n<meta name=\"robots\" content=\"index, follow, max-snippet:-1, max-image-preview:large, max-video-preview:-1\" \/>\n<link rel=\"canonical\" href=\"https:\/\/karukella.ee\/kontaktid\/\" \/>\n<meta property=\"og:locale\" content=\"da_DK\" \/>\n<meta property=\"og:type\" content=\"article\" \/>\n<meta property=\"og:title\" content=\"KONTAKT | Karukella Puhkemaja\" \/>\n<meta property=\"og:description\" content=\"KONTAKT VI GL\u00c6DER OS TIL AT BYDE DIG VELKOMMEN! Skriv til os: puhkemaja@karukella.eeAdresse: Papli 7b, L\u00fcganuse, L\u00fcganuse kommune, Ida-Virumaa 43301, Estland Ring til os:\u2022 V\u00e6rtinde: Terje Rattur +372 5184803\u2022 V\u00e6rt: Jaanus Rattur +372 56497091 Kom med tog:K\u00f8b billet til stationen \u201cP\u00fcssi\u201d \u2013 derfra er der kun 2 km til Karukella. Virksomhedsoplysninger:Tertur O\u00dcReg.nr: 12130268MOMS-nr: EE101560863Bank: SWEDBANKSWIFT: [&hellip;]\" \/>\n<meta property=\"og:url\" content=\"https:\/\/karukella.ee\/kontaktid\/\" \/>\n<meta property=\"og:site_name\" content=\"Karukella Puhkemaja\" \/>\n<meta property=\"article:publisher\" content=\"https:\/\/www.facebook.com\/karukella\/\" \/>\n<meta property=\"article:modified_time\" content=\"2025-06-18T14:29:47+00:00\" \/>\n<meta property=\"og:image\" content=\"https:\/\/karukella.ee\/wp-content\/uploads\/2025\/06\/Karukella-pererahvas_2-scaled.jpg\" \/>\n<meta name=\"twitter:card\" content=\"summary_large_image\" \/>\n<meta name=\"twitter:label1\" content=\"Estimeret l\u00e6setid\" \/>\n\t<meta name=\"twitter:data1\" content=\"2 minutter\" \/>\n<script type=\"application\/ld+json\" class=\"yoast-schema-graph\">{\"@context\":\"https:\/\/schema.org\",\"@graph\":[{\"@type\":\"WebPage\",\"@id\":\"https:\/\/karukella.ee\/kontaktid\/\",\"url\":\"https:\/\/karukella.ee\/kontaktid\/\",\"name\":\"KONTAKT | Karukella Puhkemaja\",\"isPartOf\":{\"@id\":\"https:\/\/karukella.ee\/#website\"},\"primaryImageOfPage\":{\"@id\":\"https:\/\/karukella.ee\/kontaktid\/#primaryimage\"},\"image\":{\"@id\":\"https:\/\/karukella.ee\/kontaktid\/#primaryimage\"},\"thumbnailUrl\":\"https:\/\/karukella.ee\/wp-content\/uploads\/2025\/06\/Karukella-pererahvas_2-scaled.jpg\",\"datePublished\":\"2025-04-14T13:10:23+00:00\",\"dateModified\":\"2025-06-18T14:29:47+00:00\",\"breadcrumb\":{\"@id\":\"https:\/\/karukella.ee\/kontaktid\/#breadcrumb\"},\"inLanguage\":\"da-DK\",\"potentialAction\":[{\"@type\":\"ReadAction\",\"target\":[\"https:\/\/karukella.ee\/kontaktid\/\"]}]},{\"@type\":\"ImageObject\",\"inLanguage\":\"da-DK\",\"@id\":\"https:\/\/karukella.ee\/kontaktid\/#primaryimage\",\"url\":\"https:\/\/karukella.ee\/wp-content\/uploads\/2025\/06\/Karukella-pererahvas_2-scaled.jpg\",\"contentUrl\":\"https:\/\/karukella.ee\/wp-content\/uploads\/2025\/06\/Karukella-pererahvas_2-scaled.jpg\"},{\"@type\":\"BreadcrumbList\",\"@id\":\"https:\/\/karukella.ee\/kontaktid\/#breadcrumb\",\"itemListElement\":[{\"@type\":\"ListItem\",\"position\":1,\"name\":\"Home\",\"item\":\"https:\/\/karukella.ee\/\"},{\"@type\":\"ListItem\",\"position\":2,\"name\":\"KONTAKT\"}]},{\"@type\":\"WebSite\",\"@id\":\"https:\/\/karukella.ee\/#website\",\"url\":\"https:\/\/karukella.ee\/\",\"name\":\"Karukella Puhkemaja\",\"description\":\"Kestlik luksus 5 toaga puhkemajas Virumaal\",\"publisher\":{\"@id\":\"https:\/\/karukella.ee\/#organization\"},\"potentialAction\":[{\"@type\":\"SearchAction\",\"target\":{\"@type\":\"EntryPoint\",\"urlTemplate\":\"https:\/\/karukella.ee\/?s={search_term_string}\"},\"query-input\":{\"@type\":\"PropertyValueSpecification\",\"valueRequired\":true,\"valueName\":\"search_term_string\"}}],\"inLanguage\":\"da-DK\"},{\"@type\":\"Organization\",\"@id\":\"https:\/\/karukella.ee\/#organization\",\"name\":\"Karukella Puhkemaja\",\"url\":\"https:\/\/karukella.ee\/\",\"logo\":{\"@type\":\"ImageObject\",\"inLanguage\":\"da-DK\",\"@id\":\"https:\/\/karukella.ee\/#\/schema\/logo\/image\/\",\"url\":\"https:\/\/karukella.ee\/wp-content\/uploads\/2025\/03\/Karukella-puhkemaja-sirelipoosast-scaled.jpg\",\"contentUrl\":\"https:\/\/karukella.ee\/wp-content\/uploads\/2025\/03\/Karukella-puhkemaja-sirelipoosast-scaled.jpg\",\"width\":2560,\"height\":1942,\"caption\":\"Karukella Puhkemaja\"},\"image\":{\"@id\":\"https:\/\/karukella.ee\/#\/schema\/logo\/image\/\"},\"sameAs\":[\"https:\/\/www.facebook.com\/karukella\/\",\"https:\/\/www.instagram.com\/karukella_puhkemaja\/\"]}]}<\/script>\n<!-- \/ Yoast SEO plugin. -->","yoast_head_json":{"title":"KONTAKT | Karukella Puhkemaja","robots":{"index":"index","follow":"follow","max-snippet":"max-snippet:-1","max-image-preview":"max-image-preview:large","max-video-preview":"max-video-preview:-1"},"canonical":"https:\/\/karukella.ee\/kontaktid\/","og_locale":"da_DK","og_type":"article","og_title":"KONTAKT | Karukella Puhkemaja","og_description":"KONTAKT VI GL\u00c6DER OS TIL AT BYDE DIG VELKOMMEN! Skriv til os: puhkemaja@karukella.eeAdresse: Papli 7b, L\u00fcganuse, L\u00fcganuse kommune, Ida-Virumaa 43301, Estland Ring til os:\u2022 V\u00e6rtinde: Terje Rattur +372 5184803\u2022 V\u00e6rt: Jaanus Rattur +372 56497091 Kom med tog:K\u00f8b billet til stationen \u201cP\u00fcssi\u201d \u2013 derfra er der kun 2 km til Karukella. Virksomhedsoplysninger:Tertur O\u00dcReg.nr: 12130268MOMS-nr: EE101560863Bank: SWEDBANKSWIFT: [&hellip;]","og_url":"https:\/\/karukella.ee\/kontaktid\/","og_site_name":"Karukella Puhkemaja","article_publisher":"https:\/\/www.facebook.com\/karukella\/","article_modified_time":"2025-06-18T14:29:47+00:00","og_image":[{"url":"https:\/\/karukella.ee\/wp-content\/uploads\/2025\/06\/Karukella-pererahvas_2-scaled.jpg","type":"","width":"","height":""}],"twitter_card":"summary_large_image","twitter_misc":{"Estimeret l\u00e6setid":"2 minutter"},"schema":{"@context":"https:\/\/schema.org","@graph":[{"@type":"WebPage","@id":"https:\/\/karukella.ee\/kontaktid\/","url":"https:\/\/karukella.ee\/kontaktid\/","name":"KONTAKT | Karukella Puhkemaja","isPartOf":{"@id":"https:\/\/karukella.ee\/#website"},"primaryImageOfPage":{"@id":"https:\/\/karukella.ee\/kontaktid\/#primaryimage"},"image":{"@id":"https:\/\/karukella.ee\/kontaktid\/#primaryimage"},"thumbnailUrl":"https:\/\/karukella.ee\/wp-content\/uploads\/2025\/06\/Karukella-pererahvas_2-scaled.jpg","datePublished":"2025-04-14T13:10:23+00:00","dateModified":"2025-06-18T14:29:47+00:00","breadcrumb":{"@id":"https:\/\/karukella.ee\/kontaktid\/#breadcrumb"},"inLanguage":"da-DK","potentialAction":[{"@type":"ReadAction","target":["https:\/\/karukella.ee\/kontaktid\/"]}]},{"@type":"ImageObject","inLanguage":"da-DK","@id":"https:\/\/karukella.ee\/kontaktid\/#primaryimage","url":"https:\/\/karukella.ee\/wp-content\/uploads\/2025\/06\/Karukella-pererahvas_2-scaled.jpg","contentUrl":"https:\/\/karukella.ee\/wp-content\/uploads\/2025\/06\/Karukella-pererahvas_2-scaled.jpg"},{"@type":"BreadcrumbList","@id":"https:\/\/karukella.ee\/kontaktid\/#breadcrumb","itemListElement":[{"@type":"ListItem","position":1,"name":"Home","item":"https:\/\/karukella.ee\/"},{"@type":"ListItem","position":2,"name":"KONTAKT"}]},{"@type":"WebSite","@id":"https:\/\/karukella.ee\/#website","url":"https:\/\/karukella.ee\/","name":"Karukella Puhkemaja","description":"Kestlik luksus 5 toaga puhkemajas Virumaal","publisher":{"@id":"https:\/\/karukella.ee\/#organization"},"potentialAction":[{"@type":"SearchAction","target":{"@type":"EntryPoint","urlTemplate":"https:\/\/karukella.ee\/?s={search_term_string}"},"query-input":{"@type":"PropertyValueSpecification","valueRequired":true,"valueName":"search_term_string"}}],"inLanguage":"da-DK"},{"@type":"Organization","@id":"https:\/\/karukella.ee\/#organization","name":"Karukella Puhkemaja","url":"https:\/\/karukella.ee\/","logo":{"@type":"ImageObject","inLanguage":"da-DK","@id":"https:\/\/karukella.ee\/#\/schema\/logo\/image\/","url":"https:\/\/karukella.ee\/wp-content\/uploads\/2025\/03\/Karukella-puhkemaja-sirelipoosast-scaled.jpg","contentUrl":"https:\/\/karukella.ee\/wp-content\/uploads\/2025\/03\/Karukella-puhkemaja-sirelipoosast-scaled.jpg","width":2560,"height":1942,"caption":"Karukella Puhkemaja"},"image":{"@id":"https:\/\/karukella.ee\/#\/schema\/logo\/image\/"},"sameAs":["https:\/\/www.facebook.com\/karukella\/","https:\/\/www.instagram.com\/karukella_puhkemaja\/"]}]}},"_links":{"self":[{"href":"https:\/\/karukella.ee\/da\/wp-json\/wp\/v2\/pages\/2029","targetHints":{"allow":["GET"]}}],"collection":[{"href":"https:\/\/karukella.ee\/da\/wp-json\/wp\/v2\/pages"}],"about":[{"href":"https:\/\/karukella.ee\/da\/wp-json\/wp\/v2\/types\/page"}],"author":[{"embeddable":true,"href":"https:\/\/karukella.ee\/da\/wp-json\/wp\/v2\/users\/3"}],"replies":[{"embeddable":true,"href":"https:\/\/karukella.ee\/da\/wp-json\/wp\/v2\/comments?post=2029"}],"version-history":[{"count":1,"href":"https:\/\/karukella.ee\/da\/wp-json\/wp\/v2\/pages\/2029\/revisions"}],"predecessor-version":[{"id":2039,"href":"https:\/\/karukella.ee\/da\/wp-json\/wp\/v2\/pages\/2029\/revisions\/2039"}],"wp:attachment":[{"href":"https:\/\/karukella.ee\/da\/wp-json\/wp\/v2\/media?parent=2029"}],"curies":[{"name":"wp","href":"https:\/\/api.w.org\/{rel}","templated":true}]}}