{"id":1989,"date":"2025-04-08T12:37:12","date_gmt":"2025-04-08T12:37:12","guid":{"rendered":"https:\/\/karukella.ee\/tule-elektriautoga\/"},"modified":"2025-06-18T14:06:15","modified_gmt":"2025-06-18T14:06:15","slug":"ankom-med-elbil","status":"publish","type":"page","link":"https:\/\/karukella.ee\/da\/ankom-med-elbil\/","title":{"rendered":"ANKOM MED ELBIL"},"content":{"rendered":"\n<div class=\"wp-block-cover alignfull is-light\"><img loading=\"lazy\" decoding=\"async\" width=\"2560\" height=\"1920\" class=\"wp-block-cover__image-background wp-image-210\" alt=\"\" src=\"https:\/\/karukella.ee\/wp-content\/uploads\/2025\/04\/Karukella-elektrilaadur-rohtne-scaled-1.webp\" data-object-fit=\"cover\" srcset=\"https:\/\/karukella.ee\/wp-content\/uploads\/2025\/04\/Karukella-elektrilaadur-rohtne-scaled-1.webp 2560w, https:\/\/karukella.ee\/wp-content\/uploads\/2025\/04\/Karukella-elektrilaadur-rohtne-scaled-1-300x225.webp 300w, https:\/\/karukella.ee\/wp-content\/uploads\/2025\/04\/Karukella-elektrilaadur-rohtne-scaled-1-1024x768.webp 1024w, https:\/\/karukella.ee\/wp-content\/uploads\/2025\/04\/Karukella-elektrilaadur-rohtne-scaled-1-768x576.webp 768w, https:\/\/karukella.ee\/wp-content\/uploads\/2025\/04\/Karukella-elektrilaadur-rohtne-scaled-1-1536x1152.webp 1536w, https:\/\/karukella.ee\/wp-content\/uploads\/2025\/04\/Karukella-elektrilaadur-rohtne-scaled-1-2048x1536.webp 2048w, https:\/\/karukella.ee\/wp-content\/uploads\/2025\/04\/Karukella-elektrilaadur-rohtne-scaled-1-1568x1176.webp 1568w\" sizes=\"auto, (max-width: 2560px) 100vw, 2560px\" \/><span aria-hidden=\"true\" class=\"wp-block-cover__background has-background-dim-0 has-background-dim\" style=\"background-color:#aa8f7d\"><\/span><div class=\"wp-block-cover__inner-container is-layout-flow wp-block-cover-is-layout-flow\">\n<p class=\"has-text-align-center has-large-font-size\"><\/p>\n<\/div><\/div>\n\n\n\n<div style=\"height:30px\" aria-hidden=\"true\" class=\"wp-block-spacer mobile-spacer-10\"><\/div>\n\n\n\n<h1 class=\"wp-block-heading has-text-align-center animated rotateInDownRight slow has-darkpurple-color has-text-color has-link-color wp-elements-d1cd0452e91c40ee10c509e36710d024\"><strong><strong>ANKOM MED ELBIL<\/strong><\/strong><\/h1>\n\n\n\n<div class=\"wp-block-columns alignwide has-background is-layout-flex wp-container-core-columns-is-layout-74d018ca wp-block-columns-is-layout-flex\" style=\"background-color:#d7b56d;padding-top:var(--wp--preset--spacing--20);padding-right:var(--wp--preset--spacing--20);padding-bottom:var(--wp--preset--spacing--20);padding-left:var(--wp--preset--spacing--20)\">\n<div class=\"wp-block-column has-white-background-color has-background is-layout-flow wp-container-core-column-is-layout-6a27151a wp-block-column-is-layout-flow\" style=\"padding-top:var(--wp--preset--spacing--30);padding-right:var(--wp--preset--spacing--30);padding-bottom:var(--wp--preset--spacing--30);padding-left:var(--wp--preset--spacing--30)\">\n<div class=\"wp-block-edhotels-grid-gallery grid-items lightgallery is-style-default\"><div data-src=\"https:\/\/karukella.ee\/wp-content\/uploads\/2025\/04\/Karukella-elektrilaaduti-pistik-scaled-1-1.webp\" class=\"grid-item\"><img decoding=\"async\" width=\"768\" height=\"1024\" src=\"https:\/\/karukella.ee\/wp-content\/uploads\/2025\/04\/Karukella-elektrilaaduti-pistik-scaled-1-1-768x1024.webp\" alt=\"\" data-id=\"214\" loading=\"lazy\" class=\"wp-image-214\" srcset=\"https:\/\/karukella.ee\/wp-content\/uploads\/2025\/04\/Karukella-elektrilaaduti-pistik-scaled-1-1-768x1024.webp 768w, https:\/\/karukella.ee\/wp-content\/uploads\/2025\/04\/Karukella-elektrilaaduti-pistik-scaled-1-1-225x300.webp 225w, https:\/\/karukella.ee\/wp-content\/uploads\/2025\/04\/Karukella-elektrilaaduti-pistik-scaled-1-1-1152x1536.webp 1152w, https:\/\/karukella.ee\/wp-content\/uploads\/2025\/04\/Karukella-elektrilaaduti-pistik-scaled-1-1-1536x2048.webp 1536w, https:\/\/karukella.ee\/wp-content\/uploads\/2025\/04\/Karukella-elektrilaaduti-pistik-scaled-1-1-1568x2091.webp 1568w, https:\/\/karukella.ee\/wp-content\/uploads\/2025\/04\/Karukella-elektrilaaduti-pistik-scaled-1-1.webp 1920w\" sizes=\"auto, (max-width: 768px) 100vw, 768px\" \/><\/div><div data-src=\"https:\/\/karukella.ee\/wp-content\/uploads\/2025\/04\/Karukella-elektrilaadus-pimedas-scaled-1.webp\" class=\"grid-item\"><img decoding=\"async\" width=\"768\" height=\"1024\" src=\"https:\/\/karukella.ee\/wp-content\/uploads\/2025\/04\/Karukella-elektrilaadus-pimedas-scaled-1-768x1024.webp\" alt=\"\" data-id=\"212\" loading=\"lazy\" class=\"wp-image-212\" srcset=\"https:\/\/karukella.ee\/wp-content\/uploads\/2025\/04\/Karukella-elektrilaadus-pimedas-scaled-1-768x1024.webp 768w, https:\/\/karukella.ee\/wp-content\/uploads\/2025\/04\/Karukella-elektrilaadus-pimedas-scaled-1-225x300.webp 225w, https:\/\/karukella.ee\/wp-content\/uploads\/2025\/04\/Karukella-elektrilaadus-pimedas-scaled-1-1152x1536.webp 1152w, https:\/\/karukella.ee\/wp-content\/uploads\/2025\/04\/Karukella-elektrilaadus-pimedas-scaled-1-1536x2048.webp 1536w, https:\/\/karukella.ee\/wp-content\/uploads\/2025\/04\/Karukella-elektrilaadus-pimedas-scaled-1-1568x2091.webp 1568w, https:\/\/karukella.ee\/wp-content\/uploads\/2025\/04\/Karukella-elektrilaadus-pimedas-scaled-1.webp 1920w\" sizes=\"auto, (max-width: 768px) 100vw, 768px\" \/><\/div><div data-src=\"https:\/\/karukella.ee\/wp-content\/uploads\/2025\/04\/Karukella-elektrilaadur-rohtne-scaled-1.webp\" class=\"grid-item\"><img decoding=\"async\" width=\"1024\" height=\"768\" src=\"https:\/\/karukella.ee\/wp-content\/uploads\/2025\/04\/Karukella-elektrilaadur-rohtne-scaled-1-1024x768.webp\" alt=\"\" data-id=\"210\" loading=\"lazy\" class=\"wp-image-210\" srcset=\"https:\/\/karukella.ee\/wp-content\/uploads\/2025\/04\/Karukella-elektrilaadur-rohtne-scaled-1-1024x768.webp 1024w, https:\/\/karukella.ee\/wp-content\/uploads\/2025\/04\/Karukella-elektrilaadur-rohtne-scaled-1-300x225.webp 300w, https:\/\/karukella.ee\/wp-content\/uploads\/2025\/04\/Karukella-elektrilaadur-rohtne-scaled-1-768x576.webp 768w, https:\/\/karukella.ee\/wp-content\/uploads\/2025\/04\/Karukella-elektrilaadur-rohtne-scaled-1-1536x1152.webp 1536w, https:\/\/karukella.ee\/wp-content\/uploads\/2025\/04\/Karukella-elektrilaadur-rohtne-scaled-1-2048x1536.webp 2048w, https:\/\/karukella.ee\/wp-content\/uploads\/2025\/04\/Karukella-elektrilaadur-rohtne-scaled-1-1568x1176.webp 1568w\" sizes=\"auto, (max-width: 1024px) 100vw, 1024px\" \/><\/div><div data-src=\"https:\/\/karukella.ee\/wp-content\/uploads\/2025\/04\/Karukella-1_elektriauto-laadimas-scaled-1.webp\" class=\"grid-item\"><img decoding=\"async\" width=\"768\" height=\"1024\" src=\"https:\/\/karukella.ee\/wp-content\/uploads\/2025\/04\/Karukella-1_elektriauto-laadimas-scaled-1-768x1024.webp\" alt=\"\" data-id=\"208\" loading=\"lazy\" class=\"wp-image-208\" srcset=\"https:\/\/karukella.ee\/wp-content\/uploads\/2025\/04\/Karukella-1_elektriauto-laadimas-scaled-1-768x1024.webp 768w, https:\/\/karukella.ee\/wp-content\/uploads\/2025\/04\/Karukella-1_elektriauto-laadimas-scaled-1-225x300.webp 225w, https:\/\/karukella.ee\/wp-content\/uploads\/2025\/04\/Karukella-1_elektriauto-laadimas-scaled-1-1152x1536.webp 1152w, https:\/\/karukella.ee\/wp-content\/uploads\/2025\/04\/Karukella-1_elektriauto-laadimas-scaled-1-1536x2048.webp 1536w, https:\/\/karukella.ee\/wp-content\/uploads\/2025\/04\/Karukella-1_elektriauto-laadimas-scaled-1-1568x2091.webp 1568w, https:\/\/karukella.ee\/wp-content\/uploads\/2025\/04\/Karukella-1_elektriauto-laadimas-scaled-1.webp 1920w\" sizes=\"auto, (max-width: 768px) 100vw, 768px\" \/><\/div><div data-src=\"https:\/\/karukella.ee\/wp-content\/uploads\/2025\/04\/Karukellas-elektrilaadija-app_noolega-scaled-1.webp\" class=\"grid-item\"><img decoding=\"async\" width=\"768\" height=\"1024\" src=\"https:\/\/karukella.ee\/wp-content\/uploads\/2025\/04\/Karukellas-elektrilaadija-app_noolega-scaled-1-768x1024.webp\" alt=\"\" data-id=\"216\" loading=\"lazy\" class=\"wp-image-216\" srcset=\"https:\/\/karukella.ee\/wp-content\/uploads\/2025\/04\/Karukellas-elektrilaadija-app_noolega-scaled-1-768x1024.webp 768w, https:\/\/karukella.ee\/wp-content\/uploads\/2025\/04\/Karukellas-elektrilaadija-app_noolega-scaled-1-225x300.webp 225w, https:\/\/karukella.ee\/wp-content\/uploads\/2025\/04\/Karukellas-elektrilaadija-app_noolega-scaled-1-1152x1536.webp 1152w, https:\/\/karukella.ee\/wp-content\/uploads\/2025\/04\/Karukellas-elektrilaadija-app_noolega-scaled-1-1536x2048.webp 1536w, https:\/\/karukella.ee\/wp-content\/uploads\/2025\/04\/Karukellas-elektrilaadija-app_noolega-scaled-1-1568x2091.webp 1568w, https:\/\/karukella.ee\/wp-content\/uploads\/2025\/04\/Karukellas-elektrilaadija-app_noolega-scaled-1.webp 1920w\" sizes=\"auto, (max-width: 768px) 100vw, 768px\" \/><\/div><\/div>\n<\/div>\n\n\n\n<div class=\"wp-block-column is-vertically-aligned-center is-layout-flow wp-block-column-is-layout-flow\" style=\"padding-right:var(--wp--preset--spacing--40);padding-left:var(--wp--preset--spacing--40)\">\n<p class=\"has-white-color has-text-color has-link-color wp-elements-972ac2968c71796304f7ae4789ce6cd8\">Hos Karukella kan du oplade din elbil <strong>nemt, sikkert og direkte ved ferieboligen<\/strong> \u2013 pr\u00e6cis som man forventer p\u00e5 en moderne rejse. Vi har naturligvis ogs\u00e5 t\u00e6nkt p\u00e5 jeres firhjulede, elektriske rejsekammerat!<\/p>\n\n\n\n<p class=\"has-white-color has-text-color has-link-color wp-elements-a60b8c6d73e1d99cd9262d315c2f0c18\">P\u00e5 v\u00e6ggen finder du en <strong>Alexela ABB Terra AC 22 kW oplader<\/strong> med 5 meter kabel. Det er en 3-faset model (3\u00d732 A) med 4G, LAN og Wi-Fi, samt dynamisk belastningsstyring \u2013 for <strong>effektiv og sikker opladning i enhver situation<\/strong>.<\/p>\n\n\n\n<p class=\"has-white-color has-text-color has-link-color wp-elements-1efcfc57ba60e1ce3a2e79622a54c024\">Vi er stolte indehavere af Green Key-milj\u00f8m\u00e6rket \u2013 og elbil-opladeren er for os et naturligt skridt mod en mere b\u00e6redygtig og ansvarlig g\u00e6stfrihed.<\/p>\n\n\n\n<p class=\"has-white-color has-text-color has-link-color wp-elements-c0ccd2ba4a24e3365ba08c89e06f8067\">Opladning er gjort nemt og gennemsigtigt:<br>G\u00e6sten henter <strong>Alexela-appen<\/strong> til sin telefon, opretter en konto, tilf\u00f8jer betalingskort \u2013 og klarer resten helt selv. Intet behov for opg\u00f8relser, intet b\u00f8vl med priser \u2013 <strong>du styrer alt nemt og trygt selv<\/strong>.<\/p>\n<\/div>\n<\/div>\n\n\n\n<div style=\"height:30px\" aria-hidden=\"true\" class=\"wp-block-spacer mobile-spacer-10\"><\/div>\n\n\n\n<p><\/p>\n","protected":false},"excerpt":{"rendered":"<p>ANKOM MED ELBIL Hos Karukella kan du oplade din elbil nemt, sikkert og direkte ved ferieboligen \u2013 pr\u00e6cis som man forventer p\u00e5 en moderne rejse. Vi har naturligvis ogs\u00e5 t\u00e6nkt p\u00e5 jeres firhjulede, elektriske rejsekammerat! P\u00e5 v\u00e6ggen finder du en Alexela ABB Terra AC 22 kW oplader med 5 meter kabel. Det er en 3-faset [&hellip;]<\/p>\n","protected":false},"author":3,"featured_media":0,"parent":0,"menu_order":0,"comment_status":"closed","ping_status":"closed","template":"","meta":{"footnotes":""},"class_list":["post-1989","page","type-page","status-publish","hentry"],"yoast_head":"<!-- This site is optimized with the Yoast SEO plugin v27.0 - https:\/\/yoast.com\/product\/yoast-seo-wordpress\/ -->\n<title>ANKOM MED ELBIL | Karukella Puhkemaja<\/title>\n<meta name=\"robots\" content=\"index, follow, max-snippet:-1, max-image-preview:large, max-video-preview:-1\" \/>\n<link rel=\"canonical\" href=\"https:\/\/karukella.ee\/tule-elektriautoga\/\" \/>\n<meta property=\"og:locale\" content=\"da_DK\" \/>\n<meta property=\"og:type\" content=\"article\" \/>\n<meta property=\"og:title\" content=\"ANKOM MED ELBIL | Karukella Puhkemaja\" \/>\n<meta property=\"og:description\" content=\"ANKOM MED ELBIL Hos Karukella kan du oplade din elbil nemt, sikkert og direkte ved ferieboligen \u2013 pr\u00e6cis som man forventer p\u00e5 en moderne rejse. Vi har naturligvis ogs\u00e5 t\u00e6nkt p\u00e5 jeres firhjulede, elektriske rejsekammerat! P\u00e5 v\u00e6ggen finder du en Alexela ABB Terra AC 22 kW oplader med 5 meter kabel. Det er en 3-faset [&hellip;]\" \/>\n<meta property=\"og:url\" content=\"https:\/\/karukella.ee\/tule-elektriautoga\/\" \/>\n<meta property=\"og:site_name\" content=\"Karukella Puhkemaja\" \/>\n<meta property=\"article:publisher\" content=\"https:\/\/www.facebook.com\/karukella\/\" \/>\n<meta property=\"article:modified_time\" content=\"2025-06-18T14:06:15+00:00\" \/>\n<meta property=\"og:image\" content=\"https:\/\/karukella.ee\/wp-content\/uploads\/2025\/04\/Karukella-elektrilaadur-rohtne-scaled-1.webp\" \/>\n<meta name=\"twitter:card\" content=\"summary_large_image\" \/>\n<meta name=\"twitter:label1\" content=\"Estimeret l\u00e6setid\" \/>\n\t<meta name=\"twitter:data1\" content=\"2 minutter\" \/>\n<script type=\"application\/ld+json\" class=\"yoast-schema-graph\">{\"@context\":\"https:\/\/schema.org\",\"@graph\":[{\"@type\":\"WebPage\",\"@id\":\"https:\/\/karukella.ee\/tule-elektriautoga\/\",\"url\":\"https:\/\/karukella.ee\/tule-elektriautoga\/\",\"name\":\"ANKOM MED ELBIL | Karukella Puhkemaja\",\"isPartOf\":{\"@id\":\"https:\/\/karukella.ee\/#website\"},\"primaryImageOfPage\":{\"@id\":\"https:\/\/karukella.ee\/tule-elektriautoga\/#primaryimage\"},\"image\":{\"@id\":\"https:\/\/karukella.ee\/tule-elektriautoga\/#primaryimage\"},\"thumbnailUrl\":\"https:\/\/karukella.ee\/wp-content\/uploads\/2025\/04\/Karukella-elektrilaadur-rohtne-scaled-1.webp\",\"datePublished\":\"2025-04-08T12:37:12+00:00\",\"dateModified\":\"2025-06-18T14:06:15+00:00\",\"breadcrumb\":{\"@id\":\"https:\/\/karukella.ee\/tule-elektriautoga\/#breadcrumb\"},\"inLanguage\":\"da-DK\",\"potentialAction\":[{\"@type\":\"ReadAction\",\"target\":[\"https:\/\/karukella.ee\/tule-elektriautoga\/\"]}]},{\"@type\":\"ImageObject\",\"inLanguage\":\"da-DK\",\"@id\":\"https:\/\/karukella.ee\/tule-elektriautoga\/#primaryimage\",\"url\":\"https:\/\/karukella.ee\/wp-content\/uploads\/2025\/04\/Karukella-elektrilaadur-rohtne-scaled-1.webp\",\"contentUrl\":\"https:\/\/karukella.ee\/wp-content\/uploads\/2025\/04\/Karukella-elektrilaadur-rohtne-scaled-1.webp\"},{\"@type\":\"BreadcrumbList\",\"@id\":\"https:\/\/karukella.ee\/tule-elektriautoga\/#breadcrumb\",\"itemListElement\":[{\"@type\":\"ListItem\",\"position\":1,\"name\":\"Home\",\"item\":\"https:\/\/karukella.ee\/\"},{\"@type\":\"ListItem\",\"position\":2,\"name\":\"ANKOM MED ELBIL\"}]},{\"@type\":\"WebSite\",\"@id\":\"https:\/\/karukella.ee\/#website\",\"url\":\"https:\/\/karukella.ee\/\",\"name\":\"Karukella Puhkemaja\",\"description\":\"Kestlik luksus 5 toaga puhkemajas Virumaal\",\"publisher\":{\"@id\":\"https:\/\/karukella.ee\/#organization\"},\"potentialAction\":[{\"@type\":\"SearchAction\",\"target\":{\"@type\":\"EntryPoint\",\"urlTemplate\":\"https:\/\/karukella.ee\/?s={search_term_string}\"},\"query-input\":{\"@type\":\"PropertyValueSpecification\",\"valueRequired\":true,\"valueName\":\"search_term_string\"}}],\"inLanguage\":\"da-DK\"},{\"@type\":\"Organization\",\"@id\":\"https:\/\/karukella.ee\/#organization\",\"name\":\"Karukella Puhkemaja\",\"url\":\"https:\/\/karukella.ee\/\",\"logo\":{\"@type\":\"ImageObject\",\"inLanguage\":\"da-DK\",\"@id\":\"https:\/\/karukella.ee\/#\/schema\/logo\/image\/\",\"url\":\"https:\/\/karukella.ee\/wp-content\/uploads\/2025\/03\/Karukella-puhkemaja-sirelipoosast-scaled.jpg\",\"contentUrl\":\"https:\/\/karukella.ee\/wp-content\/uploads\/2025\/03\/Karukella-puhkemaja-sirelipoosast-scaled.jpg\",\"width\":2560,\"height\":1942,\"caption\":\"Karukella Puhkemaja\"},\"image\":{\"@id\":\"https:\/\/karukella.ee\/#\/schema\/logo\/image\/\"},\"sameAs\":[\"https:\/\/www.facebook.com\/karukella\/\",\"https:\/\/www.instagram.com\/karukella_puhkemaja\/\"]}]}<\/script>\n<!-- \/ Yoast SEO plugin. -->","yoast_head_json":{"title":"ANKOM MED ELBIL | Karukella Puhkemaja","robots":{"index":"index","follow":"follow","max-snippet":"max-snippet:-1","max-image-preview":"max-image-preview:large","max-video-preview":"max-video-preview:-1"},"canonical":"https:\/\/karukella.ee\/tule-elektriautoga\/","og_locale":"da_DK","og_type":"article","og_title":"ANKOM MED ELBIL | Karukella Puhkemaja","og_description":"ANKOM MED ELBIL Hos Karukella kan du oplade din elbil nemt, sikkert og direkte ved ferieboligen \u2013 pr\u00e6cis som man forventer p\u00e5 en moderne rejse. Vi har naturligvis ogs\u00e5 t\u00e6nkt p\u00e5 jeres firhjulede, elektriske rejsekammerat! P\u00e5 v\u00e6ggen finder du en Alexela ABB Terra AC 22 kW oplader med 5 meter kabel. Det er en 3-faset [&hellip;]","og_url":"https:\/\/karukella.ee\/tule-elektriautoga\/","og_site_name":"Karukella Puhkemaja","article_publisher":"https:\/\/www.facebook.com\/karukella\/","article_modified_time":"2025-06-18T14:06:15+00:00","og_image":[{"url":"https:\/\/karukella.ee\/wp-content\/uploads\/2025\/04\/Karukella-elektrilaadur-rohtne-scaled-1.webp","type":"","width":"","height":""}],"twitter_card":"summary_large_image","twitter_misc":{"Estimeret l\u00e6setid":"2 minutter"},"schema":{"@context":"https:\/\/schema.org","@graph":[{"@type":"WebPage","@id":"https:\/\/karukella.ee\/tule-elektriautoga\/","url":"https:\/\/karukella.ee\/tule-elektriautoga\/","name":"ANKOM MED ELBIL | Karukella Puhkemaja","isPartOf":{"@id":"https:\/\/karukella.ee\/#website"},"primaryImageOfPage":{"@id":"https:\/\/karukella.ee\/tule-elektriautoga\/#primaryimage"},"image":{"@id":"https:\/\/karukella.ee\/tule-elektriautoga\/#primaryimage"},"thumbnailUrl":"https:\/\/karukella.ee\/wp-content\/uploads\/2025\/04\/Karukella-elektrilaadur-rohtne-scaled-1.webp","datePublished":"2025-04-08T12:37:12+00:00","dateModified":"2025-06-18T14:06:15+00:00","breadcrumb":{"@id":"https:\/\/karukella.ee\/tule-elektriautoga\/#breadcrumb"},"inLanguage":"da-DK","potentialAction":[{"@type":"ReadAction","target":["https:\/\/karukella.ee\/tule-elektriautoga\/"]}]},{"@type":"ImageObject","inLanguage":"da-DK","@id":"https:\/\/karukella.ee\/tule-elektriautoga\/#primaryimage","url":"https:\/\/karukella.ee\/wp-content\/uploads\/2025\/04\/Karukella-elektrilaadur-rohtne-scaled-1.webp","contentUrl":"https:\/\/karukella.ee\/wp-content\/uploads\/2025\/04\/Karukella-elektrilaadur-rohtne-scaled-1.webp"},{"@type":"BreadcrumbList","@id":"https:\/\/karukella.ee\/tule-elektriautoga\/#breadcrumb","itemListElement":[{"@type":"ListItem","position":1,"name":"Home","item":"https:\/\/karukella.ee\/"},{"@type":"ListItem","position":2,"name":"ANKOM MED ELBIL"}]},{"@type":"WebSite","@id":"https:\/\/karukella.ee\/#website","url":"https:\/\/karukella.ee\/","name":"Karukella Puhkemaja","description":"Kestlik luksus 5 toaga puhkemajas Virumaal","publisher":{"@id":"https:\/\/karukella.ee\/#organization"},"potentialAction":[{"@type":"SearchAction","target":{"@type":"EntryPoint","urlTemplate":"https:\/\/karukella.ee\/?s={search_term_string}"},"query-input":{"@type":"PropertyValueSpecification","valueRequired":true,"valueName":"search_term_string"}}],"inLanguage":"da-DK"},{"@type":"Organization","@id":"https:\/\/karukella.ee\/#organization","name":"Karukella Puhkemaja","url":"https:\/\/karukella.ee\/","logo":{"@type":"ImageObject","inLanguage":"da-DK","@id":"https:\/\/karukella.ee\/#\/schema\/logo\/image\/","url":"https:\/\/karukella.ee\/wp-content\/uploads\/2025\/03\/Karukella-puhkemaja-sirelipoosast-scaled.jpg","contentUrl":"https:\/\/karukella.ee\/wp-content\/uploads\/2025\/03\/Karukella-puhkemaja-sirelipoosast-scaled.jpg","width":2560,"height":1942,"caption":"Karukella Puhkemaja"},"image":{"@id":"https:\/\/karukella.ee\/#\/schema\/logo\/image\/"},"sameAs":["https:\/\/www.facebook.com\/karukella\/","https:\/\/www.instagram.com\/karukella_puhkemaja\/"]}]}},"_links":{"self":[{"href":"https:\/\/karukella.ee\/da\/wp-json\/wp\/v2\/pages\/1989","targetHints":{"allow":["GET"]}}],"collection":[{"href":"https:\/\/karukella.ee\/da\/wp-json\/wp\/v2\/pages"}],"about":[{"href":"https:\/\/karukella.ee\/da\/wp-json\/wp\/v2\/types\/page"}],"author":[{"embeddable":true,"href":"https:\/\/karukella.ee\/da\/wp-json\/wp\/v2\/users\/3"}],"replies":[{"embeddable":true,"href":"https:\/\/karukella.ee\/da\/wp-json\/wp\/v2\/comments?post=1989"}],"version-history":[{"count":1,"href":"https:\/\/karukella.ee\/da\/wp-json\/wp\/v2\/pages\/1989\/revisions"}],"predecessor-version":[{"id":1996,"href":"https:\/\/karukella.ee\/da\/wp-json\/wp\/v2\/pages\/1989\/revisions\/1996"}],"wp:attachment":[{"href":"https:\/\/karukella.ee\/da\/wp-json\/wp\/v2\/media?parent=1989"}],"curies":[{"name":"wp","href":"https:\/\/api.w.org\/{rel}","templated":true}]}}