{"id":1969,"date":"2025-06-03T07:51:52","date_gmt":"2025-06-03T07:51:52","guid":{"rendered":"https:\/\/karukella.ee\/grillmaja\/"},"modified":"2025-06-18T14:00:08","modified_gmt":"2025-06-18T14:00:08","slug":"grillhus","status":"publish","type":"page","link":"https:\/\/karukella.ee\/da\/grillhus\/","title":{"rendered":"GRILLHUS"},"content":{"rendered":"\n<div class=\"wp-block-cover alignfull\"><img loading=\"lazy\" decoding=\"async\" width=\"1920\" height=\"2560\" class=\"wp-block-cover__image-background wp-image-1096 size-full\" alt=\"\" src=\"https:\/\/karukella.ee\/wp-content\/uploads\/2025\/06\/Karukella-grillamaj-chill-hoovis-scaled.jpg\" data-object-fit=\"cover\" srcset=\"https:\/\/karukella.ee\/wp-content\/uploads\/2025\/06\/Karukella-grillamaj-chill-hoovis-scaled.jpg 1920w, https:\/\/karukella.ee\/wp-content\/uploads\/2025\/06\/Karukella-grillamaj-chill-hoovis-225x300.jpg 225w, https:\/\/karukella.ee\/wp-content\/uploads\/2025\/06\/Karukella-grillamaj-chill-hoovis-768x1024.jpg 768w, https:\/\/karukella.ee\/wp-content\/uploads\/2025\/06\/Karukella-grillamaj-chill-hoovis-1152x1536.jpg 1152w, https:\/\/karukella.ee\/wp-content\/uploads\/2025\/06\/Karukella-grillamaj-chill-hoovis-1536x2048.jpg 1536w, https:\/\/karukella.ee\/wp-content\/uploads\/2025\/06\/Karukella-grillamaj-chill-hoovis-1568x2091.jpg 1568w\" sizes=\"auto, (max-width: 1920px) 100vw, 1920px\" \/><span aria-hidden=\"true\" class=\"wp-block-cover__background has-background-dim-0 has-background-dim\"><\/span><div class=\"wp-block-cover__inner-container is-layout-flow wp-block-cover-is-layout-flow\">\n<p class=\"has-text-align-center has-large-font-size\"><\/p>\n<\/div><\/div>\n\n\n\n<div style=\"height:30px\" aria-hidden=\"true\" class=\"wp-block-spacer mobile-spacer-10\"><\/div>\n\n\n\n<h1 class=\"wp-block-heading has-text-align-center animated rotateInDownRight slow has-darkpurple-color has-text-color has-link-color wp-elements-f9aebf618557addda5edc0fe8a2f2209\"><strong><strong>GRILLHUS \u2013 \u00c5RET RUNDT<\/strong><\/strong><\/h1>\n\n\n\n<p class=\"has-text-align-center\">Karukella Feriehus har et <strong>separat grillhus<\/strong> \u2013 s\u00e5 regn eller sol ikke s\u00e6tter en stopper for hyggen. Her slipper I ogs\u00e5 for r\u00f8g i huset, og I kan nyde aftenen udend\u00f8rs helt ind i de sene timer.<\/p>\n\n\n\n<p class=\"has-text-align-center\">I mods\u00e6tning til mange andre ferieboliger, hvor man skal hente stole eller vand fra hovedhuset, er <strong>alt det n\u00f8dvendige udstyr lige ved h\u00e5nden<\/strong> her \u2013 bekvemt og funktionelt.<\/p>\n\n\n\n<div style=\"height:30px\" aria-hidden=\"true\" class=\"wp-block-spacer mobile-spacer-10\"><\/div>\n\n\n\n<div class=\"wp-block-columns alignwide has-background is-layout-flex wp-container-core-columns-is-layout-74d018ca wp-block-columns-is-layout-flex\" style=\"background-color:#d7b56d;padding-top:var(--wp--preset--spacing--20);padding-right:var(--wp--preset--spacing--20);padding-bottom:var(--wp--preset--spacing--20);padding-left:var(--wp--preset--spacing--20)\">\n<div class=\"wp-block-column has-white-background-color has-background is-layout-flow wp-container-core-column-is-layout-6a27151a wp-block-column-is-layout-flow\" style=\"padding-top:var(--wp--preset--spacing--30);padding-right:var(--wp--preset--spacing--30);padding-bottom:var(--wp--preset--spacing--30);padding-left:var(--wp--preset--spacing--30)\">\n<div class=\"wp-block-edhotels-grid-gallery grid-items lightgallery is-style-mosaic\"><div data-src=\"https:\/\/karukella.ee\/wp-content\/uploads\/2025\/04\/Karukella-puhkemajas-EdHotels_2-scaled-1.webp\" class=\"grid-item\"><img decoding=\"async\" width=\"1024\" height=\"723\" src=\"https:\/\/karukella.ee\/wp-content\/uploads\/2025\/04\/Karukella-puhkemajas-EdHotels_2-scaled-1-1024x723.webp\" alt=\"\" data-id=\"371\" loading=\"lazy\" class=\"wp-image-371\" srcset=\"https:\/\/karukella.ee\/wp-content\/uploads\/2025\/04\/Karukella-puhkemajas-EdHotels_2-scaled-1-1024x723.webp 1024w, https:\/\/karukella.ee\/wp-content\/uploads\/2025\/04\/Karukella-puhkemajas-EdHotels_2-scaled-1-300x212.webp 300w, https:\/\/karukella.ee\/wp-content\/uploads\/2025\/04\/Karukella-puhkemajas-EdHotels_2-scaled-1-768x542.webp 768w, https:\/\/karukella.ee\/wp-content\/uploads\/2025\/04\/Karukella-puhkemajas-EdHotels_2-scaled-1-1536x1085.webp 1536w, https:\/\/karukella.ee\/wp-content\/uploads\/2025\/04\/Karukella-puhkemajas-EdHotels_2-scaled-1-2048x1446.webp 2048w, https:\/\/karukella.ee\/wp-content\/uploads\/2025\/04\/Karukella-puhkemajas-EdHotels_2-scaled-1-1568x1107.webp 1568w\" sizes=\"auto, (max-width: 1024px) 100vw, 1024px\" \/><\/div><div data-src=\"https:\/\/karukella.ee\/wp-content\/uploads\/2025\/04\/Karukella-grillmajas-ka-pitsakivi-ja-labidas-scaled-1.webp\" class=\"grid-item\"><img decoding=\"async\" width=\"768\" height=\"1024\" src=\"https:\/\/karukella.ee\/wp-content\/uploads\/2025\/04\/Karukella-grillmajas-ka-pitsakivi-ja-labidas-scaled-1-768x1024.webp\" alt=\"\" data-id=\"365\" loading=\"lazy\" class=\"wp-image-365\" srcset=\"https:\/\/karukella.ee\/wp-content\/uploads\/2025\/04\/Karukella-grillmajas-ka-pitsakivi-ja-labidas-scaled-1-768x1024.webp 768w, https:\/\/karukella.ee\/wp-content\/uploads\/2025\/04\/Karukella-grillmajas-ka-pitsakivi-ja-labidas-scaled-1-225x300.webp 225w, https:\/\/karukella.ee\/wp-content\/uploads\/2025\/04\/Karukella-grillmajas-ka-pitsakivi-ja-labidas-scaled-1-1152x1536.webp 1152w, https:\/\/karukella.ee\/wp-content\/uploads\/2025\/04\/Karukella-grillmajas-ka-pitsakivi-ja-labidas-scaled-1-1536x2048.webp 1536w, https:\/\/karukella.ee\/wp-content\/uploads\/2025\/04\/Karukella-grillmajas-ka-pitsakivi-ja-labidas-scaled-1-1568x2091.webp 1568w, https:\/\/karukella.ee\/wp-content\/uploads\/2025\/04\/Karukella-grillmajas-ka-pitsakivi-ja-labidas-scaled-1.webp 1920w\" sizes=\"auto, (max-width: 768px) 100vw, 768px\" \/><\/div><div data-src=\"https:\/\/karukella.ee\/wp-content\/uploads\/2025\/04\/Karukella-grillmaja-ohtul-scaled-1.webp\" class=\"grid-item\"><img decoding=\"async\" width=\"768\" height=\"1024\" src=\"https:\/\/karukella.ee\/wp-content\/uploads\/2025\/04\/Karukella-grillmaja-ohtul-scaled-1-768x1024.webp\" alt=\"\" data-id=\"359\" loading=\"lazy\" class=\"wp-image-359\" srcset=\"https:\/\/karukella.ee\/wp-content\/uploads\/2025\/04\/Karukella-grillmaja-ohtul-scaled-1-768x1024.webp 768w, https:\/\/karukella.ee\/wp-content\/uploads\/2025\/04\/Karukella-grillmaja-ohtul-scaled-1-225x300.webp 225w, https:\/\/karukella.ee\/wp-content\/uploads\/2025\/04\/Karukella-grillmaja-ohtul-scaled-1-1152x1536.webp 1152w, https:\/\/karukella.ee\/wp-content\/uploads\/2025\/04\/Karukella-grillmaja-ohtul-scaled-1-1536x2048.webp 1536w, https:\/\/karukella.ee\/wp-content\/uploads\/2025\/04\/Karukella-grillmaja-ohtul-scaled-1-1568x2091.webp 1568w, https:\/\/karukella.ee\/wp-content\/uploads\/2025\/04\/Karukella-grillmaja-ohtul-scaled-1.webp 1920w\" sizes=\"auto, (max-width: 768px) 100vw, 768px\" \/><\/div><div data-src=\"https:\/\/karukella.ee\/wp-content\/uploads\/2025\/04\/Karukella-grillmaja-kulalised-saabuvad-scaled-1.webp\" class=\"grid-item\"><img decoding=\"async\" width=\"768\" height=\"1024\" src=\"https:\/\/karukella.ee\/wp-content\/uploads\/2025\/04\/Karukella-grillmaja-kulalised-saabuvad-scaled-1-768x1024.webp\" alt=\"\" data-id=\"357\" loading=\"lazy\" class=\"wp-image-357\" srcset=\"https:\/\/karukella.ee\/wp-content\/uploads\/2025\/04\/Karukella-grillmaja-kulalised-saabuvad-scaled-1-768x1024.webp 768w, https:\/\/karukella.ee\/wp-content\/uploads\/2025\/04\/Karukella-grillmaja-kulalised-saabuvad-scaled-1-225x300.webp 225w, https:\/\/karukella.ee\/wp-content\/uploads\/2025\/04\/Karukella-grillmaja-kulalised-saabuvad-scaled-1-1152x1536.webp 1152w, https:\/\/karukella.ee\/wp-content\/uploads\/2025\/04\/Karukella-grillmaja-kulalised-saabuvad-scaled-1-1536x2048.webp 1536w, https:\/\/karukella.ee\/wp-content\/uploads\/2025\/04\/Karukella-grillmaja-kulalised-saabuvad-scaled-1-1568x2091.webp 1568w, https:\/\/karukella.ee\/wp-content\/uploads\/2025\/04\/Karukella-grillmaja-kulalised-saabuvad-scaled-1.webp 1920w\" sizes=\"auto, (max-width: 768px) 100vw, 768px\" \/><\/div><div data-src=\"https:\/\/karukella.ee\/wp-content\/uploads\/2025\/04\/Karukella-stiffi-grillvardad-scaled-1.webp\" class=\"grid-item\"><img decoding=\"async\" width=\"768\" height=\"1024\" src=\"https:\/\/karukella.ee\/wp-content\/uploads\/2025\/04\/Karukella-stiffi-grillvardad-scaled-1-768x1024.webp\" alt=\"\" data-id=\"373\" loading=\"lazy\" class=\"wp-image-373\" srcset=\"https:\/\/karukella.ee\/wp-content\/uploads\/2025\/04\/Karukella-stiffi-grillvardad-scaled-1-768x1024.webp 768w, https:\/\/karukella.ee\/wp-content\/uploads\/2025\/04\/Karukella-stiffi-grillvardad-scaled-1-225x300.webp 225w, https:\/\/karukella.ee\/wp-content\/uploads\/2025\/04\/Karukella-stiffi-grillvardad-scaled-1-1152x1536.webp 1152w, https:\/\/karukella.ee\/wp-content\/uploads\/2025\/04\/Karukella-stiffi-grillvardad-scaled-1-1536x2048.webp 1536w, https:\/\/karukella.ee\/wp-content\/uploads\/2025\/04\/Karukella-stiffi-grillvardad-scaled-1-1568x2091.webp 1568w, https:\/\/karukella.ee\/wp-content\/uploads\/2025\/04\/Karukella-stiffi-grillvardad-scaled-1.webp 1920w\" sizes=\"auto, (max-width: 768px) 100vw, 768px\" \/><\/div><div data-src=\"https:\/\/karukella.ee\/wp-content\/uploads\/2025\/04\/Karukella-grillmaja-ohtupaikses-koos-kiikedega-scaled-1.webp\" class=\"grid-item\"><img decoding=\"async\" width=\"768\" height=\"1024\" src=\"https:\/\/karukella.ee\/wp-content\/uploads\/2025\/04\/Karukella-grillmaja-ohtupaikses-koos-kiikedega-scaled-1-768x1024.webp\" alt=\"\" data-id=\"375\" loading=\"lazy\" class=\"wp-image-375\" srcset=\"https:\/\/karukella.ee\/wp-content\/uploads\/2025\/04\/Karukella-grillmaja-ohtupaikses-koos-kiikedega-scaled-1-768x1024.webp 768w, https:\/\/karukella.ee\/wp-content\/uploads\/2025\/04\/Karukella-grillmaja-ohtupaikses-koos-kiikedega-scaled-1-225x300.webp 225w, https:\/\/karukella.ee\/wp-content\/uploads\/2025\/04\/Karukella-grillmaja-ohtupaikses-koos-kiikedega-scaled-1-1152x1536.webp 1152w, https:\/\/karukella.ee\/wp-content\/uploads\/2025\/04\/Karukella-grillmaja-ohtupaikses-koos-kiikedega-scaled-1-1536x2048.webp 1536w, https:\/\/karukella.ee\/wp-content\/uploads\/2025\/04\/Karukella-grillmaja-ohtupaikses-koos-kiikedega-scaled-1-1568x2091.webp 1568w, https:\/\/karukella.ee\/wp-content\/uploads\/2025\/04\/Karukella-grillmaja-ohtupaikses-koos-kiikedega-scaled-1.webp 1920w\" sizes=\"auto, (max-width: 768px) 100vw, 768px\" \/><\/div><\/div>\n<\/div>\n\n\n\n<div class=\"wp-block-column is-vertically-aligned-center is-layout-flow wp-block-column-is-layout-flow\" style=\"padding-right:var(--wp--preset--spacing--40);padding-left:var(--wp--preset--spacing--40)\">\n<p class=\"has-white-color has-text-color has-link-color wp-elements-cc56ce4bbccd6bb01888663b00ccbd45\">Grillhuset er inkluderet i lejeprisen og bruges med stor gl\u00e6de <strong>hele \u00e5ret rundt<\/strong>.<\/p>\n\n\n\n<p class=\"has-white-color has-text-color has-link-color wp-elements-000f8cc5a148d1b6c5f763588f05cc14\"><strong>Passer perfekt til:<\/strong><\/p>\n\n\n\n<ul class=\"wp-block-list\">\n<li class=\"has-white-color has-text-color has-link-color wp-elements-5c7f3dbd29e932d41ae9ddeaf41a349a\">Hele selskabet samlet ved \u00e9t langt bord (plads til 14 personer)<\/li>\n\n\n\n<li class=\"has-white-color has-text-color has-link-color wp-elements-c3cea2aa8894c78dba72d67795673308\">Ly for b\u00e5de varme solskinsdage og regnfulde eftermiddage<\/li>\n\n\n\n<li class=\"has-white-color has-text-color has-link-color wp-elements-183db3f9e52225a6d1074fc88ebc1ba5\">Kaffepauser for seminargrupper<\/li>\n\n\n\n<li class=\"has-white-color has-text-color has-link-color wp-elements-d0ee2f81c1e08768687795d6bb0945c7\">Afslappet grillhygge om eftermiddagen<\/li>\n\n\n\n<li class=\"has-white-color has-text-color has-link-color wp-elements-ff4b14ddf460bea62497f372e9007e7f\">Lange sommeraftener med god stemning<\/li>\n<\/ul>\n\n\n\n<p class=\"has-white-color has-text-color has-link-color wp-elements-2050f4a41d6e90f058a0229f6bea37ed\"><strong>I grillhuset finder I:<\/strong><\/p>\n\n\n\n<ul class=\"wp-block-list\">\n<li class=\"has-white-color has-text-color has-link-color wp-elements-eb0cdb40ce6db11de18424eea96ccc08\">Langbord med plads til 14 personer<\/li>\n\n\n\n<li class=\"has-white-color has-text-color has-link-color wp-elements-d4e75ea814899f6fd7ec049f29cf647e\">Arbejdsbord med vask og varmt rindende vand<\/li>\n\n\n\n<li class=\"has-white-color has-text-color has-link-color wp-elements-5d9f2ea728a36891082429ee5a26e058\">Indbygget pejs<\/li>\n\n\n\n<li class=\"has-white-color has-text-color has-link-color wp-elements-c8913ef830d304fbedd11277e10826dc\">Klassisk grill i rustfrit st\u00e5l<\/li>\n\n\n\n<li class=\"has-white-color has-text-color has-link-color wp-elements-aa99b306873bdbb65860e3d6a04bb0cb\">\u201cEgg grill\u201d (keramisk kuglegrill, \u00d8 60 cm)<\/li>\n\n\n\n<li class=\"has-white-color has-text-color has-link-color wp-elements-b381ba6e800462cfcd953db08cf36811\">Kulstarter<\/li>\n\n\n\n<li class=\"has-white-color has-text-color has-link-color wp-elements-36d53927ebcc89272e7e79766e914194\">2 h\u00e6ngek\u00f8jer<\/li>\n\n\n\n<li class=\"has-white-color has-text-color has-link-color wp-elements-da68d00ced2d3c50773d4c448ed03438\">Br\u00e6nde og grillkul lige ved h\u00e5nden<\/li>\n<\/ul>\n<\/div>\n<\/div>\n\n\n\n<div style=\"height:30px\" aria-hidden=\"true\" class=\"wp-block-spacer mobile-spacer-5\"><\/div>\n","protected":false},"excerpt":{"rendered":"<p>GRILLHUS \u2013 \u00c5RET RUNDT Karukella Feriehus har et separat grillhus \u2013 s\u00e5 regn eller sol ikke s\u00e6tter en stopper for hyggen. Her slipper I ogs\u00e5 for r\u00f8g i huset, og I kan nyde aftenen udend\u00f8rs helt ind i de sene timer. I mods\u00e6tning til mange andre ferieboliger, hvor man skal hente stole eller vand fra [&hellip;]<\/p>\n","protected":false},"author":1,"featured_media":0,"parent":0,"menu_order":0,"comment_status":"closed","ping_status":"closed","template":"","meta":{"footnotes":""},"class_list":["post-1969","page","type-page","status-publish","hentry"],"yoast_head":"<!-- This site is optimized with the Yoast SEO plugin v27.0 - https:\/\/yoast.com\/product\/yoast-seo-wordpress\/ -->\n<title>GRILLHUS | Karukella Puhkemaja<\/title>\n<meta name=\"robots\" content=\"index, follow, max-snippet:-1, max-image-preview:large, max-video-preview:-1\" \/>\n<link rel=\"canonical\" href=\"https:\/\/karukella.ee\/grillmaja\/\" \/>\n<meta property=\"og:locale\" content=\"da_DK\" \/>\n<meta property=\"og:type\" content=\"article\" \/>\n<meta property=\"og:title\" content=\"GRILLHUS | Karukella Puhkemaja\" \/>\n<meta property=\"og:description\" content=\"GRILLHUS \u2013 \u00c5RET RUNDT Karukella Feriehus har et separat grillhus \u2013 s\u00e5 regn eller sol ikke s\u00e6tter en stopper for hyggen. Her slipper I ogs\u00e5 for r\u00f8g i huset, og I kan nyde aftenen udend\u00f8rs helt ind i de sene timer. I mods\u00e6tning til mange andre ferieboliger, hvor man skal hente stole eller vand fra [&hellip;]\" \/>\n<meta property=\"og:url\" content=\"https:\/\/karukella.ee\/grillmaja\/\" \/>\n<meta property=\"og:site_name\" content=\"Karukella Puhkemaja\" \/>\n<meta property=\"article:publisher\" content=\"https:\/\/www.facebook.com\/karukella\/\" \/>\n<meta property=\"article:modified_time\" content=\"2025-06-18T14:00:08+00:00\" \/>\n<meta property=\"og:image\" content=\"https:\/\/karukella.ee\/wp-content\/uploads\/2025\/06\/Karukella-grillamaj-chill-hoovis-scaled.jpg\" \/>\n<meta name=\"twitter:card\" content=\"summary_large_image\" \/>\n<meta name=\"twitter:label1\" content=\"Estimeret l\u00e6setid\" \/>\n\t<meta name=\"twitter:data1\" content=\"3 minutter\" \/>\n<script type=\"application\/ld+json\" class=\"yoast-schema-graph\">{\"@context\":\"https:\/\/schema.org\",\"@graph\":[{\"@type\":\"WebPage\",\"@id\":\"https:\/\/karukella.ee\/grillmaja\/\",\"url\":\"https:\/\/karukella.ee\/grillmaja\/\",\"name\":\"GRILLHUS | Karukella Puhkemaja\",\"isPartOf\":{\"@id\":\"https:\/\/karukella.ee\/#website\"},\"primaryImageOfPage\":{\"@id\":\"https:\/\/karukella.ee\/grillmaja\/#primaryimage\"},\"image\":{\"@id\":\"https:\/\/karukella.ee\/grillmaja\/#primaryimage\"},\"thumbnailUrl\":\"https:\/\/karukella.ee\/wp-content\/uploads\/2025\/06\/Karukella-grillamaj-chill-hoovis-scaled.jpg\",\"datePublished\":\"2025-06-03T07:51:52+00:00\",\"dateModified\":\"2025-06-18T14:00:08+00:00\",\"breadcrumb\":{\"@id\":\"https:\/\/karukella.ee\/grillmaja\/#breadcrumb\"},\"inLanguage\":\"da-DK\",\"potentialAction\":[{\"@type\":\"ReadAction\",\"target\":[\"https:\/\/karukella.ee\/grillmaja\/\"]}]},{\"@type\":\"ImageObject\",\"inLanguage\":\"da-DK\",\"@id\":\"https:\/\/karukella.ee\/grillmaja\/#primaryimage\",\"url\":\"https:\/\/karukella.ee\/wp-content\/uploads\/2025\/06\/Karukella-grillamaj-chill-hoovis-scaled.jpg\",\"contentUrl\":\"https:\/\/karukella.ee\/wp-content\/uploads\/2025\/06\/Karukella-grillamaj-chill-hoovis-scaled.jpg\"},{\"@type\":\"BreadcrumbList\",\"@id\":\"https:\/\/karukella.ee\/grillmaja\/#breadcrumb\",\"itemListElement\":[{\"@type\":\"ListItem\",\"position\":1,\"name\":\"Home\",\"item\":\"https:\/\/karukella.ee\/\"},{\"@type\":\"ListItem\",\"position\":2,\"name\":\"GRILLHUS\"}]},{\"@type\":\"WebSite\",\"@id\":\"https:\/\/karukella.ee\/#website\",\"url\":\"https:\/\/karukella.ee\/\",\"name\":\"Karukella Puhkemaja\",\"description\":\"Kestlik luksus 5 toaga puhkemajas Virumaal\",\"publisher\":{\"@id\":\"https:\/\/karukella.ee\/#organization\"},\"potentialAction\":[{\"@type\":\"SearchAction\",\"target\":{\"@type\":\"EntryPoint\",\"urlTemplate\":\"https:\/\/karukella.ee\/?s={search_term_string}\"},\"query-input\":{\"@type\":\"PropertyValueSpecification\",\"valueRequired\":true,\"valueName\":\"search_term_string\"}}],\"inLanguage\":\"da-DK\"},{\"@type\":\"Organization\",\"@id\":\"https:\/\/karukella.ee\/#organization\",\"name\":\"Karukella Puhkemaja\",\"url\":\"https:\/\/karukella.ee\/\",\"logo\":{\"@type\":\"ImageObject\",\"inLanguage\":\"da-DK\",\"@id\":\"https:\/\/karukella.ee\/#\/schema\/logo\/image\/\",\"url\":\"https:\/\/karukella.ee\/wp-content\/uploads\/2025\/03\/Karukella-puhkemaja-sirelipoosast-scaled.jpg\",\"contentUrl\":\"https:\/\/karukella.ee\/wp-content\/uploads\/2025\/03\/Karukella-puhkemaja-sirelipoosast-scaled.jpg\",\"width\":2560,\"height\":1942,\"caption\":\"Karukella Puhkemaja\"},\"image\":{\"@id\":\"https:\/\/karukella.ee\/#\/schema\/logo\/image\/\"},\"sameAs\":[\"https:\/\/www.facebook.com\/karukella\/\",\"https:\/\/www.instagram.com\/karukella_puhkemaja\/\"]}]}<\/script>\n<!-- \/ Yoast SEO plugin. -->","yoast_head_json":{"title":"GRILLHUS | Karukella Puhkemaja","robots":{"index":"index","follow":"follow","max-snippet":"max-snippet:-1","max-image-preview":"max-image-preview:large","max-video-preview":"max-video-preview:-1"},"canonical":"https:\/\/karukella.ee\/grillmaja\/","og_locale":"da_DK","og_type":"article","og_title":"GRILLHUS | Karukella Puhkemaja","og_description":"GRILLHUS \u2013 \u00c5RET RUNDT Karukella Feriehus har et separat grillhus \u2013 s\u00e5 regn eller sol ikke s\u00e6tter en stopper for hyggen. Her slipper I ogs\u00e5 for r\u00f8g i huset, og I kan nyde aftenen udend\u00f8rs helt ind i de sene timer. I mods\u00e6tning til mange andre ferieboliger, hvor man skal hente stole eller vand fra [&hellip;]","og_url":"https:\/\/karukella.ee\/grillmaja\/","og_site_name":"Karukella Puhkemaja","article_publisher":"https:\/\/www.facebook.com\/karukella\/","article_modified_time":"2025-06-18T14:00:08+00:00","og_image":[{"url":"https:\/\/karukella.ee\/wp-content\/uploads\/2025\/06\/Karukella-grillamaj-chill-hoovis-scaled.jpg","type":"","width":"","height":""}],"twitter_card":"summary_large_image","twitter_misc":{"Estimeret l\u00e6setid":"3 minutter"},"schema":{"@context":"https:\/\/schema.org","@graph":[{"@type":"WebPage","@id":"https:\/\/karukella.ee\/grillmaja\/","url":"https:\/\/karukella.ee\/grillmaja\/","name":"GRILLHUS | Karukella Puhkemaja","isPartOf":{"@id":"https:\/\/karukella.ee\/#website"},"primaryImageOfPage":{"@id":"https:\/\/karukella.ee\/grillmaja\/#primaryimage"},"image":{"@id":"https:\/\/karukella.ee\/grillmaja\/#primaryimage"},"thumbnailUrl":"https:\/\/karukella.ee\/wp-content\/uploads\/2025\/06\/Karukella-grillamaj-chill-hoovis-scaled.jpg","datePublished":"2025-06-03T07:51:52+00:00","dateModified":"2025-06-18T14:00:08+00:00","breadcrumb":{"@id":"https:\/\/karukella.ee\/grillmaja\/#breadcrumb"},"inLanguage":"da-DK","potentialAction":[{"@type":"ReadAction","target":["https:\/\/karukella.ee\/grillmaja\/"]}]},{"@type":"ImageObject","inLanguage":"da-DK","@id":"https:\/\/karukella.ee\/grillmaja\/#primaryimage","url":"https:\/\/karukella.ee\/wp-content\/uploads\/2025\/06\/Karukella-grillamaj-chill-hoovis-scaled.jpg","contentUrl":"https:\/\/karukella.ee\/wp-content\/uploads\/2025\/06\/Karukella-grillamaj-chill-hoovis-scaled.jpg"},{"@type":"BreadcrumbList","@id":"https:\/\/karukella.ee\/grillmaja\/#breadcrumb","itemListElement":[{"@type":"ListItem","position":1,"name":"Home","item":"https:\/\/karukella.ee\/"},{"@type":"ListItem","position":2,"name":"GRILLHUS"}]},{"@type":"WebSite","@id":"https:\/\/karukella.ee\/#website","url":"https:\/\/karukella.ee\/","name":"Karukella Puhkemaja","description":"Kestlik luksus 5 toaga puhkemajas Virumaal","publisher":{"@id":"https:\/\/karukella.ee\/#organization"},"potentialAction":[{"@type":"SearchAction","target":{"@type":"EntryPoint","urlTemplate":"https:\/\/karukella.ee\/?s={search_term_string}"},"query-input":{"@type":"PropertyValueSpecification","valueRequired":true,"valueName":"search_term_string"}}],"inLanguage":"da-DK"},{"@type":"Organization","@id":"https:\/\/karukella.ee\/#organization","name":"Karukella Puhkemaja","url":"https:\/\/karukella.ee\/","logo":{"@type":"ImageObject","inLanguage":"da-DK","@id":"https:\/\/karukella.ee\/#\/schema\/logo\/image\/","url":"https:\/\/karukella.ee\/wp-content\/uploads\/2025\/03\/Karukella-puhkemaja-sirelipoosast-scaled.jpg","contentUrl":"https:\/\/karukella.ee\/wp-content\/uploads\/2025\/03\/Karukella-puhkemaja-sirelipoosast-scaled.jpg","width":2560,"height":1942,"caption":"Karukella Puhkemaja"},"image":{"@id":"https:\/\/karukella.ee\/#\/schema\/logo\/image\/"},"sameAs":["https:\/\/www.facebook.com\/karukella\/","https:\/\/www.instagram.com\/karukella_puhkemaja\/"]}]}},"_links":{"self":[{"href":"https:\/\/karukella.ee\/da\/wp-json\/wp\/v2\/pages\/1969","targetHints":{"allow":["GET"]}}],"collection":[{"href":"https:\/\/karukella.ee\/da\/wp-json\/wp\/v2\/pages"}],"about":[{"href":"https:\/\/karukella.ee\/da\/wp-json\/wp\/v2\/types\/page"}],"author":[{"embeddable":true,"href":"https:\/\/karukella.ee\/da\/wp-json\/wp\/v2\/users\/1"}],"replies":[{"embeddable":true,"href":"https:\/\/karukella.ee\/da\/wp-json\/wp\/v2\/comments?post=1969"}],"version-history":[{"count":2,"href":"https:\/\/karukella.ee\/da\/wp-json\/wp\/v2\/pages\/1969\/revisions"}],"predecessor-version":[{"id":1977,"href":"https:\/\/karukella.ee\/da\/wp-json\/wp\/v2\/pages\/1969\/revisions\/1977"}],"wp:attachment":[{"href":"https:\/\/karukella.ee\/da\/wp-json\/wp\/v2\/media?parent=1969"}],"curies":[{"name":"wp","href":"https:\/\/api.w.org\/{rel}","templated":true}]}}