{"id":1940,"date":"2025-04-10T16:19:53","date_gmt":"2025-04-10T16:19:53","guid":{"rendered":"https:\/\/karukella.ee\/toitlustus\/"},"modified":"2025-06-18T13:54:11","modified_gmt":"2025-06-18T13:54:11","slug":"mad-og-maaltider","status":"publish","type":"page","link":"https:\/\/karukella.ee\/da\/mad-og-maaltider\/","title":{"rendered":"MAD OG M\u00c5LTIDER"},"content":{"rendered":"\n<div class=\"wp-block-cover alignfull is-light\"><img loading=\"lazy\" decoding=\"async\" width=\"2560\" height=\"1920\" class=\"wp-block-cover__image-background wp-image-332\" alt=\"\" src=\"https:\/\/karukella.ee\/wp-content\/uploads\/2025\/04\/Karukella-puhkemaja-peolaud-scaled-1.webp\" data-object-fit=\"cover\" srcset=\"https:\/\/karukella.ee\/wp-content\/uploads\/2025\/04\/Karukella-puhkemaja-peolaud-scaled-1.webp 2560w, https:\/\/karukella.ee\/wp-content\/uploads\/2025\/04\/Karukella-puhkemaja-peolaud-scaled-1-300x225.webp 300w, https:\/\/karukella.ee\/wp-content\/uploads\/2025\/04\/Karukella-puhkemaja-peolaud-scaled-1-1024x768.webp 1024w, https:\/\/karukella.ee\/wp-content\/uploads\/2025\/04\/Karukella-puhkemaja-peolaud-scaled-1-768x576.webp 768w, https:\/\/karukella.ee\/wp-content\/uploads\/2025\/04\/Karukella-puhkemaja-peolaud-scaled-1-1536x1152.webp 1536w, https:\/\/karukella.ee\/wp-content\/uploads\/2025\/04\/Karukella-puhkemaja-peolaud-scaled-1-2048x1536.webp 2048w, https:\/\/karukella.ee\/wp-content\/uploads\/2025\/04\/Karukella-puhkemaja-peolaud-scaled-1-1568x1176.webp 1568w\" sizes=\"auto, (max-width: 2560px) 100vw, 2560px\" \/><span aria-hidden=\"true\" class=\"wp-block-cover__background has-background-dim-0 has-background-dim\"><\/span><div class=\"wp-block-cover__inner-container is-layout-flow wp-block-cover-is-layout-flow\">\n<p class=\"has-text-align-center has-large-font-size\"><\/p>\n<\/div><\/div>\n\n\n\n<div style=\"height:30px\" aria-hidden=\"true\" class=\"wp-block-spacer mobile-spacer-10\"><\/div>\n\n\n\n<h1 class=\"wp-block-heading has-text-align-center animated rotateInDownRight slow has-darkpurple-color has-text-color has-link-color wp-elements-88e58ffd59640d5445e8981595597bff\"><strong><strong>HYGGELIGE MIDDAGE &amp; LANGE MORGENER<\/strong><\/strong><\/h1>\n\n\n\n<h2 class=\"wp-block-heading has-text-align-center has-darkpurple-color has-text-color has-link-color wp-elements-268737aa72fea90e9833e43d66ae44fe\"><strong><strong>Lokalt \u2013 direkte til karukellas bord!<\/strong><\/strong><\/h2>\n\n\n\n<p class=\"has-text-align-center\">Vi elsker vores omr\u00e5de \u2013 og god mad! Derfor tilbyder vi dig <strong>lokale r\u00e5varer og retter<\/strong>, som hovedsageligt er dyrket og forarbejdet inden for 5\u201310 km fra huset. Og n\u00e5r lokale r\u00e5varer ikke er tilg\u00e6ngelige, foretr\u00e6kker vi altid estisk oprindelse.<\/p>\n\n\n\n<p class=\"has-text-align-center\">Vores gode samarbejdspartnere er bl.a.:<br><a href=\"http:\/\/www.sigwar.ee\/\" target=\"_blank\" rel=\"noreferrer noopener\">Sigwar<\/a>,\u00a0<a href=\"http:\/\/pagarikoda.com\/\" target=\"_blank\" rel=\"noreferrer noopener\">Pagarikoda<\/a>,\u00a0<a href=\"https:\/\/larenzo.ee\/\">Varja Caf\u00e9<\/a>, Vendi kulinaaria,\u00a0<a href=\"https:\/\/www.facebook.com\/Kairetordid\" target=\"_blank\" rel=\"noreferrer noopener\">Kaire kager <\/a>,\u00a0<a href=\"https:\/\/www.purtsepruulikoda.ee\/\" target=\"_blank\" rel=\"noreferrer noopener\">Purtse Bryggeri<\/a>. <br>Hvis nogen i jeres gruppe har allergier, s\u00e5 giv os venligst besked i god tid. Du kan bestille maden pr\u00e6cis p\u00e5 den m\u00e5de, der passer jer bedst:<\/p>\n\n\n\n<div style=\"height:30px\" aria-hidden=\"true\" class=\"wp-block-spacer mobile-spacer-10\"><\/div>\n\n\n\n<div class=\"wp-block-columns alignwide has-background is-layout-flex wp-container-core-columns-is-layout-74d018ca wp-block-columns-is-layout-flex\" style=\"background-color:#d7b56d;padding-top:var(--wp--preset--spacing--20);padding-right:var(--wp--preset--spacing--20);padding-bottom:var(--wp--preset--spacing--20);padding-left:var(--wp--preset--spacing--20)\">\n<div class=\"wp-block-column has-white-background-color has-background is-layout-flow wp-container-core-column-is-layout-6a27151a wp-block-column-is-layout-flow\" style=\"padding-top:var(--wp--preset--spacing--30);padding-right:var(--wp--preset--spacing--30);padding-bottom:var(--wp--preset--spacing--30);padding-left:var(--wp--preset--spacing--30)\">\n<div class=\"wp-block-edhotels-grid-gallery grid-items lightgallery is-style-mosaic\"><div data-src=\"https:\/\/karukella.ee\/wp-content\/uploads\/2025\/04\/Karukella-suupistevaagen-vaike.webp\" class=\"grid-item\"><img decoding=\"async\" width=\"771\" height=\"1024\" src=\"https:\/\/karukella.ee\/wp-content\/uploads\/2025\/04\/Karukella-suupistevaagen-vaike-771x1024.webp\" alt=\"\" data-id=\"352\" loading=\"lazy\" class=\"wp-image-352\" srcset=\"https:\/\/karukella.ee\/wp-content\/uploads\/2025\/04\/Karukella-suupistevaagen-vaike-771x1024.webp 771w, https:\/\/karukella.ee\/wp-content\/uploads\/2025\/04\/Karukella-suupistevaagen-vaike-226x300.webp 226w, https:\/\/karukella.ee\/wp-content\/uploads\/2025\/04\/Karukella-suupistevaagen-vaike-768x1020.webp 768w, https:\/\/karukella.ee\/wp-content\/uploads\/2025\/04\/Karukella-suupistevaagen-vaike-1156x1536.webp 1156w, https:\/\/karukella.ee\/wp-content\/uploads\/2025\/04\/Karukella-suupistevaagen-vaike.webp 1170w\" sizes=\"auto, (max-width: 771px) 100vw, 771px\" \/><\/div><div data-src=\"https:\/\/karukella.ee\/wp-content\/uploads\/2025\/04\/Karukella-suupistelaud.webp\" class=\"grid-item\"><img decoding=\"async\" width=\"772\" height=\"1024\" src=\"https:\/\/karukella.ee\/wp-content\/uploads\/2025\/04\/Karukella-suupistelaud-772x1024.webp\" alt=\"\" data-id=\"348\" loading=\"lazy\" class=\"wp-image-348\" srcset=\"https:\/\/karukella.ee\/wp-content\/uploads\/2025\/04\/Karukella-suupistelaud-772x1024.webp 772w, https:\/\/karukella.ee\/wp-content\/uploads\/2025\/04\/Karukella-suupistelaud-226x300.webp 226w, https:\/\/karukella.ee\/wp-content\/uploads\/2025\/04\/Karukella-suupistelaud-768x1018.webp 768w, https:\/\/karukella.ee\/wp-content\/uploads\/2025\/04\/Karukella-suupistelaud-1159x1536.webp 1159w, https:\/\/karukella.ee\/wp-content\/uploads\/2025\/04\/Karukella-suupistelaud.webp 1170w\" sizes=\"auto, (max-width: 772px) 100vw, 772px\" \/><\/div><div data-src=\"https:\/\/karukella.ee\/wp-content\/uploads\/2025\/04\/Karukella-suupistevaagen-suur-scaled-1-1.webp\" class=\"grid-item\"><img decoding=\"async\" width=\"819\" height=\"1024\" src=\"https:\/\/karukella.ee\/wp-content\/uploads\/2025\/04\/Karukella-suupistevaagen-suur-scaled-1-1-819x1024.webp\" alt=\"\" data-id=\"350\" loading=\"lazy\" class=\"wp-image-350\" srcset=\"https:\/\/karukella.ee\/wp-content\/uploads\/2025\/04\/Karukella-suupistevaagen-suur-scaled-1-1-819x1024.webp 819w, https:\/\/karukella.ee\/wp-content\/uploads\/2025\/04\/Karukella-suupistevaagen-suur-scaled-1-1-240x300.webp 240w, https:\/\/karukella.ee\/wp-content\/uploads\/2025\/04\/Karukella-suupistevaagen-suur-scaled-1-1-768x960.webp 768w, https:\/\/karukella.ee\/wp-content\/uploads\/2025\/04\/Karukella-suupistevaagen-suur-scaled-1-1-1229x1536.webp 1229w, https:\/\/karukella.ee\/wp-content\/uploads\/2025\/04\/Karukella-suupistevaagen-suur-scaled-1-1-1638x2048.webp 1638w, https:\/\/karukella.ee\/wp-content\/uploads\/2025\/04\/Karukella-suupistevaagen-suur-scaled-1-1-1568x1960.webp 1568w, https:\/\/karukella.ee\/wp-content\/uploads\/2025\/04\/Karukella-suupistevaagen-suur-scaled-1-1.webp 2048w\" sizes=\"auto, (max-width: 819px) 100vw, 819px\" \/><\/div><div data-src=\"https:\/\/karukella.ee\/wp-content\/uploads\/2025\/04\/Karukella-puhkemaja-peolaud-scaled-1.webp\" class=\"grid-item\"><img decoding=\"async\" width=\"1024\" height=\"768\" src=\"https:\/\/karukella.ee\/wp-content\/uploads\/2025\/04\/Karukella-puhkemaja-peolaud-scaled-1-1024x768.webp\" alt=\"\" data-id=\"332\" loading=\"lazy\" class=\"wp-image-332\" srcset=\"https:\/\/karukella.ee\/wp-content\/uploads\/2025\/04\/Karukella-puhkemaja-peolaud-scaled-1-1024x768.webp 1024w, https:\/\/karukella.ee\/wp-content\/uploads\/2025\/04\/Karukella-puhkemaja-peolaud-scaled-1-300x225.webp 300w, https:\/\/karukella.ee\/wp-content\/uploads\/2025\/04\/Karukella-puhkemaja-peolaud-scaled-1-768x576.webp 768w, https:\/\/karukella.ee\/wp-content\/uploads\/2025\/04\/Karukella-puhkemaja-peolaud-scaled-1-1536x1152.webp 1536w, https:\/\/karukella.ee\/wp-content\/uploads\/2025\/04\/Karukella-puhkemaja-peolaud-scaled-1-2048x1536.webp 2048w, https:\/\/karukella.ee\/wp-content\/uploads\/2025\/04\/Karukella-puhkemaja-peolaud-scaled-1-1568x1176.webp 1568w\" sizes=\"auto, (max-width: 1024px) 100vw, 1024px\" \/><\/div><div data-src=\"https:\/\/karukella.ee\/wp-content\/uploads\/2025\/04\/Karukella-seminari-salatid-scaled-2.webp\" class=\"grid-item\"><img decoding=\"async\" width=\"768\" height=\"1024\" src=\"https:\/\/karukella.ee\/wp-content\/uploads\/2025\/04\/Karukella-seminari-salatid-scaled-2-768x1024.webp\" alt=\"\" data-id=\"344\" loading=\"lazy\" class=\"wp-image-344\" srcset=\"https:\/\/karukella.ee\/wp-content\/uploads\/2025\/04\/Karukella-seminari-salatid-scaled-2-768x1024.webp 768w, https:\/\/karukella.ee\/wp-content\/uploads\/2025\/04\/Karukella-seminari-salatid-scaled-2-225x300.webp 225w, https:\/\/karukella.ee\/wp-content\/uploads\/2025\/04\/Karukella-seminari-salatid-scaled-2-1152x1536.webp 1152w, https:\/\/karukella.ee\/wp-content\/uploads\/2025\/04\/Karukella-seminari-salatid-scaled-2-1536x2048.webp 1536w, https:\/\/karukella.ee\/wp-content\/uploads\/2025\/04\/Karukella-seminari-salatid-scaled-2-1568x2091.webp 1568w, https:\/\/karukella.ee\/wp-content\/uploads\/2025\/04\/Karukella-seminari-salatid-scaled-2.webp 1920w\" sizes=\"auto, (max-width: 768px) 100vw, 768px\" \/><\/div><div data-src=\"https:\/\/karukella.ee\/wp-content\/uploads\/2025\/04\/Karukella-puhkemaja-hommikupudru-scaled-1.webp\" class=\"grid-item\"><img decoding=\"async\" width=\"768\" height=\"1024\" src=\"https:\/\/karukella.ee\/wp-content\/uploads\/2025\/04\/Karukella-puhkemaja-hommikupudru-scaled-1-768x1024.webp\" alt=\"\" data-id=\"326\" loading=\"lazy\" class=\"wp-image-326\" srcset=\"https:\/\/karukella.ee\/wp-content\/uploads\/2025\/04\/Karukella-puhkemaja-hommikupudru-scaled-1-768x1024.webp 768w, https:\/\/karukella.ee\/wp-content\/uploads\/2025\/04\/Karukella-puhkemaja-hommikupudru-scaled-1-225x300.webp 225w, https:\/\/karukella.ee\/wp-content\/uploads\/2025\/04\/Karukella-puhkemaja-hommikupudru-scaled-1-1152x1536.webp 1152w, https:\/\/karukella.ee\/wp-content\/uploads\/2025\/04\/Karukella-puhkemaja-hommikupudru-scaled-1-1536x2048.webp 1536w, https:\/\/karukella.ee\/wp-content\/uploads\/2025\/04\/Karukella-puhkemaja-hommikupudru-scaled-1-1568x2091.webp 1568w, https:\/\/karukella.ee\/wp-content\/uploads\/2025\/04\/Karukella-puhkemaja-hommikupudru-scaled-1.webp 1920w\" sizes=\"auto, (max-width: 768px) 100vw, 768px\" \/><\/div><\/div>\n<\/div>\n\n\n\n<div class=\"wp-block-column is-vertically-aligned-center is-layout-flow wp-block-column-is-layout-flow\" style=\"padding-right:var(--wp--preset--spacing--40);padding-left:var(--wp--preset--spacing--40)\">\n<h2 class=\"wp-block-heading has-white-color has-text-color has-link-color wp-elements-8a131b82c02d52d4d664edb51441be1f\"><strong>BESTIL MAD DIREKTE TIL K\u00d8LESKABET<\/strong><\/h2>\n\n\n\n<p class=\"has-white-color has-text-color has-link-color wp-elements-573b82257ea7766af0122804ef438650\">Vi leverer de bestilte r\u00e5varer og f\u00e6rdigretter direkte til k\u00f8leskabet \u2013 I skal blot tage dem ud og varme dem op i ovnen eller p\u00e5 komfuret.<\/p>\n\n\n\n<p class=\"has-white-color has-text-color has-link-color wp-elements-8e5490903525eb914bc28d4f15b5e604\"><strong>BESTIL D\u00c6KKET BORD OG VARM MAD<\/strong><\/p>\n\n\n\n<p class=\"has-white-color has-text-color has-link-color wp-elements-612928689b9e7b7c4afac3beab6bf351\">Hvis dagen er fyldt med aktiviteter og der ikke er tid til at lave mad, s\u00e5 s\u00f8rger vi (mod till\u00e6g) for et <strong>smukt d\u00e6kket bord<\/strong> og varme, klar-til-servering retter.<\/p>\n\n\n\n<p class=\"has-white-color has-text-color has-link-color wp-elements-7ba42bafd5de159b02273f50987db5f8\"><strong>BESTIL CATERING \u2013 LEVERET TIL D\u00d8REN<\/strong><\/p>\n\n\n\n<p class=\"has-white-color has-text-color has-link-color wp-elements-72d858c010b9eaefe15ecb2c9e3bff77\">Derudover har vi et st\u00e6rkt netv\u00e6rk af cateringfirmaer og kokke, som leverer frisklavet, varm mad direkte til huset.<\/p>\n\n\n\n<p class=\"has-white-color has-text-color has-link-color wp-elements-e77d5117ccb9e7b2ff2597688550cdaf\">Valget er dit \u2013 vi g\u00f8r det nemt og l\u00e6kkert!<\/p>\n<\/div>\n<\/div>\n\n\n\n<div style=\"height:30px\" aria-hidden=\"true\" class=\"wp-block-spacer mobile-spacer-10\"><\/div>\n\n\n\n<p><\/p>\n","protected":false},"excerpt":{"rendered":"<p>HYGGELIGE MIDDAGE &amp; LANGE MORGENER Lokalt \u2013 direkte til karukellas bord! Vi elsker vores omr\u00e5de \u2013 og god mad! Derfor tilbyder vi dig lokale r\u00e5varer og retter, som hovedsageligt er dyrket og forarbejdet inden for 5\u201310 km fra huset. Og n\u00e5r lokale r\u00e5varer ikke er tilg\u00e6ngelige, foretr\u00e6kker vi altid estisk oprindelse. Vores gode samarbejdspartnere er [&hellip;]<\/p>\n","protected":false},"author":3,"featured_media":0,"parent":0,"menu_order":0,"comment_status":"closed","ping_status":"closed","template":"","meta":{"footnotes":""},"class_list":["post-1940","page","type-page","status-publish","hentry"],"yoast_head":"<!-- This site is optimized with the Yoast SEO plugin v27.0 - https:\/\/yoast.com\/product\/yoast-seo-wordpress\/ -->\n<title>MAD OG M\u00c5LTIDER | Karukella Puhkemaja<\/title>\n<meta name=\"robots\" content=\"index, follow, max-snippet:-1, max-image-preview:large, max-video-preview:-1\" \/>\n<link rel=\"canonical\" href=\"https:\/\/karukella.ee\/toitlustus\/\" \/>\n<meta property=\"og:locale\" content=\"da_DK\" \/>\n<meta property=\"og:type\" content=\"article\" \/>\n<meta property=\"og:title\" content=\"MAD OG M\u00c5LTIDER | Karukella Puhkemaja\" \/>\n<meta property=\"og:description\" content=\"HYGGELIGE MIDDAGE &amp; LANGE MORGENER Lokalt \u2013 direkte til karukellas bord! Vi elsker vores omr\u00e5de \u2013 og god mad! Derfor tilbyder vi dig lokale r\u00e5varer og retter, som hovedsageligt er dyrket og forarbejdet inden for 5\u201310 km fra huset. Og n\u00e5r lokale r\u00e5varer ikke er tilg\u00e6ngelige, foretr\u00e6kker vi altid estisk oprindelse. Vores gode samarbejdspartnere er [&hellip;]\" \/>\n<meta property=\"og:url\" content=\"https:\/\/karukella.ee\/toitlustus\/\" \/>\n<meta property=\"og:site_name\" content=\"Karukella Puhkemaja\" \/>\n<meta property=\"article:publisher\" content=\"https:\/\/www.facebook.com\/karukella\/\" \/>\n<meta property=\"article:modified_time\" content=\"2025-06-18T13:54:11+00:00\" \/>\n<meta property=\"og:image\" content=\"https:\/\/karukella.ee\/wp-content\/uploads\/2025\/04\/Karukella-puhkemaja-peolaud-scaled-1.webp\" \/>\n<meta name=\"twitter:card\" content=\"summary_large_image\" \/>\n<meta name=\"twitter:label1\" content=\"Estimeret l\u00e6setid\" \/>\n\t<meta name=\"twitter:data1\" content=\"3 minutter\" \/>\n<script type=\"application\/ld+json\" class=\"yoast-schema-graph\">{\"@context\":\"https:\/\/schema.org\",\"@graph\":[{\"@type\":\"WebPage\",\"@id\":\"https:\/\/karukella.ee\/toitlustus\/\",\"url\":\"https:\/\/karukella.ee\/toitlustus\/\",\"name\":\"MAD OG M\u00c5LTIDER | Karukella Puhkemaja\",\"isPartOf\":{\"@id\":\"https:\/\/karukella.ee\/#website\"},\"primaryImageOfPage\":{\"@id\":\"https:\/\/karukella.ee\/toitlustus\/#primaryimage\"},\"image\":{\"@id\":\"https:\/\/karukella.ee\/toitlustus\/#primaryimage\"},\"thumbnailUrl\":\"https:\/\/karukella.ee\/wp-content\/uploads\/2025\/04\/Karukella-puhkemaja-peolaud-scaled-1.webp\",\"datePublished\":\"2025-04-10T16:19:53+00:00\",\"dateModified\":\"2025-06-18T13:54:11+00:00\",\"breadcrumb\":{\"@id\":\"https:\/\/karukella.ee\/toitlustus\/#breadcrumb\"},\"inLanguage\":\"da-DK\",\"potentialAction\":[{\"@type\":\"ReadAction\",\"target\":[\"https:\/\/karukella.ee\/toitlustus\/\"]}]},{\"@type\":\"ImageObject\",\"inLanguage\":\"da-DK\",\"@id\":\"https:\/\/karukella.ee\/toitlustus\/#primaryimage\",\"url\":\"https:\/\/karukella.ee\/wp-content\/uploads\/2025\/04\/Karukella-puhkemaja-peolaud-scaled-1.webp\",\"contentUrl\":\"https:\/\/karukella.ee\/wp-content\/uploads\/2025\/04\/Karukella-puhkemaja-peolaud-scaled-1.webp\"},{\"@type\":\"BreadcrumbList\",\"@id\":\"https:\/\/karukella.ee\/toitlustus\/#breadcrumb\",\"itemListElement\":[{\"@type\":\"ListItem\",\"position\":1,\"name\":\"Home\",\"item\":\"https:\/\/karukella.ee\/\"},{\"@type\":\"ListItem\",\"position\":2,\"name\":\"MAD OG M\u00c5LTIDER\"}]},{\"@type\":\"WebSite\",\"@id\":\"https:\/\/karukella.ee\/#website\",\"url\":\"https:\/\/karukella.ee\/\",\"name\":\"Karukella Puhkemaja\",\"description\":\"Kestlik luksus 5 toaga puhkemajas Virumaal\",\"publisher\":{\"@id\":\"https:\/\/karukella.ee\/#organization\"},\"potentialAction\":[{\"@type\":\"SearchAction\",\"target\":{\"@type\":\"EntryPoint\",\"urlTemplate\":\"https:\/\/karukella.ee\/?s={search_term_string}\"},\"query-input\":{\"@type\":\"PropertyValueSpecification\",\"valueRequired\":true,\"valueName\":\"search_term_string\"}}],\"inLanguage\":\"da-DK\"},{\"@type\":\"Organization\",\"@id\":\"https:\/\/karukella.ee\/#organization\",\"name\":\"Karukella Puhkemaja\",\"url\":\"https:\/\/karukella.ee\/\",\"logo\":{\"@type\":\"ImageObject\",\"inLanguage\":\"da-DK\",\"@id\":\"https:\/\/karukella.ee\/#\/schema\/logo\/image\/\",\"url\":\"https:\/\/karukella.ee\/wp-content\/uploads\/2025\/03\/Karukella-puhkemaja-sirelipoosast-scaled.jpg\",\"contentUrl\":\"https:\/\/karukella.ee\/wp-content\/uploads\/2025\/03\/Karukella-puhkemaja-sirelipoosast-scaled.jpg\",\"width\":2560,\"height\":1942,\"caption\":\"Karukella Puhkemaja\"},\"image\":{\"@id\":\"https:\/\/karukella.ee\/#\/schema\/logo\/image\/\"},\"sameAs\":[\"https:\/\/www.facebook.com\/karukella\/\",\"https:\/\/www.instagram.com\/karukella_puhkemaja\/\"]}]}<\/script>\n<!-- \/ Yoast SEO plugin. -->","yoast_head_json":{"title":"MAD OG M\u00c5LTIDER | Karukella Puhkemaja","robots":{"index":"index","follow":"follow","max-snippet":"max-snippet:-1","max-image-preview":"max-image-preview:large","max-video-preview":"max-video-preview:-1"},"canonical":"https:\/\/karukella.ee\/toitlustus\/","og_locale":"da_DK","og_type":"article","og_title":"MAD OG M\u00c5LTIDER | Karukella Puhkemaja","og_description":"HYGGELIGE MIDDAGE &amp; LANGE MORGENER Lokalt \u2013 direkte til karukellas bord! Vi elsker vores omr\u00e5de \u2013 og god mad! Derfor tilbyder vi dig lokale r\u00e5varer og retter, som hovedsageligt er dyrket og forarbejdet inden for 5\u201310 km fra huset. Og n\u00e5r lokale r\u00e5varer ikke er tilg\u00e6ngelige, foretr\u00e6kker vi altid estisk oprindelse. Vores gode samarbejdspartnere er [&hellip;]","og_url":"https:\/\/karukella.ee\/toitlustus\/","og_site_name":"Karukella Puhkemaja","article_publisher":"https:\/\/www.facebook.com\/karukella\/","article_modified_time":"2025-06-18T13:54:11+00:00","og_image":[{"url":"https:\/\/karukella.ee\/wp-content\/uploads\/2025\/04\/Karukella-puhkemaja-peolaud-scaled-1.webp","type":"","width":"","height":""}],"twitter_card":"summary_large_image","twitter_misc":{"Estimeret l\u00e6setid":"3 minutter"},"schema":{"@context":"https:\/\/schema.org","@graph":[{"@type":"WebPage","@id":"https:\/\/karukella.ee\/toitlustus\/","url":"https:\/\/karukella.ee\/toitlustus\/","name":"MAD OG M\u00c5LTIDER | Karukella Puhkemaja","isPartOf":{"@id":"https:\/\/karukella.ee\/#website"},"primaryImageOfPage":{"@id":"https:\/\/karukella.ee\/toitlustus\/#primaryimage"},"image":{"@id":"https:\/\/karukella.ee\/toitlustus\/#primaryimage"},"thumbnailUrl":"https:\/\/karukella.ee\/wp-content\/uploads\/2025\/04\/Karukella-puhkemaja-peolaud-scaled-1.webp","datePublished":"2025-04-10T16:19:53+00:00","dateModified":"2025-06-18T13:54:11+00:00","breadcrumb":{"@id":"https:\/\/karukella.ee\/toitlustus\/#breadcrumb"},"inLanguage":"da-DK","potentialAction":[{"@type":"ReadAction","target":["https:\/\/karukella.ee\/toitlustus\/"]}]},{"@type":"ImageObject","inLanguage":"da-DK","@id":"https:\/\/karukella.ee\/toitlustus\/#primaryimage","url":"https:\/\/karukella.ee\/wp-content\/uploads\/2025\/04\/Karukella-puhkemaja-peolaud-scaled-1.webp","contentUrl":"https:\/\/karukella.ee\/wp-content\/uploads\/2025\/04\/Karukella-puhkemaja-peolaud-scaled-1.webp"},{"@type":"BreadcrumbList","@id":"https:\/\/karukella.ee\/toitlustus\/#breadcrumb","itemListElement":[{"@type":"ListItem","position":1,"name":"Home","item":"https:\/\/karukella.ee\/"},{"@type":"ListItem","position":2,"name":"MAD OG M\u00c5LTIDER"}]},{"@type":"WebSite","@id":"https:\/\/karukella.ee\/#website","url":"https:\/\/karukella.ee\/","name":"Karukella Puhkemaja","description":"Kestlik luksus 5 toaga puhkemajas Virumaal","publisher":{"@id":"https:\/\/karukella.ee\/#organization"},"potentialAction":[{"@type":"SearchAction","target":{"@type":"EntryPoint","urlTemplate":"https:\/\/karukella.ee\/?s={search_term_string}"},"query-input":{"@type":"PropertyValueSpecification","valueRequired":true,"valueName":"search_term_string"}}],"inLanguage":"da-DK"},{"@type":"Organization","@id":"https:\/\/karukella.ee\/#organization","name":"Karukella Puhkemaja","url":"https:\/\/karukella.ee\/","logo":{"@type":"ImageObject","inLanguage":"da-DK","@id":"https:\/\/karukella.ee\/#\/schema\/logo\/image\/","url":"https:\/\/karukella.ee\/wp-content\/uploads\/2025\/03\/Karukella-puhkemaja-sirelipoosast-scaled.jpg","contentUrl":"https:\/\/karukella.ee\/wp-content\/uploads\/2025\/03\/Karukella-puhkemaja-sirelipoosast-scaled.jpg","width":2560,"height":1942,"caption":"Karukella Puhkemaja"},"image":{"@id":"https:\/\/karukella.ee\/#\/schema\/logo\/image\/"},"sameAs":["https:\/\/www.facebook.com\/karukella\/","https:\/\/www.instagram.com\/karukella_puhkemaja\/"]}]}},"_links":{"self":[{"href":"https:\/\/karukella.ee\/da\/wp-json\/wp\/v2\/pages\/1940","targetHints":{"allow":["GET"]}}],"collection":[{"href":"https:\/\/karukella.ee\/da\/wp-json\/wp\/v2\/pages"}],"about":[{"href":"https:\/\/karukella.ee\/da\/wp-json\/wp\/v2\/types\/page"}],"author":[{"embeddable":true,"href":"https:\/\/karukella.ee\/da\/wp-json\/wp\/v2\/users\/3"}],"replies":[{"embeddable":true,"href":"https:\/\/karukella.ee\/da\/wp-json\/wp\/v2\/comments?post=1940"}],"version-history":[{"count":1,"href":"https:\/\/karukella.ee\/da\/wp-json\/wp\/v2\/pages\/1940\/revisions"}],"predecessor-version":[{"id":1968,"href":"https:\/\/karukella.ee\/da\/wp-json\/wp\/v2\/pages\/1940\/revisions\/1968"}],"wp:attachment":[{"href":"https:\/\/karukella.ee\/da\/wp-json\/wp\/v2\/media?parent=1940"}],"curies":[{"name":"wp","href":"https:\/\/api.w.org\/{rel}","templated":true}]}}